{"id":114601,"date":"2019-05-06T14:43:46","date_gmt":"2019-05-06T14:43:46","guid":{"rendered":"http:\/\/web.editorialteide.com\/?page_id=114601"},"modified":"2021-02-18T13:17:20","modified_gmt":"2021-02-18T12:17:20","slug":"tech_me-tecnologia-i-robotica-informatica","status":"publish","type":"page","link":"https:\/\/web.editorialteide.com\/ca\/tech_me-tecnologia-i-robotica-informatica\/","title":{"rendered":"Tech_Me. Tecnologia i rob\u00f2tica &#8211; Inform\u00e0tica"},"content":{"rendered":"<p>[vc_row gap=&#8221;20&#8243; equal_height=&#8221;yes&#8221; rtl_reverse=&#8221;yes&#8221; content_placement=&#8221;middle&#8221;][vc_column width=&#8221;1\/2&#8243; css=&#8221;.vc_custom_1557152624186{background-color: #dddddd !important;}&#8221;][vc_single_image image=&#8221;114603&#8243; img_size=&#8221;300&#215;450&#8243; alignment=&#8221;center&#8221; style=&#8221;vc_box_shadow_3d&#8221; onclick=&#8221;custom_link&#8221; link=&#8221;http:\/\/recursos.teide.eu\/f\/3493d36c13\/?raw=1&#8243; title=&#8221;Tech_Me Tecnologia i rob\u00f2tica&#8221;][\/vc_column][vc_column width=&#8221;1\/2&#8243; css=&#8221;.vc_custom_1557152585452{background-color: #dddddd !important;}&#8221;][vc_single_image image=&#8221;114602&#8243; img_size=&#8221;300&#215;450&#8243; alignment=&#8221;center&#8221; style=&#8221;vc_box_shadow_3d&#8221; onclick=&#8221;custom_link&#8221; link=&#8221;http:\/\/recursos.teide.eu\/f\/c58884f0b3\/?raw=1&#8243; title=&#8221;Tech_Me Inform\u00e0tica&#8221;][\/vc_column][\/vc_row][vc_row][vc_column width=&#8221;1\/2&#8243;][vc_empty_space height=&#8221;50px&#8221;][vc_column_text]* Sol\u00b7licita un codi d&#8217;acc\u00e9s a un llibre de desmostraci\u00f3 enviant un correu electr\u00f2nic a <span style=\"color: #333333;\"><a style=\"color: #333333;\" href=\"mailto:info@editorialteide.com\"><strong>info@editorialteide.com<\/strong><\/a> o b\u00e9 trucant al <strong>902 23 30 30.<\/strong><\/span>[\/vc_column_text][\/vc_column][vc_column width=&#8221;1\/2&#8243;][\/vc_column][\/vc_row]<\/p>\n","protected":false},"excerpt":{"rendered":"<p>[vc_row gap=&#8221;20&#8243; equal_height=&#8221;yes&#8221; rtl_reverse=&#8221;yes&#8221; content_placement=&#8221;middle&#8221;][vc_column width=&#8221;1\/2&#8243; css=&#8221;.vc_custom_1557152624186{background-color: #dddddd !important;}&#8221;][vc_single_image image=&#8221;114603&#8243; img_size=&#8221;300&#215;450&#8243; alignment=&#8221;center&#8221; style=&#8221;vc_box_shadow_3d&#8221; onclick=&#8221;custom_link&#8221; link=&#8221;http:\/\/recursos.teide.eu\/f\/3493d36c13\/?raw=1&#8243; title=&#8221;Tech_Me Tecnologia i rob\u00f2tica&#8221;][\/vc_column][vc_column width=&#8221;1\/2&#8243; css=&#8221;.vc_custom_1557152585452{background-color: #dddddd !important;}&#8221;][vc_single_image image=&#8221;114602&#8243; img_size=&#8221;300&#215;450&#8243; alignment=&#8221;center&#8221; style=&#8221;vc_box_shadow_3d&#8221; onclick=&#8221;custom_link&#8221; link=&#8221;http:\/\/recursos.teide.eu\/f\/c58884f0b3\/?raw=1&#8243; title=&#8221;Tech_Me Inform\u00e0tica&#8221;][\/vc_column][\/vc_row][vc_row][vc_column width=&#8221;1\/2&#8243;][vc_empty_space height=&#8221;50px&#8221;][vc_column_text]* Sol\u00b7licita un codi d&#8217;acc\u00e9s a un llibre de desmostraci\u00f3 enviant un correu electr\u00f2nic a info@editorialteide.com o b\u00e9 trucant al 902 23 30 &hellip; <a href=\"https:\/\/web.editorialteide.com\/ca\/tech_me-tecnologia-i-robotica-informatica\/\">Llegir m\u00e9s<\/a><\/p>\n","protected":false},"author":3,"featured_media":0,"parent":0,"menu_order":0,"comment_status":"closed","ping_status":"closed","template":"","meta":{"footnotes":"","_links_to":"","_links_to_target":""},"class_list":["post-114601","page","type-page","status-publish","hentry"],"_links":{"self":[{"href":"https:\/\/web.editorialteide.com\/ca\/wp-json\/wp\/v2\/pages\/114601","targetHints":{"allow":["GET"]}}],"collection":[{"href":"https:\/\/web.editorialteide.com\/ca\/wp-json\/wp\/v2\/pages"}],"about":[{"href":"https:\/\/web.editorialteide.com\/ca\/wp-json\/wp\/v2\/types\/page"}],"author":[{"embeddable":true,"href":"https:\/\/web.editorialteide.com\/ca\/wp-json\/wp\/v2\/users\/3"}],"replies":[{"embeddable":true,"href":"https:\/\/web.editorialteide.com\/ca\/wp-json\/wp\/v2\/comments?post=114601"}],"version-history":[{"count":0,"href":"https:\/\/web.editorialteide.com\/ca\/wp-json\/wp\/v2\/pages\/114601\/revisions"}],"wp:attachment":[{"href":"https:\/\/web.editorialteide.com\/ca\/wp-json\/wp\/v2\/media?parent=114601"}],"curies":[{"name":"wp","href":"https:\/\/api.w.org\/{rel}","templated":true}]}}