{"id":117139,"date":"2017-03-31T08:00:36","date_gmt":"2017-03-31T06:00:36","guid":{"rendered":"http:\/\/web.editorialteide.com\/lecturas-de-segundo-y-tercer-ciclo\/"},"modified":"2021-11-09T17:04:08","modified_gmt":"2021-11-09T16:04:08","slug":"lecturas-de-segundo-y-tercer-ciclo","status":"publish","type":"page","link":"https:\/\/web.editorialteide.com\/ca\/educacio-primaria\/lecturas-de-segundo-y-tercer-ciclo\/","title":{"rendered":"LECTURAS DE SEGUNDO Y TERCER CICLO"},"content":{"rendered":"<p>[vc_row][vc_column width=&#8221;3\/4&#8243;][vc_column_text]<\/p>\n<p style=\"text-align: justify;\"><span style=\"font-size: 16px;\"><span style=\"color: #333333; font-size: 20px;\"><strong>Biblioteca B\u00e1sica<\/strong><\/span> es una selecci\u00f3n de lecturas que recoge los t\u00edtulos de la literatura infantil y juvenil universal, adaptados en extensi\u00f3n y vocabulario para los ni\u00f1os y ni\u00f1as de la Educaci\u00f3n Primaria y presentado en un agradable formato de 23 x 28 cm.<\/span><\/p>\n<p style=\"text-align: justify;\"><span style=\"font-size: 16px;\">El <span style=\"color: #333333;\"><strong>libro<\/strong><\/span> se divide en dos partes fundamentales: una s\u00edntesis de la vida y obra del autor y el texto de la obra adaptado al nivel de lectura de los alumnos de Primaria, con un nivel de complejidad l\u00e9xica que permite un aprendizaje significativo de nuevo vocabulario.<\/span><\/p>\n<p style=\"text-align: justify;\"><span style=\"font-size: 16px;\">El <span style=\"color: #333333;\"><strong>cuaderno de lectura<\/strong><\/span> tiene como objetivo asegurar una lectura eficaz a los alumnos y permitir trabajar las habilidades propias de la comprensi\u00f3n lectora con propuestas atractivas.<\/span><\/p>\n<p style=\"text-align: justify;\"><span style=\"font-size: 16px;\">Cada una de las obras de la <span style=\"color: #333333;\"><em>Biblioteca B\u00e1sica<\/em> <\/span>dispone de un completo <span style=\"color: #333333;\"><strong>plan lector<\/strong><\/span> que facilita el trabajo con nuestros materiales.<\/span><\/p>\n<p>[\/vc_column_text][vc_btn title=&#8221;VER CAT\u00c1LOGO&#8221; shape=&#8221;round&#8221; color=&#8221;inverse&#8221; size=&#8221;sm&#8221; align=&#8221;left&#8221; link=&#8221;url:http%3A%2F%2Frecursos.teide.eu%2Ff%2Fd1fa4571b0%2F%3Fraw%3D1|target:_blank&#8221;][\/vc_column][vc_column width=&#8221;1\/4&#8243;][vc_cta h2=&#8221;&#8221; h2_font_container=&#8221;tag:h2|text_align:left&#8221; txt_align=&#8221;center&#8221; style=&#8221;flat&#8221; color=&#8221;white&#8221; use_custom_fonts_h2=&#8221;true&#8221; css=&#8221;.vc_custom_1636473808904{background-image: url(https:\/\/web.editorialteide.com\/wp-content\/uploads\/2021\/10\/Diseno-sin-titulo-8.png?id=158984) !important;background-position: center !important;background-repeat: no-repeat !important;background-size: contain !important;}&#8221;]<\/p>\n<p style=\"text-align: center;\"><span style=\"color: #6b6666;\"><strong><span style=\"font-size: 20px;\">Muestra<\/span><\/strong><\/span><\/p>\n<p style=\"text-align: center;\"><div class=\"_3d-flip-book  fb3d-thumbnail-lightbox-mode\" data-id=\"115530\" data-mode=\"thumbnail-lightbox\" data-title=\"false\" data-template=\"short-white-book-view\" data-lightbox=\"dark\" data-urlparam=\"fb3d-page\" data-page-n=\"0\" data-pdf=\"\" data-tax=\"null\" data-thumbnail=\"\" data-cols=\"3\" data-book-template=\"default\" data-trigger=\"\"><\/div><script type=\"text\/javascript\">window.FB3D_CLIENT_DATA = window.FB3D_CLIENT_DATA || [];FB3D_CLIENT_DATA.push('eyJwb3N0cyI6eyIxMTU1MzAiOnsiSUQiOjExNTUzMCwidGl0bGUiOiJCaWJsaW90ZWNhIEJcdTAwZTFzaWNhLiBMYSB2dWVsdGEgYWwgbXVuZG8gZW4gb2NoZW50YSBkXHUwMGVkYXMiLCJ0eXBlIjoicGRmIiwicmVhZHlfZnVuY3Rpb24iOiIiLCJib29rX3N0eWxlIjoidm9sdW1lIiwiYm9va190ZW1wbGF0ZSI6Im5vbmUiLCJvdXRsaW5lIjpbXSwiZGF0YSI6eyJwb3N0X0lEIjoiMTE1NTMxIiwiZ3VpZCI6Imh0dHA6XC9cL3dlYi5lZGl0b3JpYWx0ZWlkZS5jb21cL3dwLWNvbnRlbnRcL3VwbG9hZHNcLzIwMTlcLzA2XC82NTA2X01VRVNUUkFfVnVlbHRhLWFsLW11bmRvLnBkZiIsInBkZl9wYWdlcyI6IjEwIiwicGFnZXNfY3VzdG9taXphdGlvbiI6Im5vbmUifSwidGh1bWJuYWlsIjp7ImRhdGEiOnsicG9zdF9JRCI6IjAifSwidHlwZSI6ImF1dG8ifSwicHJvcHMiOnsiaGVpZ2h0IjoiYXV0byIsIndpZHRoIjoiYXV0byIsImdyYXZpdHkiOiJhdXRvIiwiY2FjaGVkUGFnZXMiOiJhdXRvIiwicmVuZGVySW5hY3RpdmVQYWdlcyI6ImF1dG8iLCJyZW5kZXJJbmFjdGl2ZVBhZ2VzT25Nb2JpbGUiOiJhdXRvIiwicmVuZGVyV2hpbGVGbGlwcGluZyI6ImF1dG8iLCJwYWdlc0ZvclByZWRpY3RpbmciOiJhdXRvIiwicHJlbG9hZFBhZ2VzIjoiYXV0byIsInJ0bCI6ImF1dG8iLCJzaGVldCI6eyJzdGFydFZlbG9jaXR5IjoiYXV0byIsImNvcm5lckRldmlhdGlvbiI6ImF1dG8iLCJmbGV4aWJpbGl0eSI6ImF1dG8iLCJmbGV4aWJsZUNvcm5lciI6ImF1dG8iLCJiZW5kaW5nIjoiYXV0byIsIndhdmUiOiJhdXRvIiwid2lkdGhUZXhlbHMiOiJhdXRvIiwiaGVpZ2h0VGV4ZWxzIjoiYXV0byIsImNvbG9yIjoiYXV0byJ9LCJjb3ZlciI6eyJzdGFydFZlbG9jaXR5IjoiYXV0byIsImZsZXhpYmlsaXR5IjoiYXV0byIsImZsZXhpYmxlQ29ybmVyIjoiYXV0byIsImJlbmRpbmciOiJhdXRvIiwid2F2ZSI6ImF1dG8iLCJ3aWR0aFRleGVscyI6ImF1dG8iLCJoZWlnaHRUZXhlbHMiOiJhdXRvIiwiY29sb3IiOiJhdXRvIiwiYmluZGVyVGV4dHVyZSI6ImF1dG8iLCJkZXB0aCI6ImF1dG8iLCJwYWRkaW5nIjoiYXV0byIsIm1hc3MiOiJhdXRvIn0sInBhZ2UiOnsic3RhcnRWZWxvY2l0eSI6ImF1dG8iLCJmbGV4aWJpbGl0eSI6ImF1dG8iLCJmbGV4aWJsZUNvcm5lciI6ImF1dG8iLCJiZW5kaW5nIjoiYXV0byIsIndhdmUiOiJhdXRvIiwid2lkdGhUZXhlbHMiOiJhdXRvIiwiaGVpZ2h0VGV4ZWxzIjoiYXV0byIsImNvbG9yIjoiYXV0byIsImRlcHRoIjoiYXV0byIsIm1hc3MiOiJhdXRvIn19LCJjb250cm9sUHJvcHMiOnsiYWN0aW9ucyI6eyJjbWRTYXZlIjp7ImVuYWJsZWQiOiJhdXRvIn0sImNtZFByaW50Ijp7ImVuYWJsZWQiOiJhdXRvIn0sImNtZFNpbmdsZVBhZ2UiOnsiZW5hYmxlZCI6ImF1dG8iLCJhY3RpdmUiOiJhdXRvIn19fSwiYXV0b1RodW1ibmFpbCI6bnVsbCwicG9zdF9uYW1lIjoiYmlibGlvdGVjYS1iYXNpY2EtbGEtdnVlbHRhLWFsLW11bmRvLWVuLW9jaGVudGEtZGlhcyIsInBvc3RfdHlwZSI6IjNkLWZsaXAtYm9vayJ9fSwicGFnZXMiOltdLCJmaXJzdFBhZ2VzIjpbXX0=');window.FB3D_CLIENT_LOCALE && FB3D_CLIENT_LOCALE.render && FB3D_CLIENT_LOCALE.render();<\/script><\/p>\n<p>[\/vc_cta][\/vc_column][\/vc_row][vc_row][vc_column][vc_separator color=&#8221;custom&#8221; accent_color=&#8221;#757575&#8243;][vc_tta_tabs style=&#8221;modern&#8221; color=&#8221;pink&#8221; spacing=&#8221;20&#8243; gap=&#8221;20&#8243; alignment=&#8221;center&#8221; active_section=&#8221;1&#8243; title=&#8221;Colecci\u00f3n Biblioteca B\u00e1sica&#8221;][vc_tta_section title=&#8221;LECTURAS DE SEGUNDO CICLO&#8221; tab_id=&#8221;1624443266751-9725f176-7f97&#8243;][vc_empty_space height=&#8221;12px&#8221;][vc_row_inner][vc_column_inner width=&#8221;1\/6&#8243;][vc_single_image image=&#8221;126013&#8243; img_size=&#8221;140&#215;190&#8243; add_caption=&#8221;yes&#8221; alignment=&#8221;center&#8221; style=&#8221;vc_box_shadow_3d&#8221; onclick=&#8221;custom_link&#8221; link=&#8221;https:\/\/web.editorialteide.com\/producto\/las-aventuras-de-pinocho-b-b\/&#8221;][vc_single_image image=&#8221;126004&#8243; img_size=&#8221;140&#215;190&#8243; add_caption=&#8221;yes&#8221; alignment=&#8221;center&#8221; style=&#8221;vc_box_shadow_3d&#8221; onclick=&#8221;custom_link&#8221; link=&#8221;https:\/\/web.editorialteide.com\/producto\/el-mago-de-oz-b-b\/&#8221;][\/vc_column_inner][vc_column_inner width=&#8221;1\/6&#8243;][vc_single_image image=&#8221;126014&#8243; img_size=&#8221;140&#215;190&#8243; add_caption=&#8221;yes&#8221; alignment=&#8221;center&#8221; style=&#8221;vc_box_shadow_3d&#8221; onclick=&#8221;custom_link&#8221; link=&#8221;https:\/\/web.editorialteide.com\/producto\/el-libro-de-la-selva-b-b\/&#8221;][vc_single_image image=&#8221;126006&#8243; img_size=&#8221;140&#215;190&#8243; add_caption=&#8221;yes&#8221; alignment=&#8221;center&#8221; style=&#8221;vc_box_shadow_3d&#8221; onclick=&#8221;custom_link&#8221; link=&#8221;https:\/\/web.editorialteide.com\/producto\/las-aventuras-de-robin-hoodb-b\/&#8221;][\/vc_column_inner][vc_column_inner width=&#8221;1\/6&#8243;][vc_single_image image=&#8221;126015&#8243; img_size=&#8221;140&#215;190&#8243; add_caption=&#8221;yes&#8221; alignment=&#8221;center&#8221; style=&#8221;vc_box_shadow_3d&#8221; onclick=&#8221;custom_link&#8221; link=&#8221;https:\/\/web.editorialteide.com\/producto\/los-viajes-de-gulliver-b-b\/&#8221;][vc_single_image image=&#8221;126007&#8243; img_size=&#8221;140&#215;190&#8243; add_caption=&#8221;yes&#8221; alignment=&#8221;center&#8221; style=&#8221;vc_box_shadow_3d&#8221; onclick=&#8221;custom_link&#8221; link=&#8221;https:\/\/web.editorialteide.com\/producto\/un-yanqui-en-la-corte-del-rey-arturob-b\/&#8221;][\/vc_column_inner][vc_column_inner width=&#8221;1\/6&#8243;][vc_single_image image=&#8221;126020&#8243; img_size=&#8221;140&#215;190&#8243; add_caption=&#8221;yes&#8221; alignment=&#8221;center&#8221; style=&#8221;vc_box_shadow_3d&#8221; onclick=&#8221;custom_link&#8221; link=&#8221;https:\/\/web.editorialteide.com\/producto\/las-aventuras-de-tom-sawyer-b-b\/&#8221;][vc_single_image image=&#8221;126008&#8243; img_size=&#8221;140&#215;190&#8243; add_caption=&#8221;yes&#8221; alignment=&#8221;center&#8221; style=&#8221;vc_box_shadow_3d&#8221; onclick=&#8221;custom_link&#8221; link=&#8221;https:\/\/web.editorialteide.com\/producto\/el-robinson-suizo-b-b\/&#8221;][\/vc_column_inner][vc_column_inner width=&#8221;1\/6&#8243;][vc_single_image image=&#8221;126001&#8243; img_size=&#8221;140&#215;190&#8243; add_caption=&#8221;yes&#8221; alignment=&#8221;center&#8221; style=&#8221;vc_box_shadow_3d&#8221; onclick=&#8221;custom_link&#8221; link=&#8221;https:\/\/web.editorialteide.com\/producto\/el-principe-feliz-b-b\/&#8221;][vc_single_image image=&#8221;126017&#8243; img_size=&#8221;140&#215;190&#8243; add_caption=&#8221;yes&#8221; alignment=&#8221;center&#8221; style=&#8221;vc_box_shadow_3d&#8221; onclick=&#8221;custom_link&#8221; link=&#8221;https:\/\/web.editorialteide.com\/producto\/los-cuentos-de-las-mil-y-una-nochesb-b\/&#8221;][\/vc_column_inner][vc_column_inner width=&#8221;1\/6&#8243;][vc_single_image image=&#8221;126002&#8243; img_size=&#8221;140&#215;190&#8243; add_caption=&#8221;yes&#8221; alignment=&#8221;center&#8221; style=&#8221;vc_box_shadow_3d&#8221; onclick=&#8221;custom_link&#8221; link=&#8221;https:\/\/web.editorialteide.com\/producto\/cinco-semanas-en-globo-b-b\/&#8221;][vc_single_image image=&#8221;126018&#8243; img_size=&#8221;140&#215;190&#8243; add_caption=&#8221;yes&#8221; alignment=&#8221;center&#8221; style=&#8221;vc_box_shadow_3d&#8221; onclick=&#8221;custom_link&#8221; link=&#8221;https:\/\/web.editorialteide.com\/producto\/la-maravillosa-historia-de-peter-schlemihlb-b\/&#8221;][\/vc_column_inner][\/vc_row_inner][\/vc_tta_section][vc_tta_section title=&#8221;LECTURAS DE TERCER CICLO&#8221; tab_id=&#8221;1624443266772-3bbad3d0-2df5&#8243;][vc_empty_space height=&#8221;12px&#8221;][vc_row_inner][vc_column_inner width=&#8221;1\/6&#8243;][vc_single_image image=&#8221;126003&#8243; img_size=&#8221;140&#215;190&#8243; add_caption=&#8221;yes&#8221; alignment=&#8221;center&#8221; style=&#8221;vc_box_shadow_3d&#8221; onclick=&#8221;custom_link&#8221; link=&#8221;https:\/\/web.editorialteide.com\/producto\/el-fantasma-canterville-b-b\/&#8221;][vc_single_image image=&#8221;126016&#8243; img_size=&#8221;140&#215;190&#8243; add_caption=&#8221;yes&#8221; alignment=&#8221;center&#8221; style=&#8221;vc_box_shadow_3d&#8221; onclick=&#8221;custom_link&#8221; link=&#8221;https:\/\/web.editorialteide.com\/producto\/la-vuelta-al-mundo-80-d-b-b\/&#8221;][\/vc_column_inner][vc_column_inner width=&#8221;1\/6&#8243;][vc_single_image image=&#8221;125998&#8243; img_size=&#8221;140&#215;190&#8243; add_caption=&#8221;yes&#8221; alignment=&#8221;center&#8221; style=&#8221;vc_box_shadow_3d&#8221; onclick=&#8221;custom_link&#8221; link=&#8221;https:\/\/web.editorialteide.com\/producto\/el-escarabajo-de-oro-b-b\/&#8221;][vc_single_image image=&#8221;126009&#8243; img_size=&#8221;140&#215;190&#8243; add_caption=&#8221;yes&#8221; alignment=&#8221;center&#8221; style=&#8221;vc_box_shadow_3d&#8221; onclick=&#8221;custom_link&#8221; link=&#8221;https:\/\/web.editorialteide.com\/producto\/20-000-leguas-de-viaje-submarino-b-b\/&#8221;][\/vc_column_inner][vc_column_inner width=&#8221;1\/6&#8243;][vc_single_image image=&#8221;126000&#8243; img_size=&#8221;140&#215;190&#8243; add_caption=&#8221;yes&#8221; alignment=&#8221;center&#8221; style=&#8221;vc_box_shadow_3d&#8221; onclick=&#8221;custom_link&#8221; link=&#8221;https:\/\/web.editorialteide.com\/producto\/colmillo-blanco-b-b\/&#8221;][vc_single_image image=&#8221;126010&#8243; img_size=&#8221;140&#215;190&#8243; add_caption=&#8221;yes&#8221; alignment=&#8221;center&#8221; style=&#8221;vc_box_shadow_3d&#8221; onclick=&#8221;custom_link&#8221; link=&#8221;https:\/\/web.editorialteide.com\/producto\/david-copperfield-b-b\/&#8221;][\/vc_column_inner][vc_column_inner width=&#8221;1\/6&#8243;][vc_single_image image=&#8221;126019&#8243; img_size=&#8221;140&#215;190&#8243; add_caption=&#8221;yes&#8221; alignment=&#8221;center&#8221; style=&#8221;vc_box_shadow_3d&#8221; onclick=&#8221;custom_link&#8221; link=&#8221;https:\/\/web.editorialteide.com\/producto\/la-isla-del-tesoro-b-b\/&#8221;][vc_single_image image=&#8221;126005&#8243; img_size=&#8221;140&#215;190&#8243; add_caption=&#8221;yes&#8221; alignment=&#8221;center&#8221; style=&#8221;vc_box_shadow_3d&#8221; onclick=&#8221;custom_link&#8221; link=&#8221;https:\/\/web.editorialteide.com\/producto\/el-extrano-caso-dr-jekyllb-b\/&#8221;][\/vc_column_inner][vc_column_inner width=&#8221;1\/6&#8243;][vc_single_image image=&#8221;125999&#8243; img_size=&#8221;140&#215;190&#8243; add_caption=&#8221;yes&#8221; alignment=&#8221;center&#8221; style=&#8221;vc_box_shadow_3d&#8221; onclick=&#8221;custom_link&#8221; link=&#8221;https:\/\/web.editorialteide.com\/producto\/el-perro-de-baskerville-b-b\/&#8221;][vc_single_image image=&#8221;126011&#8243; img_size=&#8221;140&#215;190&#8243; add_caption=&#8221;yes&#8221; alignment=&#8221;center&#8221; style=&#8221;vc_box_shadow_3d&#8221; onclick=&#8221;custom_link&#8221; link=&#8221;https:\/\/web.editorialteide.com\/producto\/sandokan-b-b\/&#8221;][\/vc_column_inner][vc_column_inner width=&#8221;1\/6&#8243;][vc_single_image image=&#8221;126021&#8243; img_size=&#8221;140&#215;190&#8243; add_caption=&#8221;yes&#8221; alignment=&#8221;center&#8221; style=&#8221;vc_box_shadow_3d&#8221; onclick=&#8221;custom_link&#8221; link=&#8221;https:\/\/web.editorialteide.com\/producto\/dracula-b-b\/&#8221;][vc_single_image image=&#8221;126012&#8243; img_size=&#8221;140&#215;190&#8243; add_caption=&#8221;yes&#8221; alignment=&#8221;center&#8221; style=&#8221;vc_box_shadow_3d&#8221; onclick=&#8221;custom_link&#8221; link=&#8221;https:\/\/web.editorialteide.com\/producto\/frankenstein-b-b\/&#8221;][\/vc_column_inner][\/vc_row_inner][\/vc_tta_section][\/vc_tta_tabs][\/vc_column][\/vc_row]<\/p>\n","protected":false},"excerpt":{"rendered":"<p>[vc_row][vc_column width=&#8221;3\/4&#8243;][vc_column_text] Biblioteca B\u00e1sica es una selecci\u00f3n de lecturas que recoge los t\u00edtulos de la literatura infantil y juvenil universal, adaptados en extensi\u00f3n y vocabulario para los ni\u00f1os y ni\u00f1as de la Educaci\u00f3n Primaria y presentado en un agradable formato de 23 x 28 cm. El libro se divide en dos partes fundamentales: una s\u00edntesis &hellip; <a href=\"https:\/\/web.editorialteide.com\/ca\/educacio-primaria\/lecturas-de-segundo-y-tercer-ciclo\/\">Llegir m\u00e9s<\/a><\/p>\n","protected":false},"author":3,"featured_media":0,"parent":142867,"menu_order":0,"comment_status":"closed","ping_status":"closed","template":"","meta":{"footnotes":"","_links_to":"","_links_to_target":""},"class_list":["post-117139","page","type-page","status-publish","hentry"],"_links":{"self":[{"href":"https:\/\/web.editorialteide.com\/ca\/wp-json\/wp\/v2\/pages\/117139","targetHints":{"allow":["GET"]}}],"collection":[{"href":"https:\/\/web.editorialteide.com\/ca\/wp-json\/wp\/v2\/pages"}],"about":[{"href":"https:\/\/web.editorialteide.com\/ca\/wp-json\/wp\/v2\/types\/page"}],"author":[{"embeddable":true,"href":"https:\/\/web.editorialteide.com\/ca\/wp-json\/wp\/v2\/users\/3"}],"replies":[{"embeddable":true,"href":"https:\/\/web.editorialteide.com\/ca\/wp-json\/wp\/v2\/comments?post=117139"}],"version-history":[{"count":6,"href":"https:\/\/web.editorialteide.com\/ca\/wp-json\/wp\/v2\/pages\/117139\/revisions"}],"predecessor-version":[{"id":159276,"href":"https:\/\/web.editorialteide.com\/ca\/wp-json\/wp\/v2\/pages\/117139\/revisions\/159276"}],"up":[{"embeddable":true,"href":"https:\/\/web.editorialteide.com\/ca\/wp-json\/wp\/v2\/pages\/142867"}],"wp:attachment":[{"href":"https:\/\/web.editorialteide.com\/ca\/wp-json\/wp\/v2\/media?parent=117139"}],"curies":[{"name":"wp","href":"https:\/\/api.w.org\/{rel}","templated":true}]}}