{"id":117174,"date":"2016-05-26T14:50:58","date_gmt":"2016-05-26T14:50:58","guid":{"rendered":"http:\/\/web.editorialteide.com\/eso\/lengua-castellana-y-literatura-2\/coleccion-dual-2\/"},"modified":"2023-08-30T11:11:02","modified_gmt":"2023-08-30T10:11:02","slug":"coleccion-dual","status":"publish","type":"page","link":"https:\/\/web.editorialteide.com\/ca\/eso\/lengua-castellana-y-literatura\/coleccion-dual\/","title":{"rendered":"LECTURAS. Colecci\u00f3n Dual"},"content":{"rendered":"<p>[vc_row equal_height=&#8221;yes&#8221;][vc_column][vc_column_text]<\/p>\n<p style=\"text-align: justify;\"><span style=\"font-size: 16px;\">La <span style=\"font-size: 20px; color: #333333;\"><strong>Colecci\u00f3n Dual<\/strong> <\/span>se ha consolidado como una atractiva propuesta y supone un paso adelante en la apuesta de la editorial por el acercamiento de los grandes cl\u00e1sicos de la literatura a los j\u00f3venes estudiantes de Educaci\u00f3n Secundaria.<\/span><\/p>\n<p style=\"text-align: justify;\"><span style=\"font-size: 16px;\">Con esta colecci\u00f3n, lanzamos una serie de<span style=\"color: #333333;\"><strong> lecturas con c\u00f3mic<\/strong> <\/span>que pretende explorar nuevos caminos did\u00e1cticos. <\/span><span style=\"font-size: 16px;\">El concepto de la colecci\u00f3n se ha desarrollado con el objetivo fundamental de estimular la agilidad lectora del joven, ofreciendo la posibilidad de complementar la lectura principal con un apoyo visual y gr\u00e1fico. Por ello, todos los c\u00f3mics se han realizado en exclusiva para la colecci\u00f3n.<\/span><\/p>\n<p style=\"text-align: justify;\"><span style=\"font-size: 16px;\">Cada t\u00edtulo consta de un breve <em><span style=\"color: #333333;\">estudio introductorio<\/span><\/em> sobre el autor y su obra, realizado por profesores de educaci\u00f3n secundaria. La narraci\u00f3n se acompa\u00f1a de <em><span style=\"color: #333333;\">notas a pie de p\u00e1gina<\/span>,<\/em> para facilitar su lec<\/span><span style=\"font-size: 16px;\">tura, as\u00ed como de una exhaustiva <em><span style=\"color: #333333;\">gu\u00eda de lectura <\/span><\/em>y una serie de <span style=\"color: #333333;\"><em>propuestas de trabajo<\/em><\/span> para consolidar su comprensi\u00f3n global.<\/span><\/p>\n<p>[\/vc_column_text][vc_custom_heading text=&#8221;+ INFORMACI\u00d3N&#8221; font_container=&#8221;tag:h4|text_align:left|color:%23474747|line_height:arriba&#8221; google_fonts=&#8221;font_family:Roboto%3A100%2C100italic%2C300%2C300italic%2Cregular%2Citalic%2C500%2C500italic%2C700%2C700italic%2C900%2C900italic|font_style:400%20regular%3A400%3Anormal&#8221; link=&#8221;url:http%3A%2F%2Frecursos.teide.eu%2Ff%2Fc4b3c8edb5%2F%3Fraw%3D1|target:_blank&#8221;][vc_column_text]<span style=\"font-size: 16px; color: #333333;\"><strong>MUESTRA COLECCI\u00d3N: <a  class=\"_3d-flip-book  fb3d-link-lightbox-mode\" data-id=\"115537\" data-mode=\"link-lightbox\" data-title=\"true\" data-template=\"short-white-book-view\" data-lightbox=\"dark-shadow\" data-urlparam=\"fb3d-page\" data-page-n=\"0\" data-pdf=\"\" data-tax=\"null\" data-thumbnail=\"\" data-cols=\"3\" data-book-template=\"default\" data-trigger=\"\"><\/a><script type=\"text\/javascript\">window.FB3D_CLIENT_DATA = window.FB3D_CLIENT_DATA || [];FB3D_CLIENT_DATA.push('eyJwb3N0cyI6eyIxMTU1MzciOnsiSUQiOjExNTUzNywidGl0bGUiOiJEdWFsLiBFbCBwZXJybyBkZSBsb3MgQmFza2VydmlsbGUiLCJ0eXBlIjoicGRmIiwicmVhZHlfZnVuY3Rpb24iOiIiLCJib29rX3N0eWxlIjoidm9sdW1lIiwiYm9va190ZW1wbGF0ZSI6Im5vbmUiLCJvdXRsaW5lIjpbXSwiZGF0YSI6eyJwb3N0X0lEIjoiMTE1NTM4IiwiZ3VpZCI6Imh0dHA6XC9cL3dlYi5lZGl0b3JpYWx0ZWlkZS5jb21cL3dwLWNvbnRlbnRcL3VwbG9hZHNcLzIwMTlcLzA2XC82OTU4X01VRVNUUkFfRFVBTF9CYXNrZXJ2aWxsZS5wZGYiLCJwZGZfcGFnZXMiOiIxOCIsInBhZ2VzX2N1c3RvbWl6YXRpb24iOiJub25lIn0sInRodW1ibmFpbCI6eyJkYXRhIjp7InBvc3RfSUQiOiIwIn0sInR5cGUiOiJhdXRvIn0sInByb3BzIjp7ImhlaWdodCI6ImF1dG8iLCJ3aWR0aCI6ImF1dG8iLCJncmF2aXR5IjoiYXV0byIsImNhY2hlZFBhZ2VzIjoiYXV0byIsInJlbmRlckluYWN0aXZlUGFnZXMiOiJhdXRvIiwicmVuZGVySW5hY3RpdmVQYWdlc09uTW9iaWxlIjoiYXV0byIsInJlbmRlcldoaWxlRmxpcHBpbmciOiJhdXRvIiwicGFnZXNGb3JQcmVkaWN0aW5nIjoiYXV0byIsInByZWxvYWRQYWdlcyI6ImF1dG8iLCJydGwiOiJhdXRvIiwic2hlZXQiOnsic3RhcnRWZWxvY2l0eSI6ImF1dG8iLCJjb3JuZXJEZXZpYXRpb24iOiJhdXRvIiwiZmxleGliaWxpdHkiOiJhdXRvIiwiZmxleGlibGVDb3JuZXIiOiJhdXRvIiwiYmVuZGluZyI6ImF1dG8iLCJ3YXZlIjoiYXV0byIsIndpZHRoVGV4ZWxzIjoiYXV0byIsImhlaWdodFRleGVscyI6ImF1dG8iLCJjb2xvciI6ImF1dG8ifSwiY292ZXIiOnsic3RhcnRWZWxvY2l0eSI6ImF1dG8iLCJmbGV4aWJpbGl0eSI6ImF1dG8iLCJmbGV4aWJsZUNvcm5lciI6ImF1dG8iLCJiZW5kaW5nIjoiYXV0byIsIndhdmUiOiJhdXRvIiwid2lkdGhUZXhlbHMiOiJhdXRvIiwiaGVpZ2h0VGV4ZWxzIjoiYXV0byIsImNvbG9yIjoiYXV0byIsImJpbmRlclRleHR1cmUiOiJhdXRvIiwiZGVwdGgiOiJhdXRvIiwicGFkZGluZyI6ImF1dG8iLCJtYXNzIjoiYXV0byJ9LCJwYWdlIjp7InN0YXJ0VmVsb2NpdHkiOiJhdXRvIiwiZmxleGliaWxpdHkiOiJhdXRvIiwiZmxleGlibGVDb3JuZXIiOiJhdXRvIiwiYmVuZGluZyI6ImF1dG8iLCJ3YXZlIjoiYXV0byIsIndpZHRoVGV4ZWxzIjoiYXV0byIsImhlaWdodFRleGVscyI6ImF1dG8iLCJjb2xvciI6ImF1dG8iLCJkZXB0aCI6ImF1dG8iLCJtYXNzIjoiYXV0byJ9fSwiY29udHJvbFByb3BzIjp7ImFjdGlvbnMiOnsiY21kU2F2ZSI6eyJlbmFibGVkIjoiYXV0byJ9LCJjbWRQcmludCI6eyJlbmFibGVkIjoiYXV0byJ9LCJjbWRTaW5nbGVQYWdlIjp7ImVuYWJsZWQiOiJhdXRvIiwiYWN0aXZlIjoiYXV0byJ9fX0sImF1dG9UaHVtYm5haWwiOm51bGwsInBvc3RfbmFtZSI6ImR1YWwtZWwtcGVycm8tZGUtbG9zLWJhc2tlcnZpbGxlIiwicG9zdF90eXBlIjoiM2QtZmxpcC1ib29rIn19LCJwYWdlcyI6W10sImZpcnN0UGFnZXMiOltdfQ==');window.FB3D_CLIENT_LOCALE && FB3D_CLIENT_LOCALE.render && FB3D_CLIENT_LOCALE.render();<\/script><\/strong><\/span>[\/vc_column_text][vc_separator color=&#8221;custom&#8221; accent_color=&#8221;#757575&#8243;][\/vc_column][\/vc_row][vc_row][vc_column][vc_tta_accordion style=&#8221;modern&#8221; active_section=&#8221;1&#8243; collapsible_all=&#8221;true&#8221;][vc_tta_section title=&#8221;T\u00edtulos disponibles&#8221; tab_id=&#8221;1570604888853-70b3fec8-209e&#8221;][vc_row_inner equal_height=&#8221;yes&#8221; css=&#8221;.vc_custom_1637142003103{background-image: url(https:\/\/web.editorialteide.com\/wp-content\/uploads\/2021\/11\/dual_transparent.png?id=159343) !important;background-position: center !important;background-repeat: no-repeat !important;background-size: contain !important;}&#8221;][vc_column_inner width=&#8221;1\/5&#8243;][vc_single_image image=&#8221;126963&#8243; img_size=&#8221;140&#215;190&#8243; add_caption=&#8221;yes&#8221; alignment=&#8221;center&#8221; style=&#8221;vc_box_shadow_3d&#8221; onclick=&#8221;custom_link&#8221; link=&#8221;https:\/\/web.editorialteide.com\/producto\/colmillo-blanco-adaptacion-comics\/&#8221;][vc_single_image image=&#8221;108318&#8243; img_size=&#8221;140&#215;190&#8243; add_caption=&#8221;yes&#8221; alignment=&#8221;center&#8221; style=&#8221;vc_box_shadow_3d&#8221; onclick=&#8221;custom_link&#8221; link=&#8221;https:\/\/web.editorialteide.com\/producto\/odisea-adaptacion-comics\/&#8221;][vc_single_image image=&#8221;135871&#8243; img_size=&#8221;140&#215;190&#8243; add_caption=&#8221;yes&#8221; alignment=&#8221;center&#8221; style=&#8221;vc_box_shadow_3d&#8221; onclick=&#8221;custom_link&#8221; link=&#8221;https:\/\/web.editorialteide.com\/producto\/frankenstein-adaptacion-comics\/&#8221;][vc_single_image image=&#8221;164596&#8243; img_size=&#8221;140&#215;190&#8243; add_caption=&#8221;yes&#8221; alignment=&#8221;center&#8221; style=&#8221;vc_box_shadow_3d&#8221; onclick=&#8221;custom_link&#8221; link=&#8221;https:\/\/web.editorialteide.com\/producto\/cinco-momentos-estelares-de-la-humanidada-comics\/&#8221;][\/vc_column_inner][vc_column_inner width=&#8221;1\/5&#8243;][vc_single_image image=&#8221;126971&#8243; img_size=&#8221;140&#215;190&#8243; add_caption=&#8221;yes&#8221; alignment=&#8221;center&#8221; style=&#8221;vc_box_shadow_3d&#8221; onclick=&#8221;custom_link&#8221; link=&#8221;https:\/\/web.editorialteide.com\/producto\/dracula-adaptacion-comics\/&#8221;][vc_single_image image=&#8221;113696&#8243; img_size=&#8221;140&#215;190&#8243; add_caption=&#8221;yes&#8221; alignment=&#8221;center&#8221; style=&#8221;vc_box_shadow_3d&#8221; onclick=&#8221;custom_link&#8221; link=&#8221;https:\/\/web.editorialteide.com\/producto\/cuentos-de-mowgli-adaptacion-comics\/&#8221;][vc_single_image image=&#8221;135869&#8243; img_size=&#8221;140&#215;190&#8243; add_caption=&#8221;yes&#8221; alignment=&#8221;center&#8221; style=&#8221;vc_box_shadow_3d&#8221; onclick=&#8221;custom_link&#8221; link=&#8221;https:\/\/web.editorialteide.com\/producto\/capitanes-valientes-adaptacion-comics\/&#8221;][vc_single_image image=&#8221;164597&#8243; img_size=&#8221;140&#215;190&#8243; add_caption=&#8221;yes&#8221; alignment=&#8221;center&#8221; style=&#8221;vc_box_shadow_3d&#8221; onclick=&#8221;custom_link&#8221; link=&#8221;https:\/\/web.editorialteide.com\/producto\/don-quijote-de-la-mancha-adaptacion-comics\/&#8221;][\/vc_column_inner][vc_column_inner width=&#8221;1\/5&#8243;][vc_single_image image=&#8221;108314&#8243; img_size=&#8221;140&#215;190&#8243; add_caption=&#8221;yes&#8221; alignment=&#8221;center&#8221; style=&#8221;vc_box_shadow_3d&#8221; onclick=&#8221;custom_link&#8221; link=&#8221;https:\/\/web.editorialteide.com\/producto\/los-hijos-del-capitan-grant-adaptacion-comics\/&#8221;][vc_single_image image=&#8221;115448&#8243; img_size=&#8221;140&#215;190&#8243; add_caption=&#8221;yes&#8221; alignment=&#8221;center&#8221; style=&#8221;vc_box_shadow_3d&#8221; onclick=&#8221;custom_link&#8221; link=&#8221;https:\/\/web.editorialteide.com\/producto\/la-guerra-de-los-mundos-adaptacion-comics\/&#8221;][vc_single_image image=&#8221;153101&#8243; img_size=&#8221;140&#215;190&#8243; add_caption=&#8221;yes&#8221; alignment=&#8221;center&#8221; style=&#8221;vc_box_shadow_3d&#8221; onclick=&#8221;custom_link&#8221; link=&#8221;https:\/\/web.editorialteide.com\/producto\/los-trabajos-de-heracles-adaptacion-comic\/&#8221;][\/vc_column_inner][vc_column_inner width=&#8221;1\/5&#8243;][vc_single_image image=&#8221;111932&#8243; img_size=&#8221;140&#215;190&#8243; add_caption=&#8221;yes&#8221; alignment=&#8221;center&#8221; style=&#8221;vc_box_shadow_3d&#8221; onclick=&#8221;custom_link&#8221; link=&#8221;https:\/\/web.editorialteide.com\/producto\/la-isla-del-tesoro-adaptacion-comics\/&#8221;][vc_single_image image=&#8221;153099&#8243; img_size=&#8221;140&#215;190&#8243; add_caption=&#8221;yes&#8221; alignment=&#8221;center&#8221; style=&#8221;vc_box_shadow_3d&#8221; onclick=&#8221;custom_link&#8221; link=&#8221;https:\/\/web.editorialteide.com\/producto\/20-000-leguas-de-viaje-submarinoadaptacion-comic\/&#8221;][vc_single_image image=&#8221;163045&#8243; img_size=&#8221;140&#215;190&#8243; add_caption=&#8221;yes&#8221; alignment=&#8221;center&#8221; style=&#8221;vc_box_shadow_3d&#8221; onclick=&#8221;custom_link&#8221; link=&#8221;https:\/\/web.editorialteide.com\/producto\/la-granja-de-los-animales-adaptacion-comics\/&#8221;][\/vc_column_inner][vc_column_inner width=&#8221;1\/5&#8243;][vc_single_image image=&#8221;114591&#8243; img_size=&#8221;140&#215;190&#8243; add_caption=&#8221;yes&#8221; alignment=&#8221;center&#8221; style=&#8221;vc_box_shadow_3d&#8221; onclick=&#8221;custom_link&#8221; link=&#8221;https:\/\/web.editorialteide.com\/producto\/el-perro-de-los-baskerville-adaptacion-comics\/&#8221;][vc_single_image image=&#8221;112652&#8243; img_size=&#8221;140&#215;190&#8243; add_caption=&#8221;yes&#8221; alignment=&#8221;center&#8221; style=&#8221;vc_box_shadow_3d&#8221; onclick=&#8221;custom_link&#8221; link=&#8221;https:\/\/web.editorialteide.com\/producto\/walden-o-la-vida-en-los-bosquesadaptacion-comics\/&#8221;][vc_single_image image=&#8221;163046&#8243; img_size=&#8221;140&#215;190&#8243; add_caption=&#8221;yes&#8221; alignment=&#8221;center&#8221; style=&#8221;vc_box_shadow_3d&#8221; onclick=&#8221;custom_link&#8221; link=&#8221;https:\/\/web.editorialteide.com\/producto\/lazarillo-de-tormes-adaptacion-comics\/&#8221;][\/vc_column_inner][\/vc_row_inner][\/vc_tta_section][\/vc_tta_accordion][\/vc_column][\/vc_row]<\/p>\n","protected":false},"excerpt":{"rendered":"<p>[vc_row equal_height=&#8221;yes&#8221;][vc_column][vc_column_text] La Colecci\u00f3n Dual se ha consolidado como una atractiva propuesta y supone un paso adelante en la apuesta de la editorial por el acercamiento de los grandes cl\u00e1sicos de la literatura a los j\u00f3venes estudiantes de Educaci\u00f3n Secundaria. Con esta colecci\u00f3n, lanzamos una serie de lecturas con c\u00f3mic que pretende explorar nuevos caminos &hellip; <a href=\"https:\/\/web.editorialteide.com\/ca\/eso\/lengua-castellana-y-literatura\/coleccion-dual\/\">Llegir m\u00e9s<\/a><\/p>\n","protected":false},"author":5,"featured_media":0,"parent":145973,"menu_order":0,"comment_status":"closed","ping_status":"closed","template":"","meta":{"footnotes":"","_links_to":"","_links_to_target":""},"class_list":["post-117174","page","type-page","status-publish","hentry"],"_links":{"self":[{"href":"https:\/\/web.editorialteide.com\/ca\/wp-json\/wp\/v2\/pages\/117174","targetHints":{"allow":["GET"]}}],"collection":[{"href":"https:\/\/web.editorialteide.com\/ca\/wp-json\/wp\/v2\/pages"}],"about":[{"href":"https:\/\/web.editorialteide.com\/ca\/wp-json\/wp\/v2\/types\/page"}],"author":[{"embeddable":true,"href":"https:\/\/web.editorialteide.com\/ca\/wp-json\/wp\/v2\/users\/5"}],"replies":[{"embeddable":true,"href":"https:\/\/web.editorialteide.com\/ca\/wp-json\/wp\/v2\/comments?post=117174"}],"version-history":[{"count":15,"href":"https:\/\/web.editorialteide.com\/ca\/wp-json\/wp\/v2\/pages\/117174\/revisions"}],"predecessor-version":[{"id":168681,"href":"https:\/\/web.editorialteide.com\/ca\/wp-json\/wp\/v2\/pages\/117174\/revisions\/168681"}],"up":[{"embeddable":true,"href":"https:\/\/web.editorialteide.com\/ca\/wp-json\/wp\/v2\/pages\/145973"}],"wp:attachment":[{"href":"https:\/\/web.editorialteide.com\/ca\/wp-json\/wp\/v2\/media?parent=117174"}],"curies":[{"name":"wp","href":"https:\/\/api.w.org\/{rel}","templated":true}]}}