{"id":117176,"date":"2016-05-26T13:38:06","date_gmt":"2016-05-26T11:38:06","guid":{"rendered":"http:\/\/web.editorialteide.com\/cuadernos-para-la-educacion-primaria\/"},"modified":"2021-11-11T14:35:24","modified_gmt":"2021-11-11T13:35:24","slug":"material-complementario","status":"publish","type":"page","link":"https:\/\/web.editorialteide.com\/ca\/educacio-primaria\/material-complementario\/","title":{"rendered":"MATERIAL COMPLEMENTARIO"},"content":{"rendered":"<p>[vc_row][vc_column][vc_column_text]<\/p>\n<p style=\"text-align: center;\"><span style=\"font-size: 20px;\">Editorial Teide dispone de diversas colecciones de cuadernos para la Educaci\u00f3n Primaria. Los ponemos a disposici\u00f3n del profesorado para ampliar y reforzar la informaci\u00f3n recibida con los libros de texto, para aquellas aulas que no los usen, aulas de acogida, reci\u00e9n llegados, etc.<\/span><\/p>\n<p>[\/vc_column_text][\/vc_column][\/vc_row][vc_row][vc_column width=&#8221;1\/4&#8243;][\/vc_column][vc_column width=&#8221;1\/4&#8243;][vc_single_image image=&#8221;159266&#8243; img_size=&#8221;230&#215;230&#8243; alignment=&#8221;center&#8221; style=&#8221;vc_box_shadow_circle_2&#8243; onclick=&#8221;custom_link&#8221; link=&#8221;https:\/\/web.editorialteide.com\/educacion-primaria\/material-complementario\/cuadernos-de-matematicas\/&#8221;][\/vc_column][vc_column width=&#8221;1\/4&#8243;][vc_single_image image=&#8221;159265&#8243; img_size=&#8221;230&#215;230&#8243; alignment=&#8221;center&#8221; style=&#8221;vc_box_shadow_circle_2&#8243; onclick=&#8221;custom_link&#8221; link=&#8221;https:\/\/web.editorialteide.com\/educacion-primaria\/material-complementario\/cuadernos-de-lengua\/&#8221;][\/vc_column][vc_column width=&#8221;1\/4&#8243;][\/vc_column][\/vc_row][vc_row gap=&#8221;25&#8243; content_placement=&#8221;bottom&#8221; disable_element=&#8221;yes&#8221;][vc_column width=&#8221;3\/4&#8243;][vc_column_text]<span style=\"font-size: 24px;\"><strong>CUADERNOS DE MATEM\u00c1TICAS<\/strong><\/span>[\/vc_column_text][vc_tta_accordion style=&#8221;modern&#8221; spacing=&#8221;2&#8243; c_icon=&#8221;chevron&#8221; active_section=&#8221;0&#8243; collapsible_all=&#8221;true&#8221;][vc_tta_section title=&#8221;SIETE Y 1\/2, OCHO Y 1\/2, NUEVE Y 1\/2&#8243; tab_id=&#8221;1498743376160-3fc776b7-cc4d&#8221;][vc_empty_space height=&#8221;10px&#8221;][vc_column_text]<span style=\"font-size: 16px;\">Doce cuadernos de c\u00e1lculo para cada ciclo con ejercicios divertidos de seriaci\u00f3n, numeraci\u00f3n, c\u00e1lculo de operaciones sencillas y magnitudes. Incluyen tambi\u00e9n recortables y test autocorrectivos.<\/span>[\/vc_column_text][vc_row_inner equal_height=&#8221;yes&#8221; content_placement=&#8221;middle&#8221; gap=&#8221;15&#8243; css=&#8221;.vc_custom_1530607341153{margin-right: 15px !important;margin-left: 15px !important;}&#8221;][vc_column_inner width=&#8221;1\/3&#8243;][vc_gallery interval=&#8221;0&#8243; images=&#8221;114659,114657,114655,114653,114342,114343,114651,114649,114647,114642,114645,114640&#8243; img_size=&#8221;160&#215;190&#8243; onclick=&#8221;custom_link&#8221; custom_links=&#8221;#E-8_aHR0cHMlM0ElMkYlMkZ3ZWIuZWRpdG9yaWFsdGVpZGUuY29tJTJGcHJvZHVjdG8lMkZzaWV0ZS15LW1lZGlvLWMtYy0wMS0xLWVwby0yMDE5JTJGJTJDaHR0cHMlM0ElMkYlMkZ3ZWIuZWRpdG9yaWFsdGVpZGUuY29tJTJGcHJvZHVjdG8lMkZzaWV0ZS15LW1lZGlvLWMtYy0wMi0xLWVwby0yMDE5JTJGJTJDaHR0cHMlM0ElMkYlMkZ3ZWIuZWRpdG9yaWFsdGVpZGUuY29tJTJGcHJvZHVjdG8lMkZzaWV0ZS15LW1lZGlvLWMtYy0wMy0xLWVwby0yMDE5JTJGJTJDaHR0cHMlM0ElMkYlMkZ3ZWIuZWRpdG9yaWFsdGVpZGUuY29tJTJGcHJvZHVjdG8lMkZzaWV0ZS15LW1lZGlvLWMtYy0wNC0xLWVwby0yMDE5JTJGJTJDaHR0cHMlM0ElMkYlMkZ3ZWIuZWRpdG9yaWFsdGVpZGUuY29tJTJGcHJvZHVjdG8lMkZzaWV0ZS15LW1lZGlvLWMtaS0wNS0xLWVwby0yMDE5JTJGJTJDaHR0cHMlM0ElMkYlMkZ3ZWIuZWRpdG9yaWFsdGVpZGUuY29tJTJGcHJvZHVjdG8lMkZzaWV0ZS15LW1lZGlvLWMtaS0wNi0xLWVwby0yMDE5JTJGJTJDaHR0cHMlM0ElMkYlMkZ3ZWIuZWRpdG9yaWFsdGVpZGUuY29tJTJGcHJvZHVjdG8lMkZzaWV0ZS15LW1lZGlvLWMtYy0wNy0yLWVwby0yMDE5JTJGJTJDaHR0cHMlM0ElMkYlMkZ3ZWIuZWRpdG9yaWFsdGVpZGUuY29tJTJGcHJvZHVjdG8lMkZzaWV0ZS15LW1lZGlvLWMtYy0wOC0yLWVwby0yMDE5JTJGJTJDaHR0cHMlM0ElMkYlMkZ3ZWIuZWRpdG9yaWFsdGVpZGUuY29tJTJGcHJvZHVjdG8lMkZzaWV0ZS15LW1lZGlvLWMtYy0wOS0yLWVwby0yMDE5JTJGJTJDaHR0cHMlM0ElMkYlMkZ3ZWIuZWRpdG9yaWFsdGVpZGUuY29tJTJGcHJvZHVjdG8lMkZzaWV0ZS15LW1lZGlvLWMtYy0xMC0yLWVwby0yMDE5JTJGJTJDaHR0cHMlM0ElMkYlMkZ3ZWIuZWRpdG9yaWFsdGVpZGUuY29tJTJGcHJvZHVjdG8lMkZzaWV0ZS15LW1lZGlvLWMtYy0xMS0yLWVwby0yMDE5JTJGJTJDaHR0cHMlM0ElMkYlMkZ3ZWIuZWRpdG9yaWFsdGVpZGUuY29tJTJGcHJvZHVjdG8lMkZzaWV0ZS15LW1lZGlvLWMtYy0xMi0yLWVwby0yMDE5JTJG&#8221;][\/vc_column_inner][vc_column_inner width=&#8221;1\/3&#8243;][vc_gallery interval=&#8221;0&#8243; images=&#8221;104415,104417,104419,104421,104423,104425,104427,104429,104431,104433,104435,104437&#8243; img_size=&#8221;160&#215;190&#8243; onclick=&#8221;custom_link&#8221; custom_links=&#8221;#E-8_aHR0cCUzQSUyRiUyRnRlaWRlMjAxOC5ub3J0aGV1cm9wZS5jbG91ZGFwcC5henVyZS5jb20lMkZwcm9kdWN0byUyRm9jaG8teS1tZWRpby1jLWMtMDEtMy1lcG8lMkYlMkNodHRwJTNBJTJGJTJGdGVpZGUyMDE4Lm5vcnRoZXVyb3BlLmNsb3VkYXBwLmF6dXJlLmNvbSUyRnByb2R1Y3RvJTJGb2Noby15LW1lZGlvLWMtYy0wMi0zLWVwbyUyRiUyQ2h0dHAlM0ElMkYlMkZ0ZWlkZTIwMTgubm9ydGhldXJvcGUuY2xvdWRhcHAuYXp1cmUuY29tJTJGcHJvZHVjdG8lMkZvY2hvLXktbWVkaW8tYy1jLTAzLTMtZXBvJTJGJTJDaHR0cCUzQSUyRiUyRnRlaWRlMjAxOC5ub3J0aGV1cm9wZS5jbG91ZGFwcC5henVyZS5jb20lMkZwcm9kdWN0byUyRm9jaG8teS1tZWRpby1jLWMtMDQtMy1lcG8lMkYlMkNodHRwJTNBJTJGJTJGdGVpZGUyMDE4Lm5vcnRoZXVyb3BlLmNsb3VkYXBwLmF6dXJlLmNvbSUyRnByb2R1Y3RvJTJGb2Noby15LW1lZGlvLWMtYy0wNS0zLWVwbyUyRiUyQ2h0dHAlM0ElMkYlMkZ0ZWlkZTIwMTgubm9ydGhldXJvcGUuY2xvdWRhcHAuYXp1cmUuY29tJTJGcHJvZHVjdG8lMkZvY2hvLXktbWVkaW8tYy1jLTA2LTMtZXBvJTJGJTJDaHR0cCUzQSUyRiUyRnRlaWRlMjAxOC5ub3J0aGV1cm9wZS5jbG91ZGFwcC5henVyZS5jb20lMkZwcm9kdWN0byUyRm9jaG8teS1tZWRpby1jLWMtMDctNC1lcG8lMkYlMkNodHRwJTNBJTJGJTJGdGVpZGUyMDE4Lm5vcnRoZXVyb3BlLmNsb3VkYXBwLmF6dXJlLmNvbSUyRnByb2R1Y3RvJTJGb2Noby15LW1lZGlvLWMtYy0wOC00LWVwbyUyRiUyQ2h0dHAlM0ElMkYlMkZ0ZWlkZTIwMTgubm9ydGhldXJvcGUuY2xvdWRhcHAuYXp1cmUuY29tJTJGcHJvZHVjdG8lMkZvY2hvLXktbWVkaW8tYy1jLTA5LTQtZXBvJTJGJTJDaHR0cCUzQSUyRiUyRnRlaWRlMjAxOC5ub3J0aGV1cm9wZS5jbG91ZGFwcC5henVyZS5jb20lMkZwcm9kdWN0byUyRm9jaG8teS1tZWRpby1jLWMtMTAtNC1lcG8lMkYlMkNodHRwJTNBJTJGJTJGdGVpZGUyMDE4Lm5vcnRoZXVyb3BlLmNsb3VkYXBwLmF6dXJlLmNvbSUyRnByb2R1Y3RvJTJGb2Noby15LW1lZGlvLWMtYy0xMS00LWVwbyUyRiUyQ2h0dHAlM0ElMkYlMkZ0ZWlkZTIwMTgubm9ydGhldXJvcGUuY2xvdWRhcHAuYXp1cmUuY29tJTJGcHJvZHVjdG8lMkZvY2hvLXktbWVkaW8tYy1jLTEyLTQtZXBvJTJG&#8221;][\/vc_column_inner][vc_column_inner width=&#8221;1\/3&#8243;][vc_gallery interval=&#8221;0&#8243; images=&#8221;104390,104392,104394,104396,104398,104400,104402,104404,104406,104408,104410,104412&#8243; img_size=&#8221;160&#215;190&#8243; onclick=&#8221;custom_link&#8221; custom_links=&#8221;#E-8_aHR0cCUzQSUyRiUyRnRlaWRlMjAxOC5ub3J0aGV1cm9wZS5jbG91ZGFwcC5henVyZS5jb20lMkZwcm9kdWN0byUyRm51ZXZlLXktbWVkaW8tbi0xLTUtZXBvJTJGJTJDaHR0cCUzQSUyRiUyRnRlaWRlMjAxOC5ub3J0aGV1cm9wZS5jbG91ZGFwcC5henVyZS5jb20lMkZwcm9kdWN0byUyRm51ZXZlLXktbWVkaW8tbi0yLTUtZXBvJTJGJTJDaHR0cCUzQSUyRiUyRnRlaWRlMjAxOC5ub3J0aGV1cm9wZS5jbG91ZGFwcC5henVyZS5jb20lMkZwcm9kdWN0byUyRm51ZXZlLXktbWVkaW8tbi0zLTUtZXBvJTJGJTJDaHR0cCUzQSUyRiUyRnRlaWRlMjAxOC5ub3J0aGV1cm9wZS5jbG91ZGFwcC5henVyZS5jb20lMkZwcm9kdWN0byUyRm51ZXZlLXktbWVkaW8tbi00LTUtZXBvJTJGJTJDaHR0cCUzQSUyRiUyRnRlaWRlMjAxOC5ub3J0aGV1cm9wZS5jbG91ZGFwcC5henVyZS5jb20lMkZwcm9kdWN0byUyRm51ZXZlLXktbWVkaW8tbi01LTUtZXBvJTJGJTJDaHR0cCUzQSUyRiUyRnRlaWRlMjAxOC5ub3J0aGV1cm9wZS5jbG91ZGFwcC5henVyZS5jb20lMkZwcm9kdWN0byUyRm51ZXZlLXktbWVkaW8tbi02LTUtZXBvJTJGJTJDaHR0cCUzQSUyRiUyRnRlaWRlMjAxOC5ub3J0aGV1cm9wZS5jbG91ZGFwcC5henVyZS5jb20lMkZwcm9kdWN0byUyRm51ZXZlLXktbWVkaW8tbi03LTYtZXBvJTJGJTJDaHR0cCUzQSUyRiUyRnRlaWRlMjAxOC5ub3J0aGV1cm9wZS5jbG91ZGFwcC5henVyZS5jb20lMkZwcm9kdWN0byUyRm51ZXZlLXktbWVkaW8tbi04LTYtZXBvJTJGJTJDaHR0cCUzQSUyRiUyRnRlaWRlMjAxOC5ub3J0aGV1cm9wZS5jbG91ZGFwcC5henVyZS5jb20lMkZwcm9kdWN0byUyRm51ZXZlLXktbWVkaW8tbi05LTYtZXBvJTJGJTJDaHR0cCUzQSUyRiUyRnRlaWRlMjAxOC5ub3J0aGV1cm9wZS5jbG91ZGFwcC5henVyZS5jb20lMkZwcm9kdWN0byUyRm51ZXZlLXktbWVkaW8tbi0xMC02LWVwbyUyRiUyQ2h0dHAlM0ElMkYlMkZ0ZWlkZTIwMTgubm9ydGhldXJvcGUuY2xvdWRhcHAuYXp1cmUuY29tJTJGcHJvZHVjdG8lMkZudWV2ZS15LW1lZGlvLW4tMTEtNi1lcG8lMkYlMkNodHRwJTNBJTJGJTJGdGVpZGUyMDE4Lm5vcnRoZXVyb3BlLmNsb3VkYXBwLmF6dXJlLmNvbSUyRnByb2R1Y3RvJTJGbnVldmUteS1tZWRpby1uLTEyLTYtZXBvJTJG&#8221;][\/vc_column_inner][\/vc_row_inner][\/vc_tta_section][vc_tta_section title=&#8221;PIENSO Y HAGO&#8221; tab_id=&#8221;1498743376203-5830e569-193a&#8221;][vc_empty_space height=&#8221;10px&#8221;][vc_column_text]<span style=\"font-size: 16px;\">Tres cuadernos por ciclo con estrategias para la resoluci\u00f3n de problemas.<\/span>[\/vc_column_text][vc_row_inner equal_height=&#8221;yes&#8221; content_placement=&#8221;middle&#8221; gap=&#8221;15&#8243; css=&#8221;.vc_custom_1530607317989{margin-right: 15px !important;margin-left: 15px !important;}&#8221;][vc_column_inner width=&#8221;1\/3&#8243;][vc_gallery interval=&#8221;0&#8243; images=&#8221;104464,104466,104468&#8243; img_size=&#8221;160&#215;190&#8243; onclick=&#8221;custom_link&#8221; custom_links=&#8221;#E-8_aHR0cCUzQSUyRiUyRnRlaWRlMjAxOC5ub3J0aGV1cm9wZS5jbG91ZGFwcC5henVyZS5jb20lMkZwcm9kdWN0byUyRnBpZW5zby15LWhhZ28tMS1jLXByb2JsZW1hcyUyRiUyQ2h0dHAlM0ElMkYlMkZ0ZWlkZTIwMTgubm9ydGhldXJvcGUuY2xvdWRhcHAuYXp1cmUuY29tJTJGcHJvZHVjdG8lMkZwaWVuc28teS1oYWdvLTItYy1wcm9ibGVtYXMlMkYlMkNodHRwJTNBJTJGJTJGdGVpZGUyMDE4Lm5vcnRoZXVyb3BlLmNsb3VkYXBwLmF6dXJlLmNvbSUyRnByb2R1Y3RvJTJGcGllbnNvLXktaGFnby0zLWMtcHJvYmxlbWFzJTJGJTJD&#8221;][\/vc_column_inner][vc_column_inner width=&#8221;1\/3&#8243;][vc_gallery interval=&#8221;0&#8243; images=&#8221;104470,104472,104474&#8243; img_size=&#8221;160&#215;190&#8243; onclick=&#8221;custom_link&#8221; custom_links=&#8221;#E-8_aHR0cCUzQSUyRiUyRnRlaWRlMjAxOC5ub3J0aGV1cm9wZS5jbG91ZGFwcC5henVyZS5jb20lMkZwcm9kdWN0byUyRnBpZW5zby15LWhhZ28tNC1jLXByb2JsZW1hcyUyRiUyQ2h0dHAlM0ElMkYlMkZ0ZWlkZTIwMTgubm9ydGhldXJvcGUuY2xvdWRhcHAuYXp1cmUuY29tJTJGcHJvZHVjdG8lMkZwaWVuc28teS1oYWdvLTUtYy1wcm9ibGVtYXMlMkYlMkNodHRwJTNBJTJGJTJGdGVpZGUyMDE4Lm5vcnRoZXVyb3BlLmNsb3VkYXBwLmF6dXJlLmNvbSUyRnByb2R1Y3RvJTJGcGllbnNvLXktaGFnby02LWMtcHJvYmxlbWFzJTJGJTJD&#8221;][\/vc_column_inner][vc_column_inner width=&#8221;1\/3&#8243;][vc_gallery interval=&#8221;0&#8243; images=&#8221;104476,104478,104480&#8243; img_size=&#8221;160&#215;190&#8243; onclick=&#8221;custom_link&#8221; custom_links=&#8221;#E-8_aHR0cCUzQSUyRiUyRnRlaWRlMjAxOC5ub3J0aGV1cm9wZS5jbG91ZGFwcC5henVyZS5jb20lMkZwcm9kdWN0byUyRnBpZW5zby15LWhhZ28tNy1jLXByb2JsZW1hcyUyRiUyQ2h0dHAlM0ElMkYlMkZ0ZWlkZTIwMTgubm9ydGhldXJvcGUuY2xvdWRhcHAuYXp1cmUuY29tJTJGcHJvZHVjdG8lMkZwaWVuc28teS1oYWdvLTgtYy1wcm9ibGVtYXMlMkYlMkNodHRwJTNBJTJGJTJGdGVpZGUyMDE4Lm5vcnRoZXVyb3BlLmNsb3VkYXBwLmF6dXJlLmNvbSUyRnByb2R1Y3RvJTJGcGllbnNvLXktaGFnby05LWMtcHJvYmxlbWFzJTJGJTJD&#8221;][\/vc_column_inner][\/vc_row_inner][\/vc_tta_section][vc_tta_section title=&#8221;AHORA YA PUEDO&#8221; tab_id=&#8221;1498743492804-471ab2ee-856a&#8221;][vc_empty_space height=&#8221;10px&#8221;][vc_column_text]<span style=\"font-size: 16px;\">Tres cuadernos autocorrectivos por ciclo, destinados a la resoluci\u00f3n de problemas aritm\u00e9ticos.<\/span>[\/vc_column_text][vc_row_inner equal_height=&#8221;yes&#8221; content_placement=&#8221;middle&#8221; gap=&#8221;15&#8243; css=&#8221;.vc_custom_1530607262003{margin-right: 15px !important;margin-left: 15px !important;}&#8221;][vc_column_inner width=&#8221;1\/3&#8243;][vc_gallery interval=&#8221;0&#8243; images=&#8221;104484,104486,104488&#8243; img_size=&#8221;160&#215;190&#8243; onclick=&#8221;custom_link&#8221; custom_links=&#8221;#E-8_aHR0cCUzQSUyRiUyRnRlaWRlMjAxOC5ub3J0aGV1cm9wZS5jbG91ZGFwcC5henVyZS5jb20lMkZwcm9kdWN0byUyRmFob3JhLXlhLXB1ZWRvLTEtYy1wcm9ibGVtYXMlMkYlMkNodHRwJTNBJTJGJTJGdGVpZGUyMDE4Lm5vcnRoZXVyb3BlLmNsb3VkYXBwLmF6dXJlLmNvbSUyRnByb2R1Y3RvJTJGYWhvcmEteWEtcHVlZG8tMi1jLXByb2JsZW1hcyUyRiUyQ2h0dHAlM0ElMkYlMkZ0ZWlkZTIwMTgubm9ydGhldXJvcGUuY2xvdWRhcHAuYXp1cmUuY29tJTJGcHJvZHVjdG8lMkZhaG9yYS15YS1wdWVkby0zLWMtcHJvYmxlbWFzJTJGJTJD&#8221;][\/vc_column_inner][vc_column_inner width=&#8221;1\/3&#8243;][vc_gallery interval=&#8221;0&#8243; images=&#8221;104490,104492,104494&#8243; img_size=&#8221;160&#215;190&#8243; onclick=&#8221;custom_link&#8221; custom_links=&#8221;#E-8_aHR0cCUzQSUyRiUyRnRlaWRlMjAxOC5ub3J0aGV1cm9wZS5jbG91ZGFwcC5henVyZS5jb20lMkZwcm9kdWN0byUyRmFob3JhLXlhLXB1ZWRvLTQtYy1wcm9ibGVtYXMlMkYlMkNodHRwJTNBJTJGJTJGdGVpZGUyMDE4Lm5vcnRoZXVyb3BlLmNsb3VkYXBwLmF6dXJlLmNvbSUyRnByb2R1Y3RvJTJGYWhvcmEteWEtcHVlZG8tNS1jLXByb2JsZW1hcyUyRiUyQ2h0dHAlM0ElMkYlMkZ0ZWlkZTIwMTgubm9ydGhldXJvcGUuY2xvdWRhcHAuYXp1cmUuY29tJTJGcHJvZHVjdG8lMkZhaG9yYS15YS1wdWVkby02LWMtcHJvYmxlbWFzJTJGJTJD&#8221;][\/vc_column_inner][vc_column_inner width=&#8221;1\/3&#8243;][vc_gallery interval=&#8221;0&#8243; images=&#8221;104496,104498,104500&#8243; img_size=&#8221;160&#215;190&#8243; onclick=&#8221;custom_link&#8221; custom_links=&#8221;#E-8_aHR0cCUzQSUyRiUyRnRlaWRlMjAxOC5ub3J0aGV1cm9wZS5jbG91ZGFwcC5henVyZS5jb20lMkZwcm9kdWN0byUyRmFob3JhLXlhLXB1ZWRvLTctYy1wcm9ibGVtYXMlMkYlMkNodHRwJTNBJTJGJTJGdGVpZGUyMDE4Lm5vcnRoZXVyb3BlLmNsb3VkYXBwLmF6dXJlLmNvbSUyRnByb2R1Y3RvJTJGYWhvcmEteWEtcHVlZG8tOC1jLXByb2JsZW1hcyUyRiUyQ2h0dHAlM0ElMkYlMkZ0ZWlkZTIwMTgubm9ydGhldXJvcGUuY2xvdWRhcHAuYXp1cmUuY29tJTJGcHJvZHVjdG8lMkZhaG9yYS15YS1wdWVkby05LWMtcHJvYmxlbWFzJTJGJTJD&#8221;][\/vc_column_inner][\/vc_row_inner][\/vc_tta_section][\/vc_tta_accordion][\/vc_column][vc_column width=&#8221;1\/4&#8243;][\/vc_column][\/vc_row][vc_row gap=&#8221;10&#8243; content_placement=&#8221;top&#8221; disable_element=&#8221;yes&#8221;][vc_column width=&#8221;2\/3&#8243;][vc_column_text]<span style=\"font-size: 24px;\"><strong>CUADERNOS DE LENGUA<\/strong><\/span>[\/vc_column_text][vc_tta_accordion style=&#8221;modern&#8221; spacing=&#8221;2&#8243; c_icon=&#8221;chevron&#8221; active_section=&#8221;0&#8243; collapsible_all=&#8221;true&#8221;][vc_tta_section title=&#8221;ORTOGRAF\u00cdA&#8221; tab_id=&#8221;1498745066734-c0362b5f-52fa&#8221;][vc_empty_space height=&#8221;10px&#8221;][vc_column_text]<span style=\"font-size: 16px;\">Seis cuadernos para el Segundo Ciclo y seis para el Tercero enfocados hacia el trabajo de la ortograf\u00eda. Incluyen una presentaci\u00f3n de la norma, actividades, apartados de repaso y una autoevaluaci\u00f3n.<\/span>[\/vc_column_text][vc_btn title=&#8221;CONTENIDOS&#8221; shape=&#8221;round&#8221; color=&#8221;inverse&#8221; i_icon_fontawesome=&#8221;far fa-file-pdf&#8221; add_icon=&#8221;true&#8221; link=&#8221;url:http%3A%2F%2Frecursos.teide.eu%2Ff%2F7f2d36a14e%2F%3Fraw%3D1|target:_blank&#8221;][vc_row_inner equal_height=&#8221;yes&#8221; content_placement=&#8221;middle&#8221;][vc_column_inner width=&#8221;1\/4&#8243;][vc_gallery interval=&#8221;0&#8243; images=&#8221;104504,104506,104508&#8243; img_size=&#8221;142&#215;177&#8243; onclick=&#8221;custom_link&#8221; custom_links=&#8221;#E-8_aHR0cCUzQSUyRiUyRnRlaWRlMjAxOC5ub3J0aGV1cm9wZS5jbG91ZGFwcC5henVyZS5jb20lMkZwcm9kdWN0byUyRm9ydG9ncmFmaWEtY2FzdGVsbGFuYS1jLTAxLWVwbyUyRiUyQ2h0dHAlM0ElMkYlMkZ0ZWlkZTIwMTgubm9ydGhldXJvcGUuY2xvdWRhcHAuYXp1cmUuY29tJTJGcHJvZHVjdG8lMkZvcnRvZ3JhZmlhLWNhc3RlbGxhbmEtYy0wMi1lcG8lMkYlMkNodHRwJTNBJTJGJTJGdGVpZGUyMDE4Lm5vcnRoZXVyb3BlLmNsb3VkYXBwLmF6dXJlLmNvbSUyRnByb2R1Y3RvJTJGb3J0b2dyYWZpYS1jYXN0ZWxsYW5hLWMtMDMtZXBvJTJGJTJD&#8221;][\/vc_column_inner][vc_column_inner width=&#8221;1\/4&#8243;][vc_gallery interval=&#8221;0&#8243; images=&#8221;104510,104512,104514&#8243; img_size=&#8221;142&#215;177&#8243; onclick=&#8221;custom_link&#8221; custom_links=&#8221;#E-8_aHR0cCUzQSUyRiUyRnRlaWRlMjAxOC5ub3J0aGV1cm9wZS5jbG91ZGFwcC5henVyZS5jb20lMkZwcm9kdWN0byUyRm9ydG9ncmFmaWEtY2FzdGVsbGFuYS1jLTA0LWVwbyUyRiUyQ2h0dHAlM0ElMkYlMkZ0ZWlkZTIwMTgubm9ydGhldXJvcGUuY2xvdWRhcHAuYXp1cmUuY29tJTJGcHJvZHVjdG8lMkZvcnRvZ3JhZmlhLWNhc3RlbGxhbmEtYy0wNS1lcG8lMkYlMkNodHRwJTNBJTJGJTJGdGVpZGUyMDE4Lm5vcnRoZXVyb3BlLmNsb3VkYXBwLmF6dXJlLmNvbSUyRnByb2R1Y3RvJTJGb3J0b2dyYWZpYS1jYXN0ZWxsYW5hLWMtMDYtZXBvJTJG&#8221;][\/vc_column_inner][vc_column_inner width=&#8221;1\/4&#8243;][vc_gallery interval=&#8221;0&#8243; images=&#8221;104516,104518,104520&#8243; img_size=&#8221;142&#215;177&#8243; onclick=&#8221;custom_link&#8221; custom_links=&#8221;#E-8_aHR0cCUzQSUyRiUyRnRlaWRlMjAxOC5ub3J0aGV1cm9wZS5jbG91ZGFwcC5henVyZS5jb20lMkZwcm9kdWN0byUyRm9ydG9ncmFmaWEtY2FzdGVsbGFuYS1jLTA3LWVwbyUyRiUyQ2h0dHAlM0ElMkYlMkZ0ZWlkZTIwMTgubm9ydGhldXJvcGUuY2xvdWRhcHAuYXp1cmUuY29tJTJGcHJvZHVjdG8lMkZvcnRvZ3JhZmlhLWNhc3RlbGxhbmEtYy0wOC1lcG8lMkYlMkNodHRwJTNBJTJGJTJGdGVpZGUyMDE4Lm5vcnRoZXVyb3BlLmNsb3VkYXBwLmF6dXJlLmNvbSUyRnByb2R1Y3RvJTJGb3J0b2dyYWZpYS1jYXN0ZWxsYW5hLWMtMDktZXBvJTJGJTJD&#8221;][\/vc_column_inner][vc_column_inner width=&#8221;1\/4&#8243;][vc_gallery interval=&#8221;0&#8243; images=&#8221;104522,104524,104526&#8243; img_size=&#8221;142&#215;177&#8243; onclick=&#8221;custom_link&#8221; custom_links=&#8221;#E-8_aHR0cCUzQSUyRiUyRnRlaWRlMjAxOC5ub3J0aGV1cm9wZS5jbG91ZGFwcC5henVyZS5jb20lMkZwcm9kdWN0byUyRm9ydG9ncmFmaWEtY2FzdGVsbGFuYS1jLTEwLWVwbyUyRiUyQ2h0dHAlM0ElMkYlMkZ0ZWlkZTIwMTgubm9ydGhldXJvcGUuY2xvdWRhcHAuYXp1cmUuY29tJTJGcHJvZHVjdG8lMkZvcnRvZ3JhZmlhLWNhc3RlbGxhbmEtYy0xMS1lcG8lMkYlMkNodHRwJTNBJTJGJTJGdGVpZGUyMDE4Lm5vcnRoZXVyb3BlLmNsb3VkYXBwLmF6dXJlLmNvbSUyRnByb2R1Y3RvJTJGb3J0b2dyYWZpYS1jYXN0ZWxsYW5hLWMtMTItZXBvJTJG&#8221;][\/vc_column_inner][\/vc_row_inner][\/vc_tta_section][vc_tta_section title=&#8221;COMPRENSI\u00d3N LECTORA&#8221; tab_id=&#8221;1498745199205-0c4acef5-8650&#8243;][vc_empty_space height=&#8221;10px&#8221;][vc_column_text]<span style=\"font-size: 16px;\">Seis cuadernos para cada ciclo enfocados hacia el desarrollo de las estrategias de comprensi\u00f3n lectora ante distintos tipos de texto y a la mejora de las\u00a0habilidades lectoras. Incluyen actividades de autoevaluaci\u00f3n y de comprensi\u00f3n y anticipaci\u00f3n lectora.<\/span>[\/vc_column_text][vc_row_inner equal_height=&#8221;yes&#8221; content_placement=&#8221;middle&#8221; gap=&#8221;15&#8243; css=&#8221;.vc_custom_1530607463290{margin-right: 15px !important;margin-left: 15px !important;}&#8221;][vc_column_inner width=&#8221;1\/3&#8243;][vc_btn title=&#8221;ESTRATEGIAS 1er CICLO&#8221; shape=&#8221;round&#8221; color=&#8221;inverse&#8221; size=&#8221;sm&#8221; align=&#8221;center&#8221; link=&#8221;url:http%3A%2F%2Frecursos.teide.eu%2Ff%2Fdddf20602a%2F%3Fraw%3D1|target:_blank&#8221;][vc_gallery type=&#8221;flexslider_slide&#8221; interval=&#8221;0&#8243; images=&#8221;78605,78606,78607,78608,78609,78610&#8243; img_size=&#8221;160&#215;190&#8243; onclick=&#8221;custom_link&#8221; custom_links=&#8221;#E-8_aHR0cCUzQSUyRiUyRnRlaWRlMjAxOC5ub3J0aGV1cm9wZS5jbG91ZGFwcC5henVyZS5jb20lMkZwcm9kdWN0byUyRnBlZHJvLWVsLXRyYXZpZXNvJTJGJTJDaHR0cCUzQSUyRiUyRnRlaWRlMjAxOC5ub3J0aGV1cm9wZS5jbG91ZGFwcC5henVyZS5jb20lMkZwcm9kdWN0byUyRm5vLXF1aWVyby1pci1hLWxhLXBpc2NpbmElMkYlMkNodHRwJTNBJTJGJTJGdGVpZGUyMDE4Lm5vcnRoZXVyb3BlLmNsb3VkYXBwLmF6dXJlLmNvbSUyRnByb2R1Y3RvJTJGbWktY2xhc2UlMkYlMkNodHRwJTNBJTJGJTJGdGVpZGUyMDE4Lm5vcnRoZXVyb3BlLmNsb3VkYXBwLmF6dXJlLmNvbSUyRnByb2R1Y3RvJTJGcGVxdWVuYXMtcHJlb2N1cGFjaW9uZXMlMkYlMkNodHRwJTNBJTJGJTJGdGVpZGUyMDE4Lm5vcnRoZXVyb3BlLmNsb3VkYXBwLmF6dXJlLmNvbSUyRnByb2R1Y3RvJTJGbG9zLXNlcnZpY2lvcy1wdWJsaWNvcyUyRiUyQ2h0dHAlM0ElMkYlMkZ0ZWlkZTIwMTgubm9ydGhldXJvcGUuY2xvdWRhcHAuYXp1cmUuY29tJTJGcHJvZHVjdG8lMkZsb3MtdHJlcy1kZXNlb3MlMkYlMkMlMkM=&#8221;][\/vc_column_inner][vc_column_inner width=&#8221;1\/3&#8243;][vc_btn title=&#8221;ESTRATEGIAS 2o CICLO&#8221; shape=&#8221;round&#8221; color=&#8221;inverse&#8221; size=&#8221;sm&#8221; align=&#8221;center&#8221; link=&#8221;url:http%3A%2F%2Frecursos.teide.eu%2Ff%2F370e691dee%2F%3Fraw%3D1|target:_blank&#8221;][vc_gallery interval=&#8221;0&#8243; images=&#8221;78676,78677,78678,78679,78680,78681,78610&#8243; img_size=&#8221;160&#215;190&#8243; onclick=&#8221;custom_link&#8221; custom_links=&#8221;#E-8_aHR0cCUzQSUyRiUyRnRlaWRlMjAxOC5ub3J0aGV1cm9wZS5jbG91ZGFwcC5henVyZS5jb20lMkZwcm9kdWN0byUyRmVsLWFidWVsby1jdW1wbGUtNzAtYW5vcyUyRiUyQ2h0dHAlM0ElMkYlMkZ0ZWlkZTIwMTgubm9ydGhldXJvcGUuY2xvdWRhcHAuYXp1cmUuY29tJTJGcHJvZHVjdG8lMkZxdWllcm8tc2VyLW1heW9yJTJGJTJDaHR0cCUzQSUyRiUyRnRlaWRlMjAxOC5ub3J0aGV1cm9wZS5jbG91ZGFwcC5henVyZS5jb20lMkZwcm9kdWN0byUyRmhhLWxsZWdhZG8tdXJtYSUyRiUyQ2h0dHAlM0ElMkYlMkZ0ZWlkZTIwMTgubm9ydGhldXJvcGUuY2xvdWRhcHAuYXp1cmUuY29tJTJGcHJvZHVjdG8lMkZxdWUtcGVyZXphJTJGJTJDaHR0cCUzQSUyRiUyRnRlaWRlMjAxOC5ub3J0aGV1cm9wZS5jbG91ZGFwcC5henVyZS5jb20lMkZwcm9kdWN0byUyRnF1ZS1tYWxhLXBhdGElMkYlMkNodHRwJTNBJTJGJTJGdGVpZGUyMDE4Lm5vcnRoZXVyb3BlLmNsb3VkYXBwLmF6dXJlLmNvbSUyRnByb2R1Y3RvJTJGbWUtY2hpZmxhbiUyRiUyQw==&#8221;][\/vc_column_inner][vc_column_inner width=&#8221;1\/3&#8243;][vc_btn title=&#8221;ESTRATEGIAS 3er CICLO&#8221; shape=&#8221;round&#8221; color=&#8221;inverse&#8221; size=&#8221;sm&#8221; align=&#8221;center&#8221; link=&#8221;url:http%3A%2F%2Frecursos.teide.eu%2Ff%2Ffe66f27bb7%2F%3Fraw%3D1|target:_blank&#8221;][vc_gallery interval=&#8221;0&#8243; images=&#8221;78700,78701,78702,78703,78704,78705&#8243; img_size=&#8221;160&#215;190&#8243; onclick=&#8221;custom_link&#8221; custom_links=&#8221;#E-8_aHR0cCUzQSUyRiUyRnRlaWRlMjAxOC5ub3J0aGV1cm9wZS5jbG91ZGFwcC5henVyZS5jb20lMkZwcm9kdWN0byUyRm1lbnVkYS1lcy14aWElMkYlMkNodHRwJTNBJTJGJTJGdGVpZGUyMDE4Lm5vcnRoZXVyb3BlLmNsb3VkYXBwLmF6dXJlLmNvbSUyRnByb2R1Y3RvJTJGY3VpZGF0ZSUyRiUyQ2h0dHAlM0ElMkYlMkZ0ZWlkZTIwMTgubm9ydGhldXJvcGUuY2xvdWRhcHAuYXp1cmUuY29tJTJGcHJvZHVjdG8lMkZsYS1vcnF1ZXN0YS1kZS1sb3Mtc2VudGltaWVudG9zJTJGJTJDaHR0cCUzQSUyRiUyRnRlaWRlMjAxOC5ub3J0aGV1cm9wZS5jbG91ZGFwcC5henVyZS5jb20lMkZwcm9kdWN0byUyRnVuLWdpcm8taW5lc3BlcmFkbyUyRiUyQ2h0dHAlM0ElMkYlMkZ0ZWlkZTIwMTgubm9ydGhldXJvcGUuY2xvdWRhcHAuYXp1cmUuY29tJTJGcHJvZHVjdG8lMkZlbC10dW5lbC1kZWwtdGVycm9yJTJGJTJDaHR0cCUzQSUyRiUyRnRlaWRlMjAxOC5ub3J0aGV1cm9wZS5jbG91ZGFwcC5henVyZS5jb20lMkZwcm9kdWN0byUyRmxvcy1tb2Rlcm5pc3RhcyUyRiUyQyUyQw==&#8221;][\/vc_column_inner][\/vc_row_inner][\/vc_tta_section][vc_tta_section title=&#8221;PUNTO Y SEGUIDO&#8221; tab_id=&#8221;1498745221056-d0788726-6424&#8243;][vc_empty_space height=&#8221;10px&#8221;][vc_column_text]<span style=\"font-size: 16px;\">Colecci\u00f3n de cuadernos de lectura y escritura que tienen por finalidad el desarrollo de las competencias escrita, comunicativa y audiovisual, sobre todo en la vertiente ling\u00fc\u00edstica del \u00e1rea de Lengua. Son doce cuadernos para cada uno de los ciclos de Primaria divididos en usos <strong>pr\u00e1cticos, cient\u00edficos, literarios y ling\u00fc\u00edsticos<\/strong>.<\/span>[\/vc_column_text][vc_btn title=&#8221;Saber m\u00e1s&#8221; color=&#8221;orange&#8221; link=&#8221;url:https%3A%2F%2Fweb.editorialteide.com%2Fpunto-y-seguido%2F&#8221;][\/vc_tta_section][\/vc_tta_accordion][\/vc_column][vc_column width=&#8221;1\/3&#8243;][vc_single_image image=&#8221;29748&#8243; img_size=&#8221;medium&#8221; alignment=&#8221;center&#8221; css_animation=&#8221;none&#8221;][\/vc_column][\/vc_row]<\/p>\n","protected":false},"excerpt":{"rendered":"<p>[vc_row][vc_column][vc_column_text] Editorial Teide dispone de diversas colecciones de cuadernos para la Educaci\u00f3n Primaria. Los ponemos a disposici\u00f3n del profesorado para ampliar y reforzar la informaci\u00f3n recibida con los libros de texto, para aquellas aulas que no los usen, aulas de acogida, reci\u00e9n llegados, etc. [\/vc_column_text][\/vc_column][\/vc_row][vc_row][vc_column width=&#8221;1\/4&#8243;][\/vc_column][vc_column width=&#8221;1\/4&#8243;][vc_single_image image=&#8221;159266&#8243; img_size=&#8221;230&#215;230&#8243; alignment=&#8221;center&#8221; style=&#8221;vc_box_shadow_circle_2&#8243; onclick=&#8221;custom_link&#8221; link=&#8221;https:\/\/web.editorialteide.com\/educacion-primaria\/material-complementario\/cuadernos-de-matematicas\/&#8221;][\/vc_column][vc_column width=&#8221;1\/4&#8243;][vc_single_image image=&#8221;159265&#8243; &hellip; <a href=\"https:\/\/web.editorialteide.com\/ca\/educacio-primaria\/material-complementario\/\">Llegir m\u00e9s<\/a><\/p>\n","protected":false},"author":5,"featured_media":0,"parent":142867,"menu_order":0,"comment_status":"closed","ping_status":"closed","template":"","meta":{"footnotes":"","_links_to":"","_links_to_target":""},"class_list":["post-117176","page","type-page","status-publish","hentry"],"_links":{"self":[{"href":"https:\/\/web.editorialteide.com\/ca\/wp-json\/wp\/v2\/pages\/117176","targetHints":{"allow":["GET"]}}],"collection":[{"href":"https:\/\/web.editorialteide.com\/ca\/wp-json\/wp\/v2\/pages"}],"about":[{"href":"https:\/\/web.editorialteide.com\/ca\/wp-json\/wp\/v2\/types\/page"}],"author":[{"embeddable":true,"href":"https:\/\/web.editorialteide.com\/ca\/wp-json\/wp\/v2\/users\/5"}],"replies":[{"embeddable":true,"href":"https:\/\/web.editorialteide.com\/ca\/wp-json\/wp\/v2\/comments?post=117176"}],"version-history":[{"count":9,"href":"https:\/\/web.editorialteide.com\/ca\/wp-json\/wp\/v2\/pages\/117176\/revisions"}],"predecessor-version":[{"id":159328,"href":"https:\/\/web.editorialteide.com\/ca\/wp-json\/wp\/v2\/pages\/117176\/revisions\/159328"}],"up":[{"embeddable":true,"href":"https:\/\/web.editorialteide.com\/ca\/wp-json\/wp\/v2\/pages\/142867"}],"wp:attachment":[{"href":"https:\/\/web.editorialteide.com\/ca\/wp-json\/wp\/v2\/media?parent=117176"}],"curies":[{"name":"wp","href":"https:\/\/api.w.org\/{rel}","templated":true}]}}