{"id":127918,"date":"2019-11-06T09:41:44","date_gmt":"2019-11-06T09:41:44","guid":{"rendered":"http:\/\/web.editorialteide.com\/?page_id=127918"},"modified":"2022-05-06T11:05:40","modified_gmt":"2022-05-06T10:05:40","slug":"material-complementari","status":"publish","type":"page","link":"https:\/\/web.editorialteide.com\/ca\/educacio-primaria\/material-complementari\/","title":{"rendered":"MATERIAL COMPLEMENTARI"},"content":{"rendered":"<p>[vc_row][vc_column][vc_column_text]<span style=\"font-size: 20px;\">Editorial Teide disposa de diverses col\u00b7leccions de quaderns per a l\u2019Educaci\u00f3 Prim\u00e0ria. Els posem a la vostra disposici\u00f3 per ampliar i refor\u00e7ar la informaci\u00f3 rebuda amb els llibres de text i en atenci\u00f3 a la diversitat de situacions que es donen a l\u2019aula.<\/span>[\/vc_column_text][vc_empty_space height=&#8221;15px&#8221;][\/vc_column][\/vc_row][vc_row gap=&#8221;15&#8243;][vc_column width=&#8221;1\/4&#8243; css=&#8221;.vc_custom_1651830819343{padding-top: 10px !important;padding-right: 10px !important;padding-bottom: 10px !important;padding-left: 10px !important;background-color: #4a77bb !important;}&#8221;][vc_custom_heading text=&#8221;Quaderns<br \/>\nde Llengua&#8221; font_container=&#8221;tag:h2|text_align:center|color:%23ffffff&#8221; google_fonts=&#8221;font_family:Roboto%20Condensed%3A300%2C300italic%2Cregular%2Citalic%2C700%2C700italic|font_style:400%20regular%3A400%3Anormal&#8221; css=&#8221;.vc_custom_1651831537899{padding-top: 10px !important;padding-right: 10px !important;padding-bottom: 10px !important;padding-left: 10px !important;background-color: #4a77bb !important;}&#8221; link=&#8221;url:https%3A%2F%2Fweb.editorialteide.com%2Fca%2Feducacio-primaria%2Fmaterial-complementari%2Fquaderns-de-llengua%2F&#8221;][\/vc_column][vc_column width=&#8221;1\/4&#8243; css=&#8221;.vc_custom_1651831399187{padding-top: 10px !important;padding-right: 10px !important;padding-bottom: 10px !important;padding-left: 10px !important;background-color: #fbb916 !important;}&#8221;][vc_custom_heading text=&#8221;Cuadernos<br \/>\nde Lengua&#8221; font_container=&#8221;tag:h2|text_align:center|color:%23ffffff&#8221; google_fonts=&#8221;font_family:Roboto%20Condensed%3A300%2C300italic%2Cregular%2Citalic%2C700%2C700italic|font_style:400%20regular%3A400%3Anormal&#8221; css=&#8221;.vc_custom_1651831518389{padding-top: 10px !important;padding-right: 10px !important;padding-bottom: 10px !important;padding-left: 10px !important;background-color: #fbb916 !important;}&#8221; link=&#8221;url:https%3A%2F%2Fweb.editorialteide.com%2Fca%2Feducacio-primaria%2Fmaterial-complementari%2Fquaderns-de-lengua%2F&#8221;][\/vc_column][vc_column width=&#8221;1\/4&#8243; css=&#8221;.vc_custom_1651830844704{padding-top: 10px !important;padding-right: 10px !important;padding-bottom: 10px !important;padding-left: 10px !important;background-color: #4a77bb !important;}&#8221;][vc_custom_heading text=&#8221;Punt<br \/>\ni seguit&#8221; font_container=&#8221;tag:h2|text_align:center|color:%23ffffff&#8221; google_fonts=&#8221;font_family:Roboto%20Condensed%3A300%2C300italic%2Cregular%2Citalic%2C700%2C700italic|font_style:400%20regular%3A400%3Anormal&#8221; css=&#8221;.vc_custom_1651831478043{padding-top: 10px !important;padding-right: 10px !important;padding-bottom: 10px !important;padding-left: 10px !important;background-color: #4a77bb !important;}&#8221; link=&#8221;url:https%3A%2F%2Fweb.editorialteide.com%2Fca%2Feducacio-primaria%2Fpunt-i-seguit&#8221;][\/vc_column][vc_column width=&#8221;1\/4&#8243; css=&#8221;.vc_custom_1651831422550{padding-top: 10px !important;padding-right: 10px !important;padding-bottom: 10px !important;padding-left: 10px !important;background-color: #fbb916 !important;}&#8221;][vc_custom_heading text=&#8221;Quaderns<br \/>\nde matem\u00e0tiques&#8221; font_container=&#8221;tag:h2|text_align:center|color:%23ffffff&#8221; google_fonts=&#8221;font_family:Roboto%20Condensed%3A300%2C300italic%2Cregular%2Citalic%2C700%2C700italic|font_style:400%20regular%3A400%3Anormal&#8221; css=&#8221;.vc_custom_1651831458708{padding-top: 10px !important;padding-right: 10px !important;padding-bottom: 10px !important;padding-left: 10px !important;background-color: #fbb916 !important;}&#8221; link=&#8221;url:https%3A%2F%2Fweb.editorialteide.com%2Fca%2Feducacio-primaria%2Fmaterial-complementari%2Fquaderns-de-matematiques%2F&#8221;][\/vc_column][\/vc_row]<\/p>\n","protected":false},"excerpt":{"rendered":"<p>[vc_row][vc_column][vc_column_text]Editorial Teide disposa de diverses col\u00b7leccions de quaderns per a l\u2019Educaci\u00f3 Prim\u00e0ria. Els posem a la vostra disposici\u00f3 per ampliar i refor\u00e7ar la informaci\u00f3 rebuda amb els llibres de text i en atenci\u00f3 a la diversitat de situacions que es donen a l\u2019aula.[\/vc_column_text][vc_empty_space height=&#8221;15px&#8221;][\/vc_column][\/vc_row][vc_row gap=&#8221;15&#8243;][vc_column width=&#8221;1\/4&#8243; css=&#8221;.vc_custom_1651830819343{padding-top: 10px !important;padding-right: 10px !important;padding-bottom: 10px !important;padding-left: 10px !important;background-color: &hellip; <a href=\"https:\/\/web.editorialteide.com\/ca\/educacio-primaria\/material-complementari\/\">Llegir m\u00e9s<\/a><\/p>\n","protected":false},"author":3,"featured_media":0,"parent":142867,"menu_order":0,"comment_status":"closed","ping_status":"closed","template":"","meta":{"footnotes":"","_links_to":"","_links_to_target":""},"class_list":["post-127918","page","type-page","status-publish","hentry"],"_links":{"self":[{"href":"https:\/\/web.editorialteide.com\/ca\/wp-json\/wp\/v2\/pages\/127918","targetHints":{"allow":["GET"]}}],"collection":[{"href":"https:\/\/web.editorialteide.com\/ca\/wp-json\/wp\/v2\/pages"}],"about":[{"href":"https:\/\/web.editorialteide.com\/ca\/wp-json\/wp\/v2\/types\/page"}],"author":[{"embeddable":true,"href":"https:\/\/web.editorialteide.com\/ca\/wp-json\/wp\/v2\/users\/3"}],"replies":[{"embeddable":true,"href":"https:\/\/web.editorialteide.com\/ca\/wp-json\/wp\/v2\/comments?post=127918"}],"version-history":[{"count":20,"href":"https:\/\/web.editorialteide.com\/ca\/wp-json\/wp\/v2\/pages\/127918\/revisions"}],"predecessor-version":[{"id":160309,"href":"https:\/\/web.editorialteide.com\/ca\/wp-json\/wp\/v2\/pages\/127918\/revisions\/160309"}],"up":[{"embeddable":true,"href":"https:\/\/web.editorialteide.com\/ca\/wp-json\/wp\/v2\/pages\/142867"}],"wp:attachment":[{"href":"https:\/\/web.editorialteide.com\/ca\/wp-json\/wp\/v2\/media?parent=127918"}],"curies":[{"name":"wp","href":"https:\/\/api.w.org\/{rel}","templated":true}]}}