{"id":131546,"date":"2019-12-03T14:20:06","date_gmt":"2019-12-03T13:20:06","guid":{"rendered":"http:\/\/web.editorialteide.com\/?page_id=131546"},"modified":"2022-02-16T10:10:27","modified_gmt":"2022-02-16T09:10:27","slug":"llengua-catalana-i-literatura","status":"publish","type":"page","link":"https:\/\/web.editorialteide.com\/ca\/eso\/llengua-catalana-i-literatura\/","title":{"rendered":"LLENGUA CATALANA I LITERATURA"},"content":{"rendered":"<p>[vc_row][vc_column][vc_tta_pageable no_fill_content_area=&#8221;1&#8243; active_section=&#8221;1&#8243; pagination_color=&#8221;black&#8221; title=&#8221;Llengua catalana i Literatura | Lluerna&#8221;][vc_tta_section title=&#8221;Secci\u00f3n 1&#8243; tab_id=&#8221;1583421790440-80c9f11b-8554&#8243;][vc_row_inner equal_height=&#8221;yes&#8221; content_placement=&#8221;middle&#8221; gap=&#8221;5&#8243;][vc_column_inner width=&#8221;1\/2&#8243;][vc_column_text]<span style=\"font-size: 28px;\"><span style=\"font-family: impact, sans-serif; color: #333333;\">LLENGUA CATALANA <\/span><span style=\"font-family: impact, sans-serif; color: #333333;\">I LITERATURA<\/span><\/span><\/p>\n<p><span style=\"color: #333333;\"><strong><span style=\"font-size: 20px;\">Una proposta enfocada a la pr\u00e0ctica i al saber fer. Les compet\u00e8ncies s&#8217;estableixen com a eix central de la proposta.<\/span><\/strong><\/span><\/p>\n<p style=\"text-align: justify;\"><span style=\"font-size: 16px;\">El treball de lectura s&#8217;integra de manera natural als textos presents en cada repte, i s&#8217;amplien les possibilitats quant a l&#8217;atenci\u00f3 a la diversitat a partir de la proposta extra d&#8217;una vintena de textos en el quadern de lectura.<\/span><\/p>\n<p style=\"text-align: justify;\"><span style=\"font-size: 16px;\">Partim d&#8217;una nova maqueta que conserva l&#8217;estil que la fa propera a l&#8217;alumnat i guanya en claredat pel que fa a la composici\u00f3 dels elements. Hi ha una presentaci\u00f3 m\u00e9s esquem\u00e0tica i, per tant, m\u00e9s visual dels continguts.<\/span><\/p>\n<p>&nbsp;<\/p>\n<p><strong style=\"color: #333333; font-size: 20px;\"><img loading=\"lazy\" decoding=\"async\" class=\"alignnone size-full wp-image-116682\" src=\"http:\/\/web.editorialteide.com\/wp-content\/uploads\/2019\/06\/round_local_library_black_18dp-1.png\" alt=\"\" width=\"18\" height=\"18\" \/> <\/strong><span style=\"color: #333333;\"><strong><span style=\"font-size: 20px;\">QUADERNS DE LECTURA I GRAM\u00c0TICA<\/span><\/strong><\/span><\/p>\n<p style=\"text-align: justify;\"><span style=\"font-size: 16px;\">Els quaderns s\u00f3n una font de material complementari per al professorat, que recull la &#8220;reivindicaci\u00f3&#8221; de disposar d&#8217;un ventall m\u00e9s ampli que l&#8217;habitual lectura per unitat, aix\u00ed com m\u00e9s d&#8217;un centenar d&#8217;exercicis d&#8217;ortografia, morfosintaxi i l\u00e8xic.<\/span><\/p>\n<p style=\"text-align: justify;\"><span style=\"font-size: 16px;\">Paral\u00b7lelament, els quaderns funcionen com a propostes de treball aut\u00f2nom per a l&#8217;alumnat.<\/span><\/p>\n<p>[\/vc_column_text][\/vc_column_inner][vc_column_inner width=&#8221;1\/2&#8243;][vc_single_image image=&#8221;139521&#8243; img_size=&#8221;large&#8221; alignment=&#8221;center&#8221;][\/vc_column_inner][\/vc_row_inner][\/vc_tta_section][vc_tta_section title=&#8221;Secci\u00f3n 2&#8243; tab_id=&#8221;1583421790466-a71177f8-281c&#8221;][vc_row_inner equal_height=&#8221;yes&#8221; content_placement=&#8221;middle&#8221; gap=&#8221;5&#8243;][vc_column_inner width=&#8221;1\/2&#8243;][vc_column_text]<span style=\"color: #333333; font-family: impact, sans-serif; font-size: 28px;\"><strong>LLUERNA: LLENGUA CATALANA\u00a0I LITERATURA<\/strong><\/span><\/p>\n<p style=\"text-align: justify;\"><span style=\"font-size: 20px; color: #333333;\"><strong>Una proposta enfocada als continguts i al treball sistem\u00e0tic m\u00e9s gramatical. Incorpora activitats competencials combinades amb el treball dels continguts de la unitat, de manera que aquests tenen, en aquesta proposta, molt de pes.<\/strong><\/span><\/p>\n<p style=\"text-align: justify;\"><span style=\"font-size: 16px;\"><em>Lluerna<\/em>\u00a0\u00e9s una s\u00e8rie de manuals que apleguen de manera ordenada i seq\u00fcenciada els continguts de Llengua dels cursos de l\u2019ESO.<\/span><\/p>\n<p style=\"text-align: justify;\"><span style=\"font-size: 16px;\">Les unitats es componen de tres apartats:\u00a0<strong><em>Text i comunicaci\u00f3<\/em><\/strong>\u00a0(consta d\u2019una lectura amb propostes de comprensi\u00f3 i expressi\u00f3 oral i escrita i d\u2019una an\u00e0lisi de la tipologia textual de la lectura),\u00a0<em><strong>Coneixement de la llengua<\/strong><\/em>\u00a0(orientat fonamentalment a la pr\u00e0ctica, se subdivideix en ortografia, morfosintaxi i l\u00e8xic) i\u00a0<em><strong>Llengua i societat<\/strong><\/em>.\u00a0\u00a0<\/span><\/p>\n<p style=\"text-align: justify;\"><span style=\"font-size: 16px;\">Aix\u00f2 permet dosificar la feina sobre compet\u00e8ncies i continguts segons el que el professorat i l\u2019alumnat fan a l\u2019aula.\u00a0<\/span><\/p>\n<p style=\"text-align: justify;\"><span style=\"font-size: 16px;\">Cada unitat acaba amb un\u00a0<em>Vocabulari tem\u00e0tic<\/em>, que repta els aprenents a ampliar el seu cabal l\u00e8xic, i un\u00a0<em>Avalua\u2019t<\/em>, que repassa amb vint preguntes d\u2019elecci\u00f3 m\u00faltiple els sabers vehiculats a les unitats.<\/span><\/p>\n<p>[\/vc_column_text][\/vc_column_inner][vc_column_inner width=&#8221;1\/2&#8243;][vc_single_image image=&#8221;139689&#8243; img_size=&#8221;large&#8221; alignment=&#8221;center&#8221;][\/vc_column_inner][\/vc_row_inner][\/vc_tta_section][\/vc_tta_pageable][vc_separator color=&#8221;custom&#8221; border_width=&#8221;3&#8243; accent_color=&#8221;#939393&#8243;][\/vc_column][\/vc_row][vc_row][vc_column][vc_tta_tabs style=&#8221;modern&#8221; color=&#8221;black&#8221; spacing=&#8221;25&#8243; gap=&#8221;25&#8243; alignment=&#8221;center&#8221; active_section=&#8221;1&#8243; css_animation=&#8221;fadeIn&#8221; css=&#8221;.vc_custom_1634728203205{border-radius: 3px !important;}&#8221;][vc_tta_section title=&#8221;A PROP&#8221; tab_id=&#8221;1617954246910-1cf71ab5-a1cc&#8221;][vc_row_inner equal_height=&#8221;yes&#8221; content_placement=&#8221;middle&#8221; gap=&#8221;5&#8243; css=&#8221;.vc_custom_1590506624790{padding-right: 0px !important;padding-left: px !important;}&#8221;][vc_column_inner width=&#8221;1\/4&#8243; css=&#8221;.vc_custom_1634742265883{background-color: #dddddd !important;border-radius: 5px !important;}&#8221;][vc_column_text]<\/p>\n<p style=\"text-align: center;\"><span style=\"font-family: impact, sans-serif; color: #333333;\">Primer ESO<\/span><\/p>\n<p>[\/vc_column_text][vc_single_image image=&#8221;114849&#8243; img_size=&#8221;190&#215;247&#8243; add_caption=&#8221;yes&#8221; alignment=&#8221;center&#8221; style=&#8221;vc_box_shadow_3d&#8221; onclick=&#8221;custom_link&#8221; link=&#8221;https:\/\/web.editorialteide.com\/ca\/producte\/a-prop-llengua-i-literatura-1-esocat2019\/&#8221;][vc_btn title=&#8221;CONTINGUTS&#8221; shape=&#8221;round&#8221; color=&#8221;inverse&#8221; size=&#8221;xs&#8221; align=&#8221;center&#8221; link=&#8221;url:http%3A%2F%2Frecursos.teide.eu%2Ff%2Fa0bd7372cf%2F%3Fraw%3D1|target:_blank&#8221;][\/vc_column_inner][vc_column_inner width=&#8221;1\/4&#8243; css=&#8221;.vc_custom_1634742272524{background-color: #dddddd !important;border-radius: 5px !important;}&#8221;][vc_column_text]<\/p>\n<p style=\"text-align: center;\"><span style=\"font-family: impact, sans-serif; color: #333333;\">Segon ESO<\/span><\/p>\n<p>[\/vc_column_text][vc_single_image image=&#8221;139537&#8243; img_size=&#8221;190&#215;247&#8243; add_caption=&#8221;yes&#8221; alignment=&#8221;center&#8221; style=&#8221;vc_box_shadow_3d&#8221; onclick=&#8221;custom_link&#8221; link=&#8221;https:\/\/web.editorialteide.com\/ca\/producte\/a-prop-llengua-i-literatura-2-esocat2019\/&#8221;][vc_btn title=&#8221;CONTINGUTS&#8221; shape=&#8221;round&#8221; color=&#8221;inverse&#8221; size=&#8221;xs&#8221; align=&#8221;center&#8221; link=&#8221;url:http%3A%2F%2Frecursos.teide.eu%2Ff%2F191f080b2e%2F%3Fraw%3D1|target:_blank&#8221;][\/vc_column_inner][vc_column_inner width=&#8221;1\/4&#8243; css=&#8221;.vc_custom_1634742279619{background-color: #dddddd !important;border-radius: 5px !important;}&#8221;][vc_column_text]<\/p>\n<p style=\"text-align: center;\"><span style=\"font-family: impact, sans-serif; color: #333333;\">Tercer ESO<\/span><\/p>\n<p>[\/vc_column_text][vc_single_image image=&#8221;139538&#8243; img_size=&#8221;190&#215;247&#8243; add_caption=&#8221;yes&#8221; alignment=&#8221;center&#8221; style=&#8221;vc_box_shadow_3d&#8221; onclick=&#8221;custom_link&#8221; link=&#8221;https:\/\/web.editorialteide.com\/ca\/producte\/a-prop-llengua-i-literatura-3-eso-cat2020\/&#8221;][vc_btn title=&#8221;CONTINGUTS&#8221; shape=&#8221;round&#8221; color=&#8221;inverse&#8221; size=&#8221;xs&#8221; align=&#8221;center&#8221; link=&#8221;url:http%3A%2F%2Frecursos.teide.eu%2Ff%2F57ce92e2c5%2F%3Fraw%3D1|target:_blank&#8221;][\/vc_column_inner][vc_column_inner width=&#8221;1\/4&#8243; css=&#8221;.vc_custom_1634742286347{background-color: #dddddd !important;border-radius: 5px !important;}&#8221;][vc_column_text]<\/p>\n<p style=\"text-align: center;\"><span style=\"font-family: impact, sans-serif; color: #333333;\">Quart ESO<\/span><\/p>\n<p>[\/vc_column_text][vc_single_image image=&#8221;151989&#8243; img_size=&#8221;190&#215;247&#8243; add_caption=&#8221;yes&#8221; alignment=&#8221;center&#8221; style=&#8221;vc_box_shadow_3d&#8221; onclick=&#8221;custom_link&#8221; link=&#8221;https:\/\/web.editorialteide.com\/ca\/producte\/a-prop-llengua-i-literatura-4-eso-cat2021\/&#8221;][vc_btn title=&#8221;CONTINGUTS&#8221; shape=&#8221;round&#8221; color=&#8221;inverse&#8221; size=&#8221;xs&#8221; align=&#8221;center&#8221; link=&#8221;url:http%3A%2F%2Frecursos.teide.eu%2Ff%2F38d7786494%2F%3Fraw%3D1|target:_blank&#8221;][\/vc_column_inner][\/vc_row_inner][vc_row_inner equal_height=&#8221;yes&#8221; content_placement=&#8221;middle&#8221; gap=&#8221;5&#8243; css=&#8221;.vc_custom_1590505430079{padding-right: px !important;padding-left: px !important;}&#8221;][vc_column_inner width=&#8221;1\/5&#8243; css=&#8221;.vc_custom_1634742297067{background-color: #dddddd !important;border-radius: 5px !important;}&#8221;][vc_column_text]<\/p>\n<p style=\"text-align: center;\"><span style=\"font-family: impact, sans-serif; color: #333333;\">Primer ESO<\/span><\/p>\n<p>[\/vc_column_text][vc_single_image image=&#8221;114854&#8243; img_size=&#8221;190&#215;247&#8243; add_caption=&#8221;yes&#8221; alignment=&#8221;center&#8221; style=&#8221;vc_box_shadow_3d&#8221; onclick=&#8221;custom_link&#8221; link=&#8221;https:\/\/web.editorialteide.com\/ca\/producte\/a-prop-quad-lectura-llengua-i-lit-1-esocat2019\/&#8221;][\/vc_column_inner][vc_column_inner width=&#8221;1\/5&#8243; css=&#8221;.vc_custom_1634742303228{background-color: #dddddd !important;border-radius: 5px !important;}&#8221;][vc_column_text]<\/p>\n<p style=\"text-align: center;\"><span style=\"font-family: impact, sans-serif; color: #333333;\">Primer ESO<\/span><\/p>\n<p>[\/vc_column_text][vc_single_image image=&#8221;114855&#8243; img_size=&#8221;190&#215;247&#8243; add_caption=&#8221;yes&#8221; alignment=&#8221;center&#8221; style=&#8221;vc_box_shadow_3d&#8221; onclick=&#8221;custom_link&#8221; link=&#8221;https:\/\/web.editorialteide.com\/ca\/producte\/quadern-a-prop-llengua-i-literatura-1-eso2019\/&#8221;][\/vc_column_inner][vc_column_inner width=&#8221;1\/5&#8243; css=&#8221;.vc_custom_1634742332957{background-color: #dddddd !important;border-radius: 5px !important;}&#8221;][vc_column_text]<\/p>\n<p style=\"text-align: center;\"><span style=\"font-family: impact, sans-serif; color: #333333;\">Segon ESO<\/span><\/p>\n<p>[\/vc_column_text][vc_single_image image=&#8221;150580&#8243; img_size=&#8221;190&#215;247&#8243; add_caption=&#8221;yes&#8221; alignment=&#8221;center&#8221; style=&#8221;vc_box_shadow_3d&#8221; onclick=&#8221;custom_link&#8221; link=&#8221;https:\/\/web.editorialteide.com\/ca\/producte\/a-prop-bloc-llengua-i-literatura-2-esocat2020\/&#8221;][\/vc_column_inner][vc_column_inner width=&#8221;1\/5&#8243; css=&#8221;.vc_custom_1634742327988{background-color: #dddddd !important;border-radius: 5px !important;}&#8221;][vc_column_text]<\/p>\n<p style=\"text-align: center;\"><span style=\"font-family: impact, sans-serif; color: #333333;\">Tercer ESO<\/span><\/p>\n<p>[\/vc_column_text][vc_single_image image=&#8221;138984&#8243; img_size=&#8221;190&#215;247&#8243; add_caption=&#8221;yes&#8221; alignment=&#8221;center&#8221; style=&#8221;vc_box_shadow_3d&#8221; onclick=&#8221;custom_link&#8221; link=&#8221;https:\/\/web.editorialteide.com\/ca\/producte\/a-prop-bloc-llengua-i-literatura-3-esocat2020\/&#8221;][\/vc_column_inner][vc_column_inner width=&#8221;1\/5&#8243; css=&#8221;.vc_custom_1634742323957{background-color: #dddddd !important;border-radius: 5px !important;}&#8221;][vc_column_text]<\/p>\n<p style=\"text-align: center;\"><span style=\"font-family: impact, sans-serif; color: #333333;\">Quart ESO<\/span><\/p>\n<p>[\/vc_column_text][vc_single_image image=&#8221;152812&#8243; img_size=&#8221;190&#215;247&#8243; add_caption=&#8221;yes&#8221; alignment=&#8221;center&#8221; style=&#8221;vc_box_shadow_3d&#8221; onclick=&#8221;custom_link&#8221; link=&#8221;https:\/\/web.editorialteide.com\/ca\/producte\/a-prop-quadern-llengua-i-lit-4-esocat2021\/&#8221;][\/vc_column_inner][\/vc_row_inner][\/vc_tta_section][vc_tta_section title=&#8221;LLUERNA&#8221; tab_id=&#8221;1617954246948-0dd7b497-f3fa&#8221;][vc_row_inner equal_height=&#8221;yes&#8221; content_placement=&#8221;middle&#8221; gap=&#8221;5&#8243; css=&#8221;.vc_custom_1583856491696{padding-right: 50px !important;padding-left: 50px !important;}&#8221;][vc_column_inner width=&#8221;1\/6&#8243;][\/vc_column_inner][vc_column_inner width=&#8221;2\/6&#8243; css=&#8221;.vc_custom_1583856330433{background-color: #dddddd !important;}&#8221;][vc_column_text]<\/p>\n<p style=\"text-align: center;\"><span style=\"font-family: impact, sans-serif; color: #333333;\">Primer ESO<\/span><\/p>\n<p>[\/vc_column_text][vc_single_image image=&#8221;139699&#8243; img_size=&#8221;190&#215;247&#8243; add_caption=&#8221;yes&#8221; alignment=&#8221;center&#8221; style=&#8221;vc_box_shadow_3d&#8221; onclick=&#8221;custom_link&#8221; link=&#8221;https:\/\/web.editorialteide.com\/ca\/producte\/a-prop-lluerna-llengua-i-literat-1-esocat2020\/&#8221;][vc_btn title=&#8221;CONTINGUTS&#8221; shape=&#8221;round&#8221; color=&#8221;inverse&#8221; size=&#8221;xs&#8221; align=&#8221;center&#8221; link=&#8221;url:http%3A%2F%2Frecursos.teide.eu%2Ff%2F076db73904%2F%3Fraw%3D1|target:_blank&#8221;][\/vc_column_inner][vc_column_inner width=&#8221;2\/6&#8243; css=&#8221;.vc_custom_1583856369424{background-color: #dddddd !important;}&#8221;][vc_column_text]<\/p>\n<p style=\"text-align: center;\"><span style=\"font-family: impact, sans-serif; color: #333333;\">Segon ESO<\/span><\/p>\n<p>[\/vc_column_text][vc_single_image image=&#8221;139530&#8243; img_size=&#8221;190&#215;247&#8243; add_caption=&#8221;yes&#8221; alignment=&#8221;center&#8221; style=&#8221;vc_box_shadow_3d&#8221; onclick=&#8221;custom_link&#8221; link=&#8221;https:\/\/web.editorialteide.com\/ca\/producte\/lluerna-llengua-i-literatura-2-esocat2021\/&#8221;][vc_btn title=&#8221;CONTINGUTS&#8221; shape=&#8221;round&#8221; color=&#8221;inverse&#8221; size=&#8221;xs&#8221; align=&#8221;center&#8221; link=&#8221;url:http%3A%2F%2Frecursos.teide.eu%2Ff%2F0e44034ac9%2F%3Fraw%3D1|target:_blank&#8221;][\/vc_column_inner][vc_column_inner width=&#8221;1\/6&#8243;][\/vc_column_inner][\/vc_row_inner][\/vc_tta_section][vc_tta_section title=&#8221;MATERIAL DIGITAL&#8221; tab_id=&#8221;1623396521537-782b6098-18f0&#8243;][vc_row_inner css=&#8221;.vc_custom_1634742404199{padding-top: 20px !important;padding-right: 20px !important;padding-bottom: 20px !important;padding-left: 20px !important;background-color: #dddddd !important;border-radius: 5px !important;}&#8221;][vc_column_inner]<div class=\"woocommerce columns-5 \"><\/div>[\/vc_column_inner][\/vc_row_inner][\/vc_tta_section][vc_tta_section title=&#8221;RECURSOS DID\u00c0CTICS&#8221; tab_id=&#8221;1617954282151-70337a67-08f2&#8243;][vc_row_inner css=&#8221;.vc_custom_1583856936924{padding-right: 25px !important;}&#8221;][vc_column_inner width=&#8221;1\/5&#8243;][vc_single_image image=&#8221;139543&#8243; img_size=&#8221;120&#215;180&#8243; alignment=&#8221;center&#8221; style=&#8221;vc_box_border&#8221;][\/vc_column_inner][vc_column_inner width=&#8221;4\/5&#8243;][vc_empty_space height=&#8221;10px&#8221;][vc_column_text]<span style=\"font-size: 24px; color: #333333;\">RECURSOS DEL PROFESSORAT<\/span><\/p>\n<p style=\"text-align: justify;\"><span style=\"font-size: 16px;\"><span style=\"color: #333333;\">El<strong> Llibre guia &#8211; Recursos del professorat<\/strong>, reuneix en un sol volum la proposta pedag\u00f2gica d&#8217;Editorial Teide per als llibres de Llengua catalana i Literatura.<\/span> El material del professor est\u00e0 dividit en diversos apartats, cada un associat a un dels reptes del llibre de l&#8217;alumne.\u00a0 Cada cap\u00edtol del llibre del professor es divideix en tres apartats: un per la <em>Programaci\u00f3 i avaluaci\u00f3 competencial<\/em>, un altre per la G<em>uia i les solucions del llibre de l&#8217;alumne<\/em> i un tercer per als R<em>ecursos digitals<\/em>.<\/span><\/p>\n<p>[\/vc_column_text][\/vc_column_inner][\/vc_row_inner][\/vc_tta_section][\/vc_tta_tabs][\/vc_column][\/vc_row]<\/p>\n","protected":false},"excerpt":{"rendered":"<p>[vc_row][vc_column][vc_tta_pageable no_fill_content_area=&#8221;1&#8243; active_section=&#8221;1&#8243; pagination_color=&#8221;black&#8221; title=&#8221;Llengua catalana i Literatura | Lluerna&#8221;][vc_tta_section title=&#8221;Secci\u00f3n 1&#8243; tab_id=&#8221;1583421790440-80c9f11b-8554&#8243;][vc_row_inner equal_height=&#8221;yes&#8221; content_placement=&#8221;middle&#8221; gap=&#8221;5&#8243;][vc_column_inner width=&#8221;1\/2&#8243;][vc_column_text]LLENGUA CATALANA I LITERATURA Una proposta enfocada a la pr\u00e0ctica i al saber fer. Les compet\u00e8ncies s&#8217;estableixen com a eix central de la proposta. El treball de lectura s&#8217;integra de manera natural als textos presents en cada repte, i &hellip; <a href=\"https:\/\/web.editorialteide.com\/ca\/eso\/llengua-catalana-i-literatura\/\">Llegir m\u00e9s<\/a><\/p>\n","protected":false},"author":3,"featured_media":0,"parent":14,"menu_order":0,"comment_status":"closed","ping_status":"closed","template":"","meta":{"footnotes":"","_links_to":"","_links_to_target":""},"class_list":["post-131546","page","type-page","status-publish","hentry"],"_links":{"self":[{"href":"https:\/\/web.editorialteide.com\/ca\/wp-json\/wp\/v2\/pages\/131546","targetHints":{"allow":["GET"]}}],"collection":[{"href":"https:\/\/web.editorialteide.com\/ca\/wp-json\/wp\/v2\/pages"}],"about":[{"href":"https:\/\/web.editorialteide.com\/ca\/wp-json\/wp\/v2\/types\/page"}],"author":[{"embeddable":true,"href":"https:\/\/web.editorialteide.com\/ca\/wp-json\/wp\/v2\/users\/3"}],"replies":[{"embeddable":true,"href":"https:\/\/web.editorialteide.com\/ca\/wp-json\/wp\/v2\/comments?post=131546"}],"version-history":[{"count":13,"href":"https:\/\/web.editorialteide.com\/ca\/wp-json\/wp\/v2\/pages\/131546\/revisions"}],"predecessor-version":[{"id":159837,"href":"https:\/\/web.editorialteide.com\/ca\/wp-json\/wp\/v2\/pages\/131546\/revisions\/159837"}],"up":[{"embeddable":true,"href":"https:\/\/web.editorialteide.com\/ca\/wp-json\/wp\/v2\/pages\/14"}],"wp:attachment":[{"href":"https:\/\/web.editorialteide.com\/ca\/wp-json\/wp\/v2\/media?parent=131546"}],"curies":[{"name":"wp","href":"https:\/\/api.w.org\/{rel}","templated":true}]}}