{"id":131820,"date":"2019-12-05T11:24:49","date_gmt":"2019-12-05T10:24:49","guid":{"rendered":"http:\/\/web.editorialteide.com\/?page_id=131820"},"modified":"2022-02-16T10:12:52","modified_gmt":"2022-02-16T09:12:52","slug":"geografia-i-historia","status":"publish","type":"page","link":"https:\/\/web.editorialteide.com\/ca\/eso\/geografia-i-historia\/","title":{"rendered":"GEOGRAFIA I HIST\u00d2RIA"},"content":{"rendered":"<p>[vc_row][vc_column][vc_row_inner][vc_column_inner width=&#8221;1\/2&#8243;][vc_column_text]<span style=\"font-family: impact, sans-serif; font-size: 28px;\">GEOGRAFIA I HIST\u00d2RIA<\/span><\/p>\n<p style=\"text-align: justify;\"><span style=\"font-size: 16px;\">El m\u00e8tode dels materials d&#8217;aquesta mat\u00e8ria preveu l&#8217;assoliment dels continguts clau que marca el curr\u00edculum del Departament d&#8217;Educaci\u00f3.<\/span><\/p>\n<p style=\"text-align: justify;\"><strong><span style=\"font-size: 16px; color: #333333;\">Aquesta proposta fa de les compet\u00e8ncies el vehicle de l&#8217;aprenentatge de les Ci\u00e8ncies Socials. Els textos, les activitats i la resta d&#8217;elements did\u00e0ctics esdevenen una font de coneixements que l&#8217;alumnat haur\u00e0 d&#8217;aprendre per poder superar els reptes que se li plantegen.<\/span><\/strong><\/p>\n<p style=\"text-align: justify;\"><span style=\"font-size: 16px;\">La realitzaci\u00f3 de les tasques de cada repte garanteix l&#8217;assoliment de les compet\u00e8ncies i l&#8217;adquisici\u00f3 dels continguts clau. A m\u00e9s, aquesta metodologia atorga el protagonisme de l&#8217;aprenentatge a l&#8217;alumnat, potenciant la presa de decisions i el treball col\u00b7laboratiu. En definitiva, es tracta d&#8217;una eina did\u00e0ctica que garanteix la consecuci\u00f3 d&#8217;aprenentatges significatius que tinguin un impacte positiu i durador en la formaci\u00f3 d&#8217;un alumnat competent en les Ci\u00e8ncies Socials.<\/span><\/p>\n<p>[\/vc_column_text][\/vc_column_inner][vc_column_inner width=&#8221;1\/2&#8243;][vc_single_image image=&#8221;145359&#8243; img_size=&#8221;400&#215;375&#8243; alignment=&#8221;center&#8221;][\/vc_column_inner][\/vc_row_inner][\/vc_column][\/vc_row][vc_row][vc_column][vc_separator border_width=&#8221;3&#8243;][vc_empty_space height=&#8221;10px&#8221;][vc_tta_tabs style=&#8221;modern&#8221; color=&#8221;black&#8221; spacing=&#8221;25&#8243; gap=&#8221;25&#8243; alignment=&#8221;center&#8221; active_section=&#8221;1&#8243;][vc_tta_section title=&#8221;A PROP&#8221; tab_id=&#8221;1634734382523-aec93230-990b&#8221;][vc_row_inner equal_height=&#8221;yes&#8221; content_placement=&#8221;middle&#8221; gap=&#8221;5&#8243;][vc_column_inner width=&#8221;1\/4&#8243; css=&#8221;.vc_custom_1634734566544{background-color: #dddddd !important;border-radius: 5px !important;}&#8221;][vc_column_text]<\/p>\n<p style=\"text-align: center;\"><span style=\"font-family: impact, sans-serif; color: #333333;\">Primer ESO<\/span><\/p>\n<p>[\/vc_column_text][vc_single_image image=&#8221;114847&#8243; img_size=&#8221;190&#215;247&#8243; add_caption=&#8221;yes&#8221; alignment=&#8221;center&#8221; style=&#8221;vc_box_shadow_3d&#8221; onclick=&#8221;custom_link&#8221; link=&#8221;https:\/\/web.editorialteide.com\/ca\/producte\/a-prop-geografia-i-historia-1-eso-cat2019\/&#8221;][vc_btn title=&#8221;CONTINGUTS&#8221; shape=&#8221;round&#8221; color=&#8221;inverse&#8221; size=&#8221;xs&#8221; align=&#8221;center&#8221; link=&#8221;url:http%3A%2F%2Frecursos.teide.eu%2Ff%2F1f33125a64%2F%3Fraw%3D1|target:_blank&#8221;][\/vc_column_inner][vc_column_inner width=&#8221;1\/4&#8243; css=&#8221;.vc_custom_1634734573367{background-color: #dddddd !important;border-radius: 5px !important;}&#8221;][vc_column_text]<\/p>\n<p style=\"text-align: center;\"><span style=\"font-family: impact, sans-serif; color: #333333;\">Segon ESO<\/span><\/p>\n<p>[\/vc_column_text][vc_single_image image=&#8221;145356&#8243; img_size=&#8221;190&#215;247&#8243; add_caption=&#8221;yes&#8221; alignment=&#8221;center&#8221; style=&#8221;vc_box_shadow_3d&#8221; onclick=&#8221;custom_link&#8221; link=&#8221;https:\/\/web.editorialteide.com\/ca\/producte\/a-prop-geografia-i-historia-2-eso-cat2020\/&#8221;][vc_btn title=&#8221;CONTINGUTS&#8221; shape=&#8221;round&#8221; color=&#8221;inverse&#8221; size=&#8221;xs&#8221; align=&#8221;center&#8221; link=&#8221;url:http%3A%2F%2Frecursos.teide.eu%2Ff%2F024459bd58%2F%3Fraw%3D1|target:_blank&#8221;][\/vc_column_inner][vc_column_inner width=&#8221;1\/4&#8243; css=&#8221;.vc_custom_1634734582638{background-color: #dddddd !important;border-radius: 5px !important;}&#8221;][vc_column_text]<\/p>\n<p style=\"text-align: center;\"><span style=\"font-family: impact, sans-serif; color: #333333;\">Tercer ESO<\/span><\/p>\n<p>[\/vc_column_text][vc_single_image image=&#8221;145358&#8243; img_size=&#8221;190&#215;247&#8243; add_caption=&#8221;yes&#8221; alignment=&#8221;center&#8221; style=&#8221;vc_box_shadow_3d&#8221; onclick=&#8221;custom_link&#8221; link=&#8221;https:\/\/web.editorialteide.com\/ca\/producte\/a-prop-geografia-i-historia-3-eso-cat2020\/&#8221;][vc_btn title=&#8221;CONTINGUTS&#8221; shape=&#8221;round&#8221; color=&#8221;inverse&#8221; size=&#8221;xs&#8221; align=&#8221;center&#8221; link=&#8221;url:http%3A%2F%2Frecursos.teide.eu%2Ff%2Fde247eb296%2F%3Fraw%3D1|target:_blank&#8221;][\/vc_column_inner][vc_column_inner width=&#8221;1\/4&#8243; css=&#8221;.vc_custom_1634734589383{background-color: #dddddd !important;border-radius: 5px !important;}&#8221;][vc_column_text]<\/p>\n<p style=\"text-align: center;\"><span style=\"font-family: impact, sans-serif; color: #333333;\">Quart ESO<\/span><\/p>\n<p>[\/vc_column_text][vc_single_image image=&#8221;153117&#8243; img_size=&#8221;190&#215;247&#8243; add_caption=&#8221;yes&#8221; alignment=&#8221;center&#8221; style=&#8221;vc_box_shadow_3d&#8221; onclick=&#8221;custom_link&#8221; link=&#8221;https:\/\/web.editorialteide.com\/ca\/producte\/a-prop-historia-4-eso-cat2021\/&#8221;][vc_btn title=&#8221;CONTINGUTS&#8221; shape=&#8221;round&#8221; color=&#8221;inverse&#8221; size=&#8221;xs&#8221; align=&#8221;center&#8221; link=&#8221;url:http%3A%2F%2Frecursos.teide.eu%2Ff%2Fc81778142e%2F%3Fraw%3D1|target:_blank&#8221;][\/vc_column_inner][\/vc_row_inner][\/vc_tta_section][vc_tta_section title=&#8221;MATERIAL DIGITAL&#8221; tab_id=&#8221;1634734392641-ee81bb1f-b23c&#8221;][vc_row_inner css=&#8221;.vc_custom_1634734674911{padding-top: 20px !important;padding-right: 20px !important;padding-bottom: 20px !important;padding-left: 20px !important;background-color: #dddddd !important;border-radius: 5px !important;}&#8221;][vc_column_inner]<div class=\"woocommerce columns-4 \"><ul class=\"products columns-4\">\n<li class=\"post-164065 product type-product status-publish has-post-thumbnail product_cat-catalunya-ca product_cat-comunidad-de-valencia-ca product_cat-illes-balears-ca pa_asignatura-historia-ca pa_format-llibre-digital-ca pa_idioma-catalan-ca first outofstock virtual taxable purchasable product-type-simple\">\r\n\t<a href=\"https:\/\/web.editorialteide.com\/ca\/producte\/a-prop-historia-4-esocatala2021digital\/\" class=\"woocommerce-LoopProduct-link woocommerce-loop-product__link\"><img loading=\"lazy\" decoding=\"async\" width=\"247\" height=\"314\" src=\"https:\/\/web.editorialteide.com\/wp-content\/uploads\/2021\/06\/9788430730469.png\" class=\"attachment-woocommerce_thumbnail size-woocommerce_thumbnail\" alt=\"Digital. Hist\u00f2ria 4 ESO - A prop (2021)\" srcset=\"https:\/\/web.editorialteide.com\/wp-content\/uploads\/2021\/06\/9788430730469.png 247w, https:\/\/web.editorialteide.com\/wp-content\/uploads\/2021\/06\/9788430730469-236x300.png 236w\" sizes=\"auto, (max-width: 247px) 100vw, 247px\" \/><\/a><a href=\"https:\/\/web.editorialteide.com\/ca\/producte\/a-prop-historia-4-esocatala2021digital\/\" aria-describedby=\"woocommerce_loop_add_to_cart_link_describedby_164065\" data-quantity=\"1\" class=\"button product_type_simple\" data-product_id=\"164065\" data-product_sku=\"9788430730469\" aria-label=\"M\u00e9s informaci\u00f3 sobre &ldquo;Digital. Hist\u00f2ria 4 ESO - A prop (2021)&rdquo;\" rel=\"nofollow\" data-success_message=\"\">Llegeix m\u00e9s<\/a>\t<span id=\"woocommerce_loop_add_to_cart_link_describedby_164065\" class=\"screen-reader-text\">\n\t\t\t<\/span>\n<h2 class=\"woocommerce-loop-product__title\">Digital. Hist\u00f2ria 4 ESO &#8211; A prop (2021)<\/h2><\/li>\r\n\r\n<\/ul>\n<\/div>[\/vc_column_inner][\/vc_row_inner][\/vc_tta_section][vc_tta_section title=&#8221;RECURSOS DID\u00c0CTICS&#8221; tab_id=&#8221;1634734399116-379f64b7-f1b8&#8243;][vc_row_inner equal_height=&#8221;yes&#8221; gap=&#8221;3&#8243; css=&#8221;.vc_custom_1634734682775{border-radius: 5px !important;}&#8221;][vc_column_inner width=&#8221;1\/5&#8243;][vc_single_image image=&#8221;151750&#8243; img_size=&#8221;140&#215;190&#8243; alignment=&#8221;center&#8221; style=&#8221;vc_box_border&#8221;][\/vc_column_inner][vc_column_inner width=&#8221;4\/5&#8243;][vc_column_text]<span style=\"font-size: 16px;\"><img loading=\"lazy\" decoding=\"async\" class=\"alignnone size-full wp-image-115284\" src=\"http:\/\/web.editorialteide.com\/wp-content\/uploads\/2019\/05\/baseline_library_books_black_18dp-1.png\" alt=\"\" width=\"18\" height=\"18\" \/>\u00a0<strong>Projecte curricular i avaluaci\u00f3 competencial<\/strong> en un primer apartat recull les dimensions, les compet\u00e8ncies i els continguts clau del curr\u00edculum oficial. Un segon apartat desglossa com es concreten aquestes compet\u00e8ncies al llibre. Finalment, en un tercer punt s&#8217;especifiquen les eines d&#8217;avaluaci\u00f3 per a cada unitat del llibre.\u00a0\u00a0<\/span><\/p>\n<p><span style=\"font-size: 16px;\"><img loading=\"lazy\" decoding=\"async\" class=\"alignnone size-full wp-image-115282\" src=\"http:\/\/web.editorialteide.com\/wp-content\/uploads\/2019\/05\/baseline_import_contacts_black_18dp.png\" alt=\"\" width=\"18\" height=\"18\" \/>\u00a0<strong>Llibre guia<\/strong> cont\u00e9 el solucionari de les activitats del llibre, les p\u00e0gines del qual s&#8217;hi reprodueixen d&#8217;una en una. A m\u00e9s, inclou una gran varietat d&#8217;indicacions did\u00e0ctiques i metodol\u00f2giques, aix\u00ed com les remissions a les fitxes m\u00e9s adequades per consolidar els conceptes i recomanacions de recursos per ampliar el temari de cada unitat o el treball sobre les compet\u00e8ncies de l&#8217;\u00e0mbit de les Ci\u00e8ncies Socials.<\/span><\/p>\n<p><span style=\"font-size: 16px;\"><img loading=\"lazy\" decoding=\"async\" class=\"alignnone size-full wp-image-115570\" src=\"http:\/\/web.editorialteide.com\/wp-content\/uploads\/2019\/06\/round_attach_file_black_18dp.png\" alt=\"\" width=\"18\" height=\"18\" \/>\u00a0<strong>Dossiers<\/strong> els recursos did\u00e0ctics que ofereix aquesta guia estan agrupats en els dossiers que s&#8217;esmenten a continuaci\u00f3 a m\u00e9s del projecte curricular i l&#8217;avaluaci\u00f3 competencial: <span style=\"color: #333333;\"><em><strong>proves d&#8217;avaluaci\u00f3 + solucionari, fitxes de refor\u00e7 + solucionari, fitxes d&#8217;ampliaci\u00f3 + solucionari, fitxes d&#8217;aprenentatge basat en problemes, galeria de personatges, fitxes d&#8217;obres d&#8217;art.\u00a0<\/strong><\/em><\/span><\/span>[\/vc_column_text][\/vc_column_inner][\/vc_row_inner][\/vc_tta_section][\/vc_tta_tabs][\/vc_column][\/vc_row]<\/p>\n","protected":false},"excerpt":{"rendered":"<p>[vc_row][vc_column][vc_row_inner][vc_column_inner width=&#8221;1\/2&#8243;][vc_column_text]GEOGRAFIA I HIST\u00d2RIA El m\u00e8tode dels materials d&#8217;aquesta mat\u00e8ria preveu l&#8217;assoliment dels continguts clau que marca el curr\u00edculum del Departament d&#8217;Educaci\u00f3. Aquesta proposta fa de les compet\u00e8ncies el vehicle de l&#8217;aprenentatge de les Ci\u00e8ncies Socials. Els textos, les activitats i la resta d&#8217;elements did\u00e0ctics esdevenen una font de coneixements que l&#8217;alumnat haur\u00e0 d&#8217;aprendre per &hellip; <a href=\"https:\/\/web.editorialteide.com\/ca\/eso\/geografia-i-historia\/\">Llegir m\u00e9s<\/a><\/p>\n","protected":false},"author":3,"featured_media":0,"parent":14,"menu_order":0,"comment_status":"closed","ping_status":"closed","template":"","meta":{"footnotes":"","_links_to":"","_links_to_target":""},"class_list":["post-131820","page","type-page","status-publish","hentry"],"_links":{"self":[{"href":"https:\/\/web.editorialteide.com\/ca\/wp-json\/wp\/v2\/pages\/131820","targetHints":{"allow":["GET"]}}],"collection":[{"href":"https:\/\/web.editorialteide.com\/ca\/wp-json\/wp\/v2\/pages"}],"about":[{"href":"https:\/\/web.editorialteide.com\/ca\/wp-json\/wp\/v2\/types\/page"}],"author":[{"embeddable":true,"href":"https:\/\/web.editorialteide.com\/ca\/wp-json\/wp\/v2\/users\/3"}],"replies":[{"embeddable":true,"href":"https:\/\/web.editorialteide.com\/ca\/wp-json\/wp\/v2\/comments?post=131820"}],"version-history":[{"count":10,"href":"https:\/\/web.editorialteide.com\/ca\/wp-json\/wp\/v2\/pages\/131820\/revisions"}],"predecessor-version":[{"id":159838,"href":"https:\/\/web.editorialteide.com\/ca\/wp-json\/wp\/v2\/pages\/131820\/revisions\/159838"}],"up":[{"embeddable":true,"href":"https:\/\/web.editorialteide.com\/ca\/wp-json\/wp\/v2\/pages\/14"}],"wp:attachment":[{"href":"https:\/\/web.editorialteide.com\/ca\/wp-json\/wp\/v2\/media?parent=131820"}],"curies":[{"name":"wp","href":"https:\/\/api.w.org\/{rel}","templated":true}]}}