{"id":138743,"date":"2020-02-24T16:19:59","date_gmt":"2020-02-24T15:19:59","guid":{"rendered":"http:\/\/web.editorialteide.com\/?page_id=138743"},"modified":"2021-10-27T16:10:33","modified_gmt":"2021-10-27T15:10:33","slug":"ciencies-per-al-mon-contemporani","status":"publish","type":"page","link":"https:\/\/web.editorialteide.com\/ca\/batxillerat\/ciencies-per-al-mon-contemporani\/","title":{"rendered":"CI\u00c8NCIES PER AL M\u00d3N CONTEMPORANI"},"content":{"rendered":"<p>[vc_row][vc_column][vc_tta_pageable no_fill_content_area=&#8221;1&#8243; active_section=&#8221;1&#8243;][vc_tta_section title=&#8221;Secci\u00f3n 1&#8243; tab_id=&#8221;1582557549196-51f91975-575e&#8221;][vc_column_text css=&#8221;.vc_custom_1635322193194{padding-right: 20px !important;padding-left: 20px !important;}&#8221;]<\/p>\n<p style=\"text-align: left;\"><strong><span style=\"font-size: 36px;\">\u00c0rea de Ci\u00e8ncies per al m\u00f3n contemporani de Batxillerat<\/span><\/strong><\/p>\n<p>[\/vc_column_text][vc_row_inner equal_height=&#8221;yes&#8221; content_placement=&#8221;middle&#8221; gap=&#8221;10&#8243;][vc_column_inner width=&#8221;2\/3&#8243;][vc_column_text css=&#8221;.vc_custom_1635321848656{padding-right: 20px !important;padding-left: 20px !important;}&#8221;]<\/p>\n<p style=\"text-align: left;\"><span style=\"font-size: 20px; color: #333333;\">MATERIAL DE L&#8217;ALUMNAT<\/span><\/p>\n<p style=\"text-align: justify;\"><span style=\"font-size: 16px;\"><img loading=\"lazy\" decoding=\"async\" class=\"alignnone size-full wp-image-115265\" src=\"http:\/\/web.editorialteide.com\/wp-content\/uploads\/2019\/05\/baseline_local_library_black_18dp.png\" alt=\"\" width=\"18\" height=\"18\" \/> Un llibre de text per a un dels dos cursos del Batxillerat.<\/span><\/p>\n<p style=\"text-align: justify;\"><span style=\"font-size: 16px;\">Els continguts d&#8217;aquest llibre s&#8217;organitzen en unitats i aquestes estan agrupades en sis blocs:<span style=\"color: #333333;\"><strong> B1- L&#8217;esp\u00e8cie humana a l&#8217;Univers<\/strong><\/span>; <span style=\"color: #333333;\"><strong>B2- Salut, malaltia i estils de vida<\/strong><\/span>; <span style=\"color: #333333;\"><strong>B3 &#8211; Biotecnologia i societat<\/strong><\/span>; <span style=\"color: #333333;\"><strong>B4- L&#8217;esp\u00e8cie humana a la biosfera: La sostenibilitat<\/strong><\/span>; <span style=\"color: #333333;\"><strong>B5- Materials, objectes i tecnologies<\/strong><\/span>; <span style=\"color: #333333;\"><strong>B6- Informaci\u00f3 i coneixemen<\/strong><strong>t<\/strong>.<\/span><\/span><\/p>\n<p style=\"text-align: justify;\"><span style=\"font-size: 16px;\">Cada una de les unitats parteix d&#8217;un context que, segons els casos, t\u00e9 rellev\u00e0ncia personal, cient\u00edfica o social. Aquest context sovint \u00e9s el fil conductor que planteja interrogants i controv\u00e8rsies que es responen amb els continguts.<\/span><\/p>\n<p style=\"text-align: justify;\"><span style=\"font-size: 16px;\">El llibre proposa un ampli ventall d&#8217;activitats per aplicar els conceptes o processar i interpretar dades o documents amb relaci\u00f3 als continguts.\u00a0<\/span><\/p>\n<p>[\/vc_column_text][vc_column_text css=&#8221;.vc_custom_1635321856801{padding-right: 20px !important;padding-left: 20px !important;}&#8221;]<span style=\"font-size: 20px;\">RECURSOS DID\u00c0CTICS<\/span><\/p>\n<p><span style=\"font-size: 16px;\"><img loading=\"lazy\" decoding=\"async\" class=\"alignnone size-full wp-image-115284\" src=\"http:\/\/web.editorialteide.com\/wp-content\/uploads\/2019\/05\/baseline_library_books_black_18dp-1.png\" alt=\"\" width=\"18\" height=\"18\" \/>\u00a0<strong>Projecte curricular<\/strong> amb les compet\u00e8ncies, l&#8217;estructura dels continguts, els criteris d&#8217;avaluaci\u00f3 i la connexi\u00f3 amb altres mat\u00e8ries i en el que es determina la relaci\u00f3 de continguts del curr\u00edculum oficial i del llibre de Teide.<\/span><\/p>\n<p><span style=\"font-size: 16px;\"><strong><img loading=\"lazy\" decoding=\"async\" class=\"alignnone size-full wp-image-115283\" src=\"http:\/\/web.editorialteide.com\/wp-content\/uploads\/2019\/05\/baseline_playlist_add_check_black_18dp-1.png\" alt=\"\" width=\"18\" height=\"18\" \/>\u00a0Solucionari<\/strong>\u00a0del llibre de l\u2019alumne.<\/span>[\/vc_column_text][\/vc_column_inner][vc_column_inner width=&#8221;1\/3&#8243; css=&#8221;.vc_custom_1635321838982{background-color: #dddddd !important;border-radius: 5px !important;}&#8221;][vc_single_image image=&#8221;118697&#8243; img_size=&#8221;190&#215;247&#8243; add_caption=&#8221;yes&#8221; alignment=&#8221;center&#8221; style=&#8221;vc_box_shadow_3d&#8221; onclick=&#8221;custom_link&#8221; link=&#8221;https:\/\/web.editorialteide.com\/ca\/producte\/nou-ciencia-en-context-1-batxillerat-cat2019\/&#8221;][vc_btn title=&#8221;CONTINGUTS&#8221; shape=&#8221;round&#8221; color=&#8221;inverse&#8221; size=&#8221;sm&#8221; align=&#8221;center&#8221; link=&#8221;url:http%3A%2F%2Frecursos.teide.eu%2Ff%2F606b669e01%2F%3Fraw%3D1|target:_blank&#8221;][\/vc_column_inner][\/vc_row_inner][\/vc_tta_section][\/vc_tta_pageable][\/vc_column][\/vc_row]<\/p>\n","protected":false},"excerpt":{"rendered":"<p>[vc_row][vc_column][vc_tta_pageable no_fill_content_area=&#8221;1&#8243; active_section=&#8221;1&#8243;][vc_tta_section title=&#8221;Secci\u00f3n 1&#8243; tab_id=&#8221;1582557549196-51f91975-575e&#8221;][vc_column_text css=&#8221;.vc_custom_1635322193194{padding-right: 20px !important;padding-left: 20px !important;}&#8221;] \u00c0rea de Ci\u00e8ncies per al m\u00f3n contemporani de Batxillerat [\/vc_column_text][vc_row_inner equal_height=&#8221;yes&#8221; content_placement=&#8221;middle&#8221; gap=&#8221;10&#8243;][vc_column_inner width=&#8221;2\/3&#8243;][vc_column_text css=&#8221;.vc_custom_1635321848656{padding-right: 20px !important;padding-left: 20px !important;}&#8221;] MATERIAL DE L&#8217;ALUMNAT Un llibre de text per a un dels dos cursos del Batxillerat. Els continguts d&#8217;aquest llibre s&#8217;organitzen en unitats i aquestes estan &hellip; <a href=\"https:\/\/web.editorialteide.com\/ca\/batxillerat\/ciencies-per-al-mon-contemporani\/\">Llegir m\u00e9s<\/a><\/p>\n","protected":false},"author":3,"featured_media":0,"parent":2308,"menu_order":0,"comment_status":"closed","ping_status":"closed","template":"","meta":{"footnotes":"","_links_to":"","_links_to_target":""},"class_list":["post-138743","page","type-page","status-publish","hentry"],"_links":{"self":[{"href":"https:\/\/web.editorialteide.com\/ca\/wp-json\/wp\/v2\/pages\/138743","targetHints":{"allow":["GET"]}}],"collection":[{"href":"https:\/\/web.editorialteide.com\/ca\/wp-json\/wp\/v2\/pages"}],"about":[{"href":"https:\/\/web.editorialteide.com\/ca\/wp-json\/wp\/v2\/types\/page"}],"author":[{"embeddable":true,"href":"https:\/\/web.editorialteide.com\/ca\/wp-json\/wp\/v2\/users\/3"}],"replies":[{"embeddable":true,"href":"https:\/\/web.editorialteide.com\/ca\/wp-json\/wp\/v2\/comments?post=138743"}],"version-history":[{"count":8,"href":"https:\/\/web.editorialteide.com\/ca\/wp-json\/wp\/v2\/pages\/138743\/revisions"}],"predecessor-version":[{"id":158835,"href":"https:\/\/web.editorialteide.com\/ca\/wp-json\/wp\/v2\/pages\/138743\/revisions\/158835"}],"up":[{"embeddable":true,"href":"https:\/\/web.editorialteide.com\/ca\/wp-json\/wp\/v2\/pages\/2308"}],"wp:attachment":[{"href":"https:\/\/web.editorialteide.com\/ca\/wp-json\/wp\/v2\/media?parent=138743"}],"curies":[{"name":"wp","href":"https:\/\/api.w.org\/{rel}","templated":true}]}}