{"id":145110,"date":"2020-05-14T13:17:40","date_gmt":"2020-05-14T13:17:40","guid":{"rendered":"http:\/\/web.editorialteide.com\/?page_id=145110"},"modified":"2022-02-14T15:27:28","modified_gmt":"2022-02-14T14:27:28","slug":"a-prop-llibres-de-text-per-a-leso","status":"publish","type":"page","link":"https:\/\/web.editorialteide.com\/ca\/a-prop-llibres-de-text-per-a-leso\/","title":{"rendered":"A PROP. Llibres de text per a l&#8217;ESO 2020-2021"},"content":{"rendered":"<p>[vc_row][vc_column][vc_cta h2=&#8221;Cat\u00e0legs per mat\u00e8ries i unitats de mostra.&#8221; h2_font_container=&#8221;color:%23424242&#8243; h2_google_fonts=&#8221;font_family:Fredoka%20One%3Aregular|font_style:400%20regular%3A400%3Anormal&#8221; txt_align=&#8221;justify&#8221; use_custom_fonts_h2=&#8221;true&#8221; use_custom_fonts_h4=&#8221;true&#8221;]<\/p>\n<p style=\"text-align: left;\"><span style=\"color: #333333;\"><strong><span style=\"color: #333333;\">* Si vols rebre m\u00e9s informaci\u00f3 o sol\u00b7licitar mostres, pots contactar amb nosaltres a trav\u00e9s de l\u2019adre\u00e7a electr\u00f2nica<\/span> <span style=\"color: #666699;\"><a style=\"color: #666699;\" href=\"mailto:info@editorialteide.com\">info@editorialteide.com<span style=\"color: #333333;\">,<\/span><\/a><\/span><span style=\"color: #333333;\"> trucant al tel\u00e8fon d\u2019atenci\u00f3 al professorat 902 23 30 30, o b\u00e9 mitjan\u00e7ant el nostre<\/span><span style=\"color: #666699;\">\u00a0<a style=\"color: #666699;\" href=\"https:\/\/web.editorialteide.com\/ca\/formulari-de-contacte\/\">formulari de contacte<\/a><\/span>.<\/strong><\/span><\/p>\n<p>[\/vc_cta][\/vc_column][\/vc_row][vc_row gap=&#8221;5&#8243; equal_height=&#8221;yes&#8221; content_placement=&#8221;middle&#8221; css=&#8221;.vc_custom_1589462118841{padding-right: 5px !important;padding-left: 5px !important;}&#8221;][vc_column width=&#8221;1\/5&#8243; css=&#8221;.vc_custom_1589542934534{background-color: #3bc3ed !important;}&#8221;][vc_column_text]<\/p>\n<p style=\"text-align: center;\"><span style=\"color: #ffffff;\"><a style=\"color: #ffffff;\" href=\"https:\/\/web.editorialteide.com\/ca\/a-prop-llibres-de-text-per-a-leso-2020-2021\/mostres-llengua-catalana-i-literatura\/\"><strong><span style=\"font-size: 20px;\">LLengua catalana <\/span><\/strong><strong><span style=\"font-size: 20px;\">i Literatura<\/span><\/strong><\/a><\/span><\/p>\n<p>[\/vc_column_text][vc_icon icon_fontawesome=&#8221;fas fa-pen&#8221; color=&#8221;white&#8221; size=&#8221;lg&#8221; align=&#8221;center&#8221;][\/vc_column][vc_column width=&#8221;1\/5&#8243; css=&#8221;.vc_custom_1589542944349{background-color: #54b2dd !important;}&#8221;][vc_column_text]<\/p>\n<p style=\"text-align: center;\"><span style=\"color: #ffffff;\"><a style=\"color: #ffffff;\" href=\"https:\/\/web.editorialteide.com\/ca\/a-prop-llibres-de-text-per-a-leso-2020-2021\/mostres-lluerna-llengua-i-literatura\/\"><strong><span style=\"font-size: 20px;\">LLuerna. <\/span><span style=\"font-size: 20px;\">Llengua i Literatura<\/span><\/strong><\/a><\/span><\/p>\n<p>[\/vc_column_text][vc_icon icon_fontawesome=&#8221;far fa-keyboard&#8221; color=&#8221;white&#8221; size=&#8221;lg&#8221; align=&#8221;center&#8221;][\/vc_column][vc_column width=&#8221;1\/5&#8243; css=&#8221;.vc_custom_1614860826953{background-color: #ffe068 !important;}&#8221;][vc_column_text]<\/p>\n<p style=\"text-align: center;\"><span style=\"color: #ffffff;\"><a style=\"color: #ffffff;\" href=\"https:\/\/web.editorialteide.com\/ca\/a-prop-llibres-de-text-per-a-leso-2020-2021\/muestras-lengua-castellana-y-literatura\/\"><strong><span style=\"font-size: 20px;\">Lengua castellana <\/span><\/strong><strong><span style=\"font-size: 20px;\">y Literatura<\/span><\/strong><\/a><\/span><\/p>\n<p>[\/vc_column_text][vc_icon type=&#8221;material&#8221; icon_material=&#8221;vc-material vc-material-question_answer&#8221; color=&#8221;white&#8221; size=&#8221;lg&#8221; align=&#8221;center&#8221;][\/vc_column][vc_column width=&#8221;1\/5&#8243; css=&#8221;.vc_custom_1589542954270{background-color: #83ba30 !important;}&#8221;][vc_column_text]<\/p>\n<p style=\"text-align: center;\"><span style=\"color: #ffffff;\"><a style=\"color: #ffffff;\" href=\"https:\/\/web.editorialteide.com\/ca\/mostres-geografia-i-historia-a-prop\/\"><span style=\"font-size: 20px;\"><strong>Geografia i Hist\u00f2ria<\/strong><\/span><\/a><\/span><\/p>\n<p>[\/vc_column_text][vc_icon icon_fontawesome=&#8221;fas fa-globe-europe&#8221; color=&#8221;white&#8221; size=&#8221;lg&#8221; align=&#8221;center&#8221;][\/vc_column][vc_column width=&#8221;1\/5&#8243; css=&#8221;.vc_custom_1589542741684{background-color: #ee7584 !important;}&#8221;][vc_column_text]<\/p>\n<p style=\"text-align: center;\"><span style=\"color: #ffffff;\"><a style=\"color: #ffffff;\" href=\"https:\/\/web.editorialteide.com\/ca\/a-prop-llibres-de-text-per-a-leso-2020-2021\/mostres-educacio-plastica-visual-i-audiovisual-a-prop\/\"><strong><span style=\"font-size: 20px;\">Educaci\u00f3 pl\u00e0stica<\/span><\/strong><\/a><\/span><\/p>\n<p>[\/vc_column_text][vc_icon icon_fontawesome=&#8221;fas fa-palette&#8221; color=&#8221;white&#8221; size=&#8221;lg&#8221; align=&#8221;center&#8221;][\/vc_column][\/vc_row][vc_row gap=&#8221;5&#8243; equal_height=&#8221;yes&#8221; content_placement=&#8221;middle&#8221; css=&#8221;.vc_custom_1589462127619{padding-right: 5px !important;padding-left: 5px !important;}&#8221;][vc_column width=&#8221;1\/5&#8243; css=&#8221;.vc_custom_1589543004642{background-color: #f9b120 !important;}&#8221;][vc_column_text]<\/p>\n<p style=\"text-align: center;\"><span style=\"color: #ffffff;\"><a style=\"color: #ffffff;\" href=\"https:\/\/web.editorialteide.com\/ca\/a-prop-llibres-de-text-per-a-leso-2020-2021\/mostres-tecnologia-a-prop\/\"><strong><span style=\"font-size: 20px;\">Tecnologia<\/span><\/strong><\/a><\/span><\/p>\n<p>[\/vc_column_text][vc_icon icon_fontawesome=&#8221;fas fa-wrench&#8221; color=&#8221;white&#8221; size=&#8221;lg&#8221; align=&#8221;center&#8221;][\/vc_column][vc_column width=&#8221;1\/5&#8243; css=&#8221;.vc_custom_1589542781990{background-color: #9b73b1 !important;}&#8221;][vc_column_text]<\/p>\n<p style=\"text-align: center;\"><span style=\"color: #ffffff;\"><a style=\"color: #ffffff;\" href=\"https:\/\/web.editorialteide.com\/ca\/a-prop-llibres-de-text-per-a-leso-2020-2021\/mostres-musica-a-prop\/\"><strong><span style=\"font-size: 20px;\">M\u00fasica<\/span><\/strong><\/a><\/span><\/p>\n<p>[\/vc_column_text][vc_icon icon_fontawesome=&#8221;fas fa-music&#8221; color=&#8221;white&#8221; size=&#8221;lg&#8221; align=&#8221;center&#8221;][\/vc_column][vc_column width=&#8221;1\/5&#8243; css=&#8221;.vc_custom_1589543040163{background-color: #cdd82f !important;}&#8221;][vc_column_text]<\/p>\n<p style=\"text-align: center;\"><span style=\"color: #ffffff;\"><a style=\"color: #ffffff;\" href=\"https:\/\/web.editorialteide.com\/ca\/a-prop-llibres-de-text-per-a-leso-2020-2021\/mostres-educacio-fisica-a-prop\/\"><strong><span style=\"font-size: 20px;\">Educaci\u00f3 f\u00edsica<\/span><\/strong><\/a><\/span><\/p>\n<p>[\/vc_column_text][vc_icon icon_fontawesome=&#8221;fas fa-table-tennis&#8221; color=&#8221;white&#8221; size=&#8221;lg&#8221; align=&#8221;center&#8221;][\/vc_column][vc_column width=&#8221;1\/5&#8243; css=&#8221;.vc_custom_1589542964876{background-color: #2979b2 !important;}&#8221;][vc_column_text]<\/p>\n<p style=\"text-align: center;\"><span style=\"color: #ffffff;\"><a style=\"color: #ffffff;\" href=\"https:\/\/web.editorialteide.com\/ca\/a-prop-llibres-de-text-per-a-leso\/mostres-biologia-i-geologia-a-prop\/\"><strong><span style=\"font-size: 20px;\">Biologia i Geologia<\/span><\/strong><\/a><\/span><\/p>\n<p>[\/vc_column_text][vc_icon icon_fontawesome=&#8221;fas fa-seedling&#8221; color=&#8221;white&#8221; size=&#8221;lg&#8221; align=&#8221;center&#8221;][\/vc_column][vc_column width=&#8221;1\/5&#8243; css=&#8221;.vc_custom_1589542973749{background-color: #2795d1 !important;}&#8221;][vc_column_text]<\/p>\n<p style=\"text-align: center;\"><span style=\"color: #ffffff;\"><a style=\"color: #ffffff;\" href=\"https:\/\/web.editorialteide.com\/ca\/a-prop-llibres-de-text-per-a-leso-2020-2021\/mostres-fisica-i-quimica-a-prop\/\"><span style=\"font-size: 20px;\"><strong>F\u00edsica i Qu\u00edmica<\/strong><\/span><\/a><\/span><\/p>\n<p>[\/vc_column_text][vc_icon icon_fontawesome=&#8221;fas fa-flask&#8221; color=&#8221;white&#8221; size=&#8221;lg&#8221; align=&#8221;center&#8221;][\/vc_column][\/vc_row]<\/p>\n","protected":false},"excerpt":{"rendered":"<p>[vc_row][vc_column][vc_cta h2=&#8221;Cat\u00e0legs per mat\u00e8ries i unitats de mostra.&#8221; h2_font_container=&#8221;color:%23424242&#8243; h2_google_fonts=&#8221;font_family:Fredoka%20One%3Aregular|font_style:400%20regular%3A400%3Anormal&#8221; txt_align=&#8221;justify&#8221; use_custom_fonts_h2=&#8221;true&#8221; use_custom_fonts_h4=&#8221;true&#8221;] * Si vols rebre m\u00e9s informaci\u00f3 o sol\u00b7licitar mostres, pots contactar amb nosaltres a trav\u00e9s de l\u2019adre\u00e7a electr\u00f2nica info@editorialteide.com, trucant al tel\u00e8fon d\u2019atenci\u00f3 al professorat 902 23 30 30, o b\u00e9 mitjan\u00e7ant el nostre\u00a0formulari de contacte. [\/vc_cta][\/vc_column][\/vc_row][vc_row gap=&#8221;5&#8243; equal_height=&#8221;yes&#8221; content_placement=&#8221;middle&#8221; css=&#8221;.vc_custom_1589462118841{padding-right: 5px &hellip; <a href=\"https:\/\/web.editorialteide.com\/ca\/a-prop-llibres-de-text-per-a-leso\/\">Llegir m\u00e9s<\/a><\/p>\n","protected":false},"author":3,"featured_media":0,"parent":0,"menu_order":0,"comment_status":"closed","ping_status":"closed","template":"","meta":{"footnotes":"","_links_to":"","_links_to_target":""},"class_list":["post-145110","page","type-page","status-publish","hentry"],"_links":{"self":[{"href":"https:\/\/web.editorialteide.com\/ca\/wp-json\/wp\/v2\/pages\/145110","targetHints":{"allow":["GET"]}}],"collection":[{"href":"https:\/\/web.editorialteide.com\/ca\/wp-json\/wp\/v2\/pages"}],"about":[{"href":"https:\/\/web.editorialteide.com\/ca\/wp-json\/wp\/v2\/types\/page"}],"author":[{"embeddable":true,"href":"https:\/\/web.editorialteide.com\/ca\/wp-json\/wp\/v2\/users\/3"}],"replies":[{"embeddable":true,"href":"https:\/\/web.editorialteide.com\/ca\/wp-json\/wp\/v2\/comments?post=145110"}],"version-history":[{"count":2,"href":"https:\/\/web.editorialteide.com\/ca\/wp-json\/wp\/v2\/pages\/145110\/revisions"}],"predecessor-version":[{"id":159626,"href":"https:\/\/web.editorialteide.com\/ca\/wp-json\/wp\/v2\/pages\/145110\/revisions\/159626"}],"wp:attachment":[{"href":"https:\/\/web.editorialteide.com\/ca\/wp-json\/wp\/v2\/media?parent=145110"}],"curies":[{"name":"wp","href":"https:\/\/api.w.org\/{rel}","templated":true}]}}