{"id":145962,"date":"2020-03-31T08:28:13","date_gmt":"2020-03-31T08:28:13","guid":{"rendered":"http:\/\/web.editorialteide.com\/nos-quedamos-en-casa\/"},"modified":"2020-06-03T11:34:54","modified_gmt":"2020-06-03T10:34:54","slug":"nos-quedamos-en-casa","status":"publish","type":"page","link":"https:\/\/web.editorialteide.com\/ca\/nos-quedamos-en-casa\/","title":{"rendered":"Nos quedamos en casa"},"content":{"rendered":"<p>[vc_row css=&#8221;.vc_custom_1585642929753{padding-right: 25px !important;padding-left: 25px !important;}&#8221;][vc_column][vc_row_inner equal_height=&#8221;yes&#8221; content_placement=&#8221;middle&#8221;][vc_column_inner width=&#8221;2\/3&#8243;][vc_column_text]<\/p>\n<p style=\"text-align: justify;\"><span style=\"font-size: 16px;\">Editorial Teide ofrece en formato digital y de forma gratuita <em><span style=\"color: #333333;\"><strong>Walden o la vida en los bosques<\/strong><\/span><\/em>, de Henry Thoreau.<\/span><\/p>\n<p style=\"text-align: justify;\"><span style=\"color: #333333; font-family: 'courier new', courier, monospace;\"><em><span style=\"font-size: 16px;\">&lt;&lt;Nuestro interior es como los mapas de las regiones inexploradas del coraz\u00f3n de \u00c1frica o del Oeste americano, un vasto territorio en blanco.<\/span><\/em><\/span><\/p>\n<p style=\"text-align: justify;\"><span style=\"color: #333333; font-family: 'courier new', courier, monospace;\"><em><span style=\"font-size: 16px;\">[&#8230;] Deber\u00edamos explorarlos y abrir nuevas rutas en ellos, pero no para el comercio sino para el pensamiento&gt;&gt;.<\/span><\/em><\/span><\/p>\n<p style=\"text-align: justify;\"><span style=\"font-size: 16px;\">Una adaptaci\u00f3n especialmente dirigida a los alumnos de Secundaria, con ilustraciones de c\u00f3mic, una gu\u00eda de lectura y un conjunto de propuestas de trabajo.<\/span><\/p>\n<p>[\/vc_column_text][\/vc_column_inner][vc_column_inner width=&#8221;1\/3&#8243;][vc_single_image image=&#8221;142187&#8243; img_size=&#8221;187&#215;230&#8243; alignment=&#8221;center&#8221; style=&#8221;vc_box_shadow_3d&#8221;][\/vc_column_inner][\/vc_row_inner][vc_row_inner][vc_column_inner][vc_separator color=&#8221;black&#8221;][\/vc_column_inner][\/vc_row_inner][vc_row_inner equal_height=&#8221;yes&#8221; content_placement=&#8221;middle&#8221; disable_element=&#8221;yes&#8221;][vc_column_inner width=&#8221;1\/6&#8243; css=&#8221;.vc_custom_1585643249184{background-color: #dddddd !important;}&#8221;][vc_single_image image=&#8221;126380&#8243; alignment=&#8221;center&#8221;][\/vc_column_inner][vc_column_inner width=&#8221;5\/6&#8243; css=&#8221;.vc_custom_1585643147328{padding-right: 25px !important;}&#8221;][vc_column_text]<span style=\"font-size: 16px;\">Adem\u00e1s de este t\u00edtulo de la colecci\u00f3n Dual, tambi\u00e9n pod\u00e9is disfrutar de manera gratuita, de esta otra lectura de la colecci\u00f3n Biblioteca Teide:<\/span><\/p>\n<p><span style=\"font-size: 16px; color: #333333;\"><em><strong><img loading=\"lazy\" decoding=\"async\" class=\"alignnone size-full wp-image-115563\" src=\"http:\/\/web.editorialteide.com\/wp-content\/uploads\/2019\/06\/round_local_library_black_18dp.png\" alt=\"\" width=\"18\" height=\"18\" \/><span style=\"color: #333333;\">\u00a0\u00a1Arriba el tel\u00f3n! Antolog\u00eda de teatro breve.<\/span><\/strong><\/em><\/span>[\/vc_column_text][\/vc_column_inner][\/vc_row_inner][\/vc_column][\/vc_row][vc_row css=&#8221;.vc_custom_1585918422116{padding-right: 20px !important;padding-left: 20px !important;}&#8221;][vc_column][vc_column_text]<span style=\"font-size: 20px;\">Adem\u00e1s de <em>Walden o la vida en los bosques<\/em>, tambi\u00e9n podr\u00e9is disfrutar de manera gratuita, de esta selecci\u00f3n de libros de nuestras colecciones de lectura: <span style=\"color: #333333;\"><em><strong>Biblioteca Teide<\/strong><\/em><\/span>, <span style=\"color: #333333;\"><em><strong>Dual Texto-C\u00f3mic<\/strong><\/em><\/span> y <em><span style=\"color: #333333;\"><strong>Biblioteca de Autores Cl\u00e1sicos<\/strong><\/span><\/em>.<\/span>[\/vc_column_text][vc_tta_accordion c_icon=&#8221;&#8221; active_section=&#8221;0&#8243; collapsible_all=&#8221;true&#8221; css=&#8221;.vc_custom_1585918971240{padding-right: 20px !important;padding-left: 20px !important;}&#8221;][vc_tta_section i_icon_fontawesome=&#8221;fas fa-book-reader&#8221; add_icon=&#8221;true&#8221; title=&#8221;Selecci\u00f3n de lecturas disponibles&#8221; tab_id=&#8221;1585911968831-c72f7e37-a693&#8243;][vc_custom_heading text=&#8221;Recomendadas para el primer ciclo de la ESO&#8221; font_container=&#8221;tag:h3|text_align:left|color:%235b5b5b&#8221;][vc_row_inner equal_height=&#8221;yes&#8221; content_placement=&#8221;middle&#8221; gap=&#8221;5&#8243; el_id=&#8221;Recomendadas para el primer ciclo de la ESO&#8221; css=&#8221;.vc_custom_1585918396614{padding-top: 25px !important;padding-right: 25px !important;padding-bottom: 25px !important;padding-left: 25px !important;}&#8221;][vc_column_inner width=&#8221;1\/4&#8243; css=&#8221;.vc_custom_1585917108696{background-color: #dddddd !important;}&#8221;][vc_single_image image=&#8221;126867&#8243; img_size=&#8221;150&#215;190&#8243; add_caption=&#8221;yes&#8221; alignment=&#8221;center&#8221; style=&#8221;vc_box_shadow_3d&#8221;][\/vc_column_inner][vc_column_inner width=&#8221;1\/4&#8243; css=&#8221;.vc_custom_1585915781739{background-color: #dddddd !important;}&#8221;][vc_single_image image=&#8221;126340&#8243; img_size=&#8221;150&#215;190&#8243; add_caption=&#8221;yes&#8221; alignment=&#8221;center&#8221; style=&#8221;vc_box_shadow_3d&#8221;][\/vc_column_inner][vc_column_inner width=&#8221;1\/4&#8243; css=&#8221;.vc_custom_1585915794619{background-color: #dddddd !important;}&#8221;][vc_single_image image=&#8221;126963&#8243; img_size=&#8221;150&#215;190&#8243; add_caption=&#8221;yes&#8221; alignment=&#8221;center&#8221; style=&#8221;vc_box_shadow_3d&#8221;][\/vc_column_inner][vc_column_inner width=&#8221;1\/4&#8243;][\/vc_column_inner][\/vc_row_inner][vc_custom_heading text=&#8221;Recomendadas para el segundo ciclo de la ESO&#8221; font_container=&#8221;tag:h3|text_align:justify|color:%235b5b5b&#8221;][vc_row_inner equal_height=&#8221;yes&#8221; content_placement=&#8221;middle&#8221; gap=&#8221;5&#8243; css=&#8221;.vc_custom_1585917169905{padding-top: 25px !important;padding-right: 25px !important;padding-bottom: 25px !important;padding-left: 25px !important;}&#8221;][vc_column_inner width=&#8221;1\/4&#8243; css=&#8221;.vc_custom_1585916029386{background-color: #dddddd !important;}&#8221;][vc_single_image image=&#8221;126335&#8243; img_size=&#8221;150&#215;190&#8243; add_caption=&#8221;yes&#8221; alignment=&#8221;center&#8221; style=&#8221;vc_box_shadow_3d&#8221;][\/vc_column_inner][vc_column_inner width=&#8221;1\/4&#8243; css=&#8221;.vc_custom_1585916048050{background-color: #dddddd !important;}&#8221;][vc_single_image image=&#8221;126441&#8243; img_size=&#8221;150&#215;190&#8243; add_caption=&#8221;yes&#8221; alignment=&#8221;center&#8221; style=&#8221;vc_box_shadow_3d&#8221;][\/vc_column_inner][vc_column_inner width=&#8221;1\/4&#8243; css=&#8221;.vc_custom_1585915994250{background-color: #dddddd !important;}&#8221;][vc_single_image image=&#8221;126345&#8243; img_size=&#8221;150&#215;190&#8243; add_caption=&#8221;yes&#8221; alignment=&#8221;center&#8221; style=&#8221;vc_box_shadow_3d&#8221;][\/vc_column_inner][vc_column_inner width=&#8221;1\/4&#8243; css=&#8221;.vc_custom_1585916014873{background-color: #dddddd !important;}&#8221;][vc_single_image image=&#8221;126350&#8243; img_size=&#8221;150&#215;190&#8243; add_caption=&#8221;yes&#8221; alignment=&#8221;center&#8221; style=&#8221;vc_box_shadow_3d&#8221;][\/vc_column_inner][\/vc_row_inner][vc_row_inner equal_height=&#8221;yes&#8221; content_placement=&#8221;middle&#8221; gap=&#8221;5&#8243; css=&#8221;.vc_custom_1585917169905{padding-top: 25px !important;padding-right: 25px !important;padding-bottom: 25px !important;padding-left: 25px !important;}&#8221;][vc_column_inner width=&#8221;1\/4&#8243; css=&#8221;.vc_custom_1585916029386{background-color: #dddddd !important;}&#8221;][vc_single_image image=&#8221;126380&#8243; img_size=&#8221;150&#215;190&#8243; add_caption=&#8221;yes&#8221; alignment=&#8221;center&#8221; style=&#8221;vc_box_shadow_3d&#8221;][\/vc_column_inner][vc_column_inner width=&#8221;1\/4&#8243; css=&#8221;.vc_custom_1585916048050{background-color: #dddddd !important;}&#8221;][vc_single_image image=&#8221;126333&#8243; img_size=&#8221;150&#215;190&#8243; add_caption=&#8221;yes&#8221; alignment=&#8221;center&#8221; style=&#8221;vc_box_shadow_3d&#8221;][\/vc_column_inner][vc_column_inner width=&#8221;1\/4&#8243; css=&#8221;.vc_custom_1585915994250{background-color: #dddddd !important;}&#8221;][vc_single_image image=&#8221;126971&#8243; img_size=&#8221;150&#215;190&#8243; add_caption=&#8221;yes&#8221; alignment=&#8221;center&#8221; style=&#8221;vc_box_shadow_3d&#8221;][\/vc_column_inner][vc_column_inner width=&#8221;1\/4&#8243;][\/vc_column_inner][\/vc_row_inner][vc_custom_heading text=&#8221;Recomendadas para el Bachillerato&#8221; font_container=&#8221;tag:h3|text_align:left|color:%235b5b5b&#8221;][vc_row_inner equal_height=&#8221;yes&#8221; content_placement=&#8221;middle&#8221; gap=&#8221;5&#8243; css=&#8221;.vc_custom_1585918288559{padding-top: 25px !important;padding-right: 25px !important;padding-bottom: 25px !important;padding-left: 25px !important;}&#8221;][vc_column_inner width=&#8221;1\/4&#8243; css=&#8221;.vc_custom_1585915994250{background-color: #dddddd !important;}&#8221;][vc_single_image image=&#8221;127068&#8243; img_size=&#8221;150&#215;190&#8243; add_caption=&#8221;yes&#8221; alignment=&#8221;center&#8221; style=&#8221;vc_box_shadow_3d&#8221;][\/vc_column_inner][vc_column_inner width=&#8221;1\/4&#8243; css=&#8221;.vc_custom_1585916014873{background-color: #dddddd !important;}&#8221;][vc_single_image image=&#8221;108298&#8243; img_size=&#8221;150&#215;190&#8243; add_caption=&#8221;yes&#8221; alignment=&#8221;center&#8221; style=&#8221;vc_box_shadow_3d&#8221;][\/vc_column_inner][vc_column_inner width=&#8221;1\/4&#8243;][\/vc_column_inner][vc_column_inner width=&#8221;1\/4&#8243;][\/vc_column_inner][\/vc_row_inner][\/vc_tta_section][\/vc_tta_accordion][vc_empty_space height=&#8221;10px&#8221;][vc_column_text css=&#8221;.vc_custom_1585918482786{background-color: #dddddd !important;}&#8221;]<span style=\"font-size: 16px;\"><img loading=\"lazy\" decoding=\"async\" class=\"alignnone size-full wp-image-115421\" src=\"http:\/\/web.editorialteide.com\/wp-content\/uploads\/2019\/06\/outline_info_black_18dp-2.png\" alt=\"\" width=\"18\" height=\"18\" \/> Si quieres que tus alumnos puedan acceder a ellas, solo debes contactar con tu promotor de zona o a <span style=\"color: #333333;\"><strong><a style=\"color: #333333;\" href=\"mailto:info@editorialteide.com\">info@editorialteide.com<\/a>.<\/strong><\/span><\/span>[\/vc_column_text][\/vc_column][\/vc_row]<\/p>\n","protected":false},"excerpt":{"rendered":"<p>[vc_row css=&#8221;.vc_custom_1585642929753{padding-right: 25px !important;padding-left: 25px !important;}&#8221;][vc_column][vc_row_inner equal_height=&#8221;yes&#8221; content_placement=&#8221;middle&#8221;][vc_column_inner width=&#8221;2\/3&#8243;][vc_column_text] Editorial Teide ofrece en formato digital y de forma gratuita Walden o la vida en los bosques, de Henry Thoreau. &lt;&lt;Nuestro interior es como los mapas de las regiones inexploradas del coraz\u00f3n de \u00c1frica o del Oeste americano, un vasto territorio en blanco. [&#8230;] Deber\u00edamos explorarlos &hellip; <a href=\"https:\/\/web.editorialteide.com\/ca\/nos-quedamos-en-casa\/\">Llegir m\u00e9s<\/a><\/p>\n","protected":false},"author":3,"featured_media":0,"parent":0,"menu_order":0,"comment_status":"closed","ping_status":"closed","template":"","meta":{"footnotes":"","_links_to":"","_links_to_target":""},"class_list":["post-145962","page","type-page","status-publish","hentry"],"_links":{"self":[{"href":"https:\/\/web.editorialteide.com\/ca\/wp-json\/wp\/v2\/pages\/145962","targetHints":{"allow":["GET"]}}],"collection":[{"href":"https:\/\/web.editorialteide.com\/ca\/wp-json\/wp\/v2\/pages"}],"about":[{"href":"https:\/\/web.editorialteide.com\/ca\/wp-json\/wp\/v2\/types\/page"}],"author":[{"embeddable":true,"href":"https:\/\/web.editorialteide.com\/ca\/wp-json\/wp\/v2\/users\/3"}],"replies":[{"embeddable":true,"href":"https:\/\/web.editorialteide.com\/ca\/wp-json\/wp\/v2\/comments?post=145962"}],"version-history":[{"count":0,"href":"https:\/\/web.editorialteide.com\/ca\/wp-json\/wp\/v2\/pages\/145962\/revisions"}],"wp:attachment":[{"href":"https:\/\/web.editorialteide.com\/ca\/wp-json\/wp\/v2\/media?parent=145962"}],"curies":[{"name":"wp","href":"https:\/\/api.w.org\/{rel}","templated":true}]}}