{"id":146303,"date":"2020-06-03T10:23:20","date_gmt":"2020-06-03T09:23:20","guid":{"rendered":"http:\/\/web.editorialteide.com\/?page_id=146303"},"modified":"2020-06-04T17:09:41","modified_gmt":"2020-06-04T16:09:41","slug":"projectes-i-reptes","status":"publish","type":"page","link":"https:\/\/web.editorialteide.com\/ca\/projectes-i-reptes\/","title":{"rendered":"Projectes i Reptes"},"content":{"rendered":"<p>[vc_row][vc_column css=&#8221;.vc_custom_1591176584952{padding: 0px !important;}&#8221;][vc_single_image image=&#8221;145597&#8243; img_size=&#8221;full&#8221; css=&#8221;.vc_custom_1591176589779{margin-top: 0px !important;margin-right: 0px !important;margin-bottom: 0px !important;margin-left: 0px !important;}&#8221;][\/vc_column][\/vc_row][vc_row gap=&#8221;3&#8243; full_height=&#8221;yes&#8221; equal_height=&#8221;yes&#8221; content_placement=&#8221;top&#8221; css=&#8221;.vc_custom_1591175115382{padding-top: 0px !important;padding-right: 0px !important;padding-bottom: 0px !important;padding-left: 0px !important;}&#8221;][vc_column width=&#8221;1\/3&#8243; css=&#8221;.vc_custom_1591197298775{margin-top: 0px !important;margin-right: 0px !important;margin-left: 0px !important;border-bottom-width: 0px !important;background-color: #eaafcb !important;}&#8221;][vc_column_text]<\/p>\n<p style=\"text-align: center;\"><span style=\"color: #ffffff;\"><strong><span style=\"font-size: 32px;\">TEIDEPROJECTES<\/span><\/strong><\/span><\/p>\n<p style=\"text-align: center;\"><strong><span style=\"color: #ffffff; font-size: 24px;\">Aprenentatge per tasques<\/span><\/strong><\/p>\n<p style=\"text-align: center;\"><span style=\"font-size: 16px; color: #ffffff;\"><strong>TeideProjectes<\/strong> \u00e9s una soluci\u00f3 pedag\u00f2gica integral que dona resposta a les noves necessitats educatives. Es treballa per fases, resolent tasques i activitats en grup de manera participativa en un Entorn Virtual d\u2019Aprenentatge (EVA), i amb el suport d\u2019un quadern en paper.<\/span><\/p>\n<p>[\/vc_column_text][vc_btn title=&#8221;ACCEDEIX&#8221; style=&#8221;custom&#8221; custom_background=&#8221;#dd4949&#8243; custom_text=&#8221;#ffffff&#8221; shape=&#8221;round&#8221; align=&#8221;center&#8221; link=&#8221;url:http%3A%2F%2Fwww.teideprojectes.com%2F|||&#8221;][\/vc_column][vc_column width=&#8221;1\/3&#8243; css=&#8221;.vc_custom_1591174962472{margin-top: 0px !important;margin-right: 0px !important;margin-bottom: 0px !important;margin-left: 0px !important;background-color: #9dd4c1 !important;}&#8221;][vc_column_text]<\/p>\n<p style=\"text-align: center;\"><span style=\"color: #ffffff;\"><strong><span style=\"font-size: 32px;\">REPTES PRIM\u00c0RIA<\/span><\/strong><\/span><\/p>\n<p style=\"text-align: center;\"><span style=\"color: #ffffff;\"><strong><span style=\"font-size: 24px;\">Projecte EMOCIONA&#8217;T<\/span><\/strong><\/span><\/p>\n<p style=\"text-align: center;\"><span style=\"font-size: 16px; color: #ffffff;\">Dissenyats per a l\u2019\u00e0mbit ling\u00fc\u00edstic i les \u00e0rees de <strong>Llengua catalana i Lengua castellana<\/strong> de primer i segon curs. L\u2019aprenentatge per reptes constitueix una innovadora proposta per aprendre i ensenyar les lleng\u00fces en context, amb l\u2019est\u00edmul d\u2019un desafiament engrescador.<\/span><\/p>\n<p>[\/vc_column_text][vc_row_inner][vc_column_inner width=&#8221;1\/3&#8243;][vc_btn title=&#8221;CATAL\u00c0&#8221; style=&#8221;custom&#8221; custom_background=&#8221;#4cadd3&#8243; custom_text=&#8221;#ffffff&#8221; shape=&#8221;round&#8221; size=&#8221;sm&#8221; align=&#8221;center&#8221; i_icon_fontawesome=&#8221;far fa-file-alt&#8221; add_icon=&#8221;true&#8221; link=&#8221;url:http%3A%2F%2Frecursos.teide.eu%2Ff%2F6d8a696614%2F%3Fraw%3D1|||&#8221;][\/vc_column_inner][vc_column_inner width=&#8221;1\/3&#8243;][vc_btn title=&#8221;VALENCI\u00c0&#8221; style=&#8221;custom&#8221; custom_background=&#8221;#4cadd3&#8243; custom_text=&#8221;#ffffff&#8221; shape=&#8221;round&#8221; size=&#8221;sm&#8221; align=&#8221;center&#8221; i_icon_fontawesome=&#8221;far fa-file-alt&#8221; add_icon=&#8221;true&#8221; link=&#8221;url:http%3A%2F%2Frecursos.teide.eu%2Ff%2Fc968ed8e1f%2F%3Fraw%3D1|||&#8221;][\/vc_column_inner][vc_column_inner width=&#8221;1\/3&#8243;][vc_btn title=&#8221;V\u00cdDEO&#8221; style=&#8221;custom&#8221; custom_background=&#8221;#4cadd3&#8243; custom_text=&#8221;#ffffff&#8221; shape=&#8221;round&#8221; size=&#8221;sm&#8221; align=&#8221;center&#8221; i_icon_fontawesome=&#8221;fas fa-play-circle&#8221; add_icon=&#8221;true&#8221; link=&#8221;url:https%3A%2F%2Fvimeo.com%2F311657329%2F6a66f94f8f|||&#8221;][\/vc_column_inner][\/vc_row_inner][\/vc_column][vc_column width=&#8221;1\/3&#8243; css=&#8221;.vc_custom_1591174952479{margin-top: 0px !important;margin-right: 0px !important;margin-bottom: 0px !important;margin-left: 0px !important;background-color: #798fc8 !important;}&#8221;][vc_column_text]<\/p>\n<p style=\"text-align: center;\"><span style=\"color: #ffffff;\"><strong><span style=\"font-size: 32px;\">REPTES SECUND\u00c0RIA<\/span><\/strong><\/span><\/p>\n<p style=\"text-align: center;\"><span style=\"color: #ffffff;\"><strong><span style=\"font-size: 24px;\">Projecte A PROP<\/span><\/strong><\/span><\/p>\n<p style=\"text-align: center;\"><span style=\"color: #ffffff;\"><span style=\"font-size: 16px;\">En el desenvolupament dels reptes, es presenten continguts i activitats amb qu\u00e8 els alumnes amplien, complementen i reforcen coneixements de cara a la<strong> resoluci\u00f3 del repte <\/strong><\/span><span style=\"font-size: 16px;\">ajudant l\u2019alumnat a arribar a un nivell m\u00e9s alt d\u2019assoliment competencial.<\/span><\/span><\/p>\n<p>[\/vc_column_text][vc_btn title=&#8221;CAT\u00c0LEG&#8221; style=&#8221;custom&#8221; custom_background=&#8221;#3760c6&#8243; custom_text=&#8221;#ffffff&#8221; shape=&#8221;round&#8221; align=&#8221;center&#8221; link=&#8221;url:https%3A%2F%2Fweb.editorialteide.com%2Fca%2Freptes-secundaria%2F|||&#8221;][\/vc_column][\/vc_row]<\/p>\n","protected":false},"excerpt":{"rendered":"<p>[vc_row][vc_column css=&#8221;.vc_custom_1591176584952{padding: 0px !important;}&#8221;][vc_single_image image=&#8221;145597&#8243; img_size=&#8221;full&#8221; css=&#8221;.vc_custom_1591176589779{margin-top: 0px !important;margin-right: 0px !important;margin-bottom: 0px !important;margin-left: 0px !important;}&#8221;][\/vc_column][\/vc_row][vc_row gap=&#8221;3&#8243; full_height=&#8221;yes&#8221; equal_height=&#8221;yes&#8221; content_placement=&#8221;top&#8221; css=&#8221;.vc_custom_1591175115382{padding-top: 0px !important;padding-right: 0px !important;padding-bottom: 0px !important;padding-left: 0px !important;}&#8221;][vc_column width=&#8221;1\/3&#8243; css=&#8221;.vc_custom_1591197298775{margin-top: 0px !important;margin-right: 0px !important;margin-left: 0px !important;border-bottom-width: 0px !important;background-color: #eaafcb !important;}&#8221;][vc_column_text] TEIDEPROJECTES Aprenentatge per tasques TeideProjectes \u00e9s una soluci\u00f3 pedag\u00f2gica integral que dona resposta a les &hellip; <a href=\"https:\/\/web.editorialteide.com\/ca\/projectes-i-reptes\/\">Llegir m\u00e9s<\/a><\/p>\n","protected":false},"author":3,"featured_media":0,"parent":0,"menu_order":0,"comment_status":"closed","ping_status":"closed","template":"","meta":{"footnotes":"","_links_to":"","_links_to_target":""},"class_list":["post-146303","page","type-page","status-publish","hentry"],"_links":{"self":[{"href":"https:\/\/web.editorialteide.com\/ca\/wp-json\/wp\/v2\/pages\/146303","targetHints":{"allow":["GET"]}}],"collection":[{"href":"https:\/\/web.editorialteide.com\/ca\/wp-json\/wp\/v2\/pages"}],"about":[{"href":"https:\/\/web.editorialteide.com\/ca\/wp-json\/wp\/v2\/types\/page"}],"author":[{"embeddable":true,"href":"https:\/\/web.editorialteide.com\/ca\/wp-json\/wp\/v2\/users\/3"}],"replies":[{"embeddable":true,"href":"https:\/\/web.editorialteide.com\/ca\/wp-json\/wp\/v2\/comments?post=146303"}],"version-history":[{"count":0,"href":"https:\/\/web.editorialteide.com\/ca\/wp-json\/wp\/v2\/pages\/146303\/revisions"}],"wp:attachment":[{"href":"https:\/\/web.editorialteide.com\/ca\/wp-json\/wp\/v2\/media?parent=146303"}],"curies":[{"name":"wp","href":"https:\/\/api.w.org\/{rel}","templated":true}]}}