{"id":146346,"date":"2020-06-03T10:47:14","date_gmt":"2020-06-03T09:47:14","guid":{"rendered":"http:\/\/web.editorialteide.com\/?page_id=146346"},"modified":"2020-06-03T16:32:59","modified_gmt":"2020-06-03T15:32:59","slug":"reptes-secundaria","status":"publish","type":"page","link":"https:\/\/web.editorialteide.com\/ca\/reptes-secundaria\/","title":{"rendered":"Reptes Secund\u00e0ria"},"content":{"rendered":"<p>[vc_row][vc_column]<div class=\"woocommerce columns-5 \"><\/div><div class=\"woocommerce columns-5 \"><ul class=\"products columns-5\">\n<li class=\"post-146032 product type-product status-publish has-post-thumbnail product_cat-catalunya-ca product_cat-comunidad-de-valencia-ca product_cat-illes-balears-ca pa_asignatura-educacio-fisica pa_format-llibre-digital-ca pa_idioma-catalan-ca first outofstock virtual taxable purchasable product-type-simple\">\r\n\t<a href=\"https:\/\/web.editorialteide.com\/ca\/producte\/a-prop-educacio-fisica-1-2-eso-dig-cat2020\/\" class=\"woocommerce-LoopProduct-link woocommerce-loop-product__link\"><img loading=\"lazy\" decoding=\"async\" width=\"247\" height=\"314\" src=\"https:\/\/web.editorialteide.com\/wp-content\/uploads\/2020\/05\/8329.png\" class=\"attachment-woocommerce_thumbnail size-woocommerce_thumbnail\" alt=\"Digital. Educaci\u00f3 f\u00edsica 1\/2 ESO - A prop (2020)\" srcset=\"https:\/\/web.editorialteide.com\/wp-content\/uploads\/2020\/05\/8329.png 247w, https:\/\/web.editorialteide.com\/wp-content\/uploads\/2020\/05\/8329-236x300.png 236w\" sizes=\"auto, (max-width: 247px) 100vw, 247px\" \/><\/a><a href=\"https:\/\/web.editorialteide.com\/ca\/producte\/a-prop-educacio-fisica-1-2-eso-dig-cat2020\/\" aria-describedby=\"woocommerce_loop_add_to_cart_link_describedby_146032\" data-quantity=\"1\" class=\"button product_type_simple\" data-product_id=\"146032\" data-product_sku=\"9788430798711\" aria-label=\"M\u00e9s informaci\u00f3 sobre &ldquo;Digital. Educaci\u00f3 f\u00edsica 1\/2 ESO - A prop (2020)&rdquo;\" rel=\"nofollow\" data-success_message=\"\">Llegeix m\u00e9s<\/a>\t<span id=\"woocommerce_loop_add_to_cart_link_describedby_146032\" class=\"screen-reader-text\">\n\t\t\t<\/span>\n<h2 class=\"woocommerce-loop-product__title\">Digital. Educaci\u00f3 f\u00edsica 1\/2 ESO &#8211; A prop (2020)<\/h2><\/li>\r\n\r\n<\/ul>\n<\/div>[\/vc_column][\/vc_row]<\/p>\n","protected":false},"excerpt":{"rendered":"<p>[vc_row][vc_column][\/vc_column][\/vc_row]<\/p>\n","protected":false},"author":3,"featured_media":0,"parent":0,"menu_order":0,"comment_status":"closed","ping_status":"closed","template":"","meta":{"footnotes":"","_links_to":"","_links_to_target":""},"class_list":["post-146346","page","type-page","status-publish","hentry"],"_links":{"self":[{"href":"https:\/\/web.editorialteide.com\/ca\/wp-json\/wp\/v2\/pages\/146346","targetHints":{"allow":["GET"]}}],"collection":[{"href":"https:\/\/web.editorialteide.com\/ca\/wp-json\/wp\/v2\/pages"}],"about":[{"href":"https:\/\/web.editorialteide.com\/ca\/wp-json\/wp\/v2\/types\/page"}],"author":[{"embeddable":true,"href":"https:\/\/web.editorialteide.com\/ca\/wp-json\/wp\/v2\/users\/3"}],"replies":[{"embeddable":true,"href":"https:\/\/web.editorialteide.com\/ca\/wp-json\/wp\/v2\/comments?post=146346"}],"version-history":[{"count":0,"href":"https:\/\/web.editorialteide.com\/ca\/wp-json\/wp\/v2\/pages\/146346\/revisions"}],"wp:attachment":[{"href":"https:\/\/web.editorialteide.com\/ca\/wp-json\/wp\/v2\/media?parent=146346"}],"curies":[{"name":"wp","href":"https:\/\/api.w.org\/{rel}","templated":true}]}}