{"id":146535,"date":"2020-06-04T15:33:26","date_gmt":"2020-06-04T14:33:26","guid":{"rendered":"http:\/\/web.editorialteide.com\/?page_id=146535"},"modified":"2021-06-16T11:47:47","modified_gmt":"2021-06-16T10:47:47","slug":"cataleg-infantil-4-anys","status":"publish","type":"page","link":"https:\/\/web.editorialteide.com\/ca\/cataleg-infantil-4-anys\/","title":{"rendered":"Cat\u00e0leg Infantil 4 anys"},"content":{"rendered":"<p>[vc_row][vc_column]<div class=\"woocommerce columns-3 \"><ul class=\"products columns-3\">\n<li class=\"post-83003 product type-product status-publish has-post-thumbnail product_cat-catalunya-ca product_cat-illes-balears-ca pa_asignatura-llengua-ca pa_format-llibre-digital-ca pa_idioma-catalan-ca pa_project-minitribu-cat-ca first outofstock virtual taxable purchasable product-type-simple\">\r\n\t<a href=\"https:\/\/web.editorialteide.com\/ca\/producte\/llengua-p4-mini-tribu-digital\/\" class=\"woocommerce-LoopProduct-link woocommerce-loop-product__link\"><img loading=\"lazy\" decoding=\"async\" width=\"260\" height=\"190\" src=\"https:\/\/web.editorialteide.com\/wp-content\/uploads\/2020\/06\/1194-9.png\" class=\"attachment-woocommerce_thumbnail size-woocommerce_thumbnail\" alt=\"Digital. Llengua P4 - Mini Tribu (2017)\" \/><\/a><a href=\"https:\/\/web.editorialteide.com\/ca\/producte\/llengua-p4-mini-tribu-digital\/\" aria-describedby=\"woocommerce_loop_add_to_cart_link_describedby_83003\" data-quantity=\"1\" class=\"button product_type_simple\" data-product_id=\"83003\" data-product_sku=\"9788430793631\" aria-label=\"M\u00e9s informaci\u00f3 sobre &ldquo;Digital. Llengua P4 - Mini Tribu (2017)&rdquo;\" rel=\"nofollow\" data-success_message=\"\">Llegeix m\u00e9s<\/a>\t<span id=\"woocommerce_loop_add_to_cart_link_describedby_83003\" class=\"screen-reader-text\">\n\t\t\t<\/span>\n<h2 class=\"woocommerce-loop-product__title\">Digital. Llengua P4 &#8211; Mini Tribu (2017)<\/h2><\/li>\r\n\r\n<li class=\"post-82993 product type-product status-publish has-post-thumbnail product_cat-catalunya-ca product_cat-comunidad-de-valencia-ca product_cat-illes-balears-ca pa_asignatura-matematiques-ca pa_format-llibre-digital-ca pa_idioma-catalan-ca pa_project-minitribu-cat-ca  outofstock virtual taxable purchasable product-type-simple\">\r\n\t<a href=\"https:\/\/web.editorialteide.com\/ca\/producte\/matematiques-p4-mini-tribu-digital\/\" class=\"woocommerce-LoopProduct-link woocommerce-loop-product__link\"><img loading=\"lazy\" decoding=\"async\" width=\"260\" height=\"190\" src=\"https:\/\/web.editorialteide.com\/wp-content\/uploads\/2020\/06\/1229-8.png\" class=\"attachment-woocommerce_thumbnail size-woocommerce_thumbnail\" alt=\"Digital. Matem\u00e0tiques P4 - Mini Tribu (2017)\" \/><\/a><a href=\"https:\/\/web.editorialteide.com\/ca\/producte\/matematiques-p4-mini-tribu-digital\/\" aria-describedby=\"woocommerce_loop_add_to_cart_link_describedby_82993\" data-quantity=\"1\" class=\"button product_type_simple\" data-product_id=\"82993\" data-product_sku=\"9788430794263\" aria-label=\"M\u00e9s informaci\u00f3 sobre &ldquo;Digital. Matem\u00e0tiques P4 - Mini Tribu (2017)&rdquo;\" rel=\"nofollow\" data-success_message=\"\">Llegeix m\u00e9s<\/a>\t<span id=\"woocommerce_loop_add_to_cart_link_describedby_82993\" class=\"screen-reader-text\">\n\t\t\t<\/span>\n<h2 class=\"woocommerce-loop-product__title\">Digital. Matem\u00e0tiques P4 &#8211; Mini Tribu (2017)<\/h2><\/li>\r\n\r\n<li class=\"post-112676 product type-product status-publish has-post-thumbnail product_cat-catalunya-ca product_cat-illes-balears-ca pa_format-llibre-digital-ca pa_idioma-catalan-ca pa_project-minitribu-cat-ca last outofstock virtual taxable purchasable product-type-simple\">\r\n\t<a href=\"https:\/\/web.editorialteide.com\/ca\/producte\/descoberta-de-lentorn-que-menvo-p4-dig-minitribu\/\" class=\"woocommerce-LoopProduct-link woocommerce-loop-product__link\"><img loading=\"lazy\" decoding=\"async\" width=\"1\" height=\"1\" src=\"https:\/\/web.editorialteide.com\/wp-content\/uploads\/2021\/06\/1256.png\" class=\"attachment-woocommerce_thumbnail size-woocommerce_thumbnail\" alt=\"Digital. Descoberta de l&#039;entorn - Qu\u00e8 m&#039;envolta? P4 (2018)\" \/><\/a><a href=\"https:\/\/web.editorialteide.com\/ca\/producte\/descoberta-de-lentorn-que-menvo-p4-dig-minitribu\/\" aria-describedby=\"woocommerce_loop_add_to_cart_link_describedby_112676\" data-quantity=\"1\" class=\"button product_type_simple\" data-product_id=\"112676\" data-product_sku=\"9788430793709\" aria-label=\"M\u00e9s informaci\u00f3 sobre &ldquo;Digital. Descoberta de l&#039;entorn - Qu\u00e8 m&#039;envolta? P4 (2018)&rdquo;\" rel=\"nofollow\" data-success_message=\"\">Llegeix m\u00e9s<\/a>\t<span id=\"woocommerce_loop_add_to_cart_link_describedby_112676\" class=\"screen-reader-text\">\n\t\t\t<\/span>\n<h2 class=\"woocommerce-loop-product__title\">Digital. Descoberta de l&#8217;entorn &#8211; Qu\u00e8 m&#8217;envolta? P4 (2018)<\/h2><\/li>\r\n\r\n<li class=\"post-112672 product type-product status-publish has-post-thumbnail product_cat-catalunya-ca product_cat-illes-balears-ca pa_format-llibre-digital-ca pa_idioma-catalan-ca pa_project-minitribu-cat-ca first outofstock virtual taxable purchasable product-type-simple\">\r\n\t<a href=\"https:\/\/web.editorialteide.com\/ca\/producte\/descoberta-de-lentorn-com-soc-p4-dig-minitribu\/\" class=\"woocommerce-LoopProduct-link woocommerce-loop-product__link\"><img loading=\"lazy\" decoding=\"async\" width=\"1\" height=\"1\" src=\"https:\/\/web.editorialteide.com\/wp-content\/uploads\/2021\/06\/1259.png\" class=\"attachment-woocommerce_thumbnail size-woocommerce_thumbnail\" alt=\"Digital. Descoberta de l&#039;entorn - Com s\u00f3c? P4 (2018)\" \/><\/a><a href=\"https:\/\/web.editorialteide.com\/ca\/producte\/descoberta-de-lentorn-com-soc-p4-dig-minitribu\/\" aria-describedby=\"woocommerce_loop_add_to_cart_link_describedby_112672\" data-quantity=\"1\" class=\"button product_type_simple\" data-product_id=\"112672\" data-product_sku=\"9788430793730\" aria-label=\"M\u00e9s informaci\u00f3 sobre &ldquo;Digital. Descoberta de l&#039;entorn - Com s\u00f3c? P4 (2018)&rdquo;\" rel=\"nofollow\" data-success_message=\"\">Llegeix m\u00e9s<\/a>\t<span id=\"woocommerce_loop_add_to_cart_link_describedby_112672\" class=\"screen-reader-text\">\n\t\t\t<\/span>\n<h2 class=\"woocommerce-loop-product__title\">Digital. Descoberta de l&#8217;entorn &#8211; Com s\u00f3c? P4 (2018)<\/h2><\/li>\r\n\r\n<li class=\"post-112670 product type-product status-publish has-post-thumbnail product_cat-catalunya-ca product_cat-illes-balears-ca pa_format-llibre-digital-ca pa_idioma-catalan-ca pa_project-minitribu-cat-ca  outofstock virtual taxable purchasable product-type-simple\">\r\n\t<a href=\"https:\/\/web.editorialteide.com\/ca\/producte\/descoberta-de-lentorn-com-hem-se-p4-dig-minitribu\/\" class=\"woocommerce-LoopProduct-link woocommerce-loop-product__link\"><img loading=\"lazy\" decoding=\"async\" width=\"1\" height=\"1\" src=\"https:\/\/web.editorialteide.com\/wp-content\/uploads\/2021\/06\/1220.png\" class=\"attachment-woocommerce_thumbnail size-woocommerce_thumbnail\" alt=\"Digital. Descoberta de l&#039;entorn - Com em sento? P4 (2018)\" \/><\/a><a href=\"https:\/\/web.editorialteide.com\/ca\/producte\/descoberta-de-lentorn-com-hem-se-p4-dig-minitribu\/\" aria-describedby=\"woocommerce_loop_add_to_cart_link_describedby_112670\" data-quantity=\"1\" class=\"button product_type_simple\" data-product_id=\"112670\" data-product_sku=\"9788430794171\" aria-label=\"M\u00e9s informaci\u00f3 sobre &ldquo;Digital. Descoberta de l&#039;entorn - Com em sento? P4 (2018)&rdquo;\" rel=\"nofollow\" data-success_message=\"\">Llegeix m\u00e9s<\/a>\t<span id=\"woocommerce_loop_add_to_cart_link_describedby_112670\" class=\"screen-reader-text\">\n\t\t\t<\/span>\n<h2 class=\"woocommerce-loop-product__title\">Digital. Descoberta de l&#8217;entorn &#8211; Com em sento? P4 (2018)<\/h2><\/li>\r\n\r\n<\/ul>\n<\/div>[\/vc_column][\/vc_row]<\/p>\n","protected":false},"excerpt":{"rendered":"<p>[vc_row][vc_column][\/vc_column][\/vc_row]<\/p>\n","protected":false},"author":3,"featured_media":0,"parent":0,"menu_order":0,"comment_status":"closed","ping_status":"closed","template":"","meta":{"footnotes":"","_links_to":"","_links_to_target":""},"class_list":["post-146535","page","type-page","status-publish","hentry"],"_links":{"self":[{"href":"https:\/\/web.editorialteide.com\/ca\/wp-json\/wp\/v2\/pages\/146535","targetHints":{"allow":["GET"]}}],"collection":[{"href":"https:\/\/web.editorialteide.com\/ca\/wp-json\/wp\/v2\/pages"}],"about":[{"href":"https:\/\/web.editorialteide.com\/ca\/wp-json\/wp\/v2\/types\/page"}],"author":[{"embeddable":true,"href":"https:\/\/web.editorialteide.com\/ca\/wp-json\/wp\/v2\/users\/3"}],"replies":[{"embeddable":true,"href":"https:\/\/web.editorialteide.com\/ca\/wp-json\/wp\/v2\/comments?post=146535"}],"version-history":[{"count":3,"href":"https:\/\/web.editorialteide.com\/ca\/wp-json\/wp\/v2\/pages\/146535\/revisions"}],"predecessor-version":[{"id":155000,"href":"https:\/\/web.editorialteide.com\/ca\/wp-json\/wp\/v2\/pages\/146535\/revisions\/155000"}],"wp:attachment":[{"href":"https:\/\/web.editorialteide.com\/ca\/wp-json\/wp\/v2\/media?parent=146535"}],"curies":[{"name":"wp","href":"https:\/\/api.w.org\/{rel}","templated":true}]}}