{"id":146538,"date":"2020-06-04T15:38:53","date_gmt":"2020-06-04T14:38:53","guid":{"rendered":"http:\/\/web.editorialteide.com\/?page_id=146538"},"modified":"2020-06-05T12:33:38","modified_gmt":"2020-06-05T11:33:38","slug":"cataleg-infantil-5-anys","status":"publish","type":"page","link":"https:\/\/web.editorialteide.com\/ca\/cataleg-infantil-5-anys\/","title":{"rendered":"Cat\u00e0leg Infantil 5 anys"},"content":{"rendered":"<p>[vc_row][vc_column]<div class=\"woocommerce columns-3 \"><ul class=\"products columns-3\">\n<li class=\"post-82999 product type-product status-publish has-post-thumbnail product_cat-catalunya-ca product_cat-illes-balears-ca pa_asignatura-llengua-ca pa_format-llibre-digital-ca pa_idioma-castellano-ca pa_project-minitribu-cat-ca first outofstock virtual taxable purchasable product-type-simple\">\r\n\t<a href=\"https:\/\/web.editorialteide.com\/ca\/producte\/llengua-p5-mini-tribu-digital\/\" class=\"woocommerce-LoopProduct-link woocommerce-loop-product__link\"><img loading=\"lazy\" decoding=\"async\" width=\"260\" height=\"190\" src=\"https:\/\/web.editorialteide.com\/wp-content\/uploads\/2020\/06\/1213-7.png\" class=\"attachment-woocommerce_thumbnail size-woocommerce_thumbnail\" alt=\"Digital. Llengua P5 - Mini Tribu (2017)\" \/><\/a><a href=\"https:\/\/web.editorialteide.com\/ca\/producte\/llengua-p5-mini-tribu-digital\/\" aria-describedby=\"woocommerce_loop_add_to_cart_link_describedby_82999\" data-quantity=\"1\" class=\"button product_type_simple\" data-product_id=\"82999\" data-product_sku=\"9788430793662\" aria-label=\"M\u00e9s informaci\u00f3 sobre &ldquo;Digital. Llengua P5 - Mini Tribu (2017)&rdquo;\" rel=\"nofollow\" data-success_message=\"\">Llegeix m\u00e9s<\/a>\t<span id=\"woocommerce_loop_add_to_cart_link_describedby_82999\" class=\"screen-reader-text\">\n\t\t\t<\/span>\n<h2 class=\"woocommerce-loop-product__title\">Digital. Llengua P5 &#8211; Mini Tribu (2017)<\/h2><\/li>\r\n\r\n<li class=\"post-82991 product type-product status-publish has-post-thumbnail product_cat-catalunya-ca product_cat-comunidad-de-valencia-ca product_cat-illes-balears-ca pa_asignatura-matematiques-ca pa_format-llibre-digital-ca pa_idioma-catalan-ca pa_project-minitribu-cat-ca  outofstock virtual taxable purchasable product-type-simple\">\r\n\t<a href=\"https:\/\/web.editorialteide.com\/ca\/producte\/matematiques-p5-mini-tribu-digital\/\" class=\"woocommerce-LoopProduct-link woocommerce-loop-product__link\"><img loading=\"lazy\" decoding=\"async\" width=\"260\" height=\"190\" src=\"https:\/\/web.editorialteide.com\/wp-content\/uploads\/2020\/06\/1232-8.png\" class=\"attachment-woocommerce_thumbnail size-woocommerce_thumbnail\" alt=\"Digital. Matem\u00e0tiques P5 - Mini Tribu (2017)\" \/><\/a><a href=\"https:\/\/web.editorialteide.com\/ca\/producte\/matematiques-p5-mini-tribu-digital\/\" aria-describedby=\"woocommerce_loop_add_to_cart_link_describedby_82991\" data-quantity=\"1\" class=\"button product_type_simple\" data-product_id=\"82991\" data-product_sku=\"9788430794294\" aria-label=\"M\u00e9s informaci\u00f3 sobre &ldquo;Digital. Matem\u00e0tiques P5 - Mini Tribu (2017)&rdquo;\" rel=\"nofollow\" data-success_message=\"\">Llegeix m\u00e9s<\/a>\t<span id=\"woocommerce_loop_add_to_cart_link_describedby_82991\" class=\"screen-reader-text\">\n\t\t\t<\/span>\n<h2 class=\"woocommerce-loop-product__title\">Digital. Matem\u00e0tiques P5 &#8211; Mini Tribu (2017)<\/h2><\/li>\r\n\r\n<li class=\"post-112675 product type-product status-publish has-post-thumbnail product_cat-catalunya-ca product_cat-illes-balears-ca pa_format-llibre-digital-ca pa_idioma-catalan-ca pa_project-minitribu-cat-ca last outofstock virtual taxable purchasable product-type-simple\">\r\n\t<a href=\"https:\/\/web.editorialteide.com\/ca\/producte\/descoberta-de-lentorn-el-temps-p5-dig-minitribu\/\" class=\"woocommerce-LoopProduct-link woocommerce-loop-product__link\"><img loading=\"lazy\" decoding=\"async\" width=\"1\" height=\"1\" src=\"https:\/\/web.editorialteide.com\/wp-content\/uploads\/2021\/06\/1262_.png\" class=\"attachment-woocommerce_thumbnail size-woocommerce_thumbnail\" alt=\"Digital. Descoberta de l&#039;entorn - El temps P5 (2018)\" \/><\/a><a href=\"https:\/\/web.editorialteide.com\/ca\/producte\/descoberta-de-lentorn-el-temps-p5-dig-minitribu\/\" aria-describedby=\"woocommerce_loop_add_to_cart_link_describedby_112675\" data-quantity=\"1\" class=\"button product_type_simple\" data-product_id=\"112675\" data-product_sku=\"9788430793716\" aria-label=\"M\u00e9s informaci\u00f3 sobre &ldquo;Digital. Descoberta de l&#039;entorn - El temps P5 (2018)&rdquo;\" rel=\"nofollow\" data-success_message=\"\">Llegeix m\u00e9s<\/a>\t<span id=\"woocommerce_loop_add_to_cart_link_describedby_112675\" class=\"screen-reader-text\">\n\t\t\t<\/span>\n<h2 class=\"woocommerce-loop-product__title\">Digital. Descoberta de l&#8217;entorn &#8211; El temps P5 (2018)<\/h2><\/li>\r\n\r\n<li class=\"post-112673 product type-product status-publish has-post-thumbnail product_cat-catalunya-ca product_cat-illes-balears-ca pa_format-llibre-digital-ca pa_idioma-catalan-ca pa_project-minitribu-cat-ca first outofstock virtual taxable purchasable product-type-simple\">\r\n\t<a href=\"https:\/\/web.editorialteide.com\/ca\/producte\/descoberta-de-lentorn-cavernicol-p5-dig-minitribu\/\" class=\"woocommerce-LoopProduct-link woocommerce-loop-product__link\"><img loading=\"lazy\" decoding=\"async\" width=\"1\" height=\"1\" src=\"https:\/\/web.editorialteide.com\/wp-content\/uploads\/2021\/06\/1265_.png\" class=\"attachment-woocommerce_thumbnail size-woocommerce_thumbnail\" alt=\"Digital. Descoberta de l&#039;entorn - Cavern\u00edcoles P5 (2018)\" \/><\/a><a href=\"https:\/\/web.editorialteide.com\/ca\/producte\/descoberta-de-lentorn-cavernicol-p5-dig-minitribu\/\" aria-describedby=\"woocommerce_loop_add_to_cart_link_describedby_112673\" data-quantity=\"1\" class=\"button product_type_simple\" data-product_id=\"112673\" data-product_sku=\"9788430793747\" aria-label=\"M\u00e9s informaci\u00f3 sobre &ldquo;Digital. Descoberta de l&#039;entorn - Cavern\u00edcoles P5 (2018)&rdquo;\" rel=\"nofollow\" data-success_message=\"\">Llegeix m\u00e9s<\/a>\t<span id=\"woocommerce_loop_add_to_cart_link_describedby_112673\" class=\"screen-reader-text\">\n\t\t\t<\/span>\n<h2 class=\"woocommerce-loop-product__title\">Digital. Descoberta de l&#8217;entorn &#8211; Cavern\u00edcoles P5 (2018)<\/h2><\/li>\r\n\r\n<li class=\"post-112669 product type-product status-publish has-post-thumbnail product_cat-catalunya-ca product_cat-illes-balears-ca pa_format-llibre-digital-ca pa_idioma-catalan-ca pa_project-minitribu-cat-ca  outofstock virtual taxable purchasable product-type-simple\">\r\n\t<a href=\"https:\/\/web.editorialteide.com\/ca\/producte\/descoberta-de-lentorn-que-mengem-p5-dig-minitribu\/\" class=\"woocommerce-LoopProduct-link woocommerce-loop-product__link\"><img loading=\"lazy\" decoding=\"async\" width=\"1\" height=\"1\" src=\"https:\/\/web.editorialteide.com\/wp-content\/uploads\/2021\/06\/1223_.png\" class=\"attachment-woocommerce_thumbnail size-woocommerce_thumbnail\" alt=\"Digital. Descoberta de l&#039;entorn - Qu\u00e8 mengem? P5 (2018)\" \/><\/a><a href=\"https:\/\/web.editorialteide.com\/ca\/producte\/descoberta-de-lentorn-que-mengem-p5-dig-minitribu\/\" aria-describedby=\"woocommerce_loop_add_to_cart_link_describedby_112669\" data-quantity=\"1\" class=\"button product_type_simple\" data-product_id=\"112669\" data-product_sku=\"9788430794201\" aria-label=\"M\u00e9s informaci\u00f3 sobre &ldquo;Digital. Descoberta de l&#039;entorn - Qu\u00e8 mengem? P5 (2018)&rdquo;\" rel=\"nofollow\" data-success_message=\"\">Llegeix m\u00e9s<\/a>\t<span id=\"woocommerce_loop_add_to_cart_link_describedby_112669\" class=\"screen-reader-text\">\n\t\t\t<\/span>\n<h2 class=\"woocommerce-loop-product__title\">Digital. Descoberta de l&#8217;entorn &#8211; Qu\u00e8 mengem? P5 (2018)<\/h2><\/li>\r\n\r\n<\/ul>\n<\/div>[\/vc_column][\/vc_row]<\/p>\n","protected":false},"excerpt":{"rendered":"<p>[vc_row][vc_column][\/vc_column][\/vc_row]<\/p>\n","protected":false},"author":3,"featured_media":0,"parent":0,"menu_order":0,"comment_status":"closed","ping_status":"closed","template":"","meta":{"footnotes":"","_links_to":"","_links_to_target":""},"class_list":["post-146538","page","type-page","status-publish","hentry"],"_links":{"self":[{"href":"https:\/\/web.editorialteide.com\/ca\/wp-json\/wp\/v2\/pages\/146538","targetHints":{"allow":["GET"]}}],"collection":[{"href":"https:\/\/web.editorialteide.com\/ca\/wp-json\/wp\/v2\/pages"}],"about":[{"href":"https:\/\/web.editorialteide.com\/ca\/wp-json\/wp\/v2\/types\/page"}],"author":[{"embeddable":true,"href":"https:\/\/web.editorialteide.com\/ca\/wp-json\/wp\/v2\/users\/3"}],"replies":[{"embeddable":true,"href":"https:\/\/web.editorialteide.com\/ca\/wp-json\/wp\/v2\/comments?post=146538"}],"version-history":[{"count":0,"href":"https:\/\/web.editorialteide.com\/ca\/wp-json\/wp\/v2\/pages\/146538\/revisions"}],"wp:attachment":[{"href":"https:\/\/web.editorialteide.com\/ca\/wp-json\/wp\/v2\/media?parent=146538"}],"curies":[{"name":"wp","href":"https:\/\/api.w.org\/{rel}","templated":true}]}}