{"id":146541,"date":"2020-06-05T08:29:44","date_gmt":"2020-06-05T07:29:44","guid":{"rendered":"http:\/\/web.editorialteide.com\/?page_id=146541"},"modified":"2020-06-09T17:00:41","modified_gmt":"2020-06-09T16:00:41","slug":"cataleg-primaria-primer","status":"publish","type":"page","link":"https:\/\/web.editorialteide.com\/ca\/cataleg-primaria-primer\/","title":{"rendered":"Cat\u00e0leg Prim\u00e0ria &#8211; Primer"},"content":{"rendered":"<p>[vc_row][vc_column]<div class=\"woocommerce columns-5 \"><ul class=\"products columns-5\">\n<li class=\"post-83425 product type-product status-publish has-post-thumbnail product_cat-catalunya-ca product_cat-illes-balears-ca pa_asignatura-matematiques-ca pa_format-llibre-digital-ca pa_idioma-catalan-ca pa_project-duna-catala-ca pa_project-duna-valencia-teidedigital-ca first outofstock virtual taxable purchasable product-type-simple\">\r\n\t<a href=\"https:\/\/web.editorialteide.com\/ca\/producte\/matematiques-1-epo-duna-dig\/\" class=\"woocommerce-LoopProduct-link woocommerce-loop-product__link\"><img loading=\"lazy\" decoding=\"async\" width=\"247\" height=\"314\" src=\"https:\/\/web.editorialteide.com\/wp-content\/uploads\/2018\/06\/9584.png\" class=\"attachment-woocommerce_thumbnail size-woocommerce_thumbnail\" alt=\"Matematiques 1 EPO Duna dig.\" srcset=\"https:\/\/web.editorialteide.com\/wp-content\/uploads\/2018\/06\/9584.png 247w, https:\/\/web.editorialteide.com\/wp-content\/uploads\/2018\/06\/9584-236x300.png 236w\" sizes=\"auto, (max-width: 247px) 100vw, 247px\" \/><\/a><a href=\"https:\/\/web.editorialteide.com\/ca\/producte\/matematiques-1-epo-duna-dig\/\" aria-describedby=\"woocommerce_loop_add_to_cart_link_describedby_83425\" data-quantity=\"1\" class=\"button product_type_simple\" data-product_id=\"83425\" data-product_sku=\"9788430795840\" aria-label=\"M\u00e9s informaci\u00f3 sobre &ldquo;Digital. Matem\u00e0tiques 1 EPO Duna (2015)&rdquo;\" rel=\"nofollow\" data-success_message=\"\">Llegeix m\u00e9s<\/a>\t<span id=\"woocommerce_loop_add_to_cart_link_describedby_83425\" class=\"screen-reader-text\">\n\t\t\t<\/span>\n<h2 class=\"woocommerce-loop-product__title\">Digital. Matem\u00e0tiques 1 EPO Duna (2015)<\/h2><\/li>\r\n\r\n<li class=\"post-83423 product type-product status-publish has-post-thumbnail product_cat-catalunya-ca product_cat-illes-balears-ca pa_asignatura-llengua-ca pa_format-llibre-digital-ca pa_idioma-catalan-ca pa_project-duna-catala-ca  outofstock virtual taxable purchasable product-type-simple\">\r\n\t<a href=\"https:\/\/web.editorialteide.com\/ca\/producte\/llengua-1-epo-duna-dig\/\" class=\"woocommerce-LoopProduct-link woocommerce-loop-product__link\"><img loading=\"lazy\" decoding=\"async\" width=\"247\" height=\"314\" src=\"https:\/\/web.editorialteide.com\/wp-content\/uploads\/2018\/06\/9586.png\" class=\"attachment-woocommerce_thumbnail size-woocommerce_thumbnail\" alt=\"Llengua 1 EPO Duna dig.\" srcset=\"https:\/\/web.editorialteide.com\/wp-content\/uploads\/2018\/06\/9586.png 247w, https:\/\/web.editorialteide.com\/wp-content\/uploads\/2018\/06\/9586-236x300.png 236w\" sizes=\"auto, (max-width: 247px) 100vw, 247px\" \/><\/a><a href=\"https:\/\/web.editorialteide.com\/ca\/producte\/llengua-1-epo-duna-dig\/\" aria-describedby=\"woocommerce_loop_add_to_cart_link_describedby_83423\" data-quantity=\"1\" class=\"button product_type_simple\" data-product_id=\"83423\" data-product_sku=\"9788430795864\" aria-label=\"M\u00e9s informaci\u00f3 sobre &ldquo;Digital. Llengua 1 EPO Duna (2015)&rdquo;\" rel=\"nofollow\" data-success_message=\"\">Llegeix m\u00e9s<\/a>\t<span id=\"woocommerce_loop_add_to_cart_link_describedby_83423\" class=\"screen-reader-text\">\n\t\t\t<\/span>\n<h2 class=\"woocommerce-loop-product__title\">Digital. Llengua 1 EPO Duna (2015)<\/h2><\/li>\r\n\r\n<li class=\"post-117954 product type-product status-publish has-post-thumbnail product_cat-catalunya-ca product_cat-comunidad-de-valencia-ca product_cat-illes-balears-ca pa_asignatura-matematiques-ca pa_format-llibre-digital-ca  outofstock virtual taxable purchasable product-type-simple\">\r\n\t<a href=\"https:\/\/web.editorialteide.com\/ca\/producte\/matematiques-1-epo-emocionat-coneixem-i-trandig\/\" class=\"woocommerce-LoopProduct-link woocommerce-loop-product__link\"><img loading=\"lazy\" decoding=\"async\" width=\"300\" height=\"382\" src=\"https:\/\/web.editorialteide.com\/wp-content\/uploads\/2019\/07\/9451-1-300x382.jpg\" class=\"attachment-woocommerce_thumbnail size-woocommerce_thumbnail\" alt=\"Digital. Matem\u00e0tiques 1 - Coneixem i transformem els nombres - Emociona&#039;t\" srcset=\"https:\/\/web.editorialteide.com\/wp-content\/uploads\/2019\/07\/9451-1-300x382.jpg 300w, https:\/\/web.editorialteide.com\/wp-content\/uploads\/2019\/07\/9451-1-236x300.jpg 236w, https:\/\/web.editorialteide.com\/wp-content\/uploads\/2019\/07\/9451-1.jpg 360w\" sizes=\"auto, (max-width: 300px) 100vw, 300px\" \/><\/a><a href=\"https:\/\/web.editorialteide.com\/ca\/producte\/matematiques-1-epo-emocionat-coneixem-i-trandig\/\" aria-describedby=\"woocommerce_loop_add_to_cart_link_describedby_117954\" data-quantity=\"1\" class=\"button product_type_simple\" data-product_id=\"117954\" data-product_sku=\"9788430794515\" aria-label=\"M\u00e9s informaci\u00f3 sobre &ldquo;Digital. Matem\u00e0tiques 1 - Coneixem i transformem els nombres - Emociona&#039;t&rdquo;\" rel=\"nofollow\" data-success_message=\"\">Llegeix m\u00e9s<\/a>\t<span id=\"woocommerce_loop_add_to_cart_link_describedby_117954\" class=\"screen-reader-text\">\n\t\t\t<\/span>\n<h2 class=\"woocommerce-loop-product__title\">Digital. Matem\u00e0tiques 1 &#8211; Coneixem i transformem els nombres &#8211; Emociona&#8217;t<\/h2><\/li>\r\n\r\n<li class=\"post-117952 product type-product status-publish has-post-thumbnail product_cat-catalunya-ca product_cat-comunidad-de-valencia-ca product_cat-illes-balears-ca pa_asignatura-matematiques-ca pa_format-llibre-digital-ca pa_idioma-catalan-ca  outofstock virtual taxable purchasable product-type-simple\">\r\n\t<a href=\"https:\/\/web.editorialteide.com\/ca\/producte\/matematiques-1-epo-emocionat-resolucio-probldig\/\" class=\"woocommerce-LoopProduct-link woocommerce-loop-product__link\"><img loading=\"lazy\" decoding=\"async\" width=\"300\" height=\"373\" src=\"https:\/\/web.editorialteide.com\/wp-content\/uploads\/2019\/07\/9452-300x373.jpg\" class=\"attachment-woocommerce_thumbnail size-woocommerce_thumbnail\" alt=\"Digital. Matem\u00e0tiques 1 - Investiguem: Resoluci\u00f3 de problemes - Emociona&#039;t\" srcset=\"https:\/\/web.editorialteide.com\/wp-content\/uploads\/2019\/07\/9452-300x373.jpg 300w, https:\/\/web.editorialteide.com\/wp-content\/uploads\/2019\/07\/9452-242x300.jpg 242w, https:\/\/web.editorialteide.com\/wp-content\/uploads\/2019\/07\/9452.jpg 360w\" sizes=\"auto, (max-width: 300px) 100vw, 300px\" \/><\/a><a href=\"https:\/\/web.editorialteide.com\/ca\/producte\/matematiques-1-epo-emocionat-resolucio-probldig\/\" aria-describedby=\"woocommerce_loop_add_to_cart_link_describedby_117952\" data-quantity=\"1\" class=\"button product_type_simple\" data-product_id=\"117952\" data-product_sku=\"9788430794522\" aria-label=\"M\u00e9s informaci\u00f3 sobre &ldquo;Digital. Matem\u00e0tiques 1 - Investiguem: Resoluci\u00f3 de problemes - Emociona&#039;t&rdquo;\" rel=\"nofollow\" data-success_message=\"\">Llegeix m\u00e9s<\/a>\t<span id=\"woocommerce_loop_add_to_cart_link_describedby_117952\" class=\"screen-reader-text\">\n\t\t\t<\/span>\n<h2 class=\"woocommerce-loop-product__title\">Digital. Matem\u00e0tiques 1 &#8211; Investiguem: Resoluci\u00f3 de problemes &#8211; Emociona&#8217;t<\/h2><\/li>\r\n\r\n<li class=\"post-117950 product type-product status-publish has-post-thumbnail product_cat-catalunya-ca product_cat-illes-balears-ca pa_asignatura-matematiques-ca pa_format-llibre-digital-ca pa_idioma-catalan-ca last outofstock virtual taxable purchasable product-type-simple\">\r\n\t<a href=\"https:\/\/web.editorialteide.com\/ca\/producte\/matematiques-1-epo-emocionat-espai-i-formadig\/\" class=\"woocommerce-LoopProduct-link woocommerce-loop-product__link\"><img loading=\"lazy\" decoding=\"async\" width=\"300\" height=\"373\" src=\"https:\/\/web.editorialteide.com\/wp-content\/uploads\/2019\/07\/9453-300x373.jpg\" class=\"attachment-woocommerce_thumbnail size-woocommerce_thumbnail\" alt=\"Digital. Matem\u00e0tiques 1 - Espai i forma - Emociona&#039;t\" srcset=\"https:\/\/web.editorialteide.com\/wp-content\/uploads\/2019\/07\/9453-300x373.jpg 300w, https:\/\/web.editorialteide.com\/wp-content\/uploads\/2019\/07\/9453-242x300.jpg 242w, https:\/\/web.editorialteide.com\/wp-content\/uploads\/2019\/07\/9453.jpg 360w\" sizes=\"auto, (max-width: 300px) 100vw, 300px\" \/><\/a><a href=\"https:\/\/web.editorialteide.com\/ca\/producte\/matematiques-1-epo-emocionat-espai-i-formadig\/\" aria-describedby=\"woocommerce_loop_add_to_cart_link_describedby_117950\" data-quantity=\"1\" class=\"button product_type_simple\" data-product_id=\"117950\" data-product_sku=\"9788430794539\" aria-label=\"M\u00e9s informaci\u00f3 sobre &ldquo;Digital. Matem\u00e0tiques 1 - Espai i forma - Emociona&#039;t&rdquo;\" rel=\"nofollow\" data-success_message=\"\">Llegeix m\u00e9s<\/a>\t<span id=\"woocommerce_loop_add_to_cart_link_describedby_117950\" class=\"screen-reader-text\">\n\t\t\t<\/span>\n<h2 class=\"woocommerce-loop-product__title\">Digital. Matem\u00e0tiques 1 &#8211; Espai i forma &#8211; Emociona&#8217;t<\/h2><\/li>\r\n\r\n<li class=\"post-117951 product type-product status-publish has-post-thumbnail product_cat-catalunya-ca product_cat-comunidad-de-valencia-ca product_cat-illes-balears-ca pa_asignatura-matematiques-ca pa_format-llibre-digital-ca pa_idioma-catalan-ca first outofstock virtual taxable purchasable product-type-simple\">\r\n\t<a href=\"https:\/\/web.editorialteide.com\/ca\/producte\/matematiques-1-epo-emocionat-estrategies-caldig\/\" class=\"woocommerce-LoopProduct-link woocommerce-loop-product__link\"><img loading=\"lazy\" decoding=\"async\" width=\"247\" height=\"314\" src=\"https:\/\/web.editorialteide.com\/wp-content\/uploads\/2020\/06\/3783.png\" class=\"attachment-woocommerce_thumbnail size-woocommerce_thumbnail\" alt=\"Digital. Matem\u00e0tiques 1 - Estrat\u00e8gies de c\u00e0lcul - Emociona&#039;t\" srcset=\"https:\/\/web.editorialteide.com\/wp-content\/uploads\/2020\/06\/3783.png 247w, https:\/\/web.editorialteide.com\/wp-content\/uploads\/2020\/06\/3783-236x300.png 236w\" sizes=\"auto, (max-width: 247px) 100vw, 247px\" \/><\/a><a href=\"https:\/\/web.editorialteide.com\/ca\/producte\/matematiques-1-epo-emocionat-estrategies-caldig\/\" aria-describedby=\"woocommerce_loop_add_to_cart_link_describedby_117951\" data-quantity=\"1\" class=\"button product_type_simple\" data-product_id=\"117951\" data-product_sku=\"9788430794546\" aria-label=\"M\u00e9s informaci\u00f3 sobre &ldquo;Digital. Matem\u00e0tiques 1 - Estrat\u00e8gies de c\u00e0lcul - Emociona&#039;t&rdquo;\" rel=\"nofollow\" data-success_message=\"\">Llegeix m\u00e9s<\/a>\t<span id=\"woocommerce_loop_add_to_cart_link_describedby_117951\" class=\"screen-reader-text\">\n\t\t\t<\/span>\n<h2 class=\"woocommerce-loop-product__title\">Digital. Matem\u00e0tiques 1 &#8211; Estrat\u00e8gies de c\u00e0lcul &#8211; Emociona&#8217;t<\/h2><\/li>\r\n\r\n<li class=\"post-118044 product type-product status-publish has-post-thumbnail product_cat-catalunya-ca product_cat-comunidad-de-valencia-ca product_cat-illes-balears-ca pa_asignatura-coneixement-del-medi pa_curso-1-epo-ca pa_format-llibre-digital-ca pa_idioma-catalan-ca  outofstock virtual taxable purchasable product-type-simple\">\r\n\t<a href=\"https:\/\/web.editorialteide.com\/ca\/producte\/c-naturals-1-epo-emocionat-qui-no-corre-voladig\/\" class=\"woocommerce-LoopProduct-link woocommerce-loop-product__link\"><img loading=\"lazy\" decoding=\"async\" width=\"247\" height=\"314\" src=\"https:\/\/web.editorialteide.com\/wp-content\/uploads\/2020\/06\/3847-1.png\" class=\"attachment-woocommerce_thumbnail size-woocommerce_thumbnail\" alt=\"C.Naturals 1 Emociona&#039;t: Qui no corre vola (dig)\" srcset=\"https:\/\/web.editorialteide.com\/wp-content\/uploads\/2020\/06\/3847-1.png 247w, https:\/\/web.editorialteide.com\/wp-content\/uploads\/2020\/06\/3847-1-236x300.png 236w\" sizes=\"auto, (max-width: 247px) 100vw, 247px\" \/><\/a><a href=\"https:\/\/web.editorialteide.com\/ca\/producte\/c-naturals-1-epo-emocionat-qui-no-corre-voladig\/\" aria-describedby=\"woocommerce_loop_add_to_cart_link_describedby_118044\" data-quantity=\"1\" class=\"button product_type_simple\" data-product_id=\"118044\" data-product_sku=\"9788430794379\" aria-label=\"M\u00e9s informaci\u00f3 sobre &ldquo;Digital. Ci\u00e8ncies Naturals 1 - Qui no corre vola. Emociona&#039;t&rdquo;\" rel=\"nofollow\" data-success_message=\"\">Llegeix m\u00e9s<\/a>\t<span id=\"woocommerce_loop_add_to_cart_link_describedby_118044\" class=\"screen-reader-text\">\n\t\t\t<\/span>\n<h2 class=\"woocommerce-loop-product__title\">Digital. Ci\u00e8ncies Naturals 1 &#8211; Qui no corre vola. Emociona&#8217;t<\/h2><\/li>\r\n\r\n<li class=\"post-118045 product type-product status-publish has-post-thumbnail product_cat-catalunya-ca product_cat-comunidad-de-valencia-ca product_cat-illes-balears-ca pa_asignatura-coneixement-del-medi pa_curso-1-epo-ca pa_format-llibre-digital-ca pa_idioma-catalan-ca  outofstock virtual taxable purchasable product-type-simple\">\r\n\t<a href=\"https:\/\/web.editorialteide.com\/ca\/producte\/c-naturals-1-epo-emocionat-atximsalut-dig\/\" class=\"woocommerce-LoopProduct-link woocommerce-loop-product__link\"><img loading=\"lazy\" decoding=\"async\" width=\"247\" height=\"314\" src=\"https:\/\/web.editorialteide.com\/wp-content\/uploads\/2020\/06\/3848-1.png\" class=\"attachment-woocommerce_thumbnail size-woocommerce_thumbnail\" alt=\"C.Naturals 1 Emociona&#039;t: Atxim!Salut! (dig)    \" srcset=\"https:\/\/web.editorialteide.com\/wp-content\/uploads\/2020\/06\/3848-1.png 247w, https:\/\/web.editorialteide.com\/wp-content\/uploads\/2020\/06\/3848-1-236x300.png 236w\" sizes=\"auto, (max-width: 247px) 100vw, 247px\" \/><\/a><a href=\"https:\/\/web.editorialteide.com\/ca\/producte\/c-naturals-1-epo-emocionat-atximsalut-dig\/\" aria-describedby=\"woocommerce_loop_add_to_cart_link_describedby_118045\" data-quantity=\"1\" class=\"button product_type_simple\" data-product_id=\"118045\" data-product_sku=\"9788430794386\" aria-label=\"M\u00e9s informaci\u00f3 sobre &ldquo;Digital. Ci\u00e8ncies Naturals 1 - Atxim! Salut! Emociona&#039;t&rdquo;\" rel=\"nofollow\" data-success_message=\"\">Llegeix m\u00e9s<\/a>\t<span id=\"woocommerce_loop_add_to_cart_link_describedby_118045\" class=\"screen-reader-text\">\n\t\t\t<\/span>\n<h2 class=\"woocommerce-loop-product__title\">Digital. Ci\u00e8ncies Naturals 1 &#8211; Atxim! Salut! Emociona&#8217;t<\/h2><\/li>\r\n\r\n<li class=\"post-118043 product type-product status-publish has-post-thumbnail product_cat-catalunya-ca product_cat-comunidad-de-valencia-ca product_cat-illes-balears-ca pa_asignatura-coneixement-del-medi pa_curso-1-epo-ca pa_format-llibre-digital-ca pa_idioma-catalan-ca  outofstock virtual taxable purchasable product-type-simple\">\r\n\t<a href=\"https:\/\/web.editorialteide.com\/ca\/producte\/c-socials-1-epo-emocionat-torma-i-gira-dig\/\" class=\"woocommerce-LoopProduct-link woocommerce-loop-product__link\"><img loading=\"lazy\" decoding=\"async\" width=\"247\" height=\"314\" src=\"https:\/\/web.editorialteide.com\/wp-content\/uploads\/2020\/06\/3849-1.png\" class=\"attachment-woocommerce_thumbnail size-woocommerce_thumbnail\" alt=\"C.Socials 1 Emociona&#039;t: Torma i Gira (dig)\" srcset=\"https:\/\/web.editorialteide.com\/wp-content\/uploads\/2020\/06\/3849-1.png 247w, https:\/\/web.editorialteide.com\/wp-content\/uploads\/2020\/06\/3849-1-236x300.png 236w\" sizes=\"auto, (max-width: 247px) 100vw, 247px\" \/><\/a><a href=\"https:\/\/web.editorialteide.com\/ca\/producte\/c-socials-1-epo-emocionat-torma-i-gira-dig\/\" aria-describedby=\"woocommerce_loop_add_to_cart_link_describedby_118043\" data-quantity=\"1\" class=\"button product_type_simple\" data-product_id=\"118043\" data-product_sku=\"9788430794393\" aria-label=\"M\u00e9s informaci\u00f3 sobre &ldquo;Digital. Ci\u00e8ncies Socials 1 - Tomba i Gira. Emociona&#039;t&rdquo;\" rel=\"nofollow\" data-success_message=\"\">Llegeix m\u00e9s<\/a>\t<span id=\"woocommerce_loop_add_to_cart_link_describedby_118043\" class=\"screen-reader-text\">\n\t\t\t<\/span>\n<h2 class=\"woocommerce-loop-product__title\">Digital. Ci\u00e8ncies Socials 1 &#8211; Tomba i Gira. Emociona&#8217;t<\/h2><\/li>\r\n\r\n<li class=\"post-118042 product type-product status-publish has-post-thumbnail product_cat-catalunya-ca product_cat-comunidad-de-valencia-ca product_cat-illes-balears-ca pa_asignatura-coneixement-del-medi pa_curso-1-epo-ca pa_format-llibre-digital-ca pa_idioma-catalan-ca last outofstock virtual taxable purchasable product-type-simple\">\r\n\t<a href=\"https:\/\/web.editorialteide.com\/ca\/producte\/c-naturals-1-epo-emocionat-de-que-esta-fet-dig\/\" class=\"woocommerce-LoopProduct-link woocommerce-loop-product__link\"><img loading=\"lazy\" decoding=\"async\" width=\"247\" height=\"314\" src=\"https:\/\/web.editorialteide.com\/wp-content\/uploads\/2020\/06\/3850-1.png\" class=\"attachment-woocommerce_thumbnail size-woocommerce_thumbnail\" alt=\"C.Naturals 1 Emociona&#039;t: De que esta fet (dig)\" srcset=\"https:\/\/web.editorialteide.com\/wp-content\/uploads\/2020\/06\/3850-1.png 247w, https:\/\/web.editorialteide.com\/wp-content\/uploads\/2020\/06\/3850-1-236x300.png 236w\" sizes=\"auto, (max-width: 247px) 100vw, 247px\" \/><\/a><a href=\"https:\/\/web.editorialteide.com\/ca\/producte\/c-naturals-1-epo-emocionat-de-que-esta-fet-dig\/\" aria-describedby=\"woocommerce_loop_add_to_cart_link_describedby_118042\" data-quantity=\"1\" class=\"button product_type_simple\" data-product_id=\"118042\" data-product_sku=\"9788430794409\" aria-label=\"M\u00e9s informaci\u00f3 sobre &ldquo;Digital. Ci\u00e8ncies Naturals 1 - De qu\u00e8 esta fet? Emociona&#039;t&rdquo;\" rel=\"nofollow\" data-success_message=\"\">Llegeix m\u00e9s<\/a>\t<span id=\"woocommerce_loop_add_to_cart_link_describedby_118042\" class=\"screen-reader-text\">\n\t\t\t<\/span>\n<h2 class=\"woocommerce-loop-product__title\">Digital. Ci\u00e8ncies Naturals 1 &#8211; De qu\u00e8 esta fet? Emociona&#8217;t<\/h2><\/li>\r\n\r\n<li class=\"post-118040 product type-product status-publish has-post-thumbnail product_cat-catalunya-ca product_cat-comunidad-de-valencia-ca product_cat-illes-balears-ca pa_asignatura-coneixement-del-medi pa_curso-1-epo-ca pa_format-llibre-digital-ca pa_idioma-catalan-ca first outofstock virtual taxable purchasable product-type-simple\">\r\n\t<a href=\"https:\/\/web.editorialteide.com\/ca\/producte\/c-socials-1-epo-emocionat-qui-es-qui-dig\/\" class=\"woocommerce-LoopProduct-link woocommerce-loop-product__link\"><img loading=\"lazy\" decoding=\"async\" width=\"247\" height=\"314\" src=\"https:\/\/web.editorialteide.com\/wp-content\/uploads\/2020\/06\/3851-1.png\" class=\"attachment-woocommerce_thumbnail size-woocommerce_thumbnail\" alt=\"C.Socials 1 Emociona&#039;t: Qui es qui (dig)\" srcset=\"https:\/\/web.editorialteide.com\/wp-content\/uploads\/2020\/06\/3851-1.png 247w, https:\/\/web.editorialteide.com\/wp-content\/uploads\/2020\/06\/3851-1-236x300.png 236w\" sizes=\"auto, (max-width: 247px) 100vw, 247px\" \/><\/a><a href=\"https:\/\/web.editorialteide.com\/ca\/producte\/c-socials-1-epo-emocionat-qui-es-qui-dig\/\" aria-describedby=\"woocommerce_loop_add_to_cart_link_describedby_118040\" data-quantity=\"1\" class=\"button product_type_simple\" data-product_id=\"118040\" data-product_sku=\"9788430794416\" aria-label=\"M\u00e9s informaci\u00f3 sobre &ldquo;Digital. Ci\u00e8ncies Socials 1 - Qui \u00e9s qui. Emociona&#039;t&rdquo;\" rel=\"nofollow\" data-success_message=\"\">Llegeix m\u00e9s<\/a>\t<span id=\"woocommerce_loop_add_to_cart_link_describedby_118040\" class=\"screen-reader-text\">\n\t\t\t<\/span>\n<h2 class=\"woocommerce-loop-product__title\">Digital. Ci\u00e8ncies Socials 1 &#8211; Qui \u00e9s qui. Emociona&#8217;t<\/h2><\/li>\r\n\r\n<li class=\"post-118041 product type-product status-publish has-post-thumbnail product_cat-catalunya-ca product_cat-comunidad-de-valencia-ca product_cat-illes-balears-ca pa_asignatura-coneixement-del-medi pa_curso-1-epo-ca pa_format-llibre-digital-ca pa_idioma-catalan-ca  outofstock virtual taxable purchasable product-type-simple\">\r\n\t<a href=\"https:\/\/web.editorialteide.com\/ca\/producte\/c-socials-1-epo-emocionat-anys-i-panys-dig\/\" class=\"woocommerce-LoopProduct-link woocommerce-loop-product__link\"><img loading=\"lazy\" decoding=\"async\" width=\"247\" height=\"314\" src=\"https:\/\/web.editorialteide.com\/wp-content\/uploads\/2019\/07\/3852.png\" class=\"attachment-woocommerce_thumbnail size-woocommerce_thumbnail\" alt=\"ISBN: 978-84-307-9442-3\" srcset=\"https:\/\/web.editorialteide.com\/wp-content\/uploads\/2019\/07\/3852.png 247w, https:\/\/web.editorialteide.com\/wp-content\/uploads\/2019\/07\/3852-236x300.png 236w\" sizes=\"auto, (max-width: 247px) 100vw, 247px\" \/><\/a><a href=\"https:\/\/web.editorialteide.com\/ca\/producte\/c-socials-1-epo-emocionat-anys-i-panys-dig\/\" aria-describedby=\"woocommerce_loop_add_to_cart_link_describedby_118041\" data-quantity=\"1\" class=\"button product_type_simple\" data-product_id=\"118041\" data-product_sku=\"9788430794423\" aria-label=\"M\u00e9s informaci\u00f3 sobre &ldquo;Digital. Ci\u00e8ncies Socials 1 - Anys i panys. Emociona&#039;t&rdquo;\" rel=\"nofollow\" data-success_message=\"\">Llegeix m\u00e9s<\/a>\t<span id=\"woocommerce_loop_add_to_cart_link_describedby_118041\" class=\"screen-reader-text\">\n\t\t\t<\/span>\n<h2 class=\"woocommerce-loop-product__title\">Digital. Ci\u00e8ncies Socials 1 &#8211; Anys i panys. Emociona&#8217;t<\/h2><\/li>\r\n\r\n<\/ul>\n<\/div>[\/vc_column][\/vc_row]<\/p>\n","protected":false},"excerpt":{"rendered":"<p>[vc_row][vc_column][\/vc_column][\/vc_row]<\/p>\n","protected":false},"author":3,"featured_media":0,"parent":0,"menu_order":0,"comment_status":"closed","ping_status":"closed","template":"","meta":{"footnotes":"","_links_to":"","_links_to_target":""},"class_list":["post-146541","page","type-page","status-publish","hentry"],"_links":{"self":[{"href":"https:\/\/web.editorialteide.com\/ca\/wp-json\/wp\/v2\/pages\/146541","targetHints":{"allow":["GET"]}}],"collection":[{"href":"https:\/\/web.editorialteide.com\/ca\/wp-json\/wp\/v2\/pages"}],"about":[{"href":"https:\/\/web.editorialteide.com\/ca\/wp-json\/wp\/v2\/types\/page"}],"author":[{"embeddable":true,"href":"https:\/\/web.editorialteide.com\/ca\/wp-json\/wp\/v2\/users\/3"}],"replies":[{"embeddable":true,"href":"https:\/\/web.editorialteide.com\/ca\/wp-json\/wp\/v2\/comments?post=146541"}],"version-history":[{"count":0,"href":"https:\/\/web.editorialteide.com\/ca\/wp-json\/wp\/v2\/pages\/146541\/revisions"}],"wp:attachment":[{"href":"https:\/\/web.editorialteide.com\/ca\/wp-json\/wp\/v2\/media?parent=146541"}],"curies":[{"name":"wp","href":"https:\/\/api.w.org\/{rel}","templated":true}]}}