{"id":146592,"date":"2020-06-05T11:09:09","date_gmt":"2020-06-05T10:09:09","guid":{"rendered":"http:\/\/web.editorialteide.com\/?page_id=146592"},"modified":"2020-06-10T08:07:25","modified_gmt":"2020-06-10T07:07:25","slug":"cataleg-primaria-tercer","status":"publish","type":"page","link":"https:\/\/web.editorialteide.com\/ca\/cataleg-primaria-tercer\/","title":{"rendered":"Cat\u00e0leg Prim\u00e0ria &#8211; Tercer"},"content":{"rendered":"<p>[vc_row][vc_column]<div class=\"woocommerce columns-5 \"><ul class=\"products columns-5\">\n<li class=\"post-83417 product type-product status-publish has-post-thumbnail product_cat-catalunya-ca product_cat-illes-balears-ca pa_asignatura-matematiques-ca pa_format-llibre-digital-ca pa_idioma-catalan-ca pa_project-duna-catala-ca pa_project-duna-valencia-teidedigital-ca first outofstock virtual taxable purchasable product-type-simple\">\r\n\t<a href=\"https:\/\/web.editorialteide.com\/ca\/producte\/matematiques-3-epo-duna-dig\/\" class=\"woocommerce-LoopProduct-link woocommerce-loop-product__link\"><img loading=\"lazy\" decoding=\"async\" width=\"247\" height=\"314\" src=\"https:\/\/web.editorialteide.com\/wp-content\/uploads\/2018\/06\/9592.png\" class=\"attachment-woocommerce_thumbnail size-woocommerce_thumbnail\" alt=\"Matematiques 3 EPO Duna dig.\" srcset=\"https:\/\/web.editorialteide.com\/wp-content\/uploads\/2018\/06\/9592.png 247w, https:\/\/web.editorialteide.com\/wp-content\/uploads\/2018\/06\/9592-236x300.png 236w\" sizes=\"auto, (max-width: 247px) 100vw, 247px\" \/><\/a><a href=\"https:\/\/web.editorialteide.com\/ca\/producte\/matematiques-3-epo-duna-dig\/\" aria-describedby=\"woocommerce_loop_add_to_cart_link_describedby_83417\" data-quantity=\"1\" class=\"button product_type_simple\" data-product_id=\"83417\" data-product_sku=\"9788430795925\" aria-label=\"M\u00e9s informaci\u00f3 sobre &ldquo;Digital. Matem\u00e0tiques 3 EPO - Duna (Cat)(2015)&rdquo;\" rel=\"nofollow\" data-success_message=\"\">Llegeix m\u00e9s<\/a>\t<span id=\"woocommerce_loop_add_to_cart_link_describedby_83417\" class=\"screen-reader-text\">\n\t\t\t<\/span>\n<h2 class=\"woocommerce-loop-product__title\">Digital. Matem\u00e0tiques 3 EPO &#8211; Duna (Cat)(2015)<\/h2><\/li>\r\n\r\n<li class=\"post-83411 product type-product status-publish has-post-thumbnail product_cat-catalunya-ca product_cat-illes-balears-ca pa_format-llibre-digital-ca pa_idioma-catalan-ca pa_project-duna-catala-ca pa_project-duna-valencia-teidedigital-ca  outofstock virtual taxable purchasable product-type-simple\">\r\n\t<a href=\"https:\/\/web.editorialteide.com\/ca\/producte\/c-naturals-3-epo-duna-dig\/\" class=\"woocommerce-LoopProduct-link woocommerce-loop-product__link\"><img loading=\"lazy\" decoding=\"async\" width=\"247\" height=\"314\" src=\"https:\/\/web.editorialteide.com\/wp-content\/uploads\/2018\/06\/9596.png\" class=\"attachment-woocommerce_thumbnail size-woocommerce_thumbnail\" alt=\"C.Naturals 3 EPO Duna dig.\" srcset=\"https:\/\/web.editorialteide.com\/wp-content\/uploads\/2018\/06\/9596.png 247w, https:\/\/web.editorialteide.com\/wp-content\/uploads\/2018\/06\/9596-236x300.png 236w\" sizes=\"auto, (max-width: 247px) 100vw, 247px\" \/><\/a><a href=\"https:\/\/web.editorialteide.com\/ca\/producte\/c-naturals-3-epo-duna-dig\/\" aria-describedby=\"woocommerce_loop_add_to_cart_link_describedby_83411\" data-quantity=\"1\" class=\"button product_type_simple\" data-product_id=\"83411\" data-product_sku=\"9788430795963\" aria-label=\"M\u00e9s informaci\u00f3 sobre &ldquo;Digital. Ci\u00e8ncies Naturals 3 EPO - Duna (Cat)(2015)&rdquo;\" rel=\"nofollow\" data-success_message=\"\">Llegeix m\u00e9s<\/a>\t<span id=\"woocommerce_loop_add_to_cart_link_describedby_83411\" class=\"screen-reader-text\">\n\t\t\t<\/span>\n<h2 class=\"woocommerce-loop-product__title\">Digital. Ci\u00e8ncies Naturals 3 EPO &#8211; Duna (Cat)(2015)<\/h2><\/li>\r\n\r\n<li class=\"post-83409 product type-product status-publish has-post-thumbnail product_cat-catalunya-ca product_cat-illes-balears-ca pa_format-llibre-digital-ca pa_idioma-catalan-ca pa_project-duna-catala-ca  outofstock virtual taxable purchasable product-type-simple\">\r\n\t<a href=\"https:\/\/web.editorialteide.com\/ca\/producte\/c-socials-3-epo-duna-dig\/\" class=\"woocommerce-LoopProduct-link woocommerce-loop-product__link\"><img loading=\"lazy\" decoding=\"async\" width=\"247\" height=\"314\" src=\"https:\/\/web.editorialteide.com\/wp-content\/uploads\/2018\/06\/9598.png\" class=\"attachment-woocommerce_thumbnail size-woocommerce_thumbnail\" alt=\"C.Socials 3 EPO Duna dig.\" srcset=\"https:\/\/web.editorialteide.com\/wp-content\/uploads\/2018\/06\/9598.png 247w, https:\/\/web.editorialteide.com\/wp-content\/uploads\/2018\/06\/9598-236x300.png 236w\" sizes=\"auto, (max-width: 247px) 100vw, 247px\" \/><\/a><a href=\"https:\/\/web.editorialteide.com\/ca\/producte\/c-socials-3-epo-duna-dig\/\" aria-describedby=\"woocommerce_loop_add_to_cart_link_describedby_83409\" data-quantity=\"1\" class=\"button product_type_simple\" data-product_id=\"83409\" data-product_sku=\"9788430795987\" aria-label=\"M\u00e9s informaci\u00f3 sobre &ldquo;Digital. Ci\u00e8ncies Socials 3 EPO - Duna (Cat)(2015)&rdquo;\" rel=\"nofollow\" data-success_message=\"\">Llegeix m\u00e9s<\/a>\t<span id=\"woocommerce_loop_add_to_cart_link_describedby_83409\" class=\"screen-reader-text\">\n\t\t\t<\/span>\n<h2 class=\"woocommerce-loop-product__title\">Digital. Ci\u00e8ncies Socials 3 EPO &#8211; Duna (Cat)(2015)<\/h2><\/li>\r\n\r\n<\/ul>\n<\/div>[\/vc_column][\/vc_row]<\/p>\n","protected":false},"excerpt":{"rendered":"<p>[vc_row][vc_column][\/vc_column][\/vc_row]<\/p>\n","protected":false},"author":3,"featured_media":0,"parent":0,"menu_order":0,"comment_status":"closed","ping_status":"closed","template":"","meta":{"footnotes":"","_links_to":"","_links_to_target":""},"class_list":["post-146592","page","type-page","status-publish","hentry"],"_links":{"self":[{"href":"https:\/\/web.editorialteide.com\/ca\/wp-json\/wp\/v2\/pages\/146592","targetHints":{"allow":["GET"]}}],"collection":[{"href":"https:\/\/web.editorialteide.com\/ca\/wp-json\/wp\/v2\/pages"}],"about":[{"href":"https:\/\/web.editorialteide.com\/ca\/wp-json\/wp\/v2\/types\/page"}],"author":[{"embeddable":true,"href":"https:\/\/web.editorialteide.com\/ca\/wp-json\/wp\/v2\/users\/3"}],"replies":[{"embeddable":true,"href":"https:\/\/web.editorialteide.com\/ca\/wp-json\/wp\/v2\/comments?post=146592"}],"version-history":[{"count":0,"href":"https:\/\/web.editorialteide.com\/ca\/wp-json\/wp\/v2\/pages\/146592\/revisions"}],"wp:attachment":[{"href":"https:\/\/web.editorialteide.com\/ca\/wp-json\/wp\/v2\/media?parent=146592"}],"curies":[{"name":"wp","href":"https:\/\/api.w.org\/{rel}","templated":true}]}}