{"id":146596,"date":"2020-06-05T11:13:55","date_gmt":"2020-06-05T10:13:55","guid":{"rendered":"http:\/\/web.editorialteide.com\/?page_id=146596"},"modified":"2020-06-10T08:17:24","modified_gmt":"2020-06-10T07:17:24","slug":"cataleg-primaria-quart","status":"publish","type":"page","link":"https:\/\/web.editorialteide.com\/ca\/cataleg-primaria-quart\/","title":{"rendered":"Cat\u00e0leg Prim\u00e0ria &#8211; Quart"},"content":{"rendered":"<p>[vc_row][vc_column]<div class=\"woocommerce columns-5 \"><ul class=\"products columns-5\">\n<li class=\"post-83475 product type-product status-publish has-post-thumbnail product_cat-catalunya-ca product_cat-illes-balears-ca pa_asignatura-matematiques-ca pa_format-llibre-digital-ca pa_idioma-catalan-ca pa_project-duna-catala-ca pa_project-duna-valencia-teidedigital-ca first outofstock virtual taxable purchasable product-type-simple\">\r\n\t<a href=\"https:\/\/web.editorialteide.com\/ca\/producte\/matematiques-4-epo-duna-dig\/\" class=\"woocommerce-LoopProduct-link woocommerce-loop-product__link\"><img loading=\"lazy\" decoding=\"async\" width=\"247\" height=\"314\" src=\"https:\/\/web.editorialteide.com\/wp-content\/uploads\/2018\/06\/9788430719280_L38_04_X.png\" class=\"attachment-woocommerce_thumbnail size-woocommerce_thumbnail\" alt=\"Matematiques 4 EPO Duna dig.\" srcset=\"https:\/\/web.editorialteide.com\/wp-content\/uploads\/2018\/06\/9788430719280_L38_04_X.png 247w, https:\/\/web.editorialteide.com\/wp-content\/uploads\/2018\/06\/9788430719280_L38_04_X-236x300.png 236w\" sizes=\"auto, (max-width: 247px) 100vw, 247px\" \/><\/a><a href=\"https:\/\/web.editorialteide.com\/ca\/producte\/matematiques-4-epo-duna-dig\/\" aria-describedby=\"woocommerce_loop_add_to_cart_link_describedby_83475\" data-quantity=\"1\" class=\"button product_type_simple\" data-product_id=\"83475\" data-product_sku=\"9788430793952\" aria-label=\"M\u00e9s informaci\u00f3 sobre &ldquo;Digital. Matem\u00e0tiques 4 EPO - Duna (Cat)(2015)&rdquo;\" rel=\"nofollow\" data-success_message=\"\">Llegeix m\u00e9s<\/a>\t<span id=\"woocommerce_loop_add_to_cart_link_describedby_83475\" class=\"screen-reader-text\">\n\t\t\t<\/span>\n<h2 class=\"woocommerce-loop-product__title\">Digital. Matem\u00e0tiques 4 EPO &#8211; Duna (Cat)(2015)<\/h2><\/li>\r\n\r\n<li class=\"post-83489 product type-product status-publish has-post-thumbnail product_cat-catalunya-ca product_cat-illes-balears-ca pa_asignatura-llengua-ca pa_format-llibre-digital-ca pa_idioma-catalan-ca pa_project-duna-catala-ca  outofstock virtual taxable purchasable product-type-simple\">\r\n\t<a href=\"https:\/\/web.editorialteide.com\/ca\/producte\/llengua-4-epo-duna-dig\/\" class=\"woocommerce-LoopProduct-link woocommerce-loop-product__link\"><img loading=\"lazy\" decoding=\"async\" width=\"247\" height=\"314\" src=\"https:\/\/web.editorialteide.com\/wp-content\/uploads\/2018\/06\/9788430719617_L38_04_X.png\" class=\"attachment-woocommerce_thumbnail size-woocommerce_thumbnail\" alt=\"Llengua 4 EPO Duna dig.\" srcset=\"https:\/\/web.editorialteide.com\/wp-content\/uploads\/2018\/06\/9788430719617_L38_04_X.png 247w, https:\/\/web.editorialteide.com\/wp-content\/uploads\/2018\/06\/9788430719617_L38_04_X-236x300.png 236w\" sizes=\"auto, (max-width: 247px) 100vw, 247px\" \/><\/a><a href=\"https:\/\/web.editorialteide.com\/ca\/producte\/llengua-4-epo-duna-dig\/\" aria-describedby=\"woocommerce_loop_add_to_cart_link_describedby_83489\" data-quantity=\"1\" class=\"button product_type_simple\" data-product_id=\"83489\" data-product_sku=\"9788430793839\" aria-label=\"M\u00e9s informaci\u00f3 sobre &ldquo;Digital. Llengua 4 EPO - Duna (Cat)(2015)&rdquo;\" rel=\"nofollow\" data-success_message=\"\">Llegeix m\u00e9s<\/a>\t<span id=\"woocommerce_loop_add_to_cart_link_describedby_83489\" class=\"screen-reader-text\">\n\t\t\t<\/span>\n<h2 class=\"woocommerce-loop-product__title\">Digital. Llengua 4 EPO &#8211; Duna (Cat)(2015)<\/h2><\/li>\r\n\r\n<li class=\"post-83463 product type-product status-publish has-post-thumbnail product_cat-catalunya-ca product_cat-illes-balears-ca pa_format-llibre-digital-ca pa_idioma-catalan-ca pa_project-duna-catala-ca  outofstock virtual taxable purchasable product-type-simple\">\r\n\t<a href=\"https:\/\/web.editorialteide.com\/ca\/producte\/c-naturals-4-epo-duna-dig\/\" class=\"woocommerce-LoopProduct-link woocommerce-loop-product__link\"><img loading=\"lazy\" decoding=\"async\" width=\"247\" height=\"314\" src=\"https:\/\/web.editorialteide.com\/wp-content\/uploads\/2018\/06\/9788430719921_L38_04_X.png\" class=\"attachment-woocommerce_thumbnail size-woocommerce_thumbnail\" alt=\"C.Naturals 4 EPO Duna dig.\" srcset=\"https:\/\/web.editorialteide.com\/wp-content\/uploads\/2018\/06\/9788430719921_L38_04_X.png 247w, https:\/\/web.editorialteide.com\/wp-content\/uploads\/2018\/06\/9788430719921_L38_04_X-236x300.png 236w\" sizes=\"auto, (max-width: 247px) 100vw, 247px\" \/><\/a><a href=\"https:\/\/web.editorialteide.com\/ca\/producte\/c-naturals-4-epo-duna-dig\/\" aria-describedby=\"woocommerce_loop_add_to_cart_link_describedby_83463\" data-quantity=\"1\" class=\"button product_type_simple\" data-product_id=\"83463\" data-product_sku=\"9788430794010\" aria-label=\"M\u00e9s informaci\u00f3 sobre &ldquo;Digital. Ci\u00e8ncies Naturals 4 EPO - Duna (Cat)(2015)&rdquo;\" rel=\"nofollow\" data-success_message=\"\">Llegeix m\u00e9s<\/a>\t<span id=\"woocommerce_loop_add_to_cart_link_describedby_83463\" class=\"screen-reader-text\">\n\t\t\t<\/span>\n<h2 class=\"woocommerce-loop-product__title\">Digital. Ci\u00e8ncies Naturals 4 EPO &#8211; Duna (Cat)(2015)<\/h2><\/li>\r\n\r\n<li class=\"post-83459 product type-product status-publish has-post-thumbnail product_cat-catalunya-ca product_cat-illes-balears-ca pa_format-llibre-digital-ca pa_idioma-catalan-ca pa_project-duna-catala-ca  outofstock virtual taxable purchasable product-type-simple\">\r\n\t<a href=\"https:\/\/web.editorialteide.com\/ca\/producte\/c-socials-4-epo-duna-dig\/\" class=\"woocommerce-LoopProduct-link woocommerce-loop-product__link\"><img loading=\"lazy\" decoding=\"async\" width=\"247\" height=\"314\" src=\"https:\/\/web.editorialteide.com\/wp-content\/uploads\/2018\/06\/9788430719969_L38_04_X.png\" class=\"attachment-woocommerce_thumbnail size-woocommerce_thumbnail\" alt=\"C.Socials 4 EPO Duna dig\" srcset=\"https:\/\/web.editorialteide.com\/wp-content\/uploads\/2018\/06\/9788430719969_L38_04_X.png 247w, https:\/\/web.editorialteide.com\/wp-content\/uploads\/2018\/06\/9788430719969_L38_04_X-236x300.png 236w\" sizes=\"auto, (max-width: 247px) 100vw, 247px\" \/><\/a><a href=\"https:\/\/web.editorialteide.com\/ca\/producte\/c-socials-4-epo-duna-dig\/\" aria-describedby=\"woocommerce_loop_add_to_cart_link_describedby_83459\" data-quantity=\"1\" class=\"button product_type_simple\" data-product_id=\"83459\" data-product_sku=\"9788430794034\" aria-label=\"M\u00e9s informaci\u00f3 sobre &ldquo;Digital. Ci\u00e8ncies Socials 4 EPO - Duna (Cat)(2015)&rdquo;\" rel=\"nofollow\" data-success_message=\"\">Llegeix m\u00e9s<\/a>\t<span id=\"woocommerce_loop_add_to_cart_link_describedby_83459\" class=\"screen-reader-text\">\n\t\t\t<\/span>\n<h2 class=\"woocommerce-loop-product__title\">Digital. Ci\u00e8ncies Socials 4 EPO &#8211; Duna (Cat)(2015)<\/h2><\/li>\r\n\r\n<\/ul>\n<\/div>[\/vc_column][\/vc_row]<\/p>\n","protected":false},"excerpt":{"rendered":"<p>[vc_row][vc_column][\/vc_column][\/vc_row]<\/p>\n","protected":false},"author":3,"featured_media":0,"parent":0,"menu_order":0,"comment_status":"closed","ping_status":"closed","template":"","meta":{"footnotes":"","_links_to":"","_links_to_target":""},"class_list":["post-146596","page","type-page","status-publish","hentry"],"_links":{"self":[{"href":"https:\/\/web.editorialteide.com\/ca\/wp-json\/wp\/v2\/pages\/146596","targetHints":{"allow":["GET"]}}],"collection":[{"href":"https:\/\/web.editorialteide.com\/ca\/wp-json\/wp\/v2\/pages"}],"about":[{"href":"https:\/\/web.editorialteide.com\/ca\/wp-json\/wp\/v2\/types\/page"}],"author":[{"embeddable":true,"href":"https:\/\/web.editorialteide.com\/ca\/wp-json\/wp\/v2\/users\/3"}],"replies":[{"embeddable":true,"href":"https:\/\/web.editorialteide.com\/ca\/wp-json\/wp\/v2\/comments?post=146596"}],"version-history":[{"count":0,"href":"https:\/\/web.editorialteide.com\/ca\/wp-json\/wp\/v2\/pages\/146596\/revisions"}],"wp:attachment":[{"href":"https:\/\/web.editorialteide.com\/ca\/wp-json\/wp\/v2\/media?parent=146596"}],"curies":[{"name":"wp","href":"https:\/\/api.w.org\/{rel}","templated":true}]}}