{"id":146606,"date":"2020-06-05T12:22:03","date_gmt":"2020-06-05T11:22:03","guid":{"rendered":"http:\/\/web.editorialteide.com\/?page_id=146606"},"modified":"2021-08-27T08:10:52","modified_gmt":"2021-08-27T07:10:52","slug":"cataleg-secundaria-primer","status":"publish","type":"page","link":"https:\/\/web.editorialteide.com\/ca\/cataleg-secundaria-primer\/","title":{"rendered":"Cat\u00e0leg Secund\u00e0ria &#8211; Primer"},"content":{"rendered":"<p>[vc_row][vc_column]<div class=\"woocommerce columns-5 \"><ul class=\"products columns-5\">\n<li class=\"post-146028 product type-product status-publish has-post-thumbnail product_cat-andalucia-ca product_cat-aragon-ca product_cat-canarias-ca product_cat-cantabria-ca product_cat-castilla-la-mancha-ca product_cat-castilla-y-leon-ca product_cat-catalunya-ca product_cat-ceuta-ca product_cat-comunidad-de-madrid-ca product_cat-comunidad-de-valencia-ca product_cat-comunidad-foral-de-navarra-ca product_cat-extremadura-ca product_cat-galicia-ca product_cat-illes-balears-ca product_cat-la-rioja-ca product_cat-melilla-ca product_cat-pais-vasco-ca product_cat-principado-de-asturias-ca product_cat-region-de-murcia-ca pa_asignatura-musica-ca pa_format-llibre-digital-ca pa_idioma-ingles-ca first outofstock virtual taxable purchasable product-type-simple\">\r\n\t<a href=\"https:\/\/web.editorialteide.com\/ca\/producte\/team-up-music-i-eso-dig-eng2020\/\" class=\"woocommerce-LoopProduct-link woocommerce-loop-product__link\"><img loading=\"lazy\" decoding=\"async\" width=\"247\" height=\"314\" src=\"https:\/\/web.editorialteide.com\/wp-content\/uploads\/2020\/05\/7110-1.png\" class=\"attachment-woocommerce_thumbnail size-woocommerce_thumbnail\" alt=\"Digital. Music I ESO - Team up (English)(2020)\" srcset=\"https:\/\/web.editorialteide.com\/wp-content\/uploads\/2020\/05\/7110-1.png 247w, https:\/\/web.editorialteide.com\/wp-content\/uploads\/2020\/05\/7110-1-236x300.png 236w\" sizes=\"auto, (max-width: 247px) 100vw, 247px\" \/><\/a><a href=\"https:\/\/web.editorialteide.com\/ca\/producte\/team-up-music-i-eso-dig-eng2020\/\" aria-describedby=\"woocommerce_loop_add_to_cart_link_describedby_146028\" data-quantity=\"1\" class=\"button product_type_simple\" data-product_id=\"146028\" data-product_sku=\"9788430799190\" aria-label=\"M\u00e9s informaci\u00f3 sobre &ldquo;Digital. Music I ESO - Team up (English)(2020)&rdquo;\" rel=\"nofollow\" data-success_message=\"\">Llegeix m\u00e9s<\/a>\t<span id=\"woocommerce_loop_add_to_cart_link_describedby_146028\" class=\"screen-reader-text\">\n\t\t\t<\/span>\n<h2 class=\"woocommerce-loop-product__title\">Digital. Music I ESO &#8211; Team up (English)(2020)<\/h2><\/li>\r\n\r\n<li class=\"post-146032 product type-product status-publish has-post-thumbnail product_cat-catalunya-ca product_cat-comunidad-de-valencia-ca product_cat-illes-balears-ca pa_asignatura-educacio-fisica pa_format-llibre-digital-ca pa_idioma-catalan-ca  outofstock virtual taxable purchasable product-type-simple\">\r\n\t<a href=\"https:\/\/web.editorialteide.com\/ca\/producte\/a-prop-educacio-fisica-1-2-eso-dig-cat2020\/\" class=\"woocommerce-LoopProduct-link woocommerce-loop-product__link\"><img loading=\"lazy\" decoding=\"async\" width=\"247\" height=\"314\" src=\"https:\/\/web.editorialteide.com\/wp-content\/uploads\/2020\/05\/8329.png\" class=\"attachment-woocommerce_thumbnail size-woocommerce_thumbnail\" alt=\"Digital. Educaci\u00f3 f\u00edsica 1\/2 ESO - A prop (2020)\" srcset=\"https:\/\/web.editorialteide.com\/wp-content\/uploads\/2020\/05\/8329.png 247w, https:\/\/web.editorialteide.com\/wp-content\/uploads\/2020\/05\/8329-236x300.png 236w\" sizes=\"auto, (max-width: 247px) 100vw, 247px\" \/><\/a><a href=\"https:\/\/web.editorialteide.com\/ca\/producte\/a-prop-educacio-fisica-1-2-eso-dig-cat2020\/\" aria-describedby=\"woocommerce_loop_add_to_cart_link_describedby_146032\" data-quantity=\"1\" class=\"button product_type_simple\" data-product_id=\"146032\" data-product_sku=\"9788430798711\" aria-label=\"M\u00e9s informaci\u00f3 sobre &ldquo;Digital. Educaci\u00f3 f\u00edsica 1\/2 ESO - A prop (2020)&rdquo;\" rel=\"nofollow\" data-success_message=\"\">Llegeix m\u00e9s<\/a>\t<span id=\"woocommerce_loop_add_to_cart_link_describedby_146032\" class=\"screen-reader-text\">\n\t\t\t<\/span>\n<h2 class=\"woocommerce-loop-product__title\">Digital. Educaci\u00f3 f\u00edsica 1\/2 ESO &#8211; A prop (2020)<\/h2><\/li>\r\n\r\n<li class=\"post-146019 product type-product status-publish has-post-thumbnail product_cat-andalucia-ca product_cat-aragon-ca product_cat-canarias-ca product_cat-cantabria-ca product_cat-castilla-la-mancha-ca product_cat-castilla-y-leon-ca product_cat-catalunya-ca product_cat-ceuta-ca product_cat-comunidad-de-madrid-ca product_cat-comunidad-de-valencia-ca product_cat-comunidad-foral-de-navarra-ca product_cat-extremadura-ca product_cat-galicia-ca product_cat-illes-balears-ca product_cat-la-rioja-ca product_cat-melilla-ca product_cat-pais-vasco-ca product_cat-principado-de-asturias-ca product_cat-region-de-murcia-ca pa_format-llibre-digital-ca pa_idioma-ingles-ca  outofstock virtual taxable purchasable product-type-simple\">\r\n\t<a href=\"https:\/\/web.editorialteide.com\/ca\/producte\/plastic-visual-audiovisual-i-eso-digeng2020\/\" class=\"woocommerce-LoopProduct-link woocommerce-loop-product__link\"><img loading=\"lazy\" decoding=\"async\" width=\"247\" height=\"314\" src=\"https:\/\/web.editorialteide.com\/wp-content\/uploads\/2019\/05\/8313-1.png\" class=\"attachment-woocommerce_thumbnail size-woocommerce_thumbnail\" alt=\"ISBN: 978-84-307-8313-7\" srcset=\"https:\/\/web.editorialteide.com\/wp-content\/uploads\/2019\/05\/8313-1.png 247w, https:\/\/web.editorialteide.com\/wp-content\/uploads\/2019\/05\/8313-1-236x300.png 236w\" sizes=\"auto, (max-width: 247px) 100vw, 247px\" \/><\/a><a href=\"https:\/\/web.editorialteide.com\/ca\/producte\/plastic-visual-audiovisual-i-eso-digeng2020\/\" aria-describedby=\"woocommerce_loop_add_to_cart_link_describedby_146019\" data-quantity=\"1\" class=\"button product_type_simple\" data-product_id=\"146019\" data-product_sku=\"9788430799305\" aria-label=\"M\u00e9s informaci\u00f3 sobre &ldquo;Digital. Plastic, Visual &amp; Audiovisual I ESO (english)(2020)&rdquo;\" rel=\"nofollow\" data-success_message=\"\">Llegeix m\u00e9s<\/a>\t<span id=\"woocommerce_loop_add_to_cart_link_describedby_146019\" class=\"screen-reader-text\">\n\t\t\t<\/span>\n<h2 class=\"woocommerce-loop-product__title\">Digital. Plastic, Visual &#038; Audiovisual I ESO (english)(2020)<\/h2><\/li>\r\n\r\n<li class=\"post-115130 product type-product status-publish has-post-thumbnail product_cat-catalunya-ca product_cat-comunidad-de-valencia-ca product_cat-illes-balears-ca pa_asignatura-tecnologia-ca pa_format-llibre-digital-ca pa_idioma-catalan-ca pa_project-tech_me-cat-ca  outofstock virtual taxable purchasable product-type-simple\">\r\n\t<a href=\"https:\/\/web.editorialteide.com\/ca\/producte\/tech-me-tecnologies-catala-digital\/\" class=\"woocommerce-LoopProduct-link woocommerce-loop-product__link\"><img loading=\"lazy\" decoding=\"async\" width=\"300\" height=\"483\" src=\"https:\/\/web.editorialteide.com\/wp-content\/uploads\/2019\/05\/P\u00e1ginas-desdeTechMe_cataleg_CAT-637x1024-1-600x965.jpg\" class=\"attachment-woocommerce_thumbnail size-woocommerce_thumbnail\" alt=\"Digital. Tech_Me Tecnologia (catal\u00e0)\" srcset=\"https:\/\/web.editorialteide.com\/wp-content\/uploads\/2019\/05\/P\u00e1ginas-desdeTechMe_cataleg_CAT-637x1024-1-600x965.jpg 600w, https:\/\/web.editorialteide.com\/wp-content\/uploads\/2019\/05\/P\u00e1ginas-desdeTechMe_cataleg_CAT-637x1024-1-187x300.jpg 187w, https:\/\/web.editorialteide.com\/wp-content\/uploads\/2019\/05\/P\u00e1ginas-desdeTechMe_cataleg_CAT-637x1024-1-637x1024.jpg 637w, https:\/\/web.editorialteide.com\/wp-content\/uploads\/2019\/05\/P\u00e1ginas-desdeTechMe_cataleg_CAT-637x1024-1-e1558524542476.jpg 195w\" sizes=\"auto, (max-width: 300px) 100vw, 300px\" \/><\/a><a href=\"https:\/\/web.editorialteide.com\/ca\/producte\/tech-me-tecnologies-catala-digital\/\" aria-describedby=\"woocommerce_loop_add_to_cart_link_describedby_115130\" data-quantity=\"1\" class=\"button product_type_simple\" data-product_id=\"115130\" data-product_sku=\"9788430798636\" aria-label=\"M\u00e9s informaci\u00f3 sobre &ldquo;Digital. Tech_Me Tecnologia (catal\u00e0)&rdquo;\" rel=\"nofollow\" data-success_message=\"\">Llegeix m\u00e9s<\/a>\t<span id=\"woocommerce_loop_add_to_cart_link_describedby_115130\" class=\"screen-reader-text\">\n\t\t\t<\/span>\n<h2 class=\"woocommerce-loop-product__title\">Digital. Tech_Me Tecnologia (catal\u00e0)<\/h2><\/li>\r\n\r\n<li class=\"post-115131 product type-product status-publish has-post-thumbnail product_cat-andalucia-ca product_cat-aragon-ca product_cat-canarias-ca product_cat-cantabria-ca product_cat-castilla-la-mancha-ca product_cat-castilla-y-leon-ca product_cat-ceuta-ca product_cat-comunidad-de-madrid-ca product_cat-comunidad-de-valencia-ca product_cat-comunidad-foral-de-navarra-ca product_cat-extremadura-ca product_cat-galicia-ca product_cat-la-rioja-ca product_cat-mec-ca product_cat-melilla-ca product_cat-pais-vasco-ca product_cat-principado-de-asturias-ca product_cat-region-de-murcia-ca pa_asignatura-tecnologia-ca pa_format-llibre-digital-ca pa_idioma-castellano-ca pa_project-tech_me-cast-ca last outofstock sale virtual taxable purchasable product-type-simple\">\r\n\t<a href=\"https:\/\/web.editorialteide.com\/ca\/producte\/tech-me-tecnologia-castellano-digital\/\" class=\"woocommerce-LoopProduct-link woocommerce-loop-product__link\">\n\t<span class='onsale'>-5%<\/span>\n\t<img loading=\"lazy\" decoding=\"async\" width=\"300\" height=\"483\" src=\"https:\/\/web.editorialteide.com\/wp-content\/uploads\/2019\/05\/P\u00e1ginas-desdeTechMe_catalogo_MEC-600x966.jpg\" class=\"attachment-woocommerce_thumbnail size-woocommerce_thumbnail\" alt=\"Digital. Tech_Me Tecnolog\u00eda (Castellano)\" srcset=\"https:\/\/web.editorialteide.com\/wp-content\/uploads\/2019\/05\/P\u00e1ginas-desdeTechMe_catalogo_MEC-600x966.jpg 600w, https:\/\/web.editorialteide.com\/wp-content\/uploads\/2019\/05\/P\u00e1ginas-desdeTechMe_catalogo_MEC-186x300.jpg 186w, https:\/\/web.editorialteide.com\/wp-content\/uploads\/2019\/05\/P\u00e1ginas-desdeTechMe_catalogo_MEC-768x1236.jpg 768w, https:\/\/web.editorialteide.com\/wp-content\/uploads\/2019\/05\/P\u00e1ginas-desdeTechMe_catalogo_MEC-636x1024.jpg 636w, https:\/\/web.editorialteide.com\/wp-content\/uploads\/2019\/05\/P\u00e1ginas-desdeTechMe_catalogo_MEC-e1558524680337.jpg 195w\" sizes=\"auto, (max-width: 300px) 100vw, 300px\" \/><\/a><a href=\"https:\/\/web.editorialteide.com\/ca\/producte\/tech-me-tecnologia-castellano-digital\/\" aria-describedby=\"woocommerce_loop_add_to_cart_link_describedby_115131\" data-quantity=\"1\" class=\"button product_type_simple\" data-product_id=\"115131\" data-product_sku=\"9788430798599\" aria-label=\"M\u00e9s informaci\u00f3 sobre &ldquo;Digital. Tech_Me Tecnolog\u00eda (Castellano)&rdquo;\" rel=\"nofollow\" data-success_message=\"\">Llegeix m\u00e9s<\/a>\t<span id=\"woocommerce_loop_add_to_cart_link_describedby_115131\" class=\"screen-reader-text\">\n\t\t\t<\/span>\n<h2 class=\"woocommerce-loop-product__title\">Digital. Tech_Me Tecnolog\u00eda (Castellano)<\/h2><\/li>\r\n\r\n<li class=\"post-83025 product type-product status-publish has-post-thumbnail product_cat-catalunya-ca product_cat-comunidad-de-valencia-ca product_cat-illes-balears-ca pa_format-llibre-digital-ca first outofstock virtual taxable purchasable product-type-simple\">\r\n\t<a href=\"https:\/\/web.editorialteide.com\/ca\/producte\/cultura-i-valors-etics-1-eso-catala-digital\/\" class=\"woocommerce-LoopProduct-link woocommerce-loop-product__link\"><img loading=\"lazy\" decoding=\"async\" width=\"247\" height=\"314\" src=\"https:\/\/web.editorialteide.com\/wp-content\/uploads\/2019\/07\/9100.png\" class=\"attachment-woocommerce_thumbnail size-woocommerce_thumbnail\" alt=\"Digital. Cultura i valors \u00e8tics 1 ESO (2017)\" srcset=\"https:\/\/web.editorialteide.com\/wp-content\/uploads\/2019\/07\/9100.png 247w, https:\/\/web.editorialteide.com\/wp-content\/uploads\/2019\/07\/9100-236x300.png 236w\" sizes=\"auto, (max-width: 247px) 100vw, 247px\" \/><\/a><a href=\"https:\/\/web.editorialteide.com\/ca\/producte\/cultura-i-valors-etics-1-eso-catala-digital\/\" aria-describedby=\"woocommerce_loop_add_to_cart_link_describedby_83025\" data-quantity=\"1\" class=\"button product_type_simple\" data-product_id=\"83025\" data-product_sku=\"9788430798117\" aria-label=\"M\u00e9s informaci\u00f3 sobre &ldquo;Digital. Cultura i valors \u00e8tics 1 ESO (2017)&rdquo;\" rel=\"nofollow\" data-success_message=\"\">Llegeix m\u00e9s<\/a>\t<span id=\"woocommerce_loop_add_to_cart_link_describedby_83025\" class=\"screen-reader-text\">\n\t\t\t<\/span>\n<h2 class=\"woocommerce-loop-product__title\">Digital. Cultura i valors \u00e8tics 1 ESO (2017)<\/h2><\/li>\r\n\r\n<li class=\"post-83359 product type-product status-publish has-post-thumbnail product_cat-catalunya-ca product_cat-comunidad-de-valencia-ca product_cat-illes-balears-ca pa_asignatura-educacio-visual-i-plastica pa_format-llibre-digital-ca pa_idioma-catalan-ca pa_project-secundaria-valencia-ca  outofstock virtual taxable purchasable product-type-simple\">\r\n\t<a href=\"https:\/\/web.editorialteide.com\/ca\/producte\/educ-plastica-i-vis-i-eso-2015\/\" class=\"woocommerce-LoopProduct-link woocommerce-loop-product__link\"><img loading=\"lazy\" decoding=\"async\" width=\"231\" height=\"314\" src=\"https:\/\/web.editorialteide.com\/wp-content\/uploads\/2018\/06\/9788430790364_L38_04_X_tallat.png\" class=\"attachment-woocommerce_thumbnail size-woocommerce_thumbnail\" alt=\"Educ.Plastica i Vis.I ESO-2015\" srcset=\"https:\/\/web.editorialteide.com\/wp-content\/uploads\/2018\/06\/9788430790364_L38_04_X_tallat.png 231w, https:\/\/web.editorialteide.com\/wp-content\/uploads\/2018\/06\/9788430790364_L38_04_X_tallat-221x300.png 221w\" sizes=\"auto, (max-width: 231px) 100vw, 231px\" \/><\/a><a href=\"https:\/\/web.editorialteide.com\/ca\/producte\/educ-plastica-i-vis-i-eso-2015\/\" aria-describedby=\"woocommerce_loop_add_to_cart_link_describedby_83359\" data-quantity=\"1\" class=\"button product_type_simple\" data-product_id=\"83359\" data-product_sku=\"9788430796830\" aria-label=\"M\u00e9s informaci\u00f3 sobre &ldquo;Digital. Educaci\u00f3 pl\u00e1stica, visual i audiovisual I ESO (2015)&rdquo;\" rel=\"nofollow\" data-success_message=\"\">Llegeix m\u00e9s<\/a>\t<span id=\"woocommerce_loop_add_to_cart_link_describedby_83359\" class=\"screen-reader-text\">\n\t\t\t<\/span>\n<h2 class=\"woocommerce-loop-product__title\">Digital. Educaci\u00f3 pl\u00e1stica, visual i audiovisual I ESO (2015)<\/h2><\/li>\r\n\r\n<li class=\"post-83379 product type-product status-publish has-post-thumbnail product_cat-catalunya-ca product_cat-comunidad-de-valencia-ca product_cat-illes-balears-ca pa_asignatura-musica-ca pa_format-llibre-digital-ca pa_idioma-catalan-ca pa_project-secundaria-valencia-ca  outofstock virtual taxable purchasable product-type-simple\">\r\n\t<a href=\"https:\/\/web.editorialteide.com\/ca\/producte\/musica-i-eso-dig-cat2015\/\" class=\"woocommerce-LoopProduct-link woocommerce-loop-product__link\"><img loading=\"lazy\" decoding=\"async\" width=\"235\" height=\"314\" src=\"https:\/\/web.editorialteide.com\/wp-content\/uploads\/2018\/06\/9788430785513_L38_04_X_tallada.png\" class=\"attachment-woocommerce_thumbnail size-woocommerce_thumbnail\" alt=\"Musica I ESO dig.(CAT)(2015)\" srcset=\"https:\/\/web.editorialteide.com\/wp-content\/uploads\/2018\/06\/9788430785513_L38_04_X_tallada.png 235w, https:\/\/web.editorialteide.com\/wp-content\/uploads\/2018\/06\/9788430785513_L38_04_X_tallada-225x300.png 225w\" sizes=\"auto, (max-width: 235px) 100vw, 235px\" \/><\/a><a href=\"https:\/\/web.editorialteide.com\/ca\/producte\/musica-i-eso-dig-cat2015\/\" aria-describedby=\"woocommerce_loop_add_to_cart_link_describedby_83379\" data-quantity=\"1\" class=\"button product_type_simple\" data-product_id=\"83379\" data-product_sku=\"9788430796731\" aria-label=\"M\u00e9s informaci\u00f3 sobre &ldquo;Digital. M\u00fasica I ESO (2015)(catal\u00e0)&rdquo;\" rel=\"nofollow\" data-success_message=\"\">Llegeix m\u00e9s<\/a>\t<span id=\"woocommerce_loop_add_to_cart_link_describedby_83379\" class=\"screen-reader-text\">\n\t\t\t<\/span>\n<h2 class=\"woocommerce-loop-product__title\">Digital. M\u00fasica I ESO (2015)(catal\u00e0)<\/h2><\/li>\r\n\r\n<\/ul>\n<\/div>[\/vc_column][\/vc_row]<\/p>\n","protected":false},"excerpt":{"rendered":"<p>[vc_row][vc_column][\/vc_column][\/vc_row]<\/p>\n","protected":false},"author":3,"featured_media":0,"parent":0,"menu_order":0,"comment_status":"closed","ping_status":"closed","template":"","meta":{"footnotes":"","_links_to":"","_links_to_target":""},"class_list":["post-146606","page","type-page","status-publish","hentry"],"_links":{"self":[{"href":"https:\/\/web.editorialteide.com\/ca\/wp-json\/wp\/v2\/pages\/146606","targetHints":{"allow":["GET"]}}],"collection":[{"href":"https:\/\/web.editorialteide.com\/ca\/wp-json\/wp\/v2\/pages"}],"about":[{"href":"https:\/\/web.editorialteide.com\/ca\/wp-json\/wp\/v2\/types\/page"}],"author":[{"embeddable":true,"href":"https:\/\/web.editorialteide.com\/ca\/wp-json\/wp\/v2\/users\/3"}],"replies":[{"embeddable":true,"href":"https:\/\/web.editorialteide.com\/ca\/wp-json\/wp\/v2\/comments?post=146606"}],"version-history":[{"count":2,"href":"https:\/\/web.editorialteide.com\/ca\/wp-json\/wp\/v2\/pages\/146606\/revisions"}],"predecessor-version":[{"id":156574,"href":"https:\/\/web.editorialteide.com\/ca\/wp-json\/wp\/v2\/pages\/146606\/revisions\/156574"}],"wp:attachment":[{"href":"https:\/\/web.editorialteide.com\/ca\/wp-json\/wp\/v2\/media?parent=146606"}],"curies":[{"name":"wp","href":"https:\/\/api.w.org\/{rel}","templated":true}]}}