{"id":146649,"date":"2020-06-05T13:33:51","date_gmt":"2020-06-05T12:33:51","guid":{"rendered":"http:\/\/web.editorialteide.com\/?page_id=146649"},"modified":"2021-09-22T09:06:54","modified_gmt":"2021-09-22T08:06:54","slug":"cataleg-secundaria-quart","status":"publish","type":"page","link":"https:\/\/web.editorialteide.com\/ca\/cataleg-secundaria-quart\/","title":{"rendered":"Cat\u00e0leg Secund\u00e0ria &#8211; Quart"},"content":{"rendered":"<p>[vc_row][vc_column]<div class=\"woocommerce columns-5 \"><ul class=\"products columns-5\">\n<li class=\"post-164065 product type-product status-publish has-post-thumbnail product_cat-catalunya-ca product_cat-comunidad-de-valencia-ca product_cat-illes-balears-ca pa_asignatura-historia-ca pa_format-llibre-digital-ca pa_idioma-catalan-ca first outofstock virtual taxable purchasable product-type-simple\">\r\n\t<a href=\"https:\/\/web.editorialteide.com\/ca\/producte\/a-prop-historia-4-esocatala2021digital\/\" class=\"woocommerce-LoopProduct-link woocommerce-loop-product__link\"><img loading=\"lazy\" decoding=\"async\" width=\"247\" height=\"314\" src=\"https:\/\/web.editorialteide.com\/wp-content\/uploads\/2021\/06\/9788430730469.png\" class=\"attachment-woocommerce_thumbnail size-woocommerce_thumbnail\" alt=\"Digital. Hist\u00f2ria 4 ESO - A prop (2021)\" srcset=\"https:\/\/web.editorialteide.com\/wp-content\/uploads\/2021\/06\/9788430730469.png 247w, https:\/\/web.editorialteide.com\/wp-content\/uploads\/2021\/06\/9788430730469-236x300.png 236w\" sizes=\"auto, (max-width: 247px) 100vw, 247px\" \/><\/a><a href=\"https:\/\/web.editorialteide.com\/ca\/producte\/a-prop-historia-4-esocatala2021digital\/\" aria-describedby=\"woocommerce_loop_add_to_cart_link_describedby_164065\" data-quantity=\"1\" class=\"button product_type_simple\" data-product_id=\"164065\" data-product_sku=\"9788430730469\" aria-label=\"M\u00e9s informaci\u00f3 sobre &ldquo;Digital. Hist\u00f2ria 4 ESO - A prop (2021)&rdquo;\" rel=\"nofollow\" data-success_message=\"\">Llegeix m\u00e9s<\/a>\t<span id=\"woocommerce_loop_add_to_cart_link_describedby_164065\" class=\"screen-reader-text\">\n\t\t\t<\/span>\n<h2 class=\"woocommerce-loop-product__title\">Digital. Hist\u00f2ria 4 ESO &#8211; A prop (2021)<\/h2><\/li>\r\n\r\n<li class=\"post-150532 product type-product status-publish has-post-thumbnail product_cat-catalunya-ca product_cat-comunidad-de-valencia-ca product_cat-illes-balears-ca pa_format-llibre-digital-ca pa_idioma-catalan-ca  outofstock virtual taxable purchasable product-type-simple\">\r\n\t<a href=\"https:\/\/web.editorialteide.com\/ca\/producte\/a-prop-educacio-fisica-3-4-eso-dig-cat2020\/\" class=\"woocommerce-LoopProduct-link woocommerce-loop-product__link\"><img loading=\"lazy\" decoding=\"async\" width=\"247\" height=\"314\" src=\"https:\/\/web.editorialteide.com\/wp-content\/uploads\/2020\/09\/9921.png\" class=\"attachment-woocommerce_thumbnail size-woocommerce_thumbnail\" alt=\"Digital. Educaci\u00f3 f\u00edsica 3\/4 ESO - A prop (2020)\" srcset=\"https:\/\/web.editorialteide.com\/wp-content\/uploads\/2020\/09\/9921.png 247w, https:\/\/web.editorialteide.com\/wp-content\/uploads\/2020\/09\/9921-236x300.png 236w\" sizes=\"auto, (max-width: 247px) 100vw, 247px\" \/><\/a><a href=\"https:\/\/web.editorialteide.com\/ca\/producte\/a-prop-educacio-fisica-3-4-eso-dig-cat2020\/\" aria-describedby=\"woocommerce_loop_add_to_cart_link_describedby_150532\" data-quantity=\"1\" class=\"button product_type_simple\" data-product_id=\"150532\" data-product_sku=\"9788430799213\" aria-label=\"M\u00e9s informaci\u00f3 sobre &ldquo;Digital. Educaci\u00f3 f\u00edsica 3\/4 ESO - A prop (2020)&rdquo;\" rel=\"nofollow\" data-success_message=\"\">Llegeix m\u00e9s<\/a>\t<span id=\"woocommerce_loop_add_to_cart_link_describedby_150532\" class=\"screen-reader-text\">\n\t\t\t<\/span>\n<h2 class=\"woocommerce-loop-product__title\">Digital. Educaci\u00f3 f\u00edsica 3\/4 ESO &#8211; A prop (2020)<\/h2><\/li>\r\n\r\n<li class=\"post-146877 product type-product status-publish has-post-thumbnail product_cat-andalucia-ca product_cat-aragon-ca product_cat-canarias-ca product_cat-cantabria-ca product_cat-castilla-la-mancha-ca product_cat-castilla-y-leon-ca product_cat-catalunya-ca product_cat-ceuta-ca product_cat-comunidad-de-madrid-ca product_cat-comunidad-de-valencia-ca product_cat-comunidad-foral-de-navarra-ca product_cat-extremadura-ca product_cat-galicia-ca product_cat-illes-balears-ca product_cat-la-rioja-ca product_cat-mec-ca product_cat-melilla-ca product_cat-pais-vasco-ca product_cat-principado-de-asturias-ca product_cat-region-de-murcia-ca pa_asignatura-educacio-visual-i-plastica pa_format-llibre-digital-ca pa_idioma-ingles-ca  outofstock virtual taxable purchasable product-type-simple\">\r\n\t<a href=\"https:\/\/web.editorialteide.com\/ca\/producte\/plasticvisual-audiovisual-ii-eso-digeng2020\/\" class=\"woocommerce-LoopProduct-link woocommerce-loop-product__link\"><img loading=\"lazy\" decoding=\"async\" width=\"247\" height=\"314\" src=\"https:\/\/web.editorialteide.com\/wp-content\/uploads\/2020\/06\/8314.png\" class=\"attachment-woocommerce_thumbnail size-woocommerce_thumbnail\" alt=\"Digital. Plastic, Visual &amp; Audiovisual II ESO (English)(2020)\" srcset=\"https:\/\/web.editorialteide.com\/wp-content\/uploads\/2020\/06\/8314.png 247w, https:\/\/web.editorialteide.com\/wp-content\/uploads\/2020\/06\/8314-236x300.png 236w\" sizes=\"auto, (max-width: 247px) 100vw, 247px\" \/><\/a><a href=\"https:\/\/web.editorialteide.com\/ca\/producte\/plasticvisual-audiovisual-ii-eso-digeng2020\/\" aria-describedby=\"woocommerce_loop_add_to_cart_link_describedby_146877\" data-quantity=\"1\" class=\"button product_type_simple\" data-product_id=\"146877\" data-product_sku=\"9788430799442\" aria-label=\"M\u00e9s informaci\u00f3 sobre &ldquo;Digital. Plastic, Visual &amp; Audiovisual II ESO (English)(2020)&rdquo;\" rel=\"nofollow\" data-success_message=\"\">Llegeix m\u00e9s<\/a>\t<span id=\"woocommerce_loop_add_to_cart_link_describedby_146877\" class=\"screen-reader-text\">\n\t\t\t<\/span>\n<h2 class=\"woocommerce-loop-product__title\">Digital. Plastic, Visual &#038; Audiovisual II ESO (English)(2020)<\/h2><\/li>\r\n\r\n<li class=\"post-154776 product type-product status-publish has-post-thumbnail product_cat-catalunya product_cat-comunidad-de-valencia product_cat-illes-balears pa_asignatura-tecnologia pa_format-llibre-digital pa_idioma-catalan  outofstock sale virtual taxable purchasable product-type-simple\">\r\n\t<a href=\"https:\/\/web.editorialteide.com\/ca\/producto\/a-prop-tecnologia-4-eso-cat2021-digital\/\" class=\"woocommerce-LoopProduct-link woocommerce-loop-product__link\">\n\t<span class='onsale'>-5%<\/span>\n\t<img loading=\"lazy\" decoding=\"async\" width=\"247\" height=\"314\" src=\"https:\/\/web.editorialteide.com\/wp-content\/uploads\/2021\/06\/9788430730445.png\" class=\"attachment-woocommerce_thumbnail size-woocommerce_thumbnail\" alt=\"ISBN: 978-84-307-3044-5\" srcset=\"https:\/\/web.editorialteide.com\/wp-content\/uploads\/2021\/06\/9788430730445.png 247w, https:\/\/web.editorialteide.com\/wp-content\/uploads\/2021\/06\/9788430730445-236x300.png 236w\" sizes=\"auto, (max-width: 247px) 100vw, 247px\" \/><\/a><a href=\"https:\/\/web.editorialteide.com\/ca\/producto\/a-prop-tecnologia-4-eso-cat2021-digital\/\" aria-describedby=\"woocommerce_loop_add_to_cart_link_describedby_154776\" data-quantity=\"1\" class=\"button product_type_simple\" data-product_id=\"154776\" data-product_sku=\"9788430730445\" aria-label=\"M\u00e9s informaci\u00f3 sobre &ldquo;Digital. Tecnologia 4 ESO - A prop (2021)&rdquo;\" rel=\"nofollow\" data-success_message=\"\">Llegeix m\u00e9s<\/a>\t<span id=\"woocommerce_loop_add_to_cart_link_describedby_154776\" class=\"screen-reader-text\">\n\t\t\t<\/span>\n<h2 class=\"woocommerce-loop-product__title\">Digital. Tecnologia 4 ESO &#8211; A prop (2021)<\/h2><\/li>\r\n\r\n<li class=\"post-115130 product type-product status-publish has-post-thumbnail product_cat-catalunya-ca product_cat-comunidad-de-valencia-ca product_cat-illes-balears-ca pa_asignatura-tecnologia-ca pa_format-llibre-digital-ca pa_idioma-catalan-ca pa_project-tech_me-cat-ca last outofstock virtual taxable purchasable product-type-simple\">\r\n\t<a href=\"https:\/\/web.editorialteide.com\/ca\/producte\/tech-me-tecnologies-catala-digital\/\" class=\"woocommerce-LoopProduct-link woocommerce-loop-product__link\"><img loading=\"lazy\" decoding=\"async\" width=\"300\" height=\"483\" src=\"https:\/\/web.editorialteide.com\/wp-content\/uploads\/2019\/05\/P\u00e1ginas-desdeTechMe_cataleg_CAT-637x1024-1-600x965.jpg\" class=\"attachment-woocommerce_thumbnail size-woocommerce_thumbnail\" alt=\"Digital. Tech_Me Tecnologia (catal\u00e0)\" srcset=\"https:\/\/web.editorialteide.com\/wp-content\/uploads\/2019\/05\/P\u00e1ginas-desdeTechMe_cataleg_CAT-637x1024-1-600x965.jpg 600w, https:\/\/web.editorialteide.com\/wp-content\/uploads\/2019\/05\/P\u00e1ginas-desdeTechMe_cataleg_CAT-637x1024-1-187x300.jpg 187w, https:\/\/web.editorialteide.com\/wp-content\/uploads\/2019\/05\/P\u00e1ginas-desdeTechMe_cataleg_CAT-637x1024-1-637x1024.jpg 637w, https:\/\/web.editorialteide.com\/wp-content\/uploads\/2019\/05\/P\u00e1ginas-desdeTechMe_cataleg_CAT-637x1024-1-e1558524542476.jpg 195w\" sizes=\"auto, (max-width: 300px) 100vw, 300px\" \/><\/a><a href=\"https:\/\/web.editorialteide.com\/ca\/producte\/tech-me-tecnologies-catala-digital\/\" aria-describedby=\"woocommerce_loop_add_to_cart_link_describedby_115130\" data-quantity=\"1\" class=\"button product_type_simple\" data-product_id=\"115130\" data-product_sku=\"9788430798636\" aria-label=\"M\u00e9s informaci\u00f3 sobre &ldquo;Digital. Tech_Me Tecnologia (catal\u00e0)&rdquo;\" rel=\"nofollow\" data-success_message=\"\">Llegeix m\u00e9s<\/a>\t<span id=\"woocommerce_loop_add_to_cart_link_describedby_115130\" class=\"screen-reader-text\">\n\t\t\t<\/span>\n<h2 class=\"woocommerce-loop-product__title\">Digital. Tech_Me Tecnologia (catal\u00e0)<\/h2><\/li>\r\n\r\n<li class=\"post-115131 product type-product status-publish has-post-thumbnail product_cat-andalucia-ca product_cat-aragon-ca product_cat-canarias-ca product_cat-cantabria-ca product_cat-castilla-la-mancha-ca product_cat-castilla-y-leon-ca product_cat-ceuta-ca product_cat-comunidad-de-madrid-ca product_cat-comunidad-de-valencia-ca product_cat-comunidad-foral-de-navarra-ca product_cat-extremadura-ca product_cat-galicia-ca product_cat-la-rioja-ca product_cat-mec-ca product_cat-melilla-ca product_cat-pais-vasco-ca product_cat-principado-de-asturias-ca product_cat-region-de-murcia-ca pa_asignatura-tecnologia-ca pa_format-llibre-digital-ca pa_idioma-castellano-ca pa_project-tech_me-cast-ca first outofstock sale virtual taxable purchasable product-type-simple\">\r\n\t<a href=\"https:\/\/web.editorialteide.com\/ca\/producte\/tech-me-tecnologia-castellano-digital\/\" class=\"woocommerce-LoopProduct-link woocommerce-loop-product__link\">\n\t<span class='onsale'>-5%<\/span>\n\t<img loading=\"lazy\" decoding=\"async\" width=\"300\" height=\"483\" src=\"https:\/\/web.editorialteide.com\/wp-content\/uploads\/2019\/05\/P\u00e1ginas-desdeTechMe_catalogo_MEC-600x966.jpg\" class=\"attachment-woocommerce_thumbnail size-woocommerce_thumbnail\" alt=\"Digital. Tech_Me Tecnolog\u00eda (Castellano)\" srcset=\"https:\/\/web.editorialteide.com\/wp-content\/uploads\/2019\/05\/P\u00e1ginas-desdeTechMe_catalogo_MEC-600x966.jpg 600w, https:\/\/web.editorialteide.com\/wp-content\/uploads\/2019\/05\/P\u00e1ginas-desdeTechMe_catalogo_MEC-186x300.jpg 186w, https:\/\/web.editorialteide.com\/wp-content\/uploads\/2019\/05\/P\u00e1ginas-desdeTechMe_catalogo_MEC-768x1236.jpg 768w, https:\/\/web.editorialteide.com\/wp-content\/uploads\/2019\/05\/P\u00e1ginas-desdeTechMe_catalogo_MEC-636x1024.jpg 636w, https:\/\/web.editorialteide.com\/wp-content\/uploads\/2019\/05\/P\u00e1ginas-desdeTechMe_catalogo_MEC-e1558524680337.jpg 195w\" sizes=\"auto, (max-width: 300px) 100vw, 300px\" \/><\/a><a href=\"https:\/\/web.editorialteide.com\/ca\/producte\/tech-me-tecnologia-castellano-digital\/\" aria-describedby=\"woocommerce_loop_add_to_cart_link_describedby_115131\" data-quantity=\"1\" class=\"button product_type_simple\" data-product_id=\"115131\" data-product_sku=\"9788430798599\" aria-label=\"M\u00e9s informaci\u00f3 sobre &ldquo;Digital. Tech_Me Tecnolog\u00eda (Castellano)&rdquo;\" rel=\"nofollow\" data-success_message=\"\">Llegeix m\u00e9s<\/a>\t<span id=\"woocommerce_loop_add_to_cart_link_describedby_115131\" class=\"screen-reader-text\">\n\t\t\t<\/span>\n<h2 class=\"woocommerce-loop-product__title\">Digital. Tech_Me Tecnolog\u00eda (Castellano)<\/h2><\/li>\r\n\r\n<li class=\"post-83019 product type-product status-publish has-post-thumbnail product_cat-catalunya-ca product_cat-comunidad-de-valencia-ca product_cat-illes-balears-ca pa_format-llibre-digital-ca  outofstock virtual taxable purchasable product-type-simple\">\r\n\t<a href=\"https:\/\/web.editorialteide.com\/ca\/producte\/cultura-i-valors-etics-4-eso-catala-digital\/\" class=\"woocommerce-LoopProduct-link woocommerce-loop-product__link\"><img loading=\"lazy\" decoding=\"async\" width=\"247\" height=\"314\" src=\"https:\/\/web.editorialteide.com\/wp-content\/uploads\/2019\/07\/8307.png\" class=\"attachment-woocommerce_thumbnail size-woocommerce_thumbnail\" alt=\"Digital. Cultura i valors \u00e8tics 4 ESO (2017)\" srcset=\"https:\/\/web.editorialteide.com\/wp-content\/uploads\/2019\/07\/8307.png 247w, https:\/\/web.editorialteide.com\/wp-content\/uploads\/2019\/07\/8307-236x300.png 236w\" sizes=\"auto, (max-width: 247px) 100vw, 247px\" \/><\/a><a href=\"https:\/\/web.editorialteide.com\/ca\/producte\/cultura-i-valors-etics-4-eso-catala-digital\/\" aria-describedby=\"woocommerce_loop_add_to_cart_link_describedby_83019\" data-quantity=\"1\" class=\"button product_type_simple\" data-product_id=\"83019\" data-product_sku=\"9788430798148\" aria-label=\"M\u00e9s informaci\u00f3 sobre &ldquo;Digital. Cultura i valors \u00e8tics 4 ESO (2017)&rdquo;\" rel=\"nofollow\" data-success_message=\"\">Llegeix m\u00e9s<\/a>\t<span id=\"woocommerce_loop_add_to_cart_link_describedby_83019\" class=\"screen-reader-text\">\n\t\t\t<\/span>\n<h2 class=\"woocommerce-loop-product__title\">Digital. Cultura i valors \u00e8tics 4 ESO (2017)<\/h2><\/li>\r\n\r\n<li class=\"post-83017 product type-product status-publish has-post-thumbnail product_cat-catalunya-ca product_cat-comunidad-de-valencia-ca product_cat-illes-balears-ca pa_asignatura-llati-ca pa_format-llibre-digital-ca pa_idioma-catalan-ca  outofstock virtual taxable purchasable product-type-simple\">\r\n\t<a href=\"https:\/\/web.editorialteide.com\/ca\/producte\/llati-4-eso-catala-digital\/\" class=\"woocommerce-LoopProduct-link woocommerce-loop-product__link\"><img loading=\"lazy\" decoding=\"async\" width=\"247\" height=\"314\" src=\"https:\/\/web.editorialteide.com\/wp-content\/uploads\/2019\/07\/9788430786251_L38_04_X.png\" class=\"attachment-woocommerce_thumbnail size-woocommerce_thumbnail\" alt=\"Digital. Llat\u00ed 4 ESO (2017)\" srcset=\"https:\/\/web.editorialteide.com\/wp-content\/uploads\/2019\/07\/9788430786251_L38_04_X.png 247w, https:\/\/web.editorialteide.com\/wp-content\/uploads\/2019\/07\/9788430786251_L38_04_X-236x300.png 236w\" sizes=\"auto, (max-width: 247px) 100vw, 247px\" \/><\/a><a href=\"https:\/\/web.editorialteide.com\/ca\/producte\/llati-4-eso-catala-digital\/\" aria-describedby=\"woocommerce_loop_add_to_cart_link_describedby_83017\" data-quantity=\"1\" class=\"button product_type_simple\" data-product_id=\"83017\" data-product_sku=\"9788430798193\" aria-label=\"M\u00e9s informaci\u00f3 sobre &ldquo;Digital. Llat\u00ed 4 ESO (2017)&rdquo;\" rel=\"nofollow\" data-success_message=\"\">Llegeix m\u00e9s<\/a>\t<span id=\"woocommerce_loop_add_to_cart_link_describedby_83017\" class=\"screen-reader-text\">\n\t\t\t<\/span>\n<h2 class=\"woocommerce-loop-product__title\">Digital. Llat\u00ed 4 ESO (2017)<\/h2><\/li>\r\n\r\n<\/ul>\n<\/div>[\/vc_column][\/vc_row]<\/p>\n","protected":false},"excerpt":{"rendered":"<p>[vc_row][vc_column][\/vc_column][\/vc_row]<\/p>\n","protected":false},"author":3,"featured_media":0,"parent":0,"menu_order":0,"comment_status":"closed","ping_status":"closed","template":"","meta":{"footnotes":"","_links_to":"","_links_to_target":""},"class_list":["post-146649","page","type-page","status-publish","hentry"],"_links":{"self":[{"href":"https:\/\/web.editorialteide.com\/ca\/wp-json\/wp\/v2\/pages\/146649","targetHints":{"allow":["GET"]}}],"collection":[{"href":"https:\/\/web.editorialteide.com\/ca\/wp-json\/wp\/v2\/pages"}],"about":[{"href":"https:\/\/web.editorialteide.com\/ca\/wp-json\/wp\/v2\/types\/page"}],"author":[{"embeddable":true,"href":"https:\/\/web.editorialteide.com\/ca\/wp-json\/wp\/v2\/users\/3"}],"replies":[{"embeddable":true,"href":"https:\/\/web.editorialteide.com\/ca\/wp-json\/wp\/v2\/comments?post=146649"}],"version-history":[{"count":7,"href":"https:\/\/web.editorialteide.com\/ca\/wp-json\/wp\/v2\/pages\/146649\/revisions"}],"predecessor-version":[{"id":157562,"href":"https:\/\/web.editorialteide.com\/ca\/wp-json\/wp\/v2\/pages\/146649\/revisions\/157562"}],"wp:attachment":[{"href":"https:\/\/web.editorialteide.com\/ca\/wp-json\/wp\/v2\/media?parent=146649"}],"curies":[{"name":"wp","href":"https:\/\/api.w.org\/{rel}","templated":true}]}}