{"id":146769,"date":"2020-06-08T16:51:04","date_gmt":"2020-06-08T15:51:04","guid":{"rendered":"http:\/\/web.editorialteide.com\/?page_id=146769"},"modified":"2021-06-11T08:13:23","modified_gmt":"2021-06-11T07:13:23","slug":"cataleg-primer-de-batxillerat","status":"publish","type":"page","link":"https:\/\/web.editorialteide.com\/ca\/cataleg-primer-de-batxillerat\/","title":{"rendered":"Cat\u00e0leg Primer de Batxillerat"},"content":{"rendered":"<p>[vc_row][vc_column]<div class=\"woocommerce columns-5 \"><ul class=\"products columns-5\">\n<li class=\"post-146873 product type-product status-publish has-post-thumbnail product_cat-catalunya-ca product_cat-comunidad-de-valencia-ca product_cat-illes-balears-ca pa_asignatura-biologia-ca pa_format-llibre-digital-ca pa_idioma-catalan-ca first outofstock virtual taxable purchasable product-type-simple\">\r\n\t<a href=\"https:\/\/web.editorialteide.com\/ca\/producte\/biologia-conceptes-basics-1-batx-dig-cat2020\/\" class=\"woocommerce-LoopProduct-link woocommerce-loop-product__link\"><img loading=\"lazy\" decoding=\"async\" width=\"247\" height=\"314\" src=\"https:\/\/web.editorialteide.com\/wp-content\/uploads\/2020\/06\/5402.png\" class=\"attachment-woocommerce_thumbnail size-woocommerce_thumbnail\" alt=\"Digital. Biologia - Conceptes b\u00e0sics 1 BTX (2020)\" srcset=\"https:\/\/web.editorialteide.com\/wp-content\/uploads\/2020\/06\/5402.png 247w, https:\/\/web.editorialteide.com\/wp-content\/uploads\/2020\/06\/5402-236x300.png 236w\" sizes=\"auto, (max-width: 247px) 100vw, 247px\" \/><\/a><a href=\"https:\/\/web.editorialteide.com\/ca\/producte\/biologia-conceptes-basics-1-batx-dig-cat2020\/\" aria-describedby=\"woocommerce_loop_add_to_cart_link_describedby_146873\" data-quantity=\"1\" class=\"button product_type_simple\" data-product_id=\"146873\" data-product_sku=\"9788430799640\" aria-label=\"M\u00e9s informaci\u00f3 sobre &ldquo;Digital. Biologia - Conceptes b\u00e0sics 1 BTX (2020)&rdquo;\" rel=\"nofollow\" data-success_message=\"\">Llegeix m\u00e9s<\/a>\t<span id=\"woocommerce_loop_add_to_cart_link_describedby_146873\" class=\"screen-reader-text\">\n\t\t\t<\/span>\n<h2 class=\"woocommerce-loop-product__title\">Digital. Biologia &#8211; Conceptes b\u00e0sics 1 BTX (2020)<\/h2><\/li>\r\n\r\n<li class=\"post-113913 product type-product status-publish has-post-thumbnail product_cat-catalunya-ca product_cat-comunidad-de-valencia-ca product_cat-illes-balears-ca pa_asignatura-filosofia-ca pa_curso-1-bat-ca pa_format-llibre-digital-ca pa_idioma-catalan-ca  outofstock virtual taxable purchasable product-type-simple\">\r\n\t<a href=\"https:\/\/web.editorialteide.com\/ca\/producte\/pensa-filosofia-1-batxillerat-digital2018\/\" class=\"woocommerce-LoopProduct-link woocommerce-loop-product__link\"><img loading=\"lazy\" decoding=\"async\" width=\"247\" height=\"314\" src=\"https:\/\/web.editorialteide.com\/wp-content\/uploads\/2019\/07\/9788430753499_L38_04_X.png\" class=\"attachment-woocommerce_thumbnail size-woocommerce_thumbnail\" alt=\"Digital. Pensa - Filosofia 1 BTX (2018)\" srcset=\"https:\/\/web.editorialteide.com\/wp-content\/uploads\/2019\/07\/9788430753499_L38_04_X.png 247w, https:\/\/web.editorialteide.com\/wp-content\/uploads\/2019\/07\/9788430753499_L38_04_X-236x300.png 236w\" sizes=\"auto, (max-width: 247px) 100vw, 247px\" \/><\/a><a href=\"https:\/\/web.editorialteide.com\/ca\/producte\/pensa-filosofia-1-batxillerat-digital2018\/\" aria-describedby=\"woocommerce_loop_add_to_cart_link_describedby_113913\" data-quantity=\"1\" class=\"button product_type_simple\" data-product_id=\"113913\" data-product_sku=\"9788430798520\" aria-label=\"M\u00e9s informaci\u00f3 sobre &ldquo;Digital. Pensa - Filosofia 1 BTX (2018)&rdquo;\" rel=\"nofollow\" data-success_message=\"\">Llegeix m\u00e9s<\/a>\t<span id=\"woocommerce_loop_add_to_cart_link_describedby_113913\" class=\"screen-reader-text\">\n\t\t\t<\/span>\n<h2 class=\"woocommerce-loop-product__title\">Digital. Pensa &#8211; Filosofia 1 BTX (2018)<\/h2><\/li>\r\n\r\n<li class=\"post-146883 product type-product status-publish has-post-thumbnail product_cat-catalunya-ca product_cat-comunidad-de-valencia-ca product_cat-illes-balears-ca pa_asignatura-llati-ca pa_format-llibre-digital-ca pa_idioma-catalan-ca  outofstock virtual taxable purchasable product-type-simple\">\r\n\t<a href=\"https:\/\/web.editorialteide.com\/ca\/producte\/proemi-llati-1-batx-dig-cat2020\/\" class=\"woocommerce-LoopProduct-link woocommerce-loop-product__link\"><img loading=\"lazy\" decoding=\"async\" width=\"247\" height=\"314\" src=\"https:\/\/web.editorialteide.com\/wp-content\/uploads\/2020\/06\/5345.png\" class=\"attachment-woocommerce_thumbnail size-woocommerce_thumbnail\" alt=\"Digital. Proemi - Llat\u00ed 1 BTX (2020)\" srcset=\"https:\/\/web.editorialteide.com\/wp-content\/uploads\/2020\/06\/5345.png 247w, https:\/\/web.editorialteide.com\/wp-content\/uploads\/2020\/06\/5345-236x300.png 236w\" sizes=\"auto, (max-width: 247px) 100vw, 247px\" \/><\/a><a href=\"https:\/\/web.editorialteide.com\/ca\/producte\/proemi-llati-1-batx-dig-cat2020\/\" aria-describedby=\"woocommerce_loop_add_to_cart_link_describedby_146883\" data-quantity=\"1\" class=\"button product_type_simple\" data-product_id=\"146883\" data-product_sku=\"9788430798773\" aria-label=\"M\u00e9s informaci\u00f3 sobre &ldquo;Digital. Proemi - Llat\u00ed 1 BTX (2020)&rdquo;\" rel=\"nofollow\" data-success_message=\"\">Llegeix m\u00e9s<\/a>\t<span id=\"woocommerce_loop_add_to_cart_link_describedby_146883\" class=\"screen-reader-text\">\n\t\t\t<\/span>\n<h2 class=\"woocommerce-loop-product__title\">Digital. Proemi &#8211; Llat\u00ed 1 BTX (2020)<\/h2><\/li>\r\n\r\n<li class=\"post-146891 product type-product status-publish has-post-thumbnail product_cat-catalunya-ca product_cat-comunidad-de-valencia-ca product_cat-illes-balears-ca pa_format-llibre-digital-ca pa_idioma-catalan-ca  outofstock virtual taxable purchasable product-type-simple\">\r\n\t<a href=\"https:\/\/web.editorialteide.com\/ca\/producte\/ozo-ciencies-de-la-terra-1-batx-dig-cat2020\/\" class=\"woocommerce-LoopProduct-link woocommerce-loop-product__link\"><img loading=\"lazy\" decoding=\"async\" width=\"247\" height=\"314\" src=\"https:\/\/web.editorialteide.com\/wp-content\/uploads\/2020\/06\/9873.png\" class=\"attachment-woocommerce_thumbnail size-woocommerce_thumbnail\" alt=\"Digital. Oz\u00f3 1 - Ci\u00e8ncies de la Terra BTX (2020)\" srcset=\"https:\/\/web.editorialteide.com\/wp-content\/uploads\/2020\/06\/9873.png 247w, https:\/\/web.editorialteide.com\/wp-content\/uploads\/2020\/06\/9873-236x300.png 236w\" sizes=\"auto, (max-width: 247px) 100vw, 247px\" \/><\/a><a href=\"https:\/\/web.editorialteide.com\/ca\/producte\/ozo-ciencies-de-la-terra-1-batx-dig-cat2020\/\" aria-describedby=\"woocommerce_loop_add_to_cart_link_describedby_146891\" data-quantity=\"1\" class=\"button product_type_simple\" data-product_id=\"146891\" data-product_sku=\"9788430798735\" aria-label=\"M\u00e9s informaci\u00f3 sobre &ldquo;Digital. Oz\u00f3 1 - Ci\u00e8ncies de la Terra BTX (2020)&rdquo;\" rel=\"nofollow\" data-success_message=\"\">Llegeix m\u00e9s<\/a>\t<span id=\"woocommerce_loop_add_to_cart_link_describedby_146891\" class=\"screen-reader-text\">\n\t\t\t<\/span>\n<h2 class=\"woocommerce-loop-product__title\">Digital. Oz\u00f3 1 &#8211; Ci\u00e8ncies de la Terra BTX (2020)<\/h2><\/li>\r\n\r\n<li class=\"post-146871 product type-product status-publish has-post-thumbnail product_cat-catalunya-ca product_cat-comunidad-de-valencia-ca product_cat-illes-balears-ca pa_asignatura-fisica-ca pa_format-llibre-digital-ca pa_idioma-catalan-ca last outofstock virtual taxable purchasable product-type-simple\">\r\n\t<a href=\"https:\/\/web.editorialteide.com\/ca\/producte\/fase-fisica-1-batx-dig-cat2020\/\" class=\"woocommerce-LoopProduct-link woocommerce-loop-product__link\"><img loading=\"lazy\" decoding=\"async\" width=\"247\" height=\"323\" src=\"https:\/\/web.editorialteide.com\/wp-content\/uploads\/2020\/06\/9965_ok.png\" class=\"attachment-woocommerce_thumbnail size-woocommerce_thumbnail\" alt=\"Digital. Fase - F\u00edsica 1 BTX (2020)\" srcset=\"https:\/\/web.editorialteide.com\/wp-content\/uploads\/2020\/06\/9965_ok.png 247w, https:\/\/web.editorialteide.com\/wp-content\/uploads\/2020\/06\/9965_ok-229x300.png 229w\" sizes=\"auto, (max-width: 247px) 100vw, 247px\" \/><\/a><a href=\"https:\/\/web.editorialteide.com\/ca\/producte\/fase-fisica-1-batx-dig-cat2020\/\" aria-describedby=\"woocommerce_loop_add_to_cart_link_describedby_146871\" data-quantity=\"1\" class=\"button product_type_simple\" data-product_id=\"146871\" data-product_sku=\"9788430799657\" aria-label=\"M\u00e9s informaci\u00f3 sobre &ldquo;Digital. Fase - F\u00edsica 1 BTX (2020)&rdquo;\" rel=\"nofollow\" data-success_message=\"\">Llegeix m\u00e9s<\/a>\t<span id=\"woocommerce_loop_add_to_cart_link_describedby_146871\" class=\"screen-reader-text\">\n\t\t\t<\/span>\n<h2 class=\"woocommerce-loop-product__title\">Digital. Fase &#8211; F\u00edsica 1 BTX (2020)<\/h2><\/li>\r\n\r\n<\/ul>\n<\/div>[\/vc_column][\/vc_row]<\/p>\n","protected":false},"excerpt":{"rendered":"<p>[vc_row][vc_column][\/vc_column][\/vc_row]<\/p>\n","protected":false},"author":3,"featured_media":0,"parent":0,"menu_order":0,"comment_status":"closed","ping_status":"closed","template":"","meta":{"footnotes":"","_links_to":"","_links_to_target":""},"class_list":["post-146769","page","type-page","status-publish","hentry"],"_links":{"self":[{"href":"https:\/\/web.editorialteide.com\/ca\/wp-json\/wp\/v2\/pages\/146769","targetHints":{"allow":["GET"]}}],"collection":[{"href":"https:\/\/web.editorialteide.com\/ca\/wp-json\/wp\/v2\/pages"}],"about":[{"href":"https:\/\/web.editorialteide.com\/ca\/wp-json\/wp\/v2\/types\/page"}],"author":[{"embeddable":true,"href":"https:\/\/web.editorialteide.com\/ca\/wp-json\/wp\/v2\/users\/3"}],"replies":[{"embeddable":true,"href":"https:\/\/web.editorialteide.com\/ca\/wp-json\/wp\/v2\/comments?post=146769"}],"version-history":[{"count":3,"href":"https:\/\/web.editorialteide.com\/ca\/wp-json\/wp\/v2\/pages\/146769\/revisions"}],"predecessor-version":[{"id":154861,"href":"https:\/\/web.editorialteide.com\/ca\/wp-json\/wp\/v2\/pages\/146769\/revisions\/154861"}],"wp:attachment":[{"href":"https:\/\/web.editorialteide.com\/ca\/wp-json\/wp\/v2\/media?parent=146769"}],"curies":[{"name":"wp","href":"https:\/\/api.w.org\/{rel}","templated":true}]}}