{"id":146774,"date":"2020-06-08T16:59:12","date_gmt":"2020-06-08T15:59:12","guid":{"rendered":"http:\/\/web.editorialteide.com\/?page_id=146774"},"modified":"2021-06-16T09:30:59","modified_gmt":"2021-06-16T08:30:59","slug":"cataleg-segon-de-batxillerat","status":"publish","type":"page","link":"https:\/\/web.editorialteide.com\/ca\/cataleg-segon-de-batxillerat\/","title":{"rendered":"Cat\u00e0leg Segon de Batxillerat"},"content":{"rendered":"<p>[vc_row][vc_column]<div class=\"woocommerce columns-5 \"><ul class=\"products columns-5\">\n<li class=\"post-146881 product type-product status-publish has-post-thumbnail product_cat-catalunya-ca product_cat-comunidad-de-valencia-ca product_cat-illes-balears-ca pa_asignatura-llati-ca pa_format-llibre-digital-ca pa_idioma-catalan-ca first outofstock virtual taxable purchasable product-type-simple\">\r\n\t<a href=\"https:\/\/web.editorialteide.com\/ca\/producte\/epileg-llati-2-batx-dig-cat2020\/\" class=\"woocommerce-LoopProduct-link woocommerce-loop-product__link\"><img loading=\"lazy\" decoding=\"async\" width=\"247\" height=\"314\" src=\"https:\/\/web.editorialteide.com\/wp-content\/uploads\/2020\/06\/5373.png\" class=\"attachment-woocommerce_thumbnail size-woocommerce_thumbnail\" alt=\"Digital. Ep\u00edleg - Llat\u00ed 2 BTX (2020)\" srcset=\"https:\/\/web.editorialteide.com\/wp-content\/uploads\/2020\/06\/5373.png 247w, https:\/\/web.editorialteide.com\/wp-content\/uploads\/2020\/06\/5373-236x300.png 236w\" sizes=\"auto, (max-width: 247px) 100vw, 247px\" \/><\/a><a href=\"https:\/\/web.editorialteide.com\/ca\/producte\/epileg-llati-2-batx-dig-cat2020\/\" aria-describedby=\"woocommerce_loop_add_to_cart_link_describedby_146881\" data-quantity=\"1\" class=\"button product_type_simple\" data-product_id=\"146881\" data-product_sku=\"9788430798780\" aria-label=\"M\u00e9s informaci\u00f3 sobre &ldquo;Digital. Ep\u00edleg - Llat\u00ed 2 BTX (2020)&rdquo;\" rel=\"nofollow\" data-success_message=\"\">Llegeix m\u00e9s<\/a>\t<span id=\"woocommerce_loop_add_to_cart_link_describedby_146881\" class=\"screen-reader-text\">\n\t\t\t<\/span>\n<h2 class=\"woocommerce-loop-product__title\">Digital. Ep\u00edleg &#8211; Llat\u00ed 2 BTX (2020)<\/h2><\/li>\r\n\r\n<li class=\"post-146873 product type-product status-publish has-post-thumbnail product_cat-catalunya-ca product_cat-comunidad-de-valencia-ca product_cat-illes-balears-ca pa_asignatura-biologia-ca pa_format-llibre-digital-ca pa_idioma-catalan-ca  outofstock virtual taxable purchasable product-type-simple\">\r\n\t<a href=\"https:\/\/web.editorialteide.com\/ca\/producte\/biologia-conceptes-basics-1-batx-dig-cat2020\/\" class=\"woocommerce-LoopProduct-link woocommerce-loop-product__link\"><img loading=\"lazy\" decoding=\"async\" width=\"247\" height=\"314\" src=\"https:\/\/web.editorialteide.com\/wp-content\/uploads\/2020\/06\/5402.png\" class=\"attachment-woocommerce_thumbnail size-woocommerce_thumbnail\" alt=\"Digital. Biologia - Conceptes b\u00e0sics 1 BTX (2020)\" srcset=\"https:\/\/web.editorialteide.com\/wp-content\/uploads\/2020\/06\/5402.png 247w, https:\/\/web.editorialteide.com\/wp-content\/uploads\/2020\/06\/5402-236x300.png 236w\" sizes=\"auto, (max-width: 247px) 100vw, 247px\" \/><\/a><a href=\"https:\/\/web.editorialteide.com\/ca\/producte\/biologia-conceptes-basics-1-batx-dig-cat2020\/\" aria-describedby=\"woocommerce_loop_add_to_cart_link_describedby_146873\" data-quantity=\"1\" class=\"button product_type_simple\" data-product_id=\"146873\" data-product_sku=\"9788430799640\" aria-label=\"M\u00e9s informaci\u00f3 sobre &ldquo;Digital. Biologia - Conceptes b\u00e0sics 1 BTX (2020)&rdquo;\" rel=\"nofollow\" data-success_message=\"\">Llegeix m\u00e9s<\/a>\t<span id=\"woocommerce_loop_add_to_cart_link_describedby_146873\" class=\"screen-reader-text\">\n\t\t\t<\/span>\n<h2 class=\"woocommerce-loop-product__title\">Digital. Biologia &#8211; Conceptes b\u00e0sics 1 BTX (2020)<\/h2><\/li>\r\n\r\n<li class=\"post-146885 product type-product status-publish has-post-thumbnail product_cat-catalunya-ca product_cat-comunidad-de-valencia-ca product_cat-illes-balears-ca pa_asignatura-quimica-ca pa_format-llibre-digital-ca pa_idioma-catalan-ca  outofstock virtual taxable purchasable product-type-simple\">\r\n\t<a href=\"https:\/\/web.editorialteide.com\/ca\/producte\/reaccio-quimica-2-batx-dig-cat2020\/\" class=\"woocommerce-LoopProduct-link woocommerce-loop-product__link\"><img loading=\"lazy\" decoding=\"async\" width=\"247\" height=\"314\" src=\"https:\/\/web.editorialteide.com\/wp-content\/uploads\/2020\/06\/5400.png\" class=\"attachment-woocommerce_thumbnail size-woocommerce_thumbnail\" alt=\"Digital. Reacci\u00f3 - Qu\u00edmica 2 BTX (2020)\" srcset=\"https:\/\/web.editorialteide.com\/wp-content\/uploads\/2020\/06\/5400.png 247w, https:\/\/web.editorialteide.com\/wp-content\/uploads\/2020\/06\/5400-236x300.png 236w\" sizes=\"auto, (max-width: 247px) 100vw, 247px\" \/><\/a><a href=\"https:\/\/web.editorialteide.com\/ca\/producte\/reaccio-quimica-2-batx-dig-cat2020\/\" aria-describedby=\"woocommerce_loop_add_to_cart_link_describedby_146885\" data-quantity=\"1\" class=\"button product_type_simple\" data-product_id=\"146885\" data-product_sku=\"9788430798766\" aria-label=\"M\u00e9s informaci\u00f3 sobre &ldquo;Digital. Reacci\u00f3 - Qu\u00edmica 2 BTX (2020)&rdquo;\" rel=\"nofollow\" data-success_message=\"\">Llegeix m\u00e9s<\/a>\t<span id=\"woocommerce_loop_add_to_cart_link_describedby_146885\" class=\"screen-reader-text\">\n\t\t\t<\/span>\n<h2 class=\"woocommerce-loop-product__title\">Digital. Reacci\u00f3 &#8211; Qu\u00edmica 2 BTX (2020)<\/h2><\/li>\r\n\r\n<li class=\"post-146889 product type-product status-publish has-post-thumbnail product_cat-catalunya-ca product_cat-comunidad-de-valencia-ca product_cat-illes-balears-ca pa_asignatura-ciencies-de-la-terra-i-del-medi-ambient pa_format-llibre-digital-ca pa_idioma-catalan-ca  outofstock virtual taxable purchasable product-type-simple\">\r\n\t<a href=\"https:\/\/web.editorialteide.com\/ca\/producte\/ozo-ciencies-de-la-terra-2-batx-dig-cat2020\/\" class=\"woocommerce-LoopProduct-link woocommerce-loop-product__link\"><img loading=\"lazy\" decoding=\"async\" width=\"247\" height=\"314\" src=\"https:\/\/web.editorialteide.com\/wp-content\/uploads\/2020\/06\/9874.png\" class=\"attachment-woocommerce_thumbnail size-woocommerce_thumbnail\" alt=\"Digital. Oz\u00f3 2 - Ci\u00e8ncies de la Terra BTX (2020)\" srcset=\"https:\/\/web.editorialteide.com\/wp-content\/uploads\/2020\/06\/9874.png 247w, https:\/\/web.editorialteide.com\/wp-content\/uploads\/2020\/06\/9874-236x300.png 236w\" sizes=\"auto, (max-width: 247px) 100vw, 247px\" \/><\/a><a href=\"https:\/\/web.editorialteide.com\/ca\/producte\/ozo-ciencies-de-la-terra-2-batx-dig-cat2020\/\" aria-describedby=\"woocommerce_loop_add_to_cart_link_describedby_146889\" data-quantity=\"1\" class=\"button product_type_simple\" data-product_id=\"146889\" data-product_sku=\"9788430798742\" aria-label=\"M\u00e9s informaci\u00f3 sobre &ldquo;Digital. Oz\u00f3 2 - Ci\u00e8ncies de la Terra BTX (2020)&rdquo;\" rel=\"nofollow\" data-success_message=\"\">Llegeix m\u00e9s<\/a>\t<span id=\"woocommerce_loop_add_to_cart_link_describedby_146889\" class=\"screen-reader-text\">\n\t\t\t<\/span>\n<h2 class=\"woocommerce-loop-product__title\">Digital. Oz\u00f3 2 &#8211; Ci\u00e8ncies de la Terra BTX (2020)<\/h2><\/li>\r\n\r\n<li class=\"post-113911 product type-product status-publish has-post-thumbnail product_cat-catalunya-ca product_cat-comunidad-de-valencia-ca product_cat-illes-balears-ca pa_asignatura-filosofia-ca pa_curso-2-bat-ca pa_format-llibre-digital-ca pa_idioma-catalan-ca last outofstock virtual taxable purchasable product-type-simple\">\r\n\t<a href=\"https:\/\/web.editorialteide.com\/ca\/producte\/trellat-historia-de-la-filosofia-2-batx-dig2018\/\" class=\"woocommerce-LoopProduct-link woocommerce-loop-product__link\"><img loading=\"lazy\" decoding=\"async\" width=\"247\" height=\"314\" src=\"https:\/\/web.editorialteide.com\/wp-content\/uploads\/2019\/07\/9788430753680_L38_04_X.png\" class=\"attachment-woocommerce_thumbnail size-woocommerce_thumbnail\" alt=\"Digital. Trellat - Hist\u00f2ria de la filosofia 2 BTX (2018)\" srcset=\"https:\/\/web.editorialteide.com\/wp-content\/uploads\/2019\/07\/9788430753680_L38_04_X.png 247w, https:\/\/web.editorialteide.com\/wp-content\/uploads\/2019\/07\/9788430753680_L38_04_X-236x300.png 236w\" sizes=\"auto, (max-width: 247px) 100vw, 247px\" \/><\/a><a href=\"https:\/\/web.editorialteide.com\/ca\/producte\/trellat-historia-de-la-filosofia-2-batx-dig2018\/\" aria-describedby=\"woocommerce_loop_add_to_cart_link_describedby_113911\" data-quantity=\"1\" class=\"button product_type_simple\" data-product_id=\"113911\" data-product_sku=\"9788430798537\" aria-label=\"M\u00e9s informaci\u00f3 sobre &ldquo;Digital. Trellat - Hist\u00f2ria de la filosofia 2 BTX (2018)&rdquo;\" rel=\"nofollow\" data-success_message=\"\">Llegeix m\u00e9s<\/a>\t<span id=\"woocommerce_loop_add_to_cart_link_describedby_113911\" class=\"screen-reader-text\">\n\t\t\t<\/span>\n<h2 class=\"woocommerce-loop-product__title\">Digital. Trellat &#8211; Hist\u00f2ria de la filosofia 2 BTX (2018)<\/h2><\/li>\r\n\r\n<li class=\"post-83305 product type-product status-publish has-post-thumbnail product_cat-catalunya-ca product_cat-comunidad-de-valencia-ca product_cat-illes-balears-ca pa_format-llibre-digital-ca pa_idioma-catalan-ca first outofstock virtual taxable purchasable product-type-simple\">\r\n\t<a href=\"https:\/\/web.editorialteide.com\/ca\/producte\/mosaic-i-hist-art-batx-2016\/\" class=\"woocommerce-LoopProduct-link woocommerce-loop-product__link\"><img loading=\"lazy\" decoding=\"async\" width=\"247\" height=\"314\" src=\"https:\/\/web.editorialteide.com\/wp-content\/uploads\/2019\/07\/9788430753635_L38_04_X.png\" class=\"attachment-woocommerce_thumbnail size-woocommerce_thumbnail\" alt=\"Digital. Mosaic I - Hist\u00f2ria Art BTX (2016)\" srcset=\"https:\/\/web.editorialteide.com\/wp-content\/uploads\/2019\/07\/9788430753635_L38_04_X.png 247w, https:\/\/web.editorialteide.com\/wp-content\/uploads\/2019\/07\/9788430753635_L38_04_X-236x300.png 236w\" sizes=\"auto, (max-width: 247px) 100vw, 247px\" \/><\/a><a href=\"https:\/\/web.editorialteide.com\/ca\/producte\/mosaic-i-hist-art-batx-2016\/\" aria-describedby=\"woocommerce_loop_add_to_cart_link_describedby_83305\" data-quantity=\"1\" class=\"button product_type_simple\" data-product_id=\"83305\" data-product_sku=\"9788430797110\" aria-label=\"M\u00e9s informaci\u00f3 sobre &ldquo;Digital. Mosaic I - Hist\u00f2ria Art BTX (2016)&rdquo;\" rel=\"nofollow\" data-success_message=\"\">Llegeix m\u00e9s<\/a>\t<span id=\"woocommerce_loop_add_to_cart_link_describedby_83305\" class=\"screen-reader-text\">\n\t\t\t<\/span>\n<h2 class=\"woocommerce-loop-product__title\">Digital. Mosaic I &#8211; Hist\u00f2ria Art BTX (2016)<\/h2><\/li>\r\n\r\n<li class=\"post-83303 product type-product status-publish has-post-thumbnail product_cat-catalunya-ca product_cat-comunidad-de-valencia-ca product_cat-illes-balears-ca pa_format-llibre-digital-ca pa_idioma-catalan-ca  outofstock virtual taxable purchasable product-type-simple\">\r\n\t<a href=\"https:\/\/web.editorialteide.com\/ca\/producte\/mosaic-ii-hist-art-batx-2016\/\" class=\"woocommerce-LoopProduct-link woocommerce-loop-product__link\"><img loading=\"lazy\" decoding=\"async\" width=\"247\" height=\"314\" src=\"https:\/\/web.editorialteide.com\/wp-content\/uploads\/2019\/07\/9788430753642_L38_04_X.png\" class=\"attachment-woocommerce_thumbnail size-woocommerce_thumbnail\" alt=\"Digital. Mosaic II - Hist\u00f2ria Art BTX (2016)\" srcset=\"https:\/\/web.editorialteide.com\/wp-content\/uploads\/2019\/07\/9788430753642_L38_04_X.png 247w, https:\/\/web.editorialteide.com\/wp-content\/uploads\/2019\/07\/9788430753642_L38_04_X-236x300.png 236w\" sizes=\"auto, (max-width: 247px) 100vw, 247px\" \/><\/a><a href=\"https:\/\/web.editorialteide.com\/ca\/producte\/mosaic-ii-hist-art-batx-2016\/\" aria-describedby=\"woocommerce_loop_add_to_cart_link_describedby_83303\" data-quantity=\"1\" class=\"button product_type_simple\" data-product_id=\"83303\" data-product_sku=\"9788430797127\" aria-label=\"M\u00e9s informaci\u00f3 sobre &ldquo;Digital. Mosaic II - Hist\u00f2ria Art BTX (2016)&rdquo;\" rel=\"nofollow\" data-success_message=\"\">Llegeix m\u00e9s<\/a>\t<span id=\"woocommerce_loop_add_to_cart_link_describedby_83303\" class=\"screen-reader-text\">\n\t\t\t<\/span>\n<h2 class=\"woocommerce-loop-product__title\">Digital. Mosaic II &#8211; Hist\u00f2ria Art BTX (2016)<\/h2><\/li>\r\n\r\n<li class=\"post-83301 product type-product status-publish has-post-thumbnail product_cat-catalunya-ca product_cat-comunidad-de-valencia-ca product_cat-illes-balears-ca pa_format-llibre-digital-ca pa_idioma-catalan-ca  outofstock virtual taxable purchasable product-type-simple\">\r\n\t<a href=\"https:\/\/web.editorialteide.com\/ca\/producte\/mosaic-iii-hist-art-batx2016\/\" class=\"woocommerce-LoopProduct-link woocommerce-loop-product__link\"><img loading=\"lazy\" decoding=\"async\" width=\"247\" height=\"314\" src=\"https:\/\/web.editorialteide.com\/wp-content\/uploads\/2019\/07\/9788430753659_L38_04_X.png\" class=\"attachment-woocommerce_thumbnail size-woocommerce_thumbnail\" alt=\"Digital. Mosaic III - Hist\u00f2ria Art BTX (2016)\" srcset=\"https:\/\/web.editorialteide.com\/wp-content\/uploads\/2019\/07\/9788430753659_L38_04_X.png 247w, https:\/\/web.editorialteide.com\/wp-content\/uploads\/2019\/07\/9788430753659_L38_04_X-236x300.png 236w\" sizes=\"auto, (max-width: 247px) 100vw, 247px\" \/><\/a><a href=\"https:\/\/web.editorialteide.com\/ca\/producte\/mosaic-iii-hist-art-batx2016\/\" aria-describedby=\"woocommerce_loop_add_to_cart_link_describedby_83301\" data-quantity=\"1\" class=\"button product_type_simple\" data-product_id=\"83301\" data-product_sku=\"9788430797134\" aria-label=\"M\u00e9s informaci\u00f3 sobre &ldquo;Digital. Mosaic III - Hist\u00f2ria Art BTX (2016)&rdquo;\" rel=\"nofollow\" data-success_message=\"\">Llegeix m\u00e9s<\/a>\t<span id=\"woocommerce_loop_add_to_cart_link_describedby_83301\" class=\"screen-reader-text\">\n\t\t\t<\/span>\n<h2 class=\"woocommerce-loop-product__title\">Digital. Mosaic III &#8211; Hist\u00f2ria Art BTX (2016)<\/h2><\/li>\r\n\r\n<li class=\"post-83299 product type-product status-publish has-post-thumbnail product_cat-catalunya-ca product_cat-comunidad-de-valencia-ca product_cat-illes-balears-ca pa_format-llibre-digital-ca pa_idioma-catalan-ca  outofstock virtual taxable purchasable product-type-simple\">\r\n\t<a href=\"https:\/\/web.editorialteide.com\/ca\/producte\/mosaic-iv-hist-art-batx-2016\/\" class=\"woocommerce-LoopProduct-link woocommerce-loop-product__link\"><img loading=\"lazy\" decoding=\"async\" width=\"247\" height=\"314\" src=\"https:\/\/web.editorialteide.com\/wp-content\/uploads\/2019\/07\/9788430753666_L38_04_X.png\" class=\"attachment-woocommerce_thumbnail size-woocommerce_thumbnail\" alt=\"Digital. Mosaic IV - Hist\u00f2ria Art BTX (2016)\" srcset=\"https:\/\/web.editorialteide.com\/wp-content\/uploads\/2019\/07\/9788430753666_L38_04_X.png 247w, https:\/\/web.editorialteide.com\/wp-content\/uploads\/2019\/07\/9788430753666_L38_04_X-236x300.png 236w\" sizes=\"auto, (max-width: 247px) 100vw, 247px\" \/><\/a><a href=\"https:\/\/web.editorialteide.com\/ca\/producte\/mosaic-iv-hist-art-batx-2016\/\" aria-describedby=\"woocommerce_loop_add_to_cart_link_describedby_83299\" data-quantity=\"1\" class=\"button product_type_simple\" data-product_id=\"83299\" data-product_sku=\"9788430797141\" aria-label=\"M\u00e9s informaci\u00f3 sobre &ldquo;Digital. Mosaic IV - Hist\u00f2ria Art BTX (2016)&rdquo;\" rel=\"nofollow\" data-success_message=\"\">Llegeix m\u00e9s<\/a>\t<span id=\"woocommerce_loop_add_to_cart_link_describedby_83299\" class=\"screen-reader-text\">\n\t\t\t<\/span>\n<h2 class=\"woocommerce-loop-product__title\">Digital. Mosaic IV &#8211; Hist\u00f2ria Art BTX (2016)<\/h2><\/li>\r\n\r\n<\/ul>\n<\/div>[\/vc_column][\/vc_row]<\/p>\n","protected":false},"excerpt":{"rendered":"<p>[vc_row][vc_column][\/vc_column][\/vc_row]<\/p>\n","protected":false},"author":3,"featured_media":0,"parent":0,"menu_order":0,"comment_status":"closed","ping_status":"closed","template":"","meta":{"footnotes":"","_links_to":"","_links_to_target":""},"class_list":["post-146774","page","type-page","status-publish","hentry"],"_links":{"self":[{"href":"https:\/\/web.editorialteide.com\/ca\/wp-json\/wp\/v2\/pages\/146774","targetHints":{"allow":["GET"]}}],"collection":[{"href":"https:\/\/web.editorialteide.com\/ca\/wp-json\/wp\/v2\/pages"}],"about":[{"href":"https:\/\/web.editorialteide.com\/ca\/wp-json\/wp\/v2\/types\/page"}],"author":[{"embeddable":true,"href":"https:\/\/web.editorialteide.com\/ca\/wp-json\/wp\/v2\/users\/3"}],"replies":[{"embeddable":true,"href":"https:\/\/web.editorialteide.com\/ca\/wp-json\/wp\/v2\/comments?post=146774"}],"version-history":[{"count":3,"href":"https:\/\/web.editorialteide.com\/ca\/wp-json\/wp\/v2\/pages\/146774\/revisions"}],"predecessor-version":[{"id":154993,"href":"https:\/\/web.editorialteide.com\/ca\/wp-json\/wp\/v2\/pages\/146774\/revisions\/154993"}],"wp:attachment":[{"href":"https:\/\/web.editorialteide.com\/ca\/wp-json\/wp\/v2\/media?parent=146774"}],"curies":[{"name":"wp","href":"https:\/\/api.w.org\/{rel}","templated":true}]}}