{"id":151944,"date":"2021-03-02T13:05:51","date_gmt":"2021-03-02T12:05:51","guid":{"rendered":"http:\/\/web.editorialteide.com\/?page_id=151944"},"modified":"2021-03-02T13:15:00","modified_gmt":"2021-03-02T12:15:00","slug":"novetats-educacio-secundaria-2021-2022-comunitat-valenciana","status":"publish","type":"page","link":"https:\/\/web.editorialteide.com\/ca\/novetats-educacio-secundaria-2021-2022-comunitat-valenciana\/","title":{"rendered":"NOVETATS EDUCACI\u00d3 SECUND\u00c0RIA 2021-2022 (Comunitat Valenciana)"},"content":{"rendered":"<p>[vc_row][vc_column][vc_cta h2=&#8221;TRIA LA MAT\u00c8RIA I L&#8217;IDIOMA PER CON\u00c8IXER LES NOSTRES NOVETATS!&#8221; h2_font_container=&#8221;tag:h2|text_align:left|color:%231e73be&#8221; h2_google_fonts=&#8221;font_family:Fredoka%20One%3Aregular|font_style:400%20regular%3A400%3Anormal&#8221; h4_font_container=&#8221;tag:h4|text_align:left&#8221; txt_align=&#8221;justify&#8221; use_custom_fonts_h2=&#8221;true&#8221; use_custom_fonts_h4=&#8221;true&#8221;]<\/p>\n<p style=\"text-align: left;\"><span style=\"color: #333333;\"><strong><span style=\"color: #333333;\">Si vols rebre m\u00e9s informaci\u00f3, pots contactar amb nosaltres a trav\u00e9s de l\u2019adre\u00e7a electr\u00f2nica<\/span> <span style=\"color: #666699;\"><a style=\"color: #666699;\" href=\"mailto:info@editorialteide.com\"><span style=\"color: #1e73be;\">info@editorialteide.com<\/span><span style=\"color: #333333;\">,<\/span><\/a><\/span><span style=\"color: #333333;\"> trucant al tel\u00e8fon d\u2019atenci\u00f3 al professorat 902 23 30 30, o b\u00e9 mitjan\u00e7ant el nostre<\/span><span style=\"color: #666699;\">\u00a0<a style=\"color: #666699;\" href=\"https:\/\/web.editorialteide.com\/ca\/formulari-de-contacte\/\"><span style=\"color: #2b31ed;\"><span style=\"color: #1e73be;\">formulari de contacte<\/span><\/span><\/a><\/span>.<\/strong><\/span><\/p>\n<p>[\/vc_cta][\/vc_column][\/vc_row][vc_row gap=&#8221;20&#8243; equal_height=&#8221;yes&#8221;][vc_column width=&#8221;1\/2&#8243;][vc_column_text]<\/p>\n<p style=\"text-align: center;\"><span style=\"color: #1e73be; font-family: tahoma, arial, helvetica, sans-serif;\"><strong><span style=\"font-size: 20px;\">VALENCI\u00c0<\/span><\/strong><\/span><\/p>\n<p>[\/vc_column_text][vc_row_inner equal_height=&#8221;yes&#8221; gap=&#8221;5&#8243;][vc_column_inner width=&#8221;1\/2&#8243; css=&#8221;.vc_custom_1614685810229{background-color: #cdd82f !important;}&#8221;][vc_column_text]<\/p>\n<p style=\"text-align: center;\"><span style=\"color: #ffffff;\"><a style=\"color: #ffffff;\" href=\"https:\/\/view.genial.ly\/60108c77b3ff860d8d7b3d08\" target=\"_blank\" rel=\"noopener\"><strong><span style=\"font-size: 20px;\">Educaci\u00f3 f\u00edsica<\/span><\/strong><\/a><\/span><\/p>\n<p>[\/vc_column_text][vc_icon icon_fontawesome=&#8221;fas fa-table-tennis&#8221; color=&#8221;white&#8221; size=&#8221;lg&#8221; align=&#8221;center&#8221;][\/vc_column_inner][vc_column_inner width=&#8221;1\/2&#8243; css=&#8221;.vc_custom_1614685850438{background-color: #9b73b1 !important;}&#8221;][vc_column_text]<\/p>\n<p style=\"text-align: center;\"><span style=\"color: #ffffff;\"><a style=\"color: #ffffff;\" href=\"https:\/\/view.genial.ly\/6017cfc7066eea0d20e03536\" target=\"_blank\" rel=\"noopener\"><strong><span style=\"font-size: 20px;\">M\u00fasica<\/span><\/strong><\/a><\/span><\/p>\n<p>[\/vc_column_text][vc_icon icon_fontawesome=&#8221;fas fa-music&#8221; color=&#8221;white&#8221; size=&#8221;lg&#8221; align=&#8221;center&#8221;][\/vc_column_inner][\/vc_row_inner][vc_row_inner equal_height=&#8221;yes&#8221; gap=&#8221;5&#8243;][vc_column_inner width=&#8221;1\/2&#8243; css=&#8221;.vc_custom_1614685894046{background-color: #ee7584 !important;}&#8221;][vc_column_text]<\/p>\n<p style=\"text-align: center;\"><span style=\"color: #ffffff;\"><a style=\"color: #ffffff;\" href=\"https:\/\/view.genial.ly\/601968306c50dd0d119312a3\" target=\"_blank\" rel=\"noopener\"><strong><span style=\"font-size: 20px;\">Educaci\u00f3 pl\u00e0stica<\/span><\/strong><\/a><\/span><\/p>\n<p>[\/vc_column_text][vc_icon icon_fontawesome=&#8221;fas fa-palette&#8221; color=&#8221;white&#8221; size=&#8221;lg&#8221; align=&#8221;center&#8221;][\/vc_column_inner][vc_column_inner width=&#8221;1\/2&#8243; css=&#8221;.vc_custom_1614685956439{background-color: #f9b120 !important;}&#8221;][vc_column_text]<\/p>\n<p style=\"text-align: center;\"><span style=\"color: #ffffff;\"><a style=\"color: #ffffff;\" href=\"http:\/\/recursos.teide.eu\/f\/3493d36c13\/?raw=1\" target=\"_blank\" rel=\"noopener\"><strong><span style=\"font-size: 20px;\">Tecnologia<\/span><\/strong><\/a><\/span><\/p>\n<p>[\/vc_column_text][vc_icon icon_fontawesome=&#8221;fas fa-wrench&#8221; color=&#8221;white&#8221; size=&#8221;lg&#8221; align=&#8221;center&#8221;][\/vc_column_inner][\/vc_row_inner][\/vc_column][vc_column width=&#8221;1\/2&#8243;][vc_column_text]<\/p>\n<p style=\"text-align: center;\"><span style=\"color: #1e73be; font-family: tahoma, arial, helvetica, sans-serif;\"><strong><span style=\"font-size: 20px;\">CASTELL\u00c0<\/span><\/strong><\/span><\/p>\n<p>[\/vc_column_text][vc_row_inner equal_height=&#8221;yes&#8221; gap=&#8221;5&#8243;][vc_column_inner width=&#8221;1\/2&#8243; css=&#8221;.vc_custom_1614685810229{background-color: #cdd82f !important;}&#8221;][vc_column_text]<\/p>\n<p style=\"text-align: center;\"><span style=\"color: #ffffff;\"><a style=\"color: #ffffff;\" href=\"https:\/\/view.genial.ly\/602101083668350d00144ead\" target=\"_blank\" rel=\"noopener\"><strong><span style=\"font-size: 20px;\">Educaci\u00f3n f\u00edsica<\/span><\/strong><\/a><\/span><\/p>\n<p>[\/vc_column_text][vc_icon icon_fontawesome=&#8221;fas fa-table-tennis&#8221; color=&#8221;white&#8221; size=&#8221;lg&#8221; align=&#8221;center&#8221;][\/vc_column_inner][vc_column_inner width=&#8221;1\/2&#8243; css=&#8221;.vc_custom_1614685850438{background-color: #9b73b1 !important;}&#8221;][vc_column_text]<\/p>\n<p style=\"text-align: center;\"><span style=\"color: #ffffff;\"><a style=\"color: #ffffff;\" href=\"https:\/\/view.genial.ly\/601bcd412c49930d3852e1e3\" target=\"_blank\" rel=\"noopener\"><strong><span style=\"font-size: 20px;\">M\u00fasica<\/span><\/strong><\/a><\/span><\/p>\n<p>[\/vc_column_text][vc_icon icon_fontawesome=&#8221;fas fa-music&#8221; color=&#8221;white&#8221; size=&#8221;lg&#8221; align=&#8221;center&#8221;][\/vc_column_inner][\/vc_row_inner][vc_row_inner equal_height=&#8221;yes&#8221; gap=&#8221;5&#8243;][vc_column_inner width=&#8221;1\/2&#8243; css=&#8221;.vc_custom_1614685894046{background-color: #ee7584 !important;}&#8221;][vc_column_text]<\/p>\n<p style=\"text-align: center;\"><span style=\"color: #ffffff;\"><a style=\"color: #ffffff;\" href=\"https:\/\/view.genial.ly\/601d25903788810d034b2ae5\" target=\"_blank\" rel=\"noopener\"><strong><span style=\"font-size: 20px;\">Educaci\u00f3n pl\u00e1stica<\/span><\/strong><\/a><\/span><\/p>\n<p>[\/vc_column_text][vc_icon icon_fontawesome=&#8221;fas fa-palette&#8221; color=&#8221;white&#8221; size=&#8221;lg&#8221; align=&#8221;center&#8221;][\/vc_column_inner][vc_column_inner width=&#8221;1\/2&#8243; css=&#8221;.vc_custom_1614685956439{background-color: #f9b120 !important;}&#8221;][vc_column_text]<\/p>\n<p style=\"text-align: center;\"><span style=\"color: #ffffff;\"><a style=\"color: #ffffff;\" href=\"http:\/\/recursos.teide.eu\/f\/98dcb38f49\/?raw=1\" target=\"_blank\" rel=\"noopener\"><strong><span style=\"font-size: 20px;\">Tecnolog\u00eda<\/span><\/strong><\/a><\/span><\/p>\n<p>[\/vc_column_text][vc_icon icon_fontawesome=&#8221;fas fa-wrench&#8221; color=&#8221;white&#8221; size=&#8221;lg&#8221; align=&#8221;center&#8221;][\/vc_column_inner][\/vc_row_inner][\/vc_column][\/vc_row][vc_row][vc_column][vc_empty_space][vc_column_text]<\/p>\n<p style=\"text-align: center;\"><span style=\"color: #1e73be; font-family: tahoma, arial, helvetica, sans-serif;\"><strong><span style=\"font-size: 24px;\">TOTS ELS MATERIALS DISPONIBLES EN ANGL\u00c8S<\/span><\/strong><\/span><\/p>\n<p>[\/vc_column_text][\/vc_column][\/vc_row]<\/p>\n","protected":false},"excerpt":{"rendered":"<p>[vc_row][vc_column][vc_cta h2=&#8221;TRIA LA MAT\u00c8RIA I L&#8217;IDIOMA PER CON\u00c8IXER LES NOSTRES NOVETATS!&#8221; h2_font_container=&#8221;tag:h2|text_align:left|color:%231e73be&#8221; h2_google_fonts=&#8221;font_family:Fredoka%20One%3Aregular|font_style:400%20regular%3A400%3Anormal&#8221; h4_font_container=&#8221;tag:h4|text_align:left&#8221; txt_align=&#8221;justify&#8221; use_custom_fonts_h2=&#8221;true&#8221; use_custom_fonts_h4=&#8221;true&#8221;] Si vols rebre m\u00e9s informaci\u00f3, pots contactar amb nosaltres a trav\u00e9s de l\u2019adre\u00e7a electr\u00f2nica info@editorialteide.com, trucant al tel\u00e8fon d\u2019atenci\u00f3 al professorat 902 23 30 30, o b\u00e9 mitjan\u00e7ant el nostre\u00a0formulari de contacte. [\/vc_cta][\/vc_column][\/vc_row][vc_row gap=&#8221;20&#8243; equal_height=&#8221;yes&#8221;][vc_column width=&#8221;1\/2&#8243;][vc_column_text] VALENCI\u00c0 [\/vc_column_text][vc_row_inner &hellip; <a href=\"https:\/\/web.editorialteide.com\/ca\/novetats-educacio-secundaria-2021-2022-comunitat-valenciana\/\">Llegir m\u00e9s<\/a><\/p>\n","protected":false},"author":3,"featured_media":0,"parent":0,"menu_order":0,"comment_status":"closed","ping_status":"closed","template":"","meta":{"footnotes":"","_links_to":"","_links_to_target":""},"class_list":["post-151944","page","type-page","status-publish","hentry"],"_links":{"self":[{"href":"https:\/\/web.editorialteide.com\/ca\/wp-json\/wp\/v2\/pages\/151944","targetHints":{"allow":["GET"]}}],"collection":[{"href":"https:\/\/web.editorialteide.com\/ca\/wp-json\/wp\/v2\/pages"}],"about":[{"href":"https:\/\/web.editorialteide.com\/ca\/wp-json\/wp\/v2\/types\/page"}],"author":[{"embeddable":true,"href":"https:\/\/web.editorialteide.com\/ca\/wp-json\/wp\/v2\/users\/3"}],"replies":[{"embeddable":true,"href":"https:\/\/web.editorialteide.com\/ca\/wp-json\/wp\/v2\/comments?post=151944"}],"version-history":[{"count":0,"href":"https:\/\/web.editorialteide.com\/ca\/wp-json\/wp\/v2\/pages\/151944\/revisions"}],"wp:attachment":[{"href":"https:\/\/web.editorialteide.com\/ca\/wp-json\/wp\/v2\/media?parent=151944"}],"curies":[{"name":"wp","href":"https:\/\/api.w.org\/{rel}","templated":true}]}}