{"id":152195,"date":"2021-03-04T13:37:13","date_gmt":"2021-03-04T12:37:13","guid":{"rendered":"http:\/\/web.editorialteide.com\/?page_id=152195"},"modified":"2021-10-28T09:13:41","modified_gmt":"2021-10-28T08:13:41","slug":"continguts","status":"publish","type":"page","link":"https:\/\/web.editorialteide.com\/ca\/educacio-primaria\/punt-i-seguit\/continguts\/","title":{"rendered":"Punt i seguit. Continguts"},"content":{"rendered":"<p>[vc_row][vc_column css=&#8221;.vc_custom_1615301796330{padding: 0px !important;}&#8221;][vc_single_image image=&#8221;152230&#8243; img_size=&#8221;full&#8221; css=&#8221;.vc_custom_1615301804342{margin-top: 0px !important;margin-right: 0px !important;margin-bottom: 0px !important;margin-left: 0px !important;}&#8221;][\/vc_column][\/vc_row][vc_row][vc_column][vc_empty_space height=&#8221;10px&#8221;][mvc_advanced_button align=&#8221;flex-end&#8221; btn_animation=&#8221;button&#8211;ujarak&#8221; btn_text=&#8221;Torna a l&#8217;inici&#8221; padding_left=&#8221;10&#8243; btn_size=&#8221;12&#8243; icon_size=&#8221;12&#8243; google_fonts=&#8221;font_family:Roboto%3A100%2C100italic%2C300%2C300italic%2Cregular%2Citalic%2C500%2C500italic%2C700%2C700italic%2C900%2C900italic|font_style:400%20regular%3A400%3Anormal&#8221; btn_icon=&#8221;fas fa-arrow-left&#8221; btn_url=&#8221;url:https%3A%2F%2Fweb.editorialteide.com%2Fca%2Fpunt-i-seguit%2F&#8221; btn_clr=&#8221;#1e73be&#8221; btn_bg=&#8221;#d8d8d8&#8243; btn_hvrclr=&#8221;#1e73be&#8221; btn_hvrbg=&#8221;#d8d8d8&#8243;][\/vc_column][\/vc_row][vc_row css=&#8221;.vc_custom_1615301751041{background-image: url(http:\/\/web.editorialteide.com\/wp-content\/uploads\/2021\/01\/Fons-butlleti\u0301-1.png?id=151658) !important;}&#8221;][vc_column][vc_tta_tabs style=&#8221;modern&#8221; color=&#8221;blue&#8221; spacing=&#8221;25&#8243; gap=&#8221;25&#8243; alignment=&#8221;center&#8221; active_section=&#8221;1&#8243;][vc_tta_section title=&#8221;COMPET\u00c8NCIA LECTORA&#8221; tab_id=&#8221;1614856270433-e7c81816-5dd6&#8243;][vc_row_inner equal_height=&#8221;yes&#8221; content_placement=&#8221;middle&#8221;][vc_column_inner width=&#8221;1\/3&#8243;][vc_column_text]<\/p>\n<h3><span style=\"color: #333333;\"><strong>Compet\u00e8ncia lectora<\/strong><\/span><\/h3>\n<ul style=\"list-style-type: circle;\">\n<li><span style=\"font-size: 16px;\">Llegir per interpretar textos segons l&#8217;\u00fas i la situaci\u00f3 comunicativa.<\/span><\/li>\n<li><span style=\"font-size: 16px;\">Llegir amb flu\u00efdesa.<\/span><\/li>\n<li><span style=\"font-size: 16px;\">Aplicar estrat\u00e8gies de lectura.<\/span><\/li>\n<li><span style=\"font-size: 16px;\">Llegir diferents g\u00e8neres textuals.<\/span><\/li>\n<li><span style=\"font-size: 16px;\">Con\u00e8ixer l&#8217;estructura d&#8217;un text.<\/span><\/li>\n<li><span style=\"font-size: 16px;\">Tenir domini de la sem\u00e0ntica i de les estructures morfosint\u00e0ctiques.<\/span><\/li>\n<li><span style=\"font-size: 16px;\">Llegir per con\u00e8ixer i gaudir obres significatives de la literatura.<\/span><\/li>\n<\/ul>\n<p>[\/vc_column_text][\/vc_column_inner][vc_column_inner width=&#8221;1\/3&#8243;][vc_single_image image=&#8221;112748&#8243; img_size=&#8221;full&#8221; alignment=&#8221;center&#8221;][\/vc_column_inner][vc_column_inner width=&#8221;1\/3&#8243;][vc_column_text]<\/p>\n<h3><span style=\"color: #333333;\"><strong>Continguts clau<\/strong><\/span><\/h3>\n<ul style=\"list-style-type: circle;\">\n<li><span style=\"font-size: 14px;\">Textos de g\u00e8neres diversos.<\/span><\/li>\n<li><span style=\"font-size: 14px;\">Usos de la llengua escrita: pr\u00e0ctic, cient\u00edfic i literari<\/span><\/li>\n<li><span style=\"font-size: 14px;\">Estrat\u00e8gies de comprensi\u00f3 lectora.<\/span><\/li>\n<li><span style=\"font-size: 14px;\">Tema, idees principals i rellevants.<\/span><\/li>\n<li><span style=\"font-size: 14px;\">Comprensi\u00f3 reflexiva i cr\u00edtica.<\/span><\/li>\n<li><span style=\"font-size: 14px;\">H\u00e0bit lector.<\/span><\/li>\n<li><span style=\"font-size: 14px;\">Lectura en silenci i en veu alta.<\/span><\/li>\n<li><span style=\"font-size: 14px;\">Signes de puntuaci\u00f3.<\/span><\/li>\n<li><span style=\"font-size: 14px;\">L\u00e8xic.<\/span><\/li>\n<li><span style=\"font-size: 14px;\">Component sem\u00e0ntic de la llengua.<\/span><\/li>\n<li><span style=\"font-size: 14px;\">Dades b\u00e0siques d&#8217;un llibre.<\/span><\/li>\n<li><span style=\"font-size: 14px;\">Ritme i rima.<\/span><\/li>\n<li><span style=\"font-size: 14px;\">Obres significatives.<\/span><\/li>\n<\/ul>\n<p>[\/vc_column_text][\/vc_column_inner][\/vc_row_inner][\/vc_tta_section][vc_tta_section title=&#8221;COMPET\u00c8NCIA ESCRITA&#8221; tab_id=&#8221;1614856270448-c6d53fc3-050d&#8221;][vc_row_inner equal_height=&#8221;yes&#8221; content_placement=&#8221;middle&#8221;][vc_column_inner width=&#8221;1\/3&#8243;][vc_column_text]<\/p>\n<h3><span style=\"color: #333333;\"><strong>Compet\u00e8ncia escrita<\/strong><\/span><\/h3>\n<ul style=\"list-style-type: circle;\">\n<li><span style=\"font-size: 16px;\">Contextualitzar textos segons l&#8217;\u00fas i la situaci\u00f3 comunicativa.<\/span><\/li>\n<li><span style=\"font-size: 16px;\">Planificar un escrit d&#8217;acord amb la situaci\u00f3 comunicativa i el destinatari.<\/span><\/li>\n<li><span style=\"font-size: 16px;\">Produir textos de tipologia diversa amb un l\u00e8xic i una estructura que s&#8217;adeq\u00fcin al tipus de text, a les intencions i al destinatari.<\/span><\/li>\n<li><span style=\"font-size: 16px;\">Revisar el text per millorar-lo i tenir cura de la seva presentaci\u00f3 formal en funci\u00f3 de la situaci\u00f3 comunicativa.<\/span><\/li>\n<li><span style=\"font-size: 16px;\">Crear textos amb recursos literaris per expressar sentiments, realitats i ficcions.<\/span><\/li>\n<\/ul>\n<p>[\/vc_column_text][\/vc_column_inner][vc_column_inner width=&#8221;1\/3&#8243;][vc_single_image image=&#8221;112747&#8243; img_size=&#8221;large&#8221; alignment=&#8221;center&#8221;][\/vc_column_inner][vc_column_inner width=&#8221;1\/3&#8243;][vc_column_text]<\/p>\n<h3><span style=\"color: #333333;\"><strong>Continguts clau<\/strong><\/span><\/h3>\n<ul style=\"list-style-type: circle;\">\n<li><span style=\"font-size: 14px;\">Textos de tipologia diversa.<\/span><\/li>\n<li><span style=\"font-size: 14px;\">Usos de la llengua escrita: pr\u00e0ctic, cient\u00edfic i literari.<\/span><\/li>\n<li><span style=\"font-size: 14px;\">Signes de puntuaci\u00f3.<\/span><\/li>\n<li><span style=\"font-size: 14px;\">Connectors.<\/span><\/li>\n<li><span style=\"font-size: 14px;\">L\u00e8xic.<\/span><\/li>\n<li><span style=\"font-size: 14px;\">Estrat\u00e8gies i recursos per a la producci\u00f3 de textos.<\/span><\/li>\n<li><span style=\"font-size: 14px;\">Elements per a la planificaci\u00f3 d&#8217;un text.<\/span><\/li>\n<li><span style=\"font-size: 14px;\">Organitzaci\u00f3 del text: coher\u00e8ncia i cohesi\u00f3.<\/span><\/li>\n<li><span style=\"font-size: 14px;\">Correcci\u00f3 ling\u00fc\u00edstica i ortogr\u00e0fica.<\/span><\/li>\n<li><span style=\"font-size: 14px;\">Adequaci\u00f3 al registre.<\/span><\/li>\n<li><span style=\"font-size: 14px;\">H\u00e0bit d&#8217;escriure.<\/span><\/li>\n<li><span style=\"font-size: 14px;\">Recursos ret\u00f2rics.<\/span><\/li>\n<li><span style=\"font-size: 14px;\">Aspectes formals d&#8217;un escrit.<\/span><\/li>\n<\/ul>\n<p>[\/vc_column_text][\/vc_column_inner][\/vc_row_inner][\/vc_tta_section][vc_tta_section title=&#8221;COMPET\u00c8NCIES METODOL\u00d2GIQUES&#8221; tab_id=&#8221;1614856747854-a5fad8f2-f864&#8243;][vc_row_inner equal_height=&#8221;yes&#8221; content_placement=&#8221;middle&#8221;][vc_column_inner width=&#8221;1\/3&#8243;][vc_column_text]<\/p>\n<h3><span style=\"color: #333333;\"><strong>Compet\u00e8ncia escrita<\/strong><\/span><\/h3>\n<ul style=\"list-style-type: circle;\">\n<li><span style=\"font-size: 16px;\">Utilitzar estrat\u00e8gies de cerca i gesti\u00f3 de la informaci\u00f3.<\/span><\/li>\n<li><span style=\"font-size: 16px;\">Valorar la diversitat ling\u00fc\u00edstica i cultural.<\/span><\/li>\n<li><span style=\"font-size: 16px;\">Valorar produccions pr\u00f2pies o d&#8217;altres.<\/span><\/li>\n<li><span style=\"font-size: 16px;\">Adquirir autonomia en la lectura i l&#8217;escriptura.<\/span><\/li>\n<li><span style=\"font-size: 16px;\">Emprar les noves tecnologies per a l&#8217;aprenentatge i el coneixement.<\/span><\/li>\n<li><span style=\"font-size: 16px;\">Reflexionar sobre el proc\u00e9s d&#8217;aprenentatge.<\/span><\/li>\n<\/ul>\n<p>[\/vc_column_text][\/vc_column_inner][vc_column_inner width=&#8221;1\/3&#8243;][vc_single_image image=&#8221;112749&#8243; img_size=&#8221;medium&#8221; alignment=&#8221;center&#8221;][\/vc_column_inner][vc_column_inner width=&#8221;1\/3&#8243;][vc_column_text]<\/p>\n<h3><span style=\"color: #333333;\"><strong>Continguts clau<\/strong><\/span><\/h3>\n<ul style=\"list-style-type: circle;\">\n<li><span style=\"font-size: 16px;\">Gesti\u00f3 i tractament de la informaci\u00f3.<\/span><\/li>\n<li><span style=\"font-size: 16px;\">Fonts d&#8217;informaci\u00f3 en paper i suport digital.<\/span><\/li>\n<li><span style=\"font-size: 16px;\">Diversitat de lleng\u00fces i codis de comunicaci\u00f3.<\/span><\/li>\n<li><span style=\"font-size: 16px;\">Iniciativa i autonomia personal.<\/span><\/li>\n<li><span style=\"font-size: 16px;\">Recursos digitals i tecnol\u00f2gics.<\/span><\/li>\n<li><span style=\"font-size: 16px;\">Actitud cr\u00edtica o reflexiva en els textos i en les produccions.<\/span><\/li>\n<li><span style=\"font-size: 16px;\">Autoavaluaci\u00f3 com a estrat\u00e8gia per millorar la lectura i l&#8217;escriptura.<\/span><\/li>\n<\/ul>\n<p>[\/vc_column_text][\/vc_column_inner][\/vc_row_inner][\/vc_tta_section][\/vc_tta_tabs][\/vc_column][\/vc_row]<\/p>\n","protected":false},"excerpt":{"rendered":"<p>[vc_row][vc_column css=&#8221;.vc_custom_1615301796330{padding: 0px !important;}&#8221;][vc_single_image image=&#8221;152230&#8243; img_size=&#8221;full&#8221; css=&#8221;.vc_custom_1615301804342{margin-top: 0px !important;margin-right: 0px !important;margin-bottom: 0px !important;margin-left: 0px !important;}&#8221;][\/vc_column][\/vc_row][vc_row][vc_column][vc_empty_space height=&#8221;10px&#8221;][mvc_advanced_button align=&#8221;flex-end&#8221; btn_animation=&#8221;button&#8211;ujarak&#8221; btn_text=&#8221;Torna a l&#8217;inici&#8221; padding_left=&#8221;10&#8243; btn_size=&#8221;12&#8243; icon_size=&#8221;12&#8243; google_fonts=&#8221;font_family:Roboto%3A100%2C100italic%2C300%2C300italic%2Cregular%2Citalic%2C500%2C500italic%2C700%2C700italic%2C900%2C900italic|font_style:400%20regular%3A400%3Anormal&#8221; btn_icon=&#8221;fas fa-arrow-left&#8221; btn_url=&#8221;url:https%3A%2F%2Fweb.editorialteide.com%2Fca%2Fpunt-i-seguit%2F&#8221; btn_clr=&#8221;#1e73be&#8221; btn_bg=&#8221;#d8d8d8&#8243; btn_hvrclr=&#8221;#1e73be&#8221; btn_hvrbg=&#8221;#d8d8d8&#8243;][\/vc_column][\/vc_row][vc_row css=&#8221;.vc_custom_1615301751041{background-image: url(http:\/\/web.editorialteide.com\/wp-content\/uploads\/2021\/01\/Fons-butlleti\u0301-1.png?id=151658) !important;}&#8221;][vc_column][vc_tta_tabs style=&#8221;modern&#8221; color=&#8221;blue&#8221; spacing=&#8221;25&#8243; gap=&#8221;25&#8243; alignment=&#8221;center&#8221; active_section=&#8221;1&#8243;][vc_tta_section title=&#8221;COMPET\u00c8NCIA LECTORA&#8221; tab_id=&#8221;1614856270433-e7c81816-5dd6&#8243;][vc_row_inner equal_height=&#8221;yes&#8221; content_placement=&#8221;middle&#8221;][vc_column_inner width=&#8221;1\/3&#8243;][vc_column_text] Compet\u00e8ncia lectora Llegir per interpretar textos segons l&#8217;\u00fas &hellip; <a href=\"https:\/\/web.editorialteide.com\/ca\/educacio-primaria\/punt-i-seguit\/continguts\/\">Llegir m\u00e9s<\/a><\/p>\n","protected":false},"author":3,"featured_media":0,"parent":112728,"menu_order":0,"comment_status":"closed","ping_status":"closed","template":"","meta":{"footnotes":"","_links_to":"","_links_to_target":""},"class_list":["post-152195","page","type-page","status-publish","hentry"],"_links":{"self":[{"href":"https:\/\/web.editorialteide.com\/ca\/wp-json\/wp\/v2\/pages\/152195","targetHints":{"allow":["GET"]}}],"collection":[{"href":"https:\/\/web.editorialteide.com\/ca\/wp-json\/wp\/v2\/pages"}],"about":[{"href":"https:\/\/web.editorialteide.com\/ca\/wp-json\/wp\/v2\/types\/page"}],"author":[{"embeddable":true,"href":"https:\/\/web.editorialteide.com\/ca\/wp-json\/wp\/v2\/users\/3"}],"replies":[{"embeddable":true,"href":"https:\/\/web.editorialteide.com\/ca\/wp-json\/wp\/v2\/comments?post=152195"}],"version-history":[{"count":3,"href":"https:\/\/web.editorialteide.com\/ca\/wp-json\/wp\/v2\/pages\/152195\/revisions"}],"predecessor-version":[{"id":158896,"href":"https:\/\/web.editorialteide.com\/ca\/wp-json\/wp\/v2\/pages\/152195\/revisions\/158896"}],"up":[{"embeddable":true,"href":"https:\/\/web.editorialteide.com\/ca\/wp-json\/wp\/v2\/pages\/112728"}],"wp:attachment":[{"href":"https:\/\/web.editorialteide.com\/ca\/wp-json\/wp\/v2\/media?parent=152195"}],"curies":[{"name":"wp","href":"https:\/\/api.w.org\/{rel}","templated":true}]}}