{"id":153561,"date":"2021-05-27T15:32:24","date_gmt":"2021-05-27T14:32:24","guid":{"rendered":"https:\/\/web.editorialteide.com\/?page_id=153561"},"modified":"2021-05-27T15:33:42","modified_gmt":"2021-05-27T14:33:42","slug":"butlleti-num-5-maig-2021-infantil-i-primaria","status":"publish","type":"page","link":"https:\/\/web.editorialteide.com\/ca\/butlleti-num-5-maig-2021-infantil-i-primaria\/","title":{"rendered":"Butllet\u00ed n\u00fam. 5 &#8211; Maig 2021. Infantil i prim\u00e0ria"},"content":{"rendered":"<p>[vc_row equal_height=&#8221;yes&#8221; content_placement=&#8221;middle&#8221; css=&#8221;.vc_custom_1619770946651{background-image: url(http:\/\/web.editorialteide.com\/wp-content\/uploads\/2021\/01\/Fons-butlleti\u0301-1.png?id=151658) !important;background-position: 0 0 !important;background-repeat: no-repeat !important;}&#8221;][vc_column][vc_single_image image=&#8221;151582&#8243; img_size=&#8221;300&#215;100&#8243; alignment=&#8221;center&#8221; css=&#8221;.vc_custom_1619770921306{margin-top: 0px !important;margin-right: 0px !important;margin-bottom: 0px !important;margin-left: 0px !important;}&#8221;][vc_row_inner][vc_column_inner][vc_column_text css=&#8221;.vc_custom_1619778233648{margin-top: 0px !important;margin-right: 0px !important;margin-bottom: 0px !important;margin-left: 0px !important;padding-top: 25px !important;padding-right: 25px !important;padding-bottom: 25px !important;padding-left: 25px !important;background-color: #067bb2 !important;border-radius: 5px !important;}&#8221;]<\/p>\n<p style=\"text-align: center;\"><span style=\"color: #ffffff;\"><a style=\"color: #ffffff;\" href=\"http:\/\/eepurl.com\/horw11\" target=\"_blank\" rel=\"noopener\"><span style=\"font-size: 18px;\">Subscriu-te al nostre butllet\u00ed per estar al dia de les novetats i de l&#8217;actualitat educativa<\/span><\/a><\/span><\/p>\n<p>[\/vc_column_text][vc_btn title=&#8221;TOTS ELS BUTLLETINS&#8221; style=&#8221;custom&#8221; custom_background=&#8221;#fdcb58&#8243; custom_text=&#8221;#ffffff&#8221; size=&#8221;sm&#8221; align=&#8221;right&#8221; i_icon_fontawesome=&#8221;far fa-edit&#8221; css_animation=&#8221;fadeIn&#8221; add_icon=&#8221;true&#8221; link=&#8221;url:https%3A%2F%2Fweb.editorialteide.com%2Fca%2Fbutlleti-dinfantil-i-primaria%2F&#8221; css=&#8221;.vc_custom_1619778220634{padding-top: 10px !important;}&#8221;][\/vc_column_inner][\/vc_row_inner][vc_row_inner][vc_column_inner width=&#8221;2\/3&#8243;][vc_separator border_width=&#8221;2&#8243;][vc_column_text]<\/p>\n<p style=\"text-align: center;\"><span style=\"font-size: 24px; color: #067bb2;\"><strong>Les matem\u00e0tiques. Una ci\u00e8ncia per raonar<\/strong><\/span><\/p>\n<p>[\/vc_column_text][vc_single_image image=&#8221;153562&#8243; img_size=&#8221;675&#215;500&#8243; alignment=&#8221;center&#8221; css=&#8221;.vc_custom_1622124957421{border-radius: 5px !important;}&#8221;][vc_column_text]<span style=\"color: #808080; font-size: 16px;\">Una de les dificultats m\u00e9s grans amb qu\u00e8 s&#8217;enfronta un infant al llarg de la seva etapa educativa \u00e9s la resoluci\u00f3 de problemes.<\/span><\/p>\n<p><span style=\"color: #808080; font-size: 16px;\">Per als infants d&#8217;avui, no n&#8217;hi ha prou de saber comptar, sumar o fer de manera repetitiva molts problemes iguals per desenvolupar aquesta capacitat, especialment si els problemes s\u00f3n nous per a ells o es presenten amb matisos diferents.<\/span><\/p>\n<p><span style=\"color: #808080; font-size: 16px;\">Aix\u00ed, \u00e9s convenient <strong>estimular les capacitats mentals pr\u00f2pies de les nenes i els nens mitjan\u00e7ant jocs i activitats l\u00f2giques<\/strong> per arribar a generar una veritable actitud matem\u00e0tica en la resoluci\u00f3 de problemes. Caldr\u00e0 seguir pautes metodol\u00f2giques i fer servir materials que permetin als infants accedir progressivament al raonament formal. Aix\u00f2, a m\u00e9s, ens permetr\u00e0 descobrir les diferents actituds i aptituds de cada alumne o alumna pel que fa al raonament matem\u00e0tic.<\/span><\/p>\n<p><span style=\"color: #808080; font-size: 16px;\">Penseu que per a molts alumnes un problema ve a ser com una endevenilla, un enigma&#8230; Es pot deduir que pocs s\u00f3n capa\u00e7os dep concebre un \u00abproblema\u00bb com una activitat en qu\u00e8 cal buscar una resposta o resoldre alguna pregunta, i que requereix una reflexi\u00f3 i un tractament intel\u00b7ligent de les dades, i no una mera combinaci\u00f3 d&#8217;operacions sense com ni per qu\u00e8.<\/span><\/p>\n<p><span style=\"font-size: 16px; color: #808080;\"><strong>Els alumnes han de recon\u00e8ixer la difer\u00e8ncia que hi ha entre un argument o una hist\u00f2ria<\/strong>, en qu\u00e8 simplement es descriuen uns fets,<strong> i un problema<\/strong>, en qu\u00e8 es proposa trobar alguna cosa nova partint d&#8217;uns fets o dades coneguts.<\/span><\/p>\n<p><span style=\"font-size: 16px; color: #808080;\">Caldr\u00e0 dissenyar activitats en les quals:<\/span><\/p>\n<ul style=\"list-style-type: circle;\">\n<li><span style=\"font-size: 16px; color: #808080;\">Es treballi l&#8217;elaboraci\u00f3 de textos de problemes, tot proposant als alumnes preguntes perqu\u00e8 busquin \u00abparanys\u00bb en els enunciats.<\/span><\/li>\n<li><span style=\"font-size: 16px; color: #808080;\">Es presentin situacions que els obliguin a pensar: problemes de sentit com\u00fa, sense dades num\u00e8riques, amb dades in\u00fatils.<\/span><\/li>\n<li><span style=\"font-size: 16px; color: #808080;\">Es proposin problemes en els quals faltin dades.<\/span><\/li>\n<\/ul>\n<p><span style=\"font-size: 16px; color: #808080;\">Nom\u00e9s d&#8217;aquesta manera aconseguirem que l&#8217;alumnat arribi a concebre un problema com una activitat de recerca que s&#8217;ajusta a\u00a0 alguna d&#8217;aquestes dues caracter\u00edstiques generals:<\/span><\/p>\n<ul style=\"list-style-type: circle;\">\n<li><span style=\"font-size: 16px; color: #808080;\">No sempre ha d&#8217;adoptar la forma d&#8217;un text escrit m\u00e9s o menys enrevessat.<\/span><\/li>\n<li><span style=\"font-size: 16px; color: #808080;\">Es pot presentar (i cal que es presenti) tamb\u00e9 en forma de quadre, joc, dibuix, situaci\u00f3 sorprenent, etc., perqu\u00e8 els infants comprenguin que l&#8217;essencial d&#8217;un problema \u00e9s determinar amb tota claredat una dial\u00e8ctica entre all\u00f2 que sabem i all\u00f2 que volem trobar.<\/span><\/li>\n<\/ul>\n<p><span style=\"font-size: 16px; color: #808080;\">En definitiva, <strong>cal fer de les matem\u00e0tiques una ci\u00e8ncia per raonar que tingui com a objectiu fonamental el desenvolupament i l&#8217;estimulaci\u00f3 de la INTEL\u00b7LIG\u00c8NCIA<\/strong>.<\/span>[\/vc_column_text][\/vc_column_inner][vc_column_inner width=&#8221;1\/3&#8243;][vc_separator border_width=&#8221;2&#8243;][vc_column_text]<\/p>\n<p style=\"text-align: center;\"><span style=\"color: #9ea616; font-size: 24px;\"><strong>P\u00edndola digital<\/strong><\/span><\/p>\n<p>[\/vc_column_text][vc_video link=&#8221;https:\/\/vimeo.com\/554647060&#8243; align=&#8221;right&#8221;][vc_column_text]<\/p>\n<h4 style=\"text-align: right;\"><span style=\"color: #9ea616; font-size: 24px;\"><strong>Vacances digitals<\/strong><\/span><\/h4>\n<p style=\"text-align: right;\"><span style=\"font-size: 14px; color: #333333;\">El treball de l&#8217;alumne\/a genera un informe autom\u00e0tic que permet al docent fer un seguiment del seu aprenentatge.<\/span><\/p>\n<p>[\/vc_column_text][vc_separator border_width=&#8221;2&#8243;][vc_column_text]<\/p>\n<p style=\"text-align: center;\"><span style=\"color: #f5afa9; font-size: 24px;\"><strong>Teide a l&#8217;aula<\/strong><\/span><\/p>\n<p>[\/vc_column_text][vc_video link=&#8221;https:\/\/vimeo.com\/554649016&#8243; align=&#8221;right&#8221;][vc_column_text]<\/p>\n<p style=\"text-align: right;\"><span style=\"color: #f5afa9; font-size: 24px;\"><strong>L&#8217;ortografia<\/strong><\/span><\/p>\n<p style=\"text-align: right;\"><span style=\"font-size: 14px; color: #333333;\">Col\u00b7lecci\u00f3 de 12 quaderns amb una proposta variada d&#8217;activitats de consolidaci\u00f3 de l&#8217;ortografia.<\/span><\/p>\n<p>[\/vc_column_text][vc_separator border_width=&#8221;2&#8243;][vc_empty_space][vc_video link=&#8221;https:\/\/vimeo.com\/554634248&#8243; align=&#8221;right&#8221;][vc_column_text]<\/p>\n<p style=\"text-align: right;\"><span style=\"color: #f5afa9; font-size: 24px;\"><strong>El c\u00e0lcul<\/strong><\/span><\/p>\n<p style=\"text-align: right;\"><span style=\"font-size: 14px; color: #333333;\">Quaderns de c\u00e0lcul reflexiu per refor\u00e7ar la velocitat i la seguretat dels alumnes en aquesta compet\u00e8ncia.<\/span><\/p>\n<p>[\/vc_column_text][\/vc_column_inner][\/vc_row_inner][vc_column_text]<\/p>\n<p style=\"text-align: center;\"><span style=\"color: #fdcb58;\"><strong><span style=\"font-size: 24px;\">Qu\u00e8 hem publicat a les xarxes?<\/span><\/strong><\/span><\/p>\n<p>[\/vc_column_text][vc_row_inner equal_height=&#8221;yes&#8221; content_placement=&#8221;middle&#8221;][vc_column_inner width=&#8221;1\/4&#8243;][\/vc_column_inner][vc_column_inner width=&#8221;1\/4&#8243;][vc_single_image image=&#8221;153570&#8243; img_size=&#8221;large&#8221; onclick=&#8221;custom_link&#8221; link=&#8221;https:\/\/www.instagram.com\/editorialteide\/&#8221;][\/vc_column_inner][vc_column_inner width=&#8221;1\/4&#8243;][vc_column_text]<\/p>\n<p style=\"text-align: center;\"><span style=\"font-size: 20px;\"><strong><span style=\"color: #fdcb58;\">Sorteig de material manipulatiu<\/span><\/strong><\/span><\/p>\n<p style=\"text-align: center;\"><span style=\"font-size: 16px; color: #808080;\">Hem sortejat 4 LOTS de material, cadascun amb 2 exemplars d&#8217;Experimates Cicle Inicial C\u00e0lcul relfexiu i 2 exemplars d&#8217;Aprednre a multiplicar \u00e9s divertit. Els lots ja s&#8217;han enviat als 4 CENTRES EDUCATIUS que heu triat les persones guanyadores.<\/span><\/p>\n<p style=\"text-align: center;\"><span style=\"font-size: 16px; color: #808080;\">Enhorabona, escoles!<\/span><\/p>\n<p>[\/vc_column_text][vc_btn title=&#8221;Segueix-nos&#8221; style=&#8221;custom&#8221; custom_background=&#8221;#fdcb58&#8243; custom_text=&#8221;#ffffff&#8221; size=&#8221;xs&#8221; align=&#8221;center&#8221; link=&#8221;url:https%3A%2F%2Fwww.instagram.com%2Feditorialteide%2F&#8221;][\/vc_column_inner][vc_column_inner width=&#8221;1\/4&#8243;][\/vc_column_inner][\/vc_row_inner][vc_column_text]<\/p>\n<table class=\" aligncenter\" style=\"border-collapse: collapse; width: 40.2191%; height: 120px;\">\n<tbody>\n<tr>\n<td style=\"width: 15.9735%;\"><a href=\"https:\/\/www.instagram.com\/editorialteide\/\" target=\"_blank\" rel=\"noopener\"><img loading=\"lazy\" decoding=\"async\" class=\"aligncenter wp-image-151653\" src=\"http:\/\/web.editorialteide.com\/wp-content\/uploads\/2021\/01\/instagram-1.png\" alt=\"\" width=\"50\" height=\"50\" \/><\/a><\/td>\n<td style=\"width: 14.2066%;\"><a href=\"https:\/\/twitter.com\/EditorialTeide\" target=\"_blank\" rel=\"noopener\"><img loading=\"lazy\" decoding=\"async\" class=\"aligncenter wp-image-151654\" src=\"http:\/\/web.editorialteide.com\/wp-content\/uploads\/2021\/01\/twitter.png\" alt=\"\" width=\"50\" height=\"50\" \/><\/a><\/td>\n<td style=\"width: 15.5099%;\"><a href=\"https:\/\/www.facebook.com\/teideeditorial\" target=\"_blank\" rel=\"noopener\"><img loading=\"lazy\" decoding=\"async\" class=\"aligncenter wp-image-151655\" src=\"http:\/\/web.editorialteide.com\/wp-content\/uploads\/2021\/01\/facebook-1.png\" alt=\"\" width=\"50\" height=\"50\" \/><\/a><\/td>\n<\/tr>\n<\/tbody>\n<\/table>\n<p>[\/vc_column_text][\/vc_column][\/vc_row][vc_row][vc_column][\/vc_column][\/vc_row]<\/p>\n","protected":false},"excerpt":{"rendered":"<p>[vc_row equal_height=&#8221;yes&#8221; content_placement=&#8221;middle&#8221; css=&#8221;.vc_custom_1619770946651{background-image: url(http:\/\/web.editorialteide.com\/wp-content\/uploads\/2021\/01\/Fons-butlleti\u0301-1.png?id=151658) !important;background-position: 0 0 !important;background-repeat: no-repeat !important;}&#8221;][vc_column][vc_single_image image=&#8221;151582&#8243; img_size=&#8221;300&#215;100&#8243; alignment=&#8221;center&#8221; css=&#8221;.vc_custom_1619770921306{margin-top: 0px !important;margin-right: 0px !important;margin-bottom: 0px !important;margin-left: 0px !important;}&#8221;][vc_row_inner][vc_column_inner][vc_column_text css=&#8221;.vc_custom_1619778233648{margin-top: 0px !important;margin-right: 0px !important;margin-bottom: 0px !important;margin-left: 0px !important;padding-top: 25px !important;padding-right: 25px !important;padding-bottom: 25px !important;padding-left: 25px !important;background-color: #067bb2 !important;border-radius: 5px !important;}&#8221;] Subscriu-te al nostre butllet\u00ed per estar al dia de les novetats &hellip; <a href=\"https:\/\/web.editorialteide.com\/ca\/butlleti-num-5-maig-2021-infantil-i-primaria\/\">Llegir m\u00e9s<\/a><\/p>\n","protected":false},"author":3,"featured_media":0,"parent":0,"menu_order":0,"comment_status":"closed","ping_status":"closed","template":"","meta":{"footnotes":"","_links_to":"","_links_to_target":""},"class_list":["post-153561","page","type-page","status-publish","hentry"],"_links":{"self":[{"href":"https:\/\/web.editorialteide.com\/ca\/wp-json\/wp\/v2\/pages\/153561","targetHints":{"allow":["GET"]}}],"collection":[{"href":"https:\/\/web.editorialteide.com\/ca\/wp-json\/wp\/v2\/pages"}],"about":[{"href":"https:\/\/web.editorialteide.com\/ca\/wp-json\/wp\/v2\/types\/page"}],"author":[{"embeddable":true,"href":"https:\/\/web.editorialteide.com\/ca\/wp-json\/wp\/v2\/users\/3"}],"replies":[{"embeddable":true,"href":"https:\/\/web.editorialteide.com\/ca\/wp-json\/wp\/v2\/comments?post=153561"}],"version-history":[{"count":0,"href":"https:\/\/web.editorialteide.com\/ca\/wp-json\/wp\/v2\/pages\/153561\/revisions"}],"wp:attachment":[{"href":"https:\/\/web.editorialteide.com\/ca\/wp-json\/wp\/v2\/media?parent=153561"}],"curies":[{"name":"wp","href":"https:\/\/api.w.org\/{rel}","templated":true}]}}