{"id":155115,"date":"2021-06-29T14:17:41","date_gmt":"2021-06-29T13:17:41","guid":{"rendered":"https:\/\/web.editorialteide.com\/?page_id=155115"},"modified":"2021-07-02T11:49:11","modified_gmt":"2021-07-02T10:49:11","slug":"bones-vacances","status":"publish","type":"page","link":"https:\/\/web.editorialteide.com\/ca\/bones-vacances\/","title":{"rendered":"Bones vacances"},"content":{"rendered":"<p>[vc_row full_width=&#8221;stretch_row&#8221; css=&#8221;.vc_custom_1624976945406{background-image: url(https:\/\/web.editorialteide.com\/wp-content\/uploads\/2021\/06\/Platja.png?id=155116) !important;}&#8221;][vc_column][vc_single_image image=&#8221;155120&#8243; img_size=&#8221;full&#8221; css=&#8221;.vc_custom_1624972522810{margin: 0px !important;}&#8221;][vc_column_text css=&#8221;.vc_custom_1625222948144{padding-top: 30px !important;padding-right: 30px !important;padding-bottom: 30px !important;padding-left: 30px !important;background-color: #e2e2e2 !important;}&#8221;]<\/p>\n<p style=\"text-align: center;\"><span style=\"font-size: 16px; color: #036375;\">Fa dies que el temps ens acompanya i ens porta, inexorablement, a aquells moments de vacances ja viscuts en anys anteriors. Sol, natura i bona companya&#8230; Tots en tenim ganes, oi?<\/span><\/p>\n<p style=\"text-align: center;\"><span style=\"font-size: 16px; color: #036375;\">L&#8217;Editorial tamb\u00e9 far\u00e0 vacances, per\u00f2 encara tenim unes setmanes per davant per preparar-ho tot per a la vostra tornada. Per tant, encara us podeu posar en contacte amb la vostra persona de refer\u00e8ncia a l&#8217;Editorial per ajudar-vos a tancar el curs 20-21 i preparar el que ve.<\/span><\/p>\n<p style=\"text-align: center;\"><span style=\"font-size: 16px; color: #036375;\">La seu d&#8217;Editorial Teide tancar\u00e0 del dia 31 de juliol al dia 22 d&#8217;agost i atendrem totes les consultes que ens feu a l&#8217;adre\u00e7a electr\u00f2nica<strong><a style=\"color: #036375;\" href=\"mailto:info@editorialteide.com\"> info@editorialteide.com<\/a><\/strong> a la tornada.<\/span><\/p>\n<p style=\"text-align: center;\"><span style=\"font-size: 16px; color: #036375;\">Mentrestant, us deixem uns <strong><a style=\"color: #036375;\" href=\"https:\/\/web.editorialteide.com\/ca\/quaderns-de-vacances\/\">quaderns d&#8217;activitats<\/a><\/strong>. Perqu\u00e8 vacances no vol dir sempre desconnexi\u00f3 total. Sin\u00f3 agafar aire, per continuar!<\/span><\/p>\n<p style=\"text-align: center;\"><span style=\"font-size: 16px; color: #036375;\">El setembre encetar\u00e0 un nou curs, segurament m\u00e9s fresc, m\u00e9s en\u00e8rgic i amb un altre ritme. I ens tornarem a trobar, com sempre, fent-vos costat en all\u00f2 que calgui.<\/span><\/p>\n<p style=\"text-align: center;\"><strong><span style=\"font-size: 18px; color: #c79d64;\">Bones vacances. Gaudiu. Descanseu.<\/span><\/strong><\/p>\n<p>[\/vc_column_text][\/vc_column][\/vc_row]<\/p>\n","protected":false},"excerpt":{"rendered":"<p>[vc_row full_width=&#8221;stretch_row&#8221; css=&#8221;.vc_custom_1624976945406{background-image: url(https:\/\/web.editorialteide.com\/wp-content\/uploads\/2021\/06\/Platja.png?id=155116) !important;}&#8221;][vc_column][vc_single_image image=&#8221;155120&#8243; img_size=&#8221;full&#8221; css=&#8221;.vc_custom_1624972522810{margin: 0px !important;}&#8221;][vc_column_text css=&#8221;.vc_custom_1625222948144{padding-top: 30px !important;padding-right: 30px !important;padding-bottom: 30px !important;padding-left: 30px !important;background-color: #e2e2e2 !important;}&#8221;] Fa dies que el temps ens acompanya i ens porta, inexorablement, a aquells moments de vacances ja viscuts en anys anteriors. Sol, natura i bona companya&#8230; Tots en tenim ganes, oi? L&#8217;Editorial tamb\u00e9 far\u00e0 &hellip; <a href=\"https:\/\/web.editorialteide.com\/ca\/bones-vacances\/\">Llegir m\u00e9s<\/a><\/p>\n","protected":false},"author":3,"featured_media":0,"parent":0,"menu_order":0,"comment_status":"closed","ping_status":"closed","template":"","meta":{"footnotes":"","_links_to":"","_links_to_target":""},"class_list":["post-155115","page","type-page","status-publish","hentry"],"_links":{"self":[{"href":"https:\/\/web.editorialteide.com\/ca\/wp-json\/wp\/v2\/pages\/155115","targetHints":{"allow":["GET"]}}],"collection":[{"href":"https:\/\/web.editorialteide.com\/ca\/wp-json\/wp\/v2\/pages"}],"about":[{"href":"https:\/\/web.editorialteide.com\/ca\/wp-json\/wp\/v2\/types\/page"}],"author":[{"embeddable":true,"href":"https:\/\/web.editorialteide.com\/ca\/wp-json\/wp\/v2\/users\/3"}],"replies":[{"embeddable":true,"href":"https:\/\/web.editorialteide.com\/ca\/wp-json\/wp\/v2\/comments?post=155115"}],"version-history":[{"count":18,"href":"https:\/\/web.editorialteide.com\/ca\/wp-json\/wp\/v2\/pages\/155115\/revisions"}],"predecessor-version":[{"id":155145,"href":"https:\/\/web.editorialteide.com\/ca\/wp-json\/wp\/v2\/pages\/155115\/revisions\/155145"}],"wp:attachment":[{"href":"https:\/\/web.editorialteide.com\/ca\/wp-json\/wp\/v2\/media?parent=155115"}],"curies":[{"name":"wp","href":"https:\/\/api.w.org\/{rel}","templated":true}]}}