{"id":155163,"date":"2021-06-30T14:12:51","date_gmt":"2021-06-30T13:12:51","guid":{"rendered":"https:\/\/web.editorialteide.com\/?page_id=155163"},"modified":"2021-07-02T11:54:21","modified_gmt":"2021-07-02T10:54:21","slug":"butlleti-num-6-juny-2021-infantil-i-primaria","status":"publish","type":"page","link":"https:\/\/web.editorialteide.com\/ca\/butlleti-num-6-juny-2021-infantil-i-primaria\/","title":{"rendered":"Butllet\u00ed n\u00fam. 6 &#8211; Juny 2021. Infantil i prim\u00e0ria"},"content":{"rendered":"<p>[vc_row equal_height=&#8221;yes&#8221; content_placement=&#8221;middle&#8221; css=&#8221;.vc_custom_1619770946651{background-image: url(http:\/\/web.editorialteide.com\/wp-content\/uploads\/2021\/01\/Fons-butlleti\u0301-1.png?id=151658) !important;background-position: 0 0 !important;background-repeat: no-repeat !important;}&#8221;][vc_column][vc_single_image image=&#8221;151582&#8243; img_size=&#8221;300&#215;100&#8243; alignment=&#8221;center&#8221; css=&#8221;.vc_custom_1619770921306{margin-top: 0px !important;margin-right: 0px !important;margin-bottom: 0px !important;margin-left: 0px !important;}&#8221;][vc_row_inner][vc_column_inner][vc_column_text css=&#8221;.vc_custom_1619778233648{margin-top: 0px !important;margin-right: 0px !important;margin-bottom: 0px !important;margin-left: 0px !important;padding-top: 25px !important;padding-right: 25px !important;padding-bottom: 25px !important;padding-left: 25px !important;background-color: #067bb2 !important;border-radius: 5px !important;}&#8221;]<\/p>\n<p style=\"text-align: center;\"><span style=\"color: #ffffff;\"><a style=\"color: #ffffff;\" href=\"http:\/\/eepurl.com\/horw11\" target=\"_blank\" rel=\"noopener\"><span style=\"font-size: 18px;\">Subscriu-te al nostre butllet\u00ed per estar al dia de les novetats i de l&#8217;actualitat educativa<\/span><\/a><\/span><\/p>\n<p>[\/vc_column_text][vc_btn title=&#8221;TOTS ELS BUTLLETINS&#8221; style=&#8221;custom&#8221; custom_background=&#8221;#fdcb58&#8243; custom_text=&#8221;#ffffff&#8221; size=&#8221;sm&#8221; align=&#8221;right&#8221; i_icon_fontawesome=&#8221;far fa-edit&#8221; css_animation=&#8221;fadeIn&#8221; add_icon=&#8221;true&#8221; link=&#8221;url:https%3A%2F%2Fweb.editorialteide.com%2Fca%2Fbutlleti-dinfantil-i-primaria%2F&#8221; css=&#8221;.vc_custom_1619778220634{padding-top: 10px !important;}&#8221;][\/vc_column_inner][\/vc_row_inner][vc_row_inner disable_element=&#8221;yes&#8221;][vc_column_inner][vc_empty_space][\/vc_column_inner][\/vc_row_inner][vc_row_inner][vc_column_inner][vc_column_text]<\/p>\n<p style=\"text-align: center;\"><span style=\"font-size: 24px; color: #067bb2;\"><strong>Finalment, ha acabat el curs de les bombolles!!!<\/strong><\/span><\/p>\n<p>[\/vc_column_text][vc_separator border_width=&#8221;2&#8243;][vc_single_image image=&#8221;155164&#8243; img_size=&#8221;695&#215;500&#8243; alignment=&#8221;center&#8221; css=&#8221;.vc_custom_1625058607403{border-radius: 5px !important;}&#8221;][vc_separator border_width=&#8221;2&#8243;][vc_column_text css=&#8221;.vc_custom_1625223259037{padding-top: 20px !important;padding-right: 20px !important;padding-bottom: 20px !important;padding-left: 20px !important;}&#8221;]<\/p>\n<p style=\"text-align: center;\"><span style=\"font-size: 18px; font-family: 'comic sans ms', sans-serif; color: #067bb2;\">Malgrat un curs tan complicat, els professionals de l&#8217;escola, amb la seva disciplina, <\/span><span style=\"font-size: 18px; font-family: 'comic sans ms', sans-serif; color: #067bb2;\">el seu rigor i el seu immens esfor\u00e7, han fet que les nostres nenes i els nostres nens <\/span><span style=\"color: #067bb2; font-family: 'comic sans ms', sans-serif; font-size: 18px;\">hagin gaudit d&#8217;un any fecund d&#8217;aprenentatges, tant acad\u00e8mics com socials i \u00e8tics.<\/span><\/p>\n<p style=\"text-align: center;\"><span style=\"font-size: 18px; font-family: 'comic sans ms', sans-serif; color: #067bb2;\">La seva actitud sempre alegre i dol\u00e7a envers els infants, segur que els ha fet cr\u00e9ixer <\/span><span style=\"color: #067bb2; font-family: 'comic sans ms', sans-serif; font-size: 18px;\">doblement com a alumnes i com a persones. <\/span><span style=\"font-size: 18px; font-family: 'comic sans ms', sans-serif; color: #067bb2;\">Perqu\u00e8 tamb\u00e9 ha estat un triomf per a\u00a0 la canalla.<\/span><\/p>\n<p style=\"text-align: center;\"><span style=\"font-size: 18px; font-family: 'comic sans ms', sans-serif; color: #067bb2;\">Aix\u00ed que, al final, un curs que naixia tan fosc ha estat ree<\/span><span style=\"font-size: 18px; font-family: 'comic sans ms', sans-serif; color: #067bb2;\">ixit i\u00a0 <\/span><span style=\"font-size: 18px; font-family: 'comic sans ms', sans-serif; color: #067bb2;\">ens dei<\/span><span style=\"font-size: 18px; font-family: 'comic sans ms', sans-serif; color: #067bb2;\">xat obrir la meravellosa bombolla de l&#8217;estiu, amb la seva promesa de viatges, <\/span><span style=\"font-size: 18px; font-family: 'comic sans ms', sans-serif; color: #067bb2;\">lectures, platja i muntanya, terrasses compartides. <\/span><span style=\"font-size: 18px; font-family: 'comic sans ms', sans-serif; color: #067bb2;\">I el merescut descans.<\/span><\/p>\n<p style=\"text-align: center;\"><span style=\"font-size: 18px; font-family: 'comic sans ms', sans-serif; color: #067bb2;\">A totes les mestres i els mestres us desitgem una bombolla d&#8217;estiu plena de felicitat. <\/span><\/p>\n<p style=\"text-align: center;\"><span style=\"font-size: 18px; font-family: 'comic sans ms', sans-serif; color: #067bb2;\">Ens tornem a veure el curs que ve amb totes les il\u00b7lusions renovades.<\/span><\/p>\n<p>&nbsp;<\/p>\n<p style=\"text-align: center;\"><span style=\"font-family: 'comic sans ms', sans-serif; color: #067bb2;\"><strong><span style=\"font-size: 18px;\">DES D&#8217;EDITORIAL TEIDE, MOLT BON ESTIU!<\/span><\/strong><\/span><\/p>\n<p><img loading=\"lazy\" decoding=\"async\" class=\"wp-image-155193 aligncenter\" style=\"color: #067bb2; font-family: 'comic sans ms', sans-serif; font-size: 18px; text-align: center;\" src=\"https:\/\/web.editorialteide.com\/wp-content\/uploads\/2021\/06\/fun-5453377_1280-300x300.png\" alt=\"\" width=\"198\" height=\"198\" srcset=\"https:\/\/web.editorialteide.com\/wp-content\/uploads\/2021\/06\/fun-5453377_1280-300x300.png 300w, https:\/\/web.editorialteide.com\/wp-content\/uploads\/2021\/06\/fun-5453377_1280-1024x1024.png 1024w, https:\/\/web.editorialteide.com\/wp-content\/uploads\/2021\/06\/fun-5453377_1280-100x100.png 100w, https:\/\/web.editorialteide.com\/wp-content\/uploads\/2021\/06\/fun-5453377_1280-768x768.png 768w, https:\/\/web.editorialteide.com\/wp-content\/uploads\/2021\/06\/fun-5453377_1280-600x600.png 600w, https:\/\/web.editorialteide.com\/wp-content\/uploads\/2021\/06\/fun-5453377_1280.png 1280w\" sizes=\"auto, (max-width: 198px) 100vw, 198px\" \/>[\/vc_column_text][vc_separator border_width=&#8221;2&#8243;][\/vc_column_inner][\/vc_row_inner][\/vc_column][\/vc_row]<\/p>\n","protected":false},"excerpt":{"rendered":"<p>[vc_row equal_height=&#8221;yes&#8221; content_placement=&#8221;middle&#8221; css=&#8221;.vc_custom_1619770946651{background-image: url(http:\/\/web.editorialteide.com\/wp-content\/uploads\/2021\/01\/Fons-butlleti\u0301-1.png?id=151658) !important;background-position: 0 0 !important;background-repeat: no-repeat !important;}&#8221;][vc_column][vc_single_image image=&#8221;151582&#8243; img_size=&#8221;300&#215;100&#8243; alignment=&#8221;center&#8221; css=&#8221;.vc_custom_1619770921306{margin-top: 0px !important;margin-right: 0px !important;margin-bottom: 0px !important;margin-left: 0px !important;}&#8221;][vc_row_inner][vc_column_inner][vc_column_text css=&#8221;.vc_custom_1619778233648{margin-top: 0px !important;margin-right: 0px !important;margin-bottom: 0px !important;margin-left: 0px !important;padding-top: 25px !important;padding-right: 25px !important;padding-bottom: 25px !important;padding-left: 25px !important;background-color: #067bb2 !important;border-radius: 5px !important;}&#8221;] Subscriu-te al nostre butllet\u00ed per estar al dia de les novetats &hellip; <a href=\"https:\/\/web.editorialteide.com\/ca\/butlleti-num-6-juny-2021-infantil-i-primaria\/\">Llegir m\u00e9s<\/a><\/p>\n","protected":false},"author":3,"featured_media":0,"parent":0,"menu_order":0,"comment_status":"closed","ping_status":"closed","template":"","meta":{"footnotes":"","_links_to":"","_links_to_target":""},"class_list":["post-155163","page","type-page","status-publish","hentry"],"_links":{"self":[{"href":"https:\/\/web.editorialteide.com\/ca\/wp-json\/wp\/v2\/pages\/155163","targetHints":{"allow":["GET"]}}],"collection":[{"href":"https:\/\/web.editorialteide.com\/ca\/wp-json\/wp\/v2\/pages"}],"about":[{"href":"https:\/\/web.editorialteide.com\/ca\/wp-json\/wp\/v2\/types\/page"}],"author":[{"embeddable":true,"href":"https:\/\/web.editorialteide.com\/ca\/wp-json\/wp\/v2\/users\/3"}],"replies":[{"embeddable":true,"href":"https:\/\/web.editorialteide.com\/ca\/wp-json\/wp\/v2\/comments?post=155163"}],"version-history":[{"count":45,"href":"https:\/\/web.editorialteide.com\/ca\/wp-json\/wp\/v2\/pages\/155163\/revisions"}],"predecessor-version":[{"id":155248,"href":"https:\/\/web.editorialteide.com\/ca\/wp-json\/wp\/v2\/pages\/155163\/revisions\/155248"}],"wp:attachment":[{"href":"https:\/\/web.editorialteide.com\/ca\/wp-json\/wp\/v2\/media?parent=155163"}],"curies":[{"name":"wp","href":"https:\/\/api.w.org\/{rel}","templated":true}]}}