{"id":158985,"date":"2021-10-29T13:21:19","date_gmt":"2021-10-29T12:21:19","guid":{"rendered":"https:\/\/web.editorialteide.com\/?page_id=158985"},"modified":"2022-02-16T09:26:48","modified_gmt":"2022-02-16T08:26:48","slug":"quaderns-de-llengua","status":"publish","type":"page","link":"https:\/\/web.editorialteide.com\/ca\/eso\/material-complementari\/quaderns-de-llengua\/","title":{"rendered":"Material complementari. Quaderns de llengua"},"content":{"rendered":"<p>[vc_row][vc_column][vc_btn title=&#8221;Torna a material complementari&#8221; style=&#8221;outline&#8221; color=&#8221;orange&#8221; size=&#8221;xs&#8221; align=&#8221;center&#8221; link=&#8221;url:https%3A%2F%2Fweb.editorialteide.com%2Fca%2Feso%2Fmaterial-complementari%2F&#8221;][vc_empty_space height=&#8221;10px&#8221;][vc_tta_tabs style=&#8221;modern&#8221; color=&#8221;orange&#8221; spacing=&#8221;20&#8243; gap=&#8221;20&#8243; alignment=&#8221;center&#8221; active_section=&#8221;1&#8243;][vc_tta_section tab_id=&#8221;1635504561153-87f6c590-52ed&#8221; title=&#8221;QUADERNS D&#8217;ORTOGRAFIA&#8221;][vc_empty_space height=&#8221;20px&#8221;][vc_row_inner][vc_column_inner][vc_column_text]<span style=\"font-size: 16px; color: #333333;\">La s\u00e8rie <strong>Ortografia<\/strong> es compon de quatre quaderns autocorrectius, amb el solucionari corresponent, que es complementen amb activitats digitals. El complement digital que acompanya cada quadern s&#8217;estructura en 12 moments de 5 minuts d&#8217;un intens treball oral i escrit de llengua. <\/span><\/p>\n<p><span style=\"font-size: 16px; color: #333333;\">Cada quadern pren una orientaci\u00f3 diferent perqu\u00e8 focalitza l&#8217;atenci\u00f3 en un aspecte diferent de l&#8217;ortografia. En un quadern \u00e9s la <strong>grafia<\/strong>; en un altre, la <strong>norma<\/strong>; en un altre, el <strong>so<\/strong>, i en un \u00faltim, el <strong>text<\/strong>.\u00a0\u00a0<\/span>[\/vc_column_text][\/vc_column_inner][\/vc_row_inner][vc_row_inner][vc_column_inner width=&#8221;1\/5&#8243;][vc_single_image image=&#8221;107477&#8243; img_size=&#8221;140&#215;190&#8243; add_caption=&#8221;yes&#8221; alignment=&#8221;center&#8221; style=&#8221;vc_box_shadow_3d&#8221; onclick=&#8221;custom_link&#8221; link=&#8221;https:\/\/web.editorialteide.com\/ca\/producte\/ortografia-1-grafia-cat\/&#8221;][\/vc_column_inner][vc_column_inner width=&#8221;1\/5&#8243;][vc_single_image image=&#8221;107479&#8243; img_size=&#8221;140&#215;190&#8243; add_caption=&#8221;yes&#8221; alignment=&#8221;center&#8221; style=&#8221;vc_box_shadow_3d&#8221; onclick=&#8221;custom_link&#8221; link=&#8221;https:\/\/web.editorialteide.com\/ca\/producte\/ortografia-2-norma-cat\/&#8221;][\/vc_column_inner][vc_column_inner width=&#8221;1\/5&#8243;][vc_single_image image=&#8221;107481&#8243; img_size=&#8221;140&#215;190&#8243; add_caption=&#8221;yes&#8221; alignment=&#8221;center&#8221; style=&#8221;vc_box_shadow_3d&#8221; onclick=&#8221;custom_link&#8221; link=&#8221;https:\/\/web.editorialteide.com\/ca\/producte\/ortografia-3-so-eso-cat2018\/&#8221;][\/vc_column_inner][vc_column_inner width=&#8221;1\/5&#8243;][vc_single_image image=&#8221;113363&#8243; img_size=&#8221;140&#215;190&#8243; add_caption=&#8221;yes&#8221; alignment=&#8221;center&#8221; style=&#8221;vc_box_shadow_3d&#8221; onclick=&#8221;custom_link&#8221; link=&#8221;https:\/\/web.editorialteide.com\/ca\/producte\/ortografia-4-text-eso-cat2018\/&#8221;][\/vc_column_inner][vc_column_inner width=&#8221;1\/5&#8243;][\/vc_column_inner][\/vc_row_inner][\/vc_tta_section][vc_tta_section title=&#8221;ANTOLOGIA PO\u00c8TICA&#8221; tab_id=&#8221;1635504561164-27051ab1-a4e1&#8243;][vc_empty_space height=&#8221;20px&#8221;][vc_row_inner equal_height=&#8221;yes&#8221; content_placement=&#8221;middle&#8221;][vc_column_inner width=&#8221;1\/4&#8243;][vc_single_image image=&#8221;113479&#8243; img_size=&#8221;140&#215;190&#8243; add_caption=&#8221;yes&#8221; alignment=&#8221;center&#8221; style=&#8221;vc_box_shadow_3d&#8221; onclick=&#8221;custom_link&#8221; link=&#8221;https:\/\/web.editorialteide.com\/ca\/producte\/antologia-poetica-eso-projectes-dambit\/&#8221;][\/vc_column_inner][vc_column_inner width=&#8221;3\/4&#8243;][vc_column_text]<span style=\"font-size: 16px; color: #333333;\">Aquesta antologia po\u00e8tica vol acostar la poesia contempor\u00e0nia als lectors joves del segle XXI. La tria de poetes i textos s&#8217;ha fet tenint en compte les caracter\u00edstiques de cada composici\u00f3 i parant especial atenci\u00f3 als temes tractats, per tal que els estudiants d&#8217;entre dotze i quinze anys trobin en els poemes un contingut que els resulti significatiu. <\/span><span style=\"font-size: 16px; color: #333333;\">\u00c9s doncs, un projecte d&#8217;\u00e0mbit amb 33 poemes i tres tasques (llegir en veu alta, fer un videoclip i fer un recital po\u00e8tic) que repten els usuaris a implementar els seus coneixements i demostrar les seves habilitats comunicatives.<\/span><\/p>\n<p><span style=\"font-size: 16px; color: #333333;\">El quadern es refor\u00e7a amb la possibilitat d&#8217;acc\u00e9s a una plataforma digital. Aquest espai, entre altres utilitats, permet disposar dels poemes en format de PDF a fi de facilitar-ne una lectura col\u00b7lectiva i comentada, compartir les produccions escrites de les activitats pr\u00f2piament digitals i fer-ne els lliuraments corresponents mitjan\u00e7ant un portafolis, aix\u00ed com accedir a l&#8217;espai de recursos, que \u00e9s un banc de material oral i escrit pensat per refor\u00e7ar, complementar i ampliar coneixements.<\/span><\/p>\n<p>[\/vc_column_text][\/vc_column_inner][\/vc_row_inner][\/vc_tta_section][vc_tta_section title=&#8221;TGV. QUADERNS DE TREBALL&#8221; tab_id=&#8221;1635504612103-d46dcd6e-0df0&#8243;][vc_empty_space height=&#8221;20px&#8221;][vc_row_inner][vc_column_inner][vc_column_text]<span style=\"font-size: 16px; color: #333333;\">Quaderns basats en la pr\u00e0ctica, de la qual s&#8217;extreuen els coneixements b\u00e0sics de <strong>T<\/strong>ext, <strong>G<\/strong>ram\u00e0tica i <strong>V<\/strong>ocabulari corresponents a cada curs de l&#8217;ESO, adre\u00e7ats especialment a alumnat amb d\u00e8ficits d&#8217;atenci\u00f3 i dificultats d&#8217;aprenentatge.<\/span><\/p>\n<p><span style=\"font-size: 16px; color: #333333;\">Cada quadern aporta, amb les nou unitats que es componen, una cuidada selecci\u00f3 de continguts i un grau de profunditat que permet el treball a l&#8217;aula fomentant una major consci\u00e8ncia ling\u00fc\u00edstica dels estudiants de llengua.<\/span>[\/vc_column_text][\/vc_column_inner][\/vc_row_inner][vc_row_inner][vc_column_inner width=&#8221;1\/5&#8243;][vc_single_image image=&#8221;110505&#8243; img_size=&#8221;140&#215;190&#8243; add_caption=&#8221;yes&#8221; alignment=&#8221;center&#8221; style=&#8221;vc_box_shadow_3d&#8221; onclick=&#8221;custom_link&#8221; link=&#8221;https:\/\/web.editorialteide.com\/ca\/producte\/tgv-llengua-catalana-1-eso\/&#8221;][\/vc_column_inner][vc_column_inner width=&#8221;1\/5&#8243;][vc_single_image image=&#8221;110507&#8243; img_size=&#8221;140&#215;190&#8243; add_caption=&#8221;yes&#8221; alignment=&#8221;center&#8221; style=&#8221;vc_box_shadow_3d&#8221; onclick=&#8221;custom_link&#8221; link=&#8221;https:\/\/web.editorialteide.com\/ca\/producte\/tgv-llengua-catalana-2-eso\/&#8221;][\/vc_column_inner][vc_column_inner width=&#8221;1\/5&#8243;][vc_single_image image=&#8221;107461&#8243; img_size=&#8221;140&#215;190&#8243; add_caption=&#8221;yes&#8221; alignment=&#8221;center&#8221; style=&#8221;vc_box_shadow_3d&#8221; onclick=&#8221;custom_link&#8221; link=&#8221;https:\/\/web.editorialteide.com\/ca\/producte\/tgv-llengua-catalana-3-eso\/&#8221;][\/vc_column_inner][vc_column_inner width=&#8221;1\/5&#8243;][vc_single_image image=&#8221;107463&#8243; img_size=&#8221;140&#215;190&#8243; add_caption=&#8221;yes&#8221; alignment=&#8221;center&#8221; style=&#8221;vc_box_shadow_3d&#8221; onclick=&#8221;custom_link&#8221; link=&#8221;https:\/\/web.editorialteide.com\/ca\/producte\/tgv-llengua-catalana-4-eso\/&#8221;][\/vc_column_inner][vc_column_inner width=&#8221;1\/5&#8243;][\/vc_column_inner][\/vc_row_inner][\/vc_tta_section][\/vc_tta_tabs][\/vc_column][\/vc_row]<\/p>\n","protected":false},"excerpt":{"rendered":"<p>[vc_row][vc_column][vc_btn title=&#8221;Torna a material complementari&#8221; style=&#8221;outline&#8221; color=&#8221;orange&#8221; size=&#8221;xs&#8221; align=&#8221;center&#8221; link=&#8221;url:https%3A%2F%2Fweb.editorialteide.com%2Fca%2Feso%2Fmaterial-complementari%2F&#8221;][vc_empty_space height=&#8221;10px&#8221;][vc_tta_tabs style=&#8221;modern&#8221; color=&#8221;orange&#8221; spacing=&#8221;20&#8243; gap=&#8221;20&#8243; alignment=&#8221;center&#8221; active_section=&#8221;1&#8243;][vc_tta_section tab_id=&#8221;1635504561153-87f6c590-52ed&#8221; title=&#8221;QUADERNS D&#8217;ORTOGRAFIA&#8221;][vc_empty_space height=&#8221;20px&#8221;][vc_row_inner][vc_column_inner][vc_column_text]La s\u00e8rie Ortografia es compon de quatre quaderns autocorrectius, amb el solucionari corresponent, que es complementen amb activitats digitals. El complement digital que acompanya cada quadern s&#8217;estructura en 12 moments de 5 minuts d&#8217;un intens &hellip; <a href=\"https:\/\/web.editorialteide.com\/ca\/eso\/material-complementari\/quaderns-de-llengua\/\">Llegir m\u00e9s<\/a><\/p>\n","protected":false},"author":3,"featured_media":0,"parent":29766,"menu_order":0,"comment_status":"closed","ping_status":"closed","template":"","meta":{"footnotes":"","_links_to":"","_links_to_target":""},"class_list":["post-158985","page","type-page","status-publish","hentry"],"_links":{"self":[{"href":"https:\/\/web.editorialteide.com\/ca\/wp-json\/wp\/v2\/pages\/158985","targetHints":{"allow":["GET"]}}],"collection":[{"href":"https:\/\/web.editorialteide.com\/ca\/wp-json\/wp\/v2\/pages"}],"about":[{"href":"https:\/\/web.editorialteide.com\/ca\/wp-json\/wp\/v2\/types\/page"}],"author":[{"embeddable":true,"href":"https:\/\/web.editorialteide.com\/ca\/wp-json\/wp\/v2\/users\/3"}],"replies":[{"embeddable":true,"href":"https:\/\/web.editorialteide.com\/ca\/wp-json\/wp\/v2\/comments?post=158985"}],"version-history":[{"count":11,"href":"https:\/\/web.editorialteide.com\/ca\/wp-json\/wp\/v2\/pages\/158985\/revisions"}],"predecessor-version":[{"id":159818,"href":"https:\/\/web.editorialteide.com\/ca\/wp-json\/wp\/v2\/pages\/158985\/revisions\/159818"}],"up":[{"embeddable":true,"href":"https:\/\/web.editorialteide.com\/ca\/wp-json\/wp\/v2\/pages\/29766"}],"wp:attachment":[{"href":"https:\/\/web.editorialteide.com\/ca\/wp-json\/wp\/v2\/media?parent=158985"}],"curies":[{"name":"wp","href":"https:\/\/api.w.org\/{rel}","templated":true}]}}