{"id":159004,"date":"2021-11-03T11:25:54","date_gmt":"2021-11-03T10:25:54","guid":{"rendered":"https:\/\/web.editorialteide.com\/?page_id=159004"},"modified":"2022-02-16T09:38:48","modified_gmt":"2022-02-16T08:38:48","slug":"cuadernos-de-lengua","status":"publish","type":"page","link":"https:\/\/web.editorialteide.com\/ca\/eso\/material-complementari\/cuadernos-de-lengua\/","title":{"rendered":"Material complementario. Cuadernos de lengua"},"content":{"rendered":"<p>[vc_row][vc_column][vc_btn title=&#8221;Torna a material complementari&#8221; style=&#8221;outline&#8221; color=&#8221;orange&#8221; size=&#8221;xs&#8221; align=&#8221;center&#8221; link=&#8221;url:https%3A%2F%2Fweb.editorialteide.com%2Fca%2Feso%2Fmaterial-complementari%2F&#8221;][vc_empty_space][vc_tta_tabs style=&#8221;modern&#8221; color=&#8221;orange&#8221; spacing=&#8221;20&#8243; gap=&#8221;20&#8243; alignment=&#8221;center&#8221; active_section=&#8221;1&#8243;][vc_tta_section tab_id=&#8221;1635504561153-87f6c590-52ed&#8221; title=&#8221;CUADERNOS DE REFUERZO&#8221;][vc_column_text]<span style=\"color: #333333;\"><span style=\"font-size: 16px;\">Ejercicios autocorrectivos de ortograf\u00eda, gram\u00e1tica y l\u00e9xico ocupan las p\u00e1ginas de cada cuaderno para que los alumnos puedan realizarlos por su cuenta y comprueben las soluciones, que se encuentran al final del libro. Los contenidos de cada cuaderno corresponden a los de cada curso de la ESO y representan un complemento eficaz para el estudio y el repaso de los contenidos b\u00e1sicos de lengua.<\/span><\/span><\/p>\n<p><a href=\"https:\/\/web.editorialteide.com\/ca\/producte\/cuaderno-refuerzo-lengua-castellana-1-eso\/\"><span style=\"color: #333333;\"><strong>Refuerzo 1\u00ba<\/strong> 978-84-307-4866-2<\/span><\/a><\/p>\n<p><a href=\"https:\/\/web.editorialteide.com\/ca\/producte\/cuaderno-refuerzo-lengua-castellana-2-eso\/\"><span style=\"color: #333333;\"><strong>Refuerzo 2\u00ba<\/strong> 978-84-307-4915-7<\/span><\/a><\/p>\n<p><a href=\"https:\/\/web.editorialteide.com\/ca\/producte\/cuaderno-refuerzo-lengua-castellana-3-eso\/\"><span style=\"color: #333333;\"><strong>Refuerzo 3\u00ba<\/strong> 978-84-307-4869-3<\/span><\/a><\/p>\n<p><a href=\"https:\/\/web.editorialteide.com\/ca\/producte\/cuaderno-refuerzo-lengua-castellana-4-eso\/\"><span style=\"color: #333333;\"><strong>Refuerzo 4\u00ba<\/strong> 978-84-307-4916-4<\/span><\/a>[\/vc_column_text][vc_row_inner][vc_column_inner width=&#8221;1\/5&#8243;][vc_single_image image=&#8221;107415&#8243; img_size=&#8221;140&#215;190&#8243; add_caption=&#8221;yes&#8221; alignment=&#8221;center&#8221; style=&#8221;vc_box_shadow_3d&#8221; onclick=&#8221;custom_link&#8221; link=&#8221;https:\/\/web.editorialteide.com\/ca\/producte\/cuaderno-refuerzo-lengua-castellana-1-eso\/&#8221;][\/vc_column_inner][vc_column_inner width=&#8221;1\/5&#8243;][vc_single_image image=&#8221;107421&#8243; img_size=&#8221;140&#215;190&#8243; add_caption=&#8221;yes&#8221; alignment=&#8221;center&#8221; style=&#8221;vc_box_shadow_3d&#8221; onclick=&#8221;custom_link&#8221; link=&#8221;https:\/\/web.editorialteide.com\/ca\/producte\/cuaderno-refuerzo-lengua-castellana-2-eso\/&#8221;][\/vc_column_inner][vc_column_inner width=&#8221;1\/5&#8243;][vc_single_image image=&#8221;107417&#8243; img_size=&#8221;140&#215;190&#8243; add_caption=&#8221;yes&#8221; alignment=&#8221;center&#8221; style=&#8221;vc_box_shadow_3d&#8221; onclick=&#8221;custom_link&#8221; link=&#8221;https:\/\/web.editorialteide.com\/ca\/producte\/cuaderno-refuerzo-lengua-castellana-3-eso\/&#8221;][\/vc_column_inner][vc_column_inner width=&#8221;1\/5&#8243;][vc_single_image image=&#8221;110495&#8243; img_size=&#8221;140&#215;190&#8243; add_caption=&#8221;yes&#8221; alignment=&#8221;center&#8221; style=&#8221;vc_box_shadow_3d&#8221; onclick=&#8221;custom_link&#8221; link=&#8221;https:\/\/web.editorialteide.com\/ca\/producte\/cuaderno-refuerzo-lengua-castellana-4-eso\/&#8221;][\/vc_column_inner][vc_column_inner width=&#8221;1\/5&#8243;][\/vc_column_inner][\/vc_row_inner][\/vc_tta_section][vc_tta_section title=&#8221;COMPETENCIAS COMUNICATIVAS&#8221; tab_id=&#8221;1635504561164-27051ab1-a4e1&#8243;][vc_column_text]<span style=\"font-size: 16px; color: #333333;\">Cuadernos orientados a ejercitar las cuatro habilidades ling\u00fc\u00edsticas (comprensi\u00f3n lectora, expresi\u00f3n escrita, comprensi\u00f3n oral y expresi\u00f3n oral) y a ampliar el repertorio l\u00e9xico de los usuarios. <\/span><\/p>\n<p><span style=\"font-size: 16px; color: #333333;\">Cuatro cuadernos, uno para cada curso de la ESO, para el trabajo de las competencias b\u00e1sicas comunicativas en lengua castellana.<\/span><\/p>\n<p><span style=\"font-size: 14px;\"><a href=\"https:\/\/web.editorialteide.com\/ca\/producte\/competencias-basicas-comunicacion-1-eso\/\"><span style=\"color: #333333;\"><strong>1\u00ba ESO<\/strong> 978-84-307-8795-1<\/span><\/a><\/span><\/p>\n<p><span style=\"font-size: 14px;\"><a href=\"https:\/\/web.editorialteide.com\/ca\/producte\/competencias-basicas-comunicacion-2-eso\/\"><span style=\"color: #333333;\"><strong>2\u00ba ESO<\/strong> 978-84-307-8796-8<\/span><\/a><\/span><\/p>\n<p><span style=\"font-size: 14px;\"><a href=\"https:\/\/web.editorialteide.com\/ca\/producte\/competencias-basicas-comunicacion-3-eso\/\"><span style=\"color: #333333;\"><strong>3\u00ba ESO<\/strong> 978-84-307-8797-5<\/span><\/a><\/span><\/p>\n<p><span style=\"font-size: 14px;\"><a href=\"https:\/\/web.editorialteide.com\/ca\/producte\/competencias-basicas-comunicacion-4-eso\/\"><span style=\"color: #333333;\"><strong>4\u00ba ESO<\/strong> 978-84-307-8798-2<\/span><\/a><\/span>[\/vc_column_text][vc_row_inner][vc_column_inner width=&#8221;1\/5&#8243;][vc_single_image image=&#8221;108941&#8243; img_size=&#8221;140&#215;190&#8243; add_caption=&#8221;yes&#8221; alignment=&#8221;center&#8221; style=&#8221;vc_box_shadow_3d&#8221; onclick=&#8221;custom_link&#8221; link=&#8221;https:\/\/web.editorialteide.com\/ca\/producte\/competencias-basicas-comunicacion-1-eso\/&#8221;][\/vc_column_inner][vc_column_inner width=&#8221;1\/5&#8243;][vc_single_image image=&#8221;108943&#8243; img_size=&#8221;140&#215;190&#8243; add_caption=&#8221;yes&#8221; alignment=&#8221;center&#8221; style=&#8221;vc_box_shadow_3d&#8221; onclick=&#8221;custom_link&#8221; link=&#8221;https:\/\/web.editorialteide.com\/ca\/producte\/competencias-basicas-comunicacion-2-eso\/&#8221;][\/vc_column_inner][vc_column_inner width=&#8221;1\/5&#8243;][vc_single_image image=&#8221;103583&#8243; img_size=&#8221;140&#215;190&#8243; add_caption=&#8221;yes&#8221; alignment=&#8221;center&#8221; style=&#8221;vc_box_shadow_3d&#8221; onclick=&#8221;custom_link&#8221; link=&#8221;https:\/\/web.editorialteide.com\/ca\/producte\/competencias-basicas-comunicacion-3-eso\/&#8221;][\/vc_column_inner][vc_column_inner width=&#8221;1\/5&#8243;][vc_single_image image=&#8221;108947&#8243; img_size=&#8221;140&#215;190&#8243; add_caption=&#8221;yes&#8221; alignment=&#8221;center&#8221; style=&#8221;vc_box_shadow_3d&#8221; onclick=&#8221;custom_link&#8221; link=&#8221;https:\/\/web.editorialteide.com\/ca\/producte\/competencias-basicas-comunicacion-4-eso\/&#8221;][\/vc_column_inner][vc_column_inner width=&#8221;1\/5&#8243;][\/vc_column_inner][\/vc_row_inner][\/vc_tta_section][vc_tta_section title=&#8221;AVE. CUADERNOS DE TRABAJO&#8221; tab_id=&#8221;1635504612103-d46dcd6e-0df0&#8243;][vc_column_text]<span style=\"font-size: 16px; color: #333333;\">Cuadernos basados en la pr\u00e1ctica, con la que se obtienen los conocimientos b\u00e1sicos de gr<strong>A<\/strong>m\u00e1tica, <strong>V<\/strong>ocabulario y t<strong>E<\/strong>xto, correspondientes a cada curso de la ESO, dirigidos especialmente a alumnado con d\u00e9ficit de atenci\u00f3n y dificultades de aprendizaje. Cada cuaderno aporta, con las nueve unidades de que se componen, una cuidada selecci\u00f3n de contenidos y un grado de profundidad que permite el trabajo en el aula fomentando una mayor consciencia ling\u00fc\u00edstica de los estudiantes de lengua.<\/span><\/p>\n<p><span style=\"font-size: 14px;\"><a href=\"https:\/\/web.editorialteide.com\/ca\/producte\/ave-lengua-castellana-1-eso\/\"><span style=\"color: #333333;\"><strong>AVE 1\u00ba<\/strong>\u00a0978-84-307-4943-0<\/span><\/a><\/span><\/p>\n<p><span style=\"font-size: 14px;\"><a href=\"https:\/\/web.editorialteide.com\/ca\/producte\/https:\/\/web.editorialteide.com\/ca\/producte\/ave-lengua-castellana-2-eso\/\"><span style=\"color: #333333;\"><strong>AVE 2\u00ba<\/strong> 978-84-307-4944-7<\/span><\/a><\/span><\/p>\n<p><span style=\"font-size: 14px;\"><a href=\"https:\/\/web.editorialteide.com\/ca\/producte\/https:\/\/web.editorialteide.com\/ca\/producte\/ave-lengua-castellana-3-eso\/\"><span style=\"color: #333333;\"><strong>AVE 3\u00ba<\/strong> 978-84-307-4974-4<\/span><\/a><\/span><\/p>\n<p><span style=\"font-size: 14px;\"><a href=\"https:\/\/web.editorialteide.com\/ca\/producte\/https:\/\/web.editorialteide.com\/ca\/producte\/ave-lengua-castellana-4-eso\/\"><span style=\"color: #333333;\"><strong>AVE 4\u00ba<\/strong> 978-84-307-4975-1<\/span><\/a><\/span>[\/vc_column_text][vc_row_inner][vc_column_inner width=&#8221;1\/5&#8243;][vc_single_image image=&#8221;107449&#8243; img_size=&#8221;140&#215;190&#8243; add_caption=&#8221;yes&#8221; alignment=&#8221;center&#8221; style=&#8221;vc_box_shadow_3d&#8221; onclick=&#8221;custom_link&#8221; link=&#8221;https:\/\/web.editorialteide.com\/ca\/producte\/ave-lengua-castellana-1-eso\/&#8221;][\/vc_column_inner][vc_column_inner width=&#8221;1\/5&#8243;][vc_single_image image=&#8221;107451&#8243; img_size=&#8221;140&#215;190&#8243; add_caption=&#8221;yes&#8221; alignment=&#8221;center&#8221; style=&#8221;vc_box_shadow_3d&#8221; onclick=&#8221;custom_link&#8221; link=&#8221;https:\/\/web.editorialteide.com\/ca\/producte\/ave-lengua-castellana-2-eso\/&#8221;][\/vc_column_inner][vc_column_inner width=&#8221;1\/5&#8243;][vc_single_image image=&#8221;107465&#8243; img_size=&#8221;140&#215;190&#8243; add_caption=&#8221;yes&#8221; alignment=&#8221;center&#8221; style=&#8221;vc_box_shadow_3d&#8221; onclick=&#8221;custom_link&#8221; link=&#8221;https:\/\/web.editorialteide.com\/ca\/producte\/ave-lengua-castellana-3-eso\/&#8221;][\/vc_column_inner][vc_column_inner width=&#8221;1\/5&#8243;][vc_single_image image=&#8221;107467&#8243; img_size=&#8221;140&#215;190&#8243; add_caption=&#8221;yes&#8221; alignment=&#8221;center&#8221; style=&#8221;vc_box_shadow_3d&#8221; onclick=&#8221;custom_link&#8221; link=&#8221;https:\/\/web.editorialteide.com\/ca\/producte\/ave-lengua-castellana-4-eso\/&#8221;][\/vc_column_inner][vc_column_inner width=&#8221;1\/5&#8243;][\/vc_column_inner][\/vc_row_inner][\/vc_tta_section][vc_tta_section title=&#8221;CUADERNOS DE ORTOGRAF\u00cdA&#8221; tab_id=&#8221;1635504627934-18c15d3e-4a9a&#8221;][vc_column_text]<span style=\"color: #333333; font-size: 16px;\">Obedeciendo a una metodolog\u00eda inductiva, los cuadernos presentan las reglas b\u00e1sicas de la ortograf\u00eda y fomentan un trabajo reflexivo y pr\u00e1ctico muy eficaz sobre la lengua. Cada uno incluye un solucionario encartado. Dos cuadernos correspondientes a los dos primeros cursos de la ESO para el trabajo de la ortograf\u00eda.<\/span><\/p>\n<p><span style=\"color: #333333; font-size: 14px;\"><a style=\"color: #333333;\" href=\"https:\/\/web.editorialteide.com\/ca\/producte\/cuaderno-de-ortografia-1-eso\/\"><strong>1\u00ba ESO<\/strong> 978-84-307-4982-9<\/a><\/span><\/p>\n<p><span style=\"color: #333333; font-size: 14px;\"><a style=\"color: #333333;\" href=\"https:\/\/web.editorialteide.com\/ca\/producte\/cuaderno-de-ortografia-2-eso\/\"><strong>2\u00ba ESO<\/strong> 978-84-307-4983-6<\/a><\/span>[\/vc_column_text][vc_row_inner][vc_column_inner width=&#8221;1\/5&#8243;][vc_single_image image=&#8221;107469&#8243; img_size=&#8221;140&#215;190&#8243; add_caption=&#8221;yes&#8221; alignment=&#8221;center&#8221; style=&#8221;vc_box_shadow_3d&#8221; onclick=&#8221;custom_link&#8221; link=&#8221;https:\/\/web.editorialteide.com\/ca\/producte\/cuaderno-de-ortografia-1-eso\/&#8221;][\/vc_column_inner][vc_column_inner width=&#8221;1\/5&#8243;][vc_single_image image=&#8221;107471&#8243; img_size=&#8221;140&#215;190&#8243; add_caption=&#8221;yes&#8221; alignment=&#8221;center&#8221; style=&#8221;vc_box_shadow_3d&#8221; onclick=&#8221;custom_link&#8221; link=&#8221;https:\/\/web.editorialteide.com\/ca\/producte\/cuaderno-de-ortografia-2-eso\/&#8221;][\/vc_column_inner][vc_column_inner width=&#8221;1\/5&#8243;][\/vc_column_inner][vc_column_inner width=&#8221;1\/5&#8243;][\/vc_column_inner][vc_column_inner width=&#8221;1\/5&#8243;][\/vc_column_inner][\/vc_row_inner][\/vc_tta_section][vc_tta_section title=&#8221;COLECCI\u00d3N +TEMAS&#8221; tab_id=&#8221;1635940412939-7a692f8e-96ac&#8221;][vc_column_text]<span style=\"color: #333333; font-size: 16px;\">Los cuadernos interpelan eficazmente al usuario y lo conducen entre ejercicios, propuestas y reflexiones hacia un trabajo consciente sobre el uso de la lengua. <\/span><\/p>\n<p><em><strong><span style=\"color: #333333; font-size: 16px;\">Sintaxis. <\/span><\/strong><\/em><\/p>\n<p><span style=\"color: #333333; font-size: 16px;\">En este cuaderno, distribuido en 32 unidades, se definen los conceptos b\u00e1sicos de la sintaxis. Permite tanto el estudio global de los componentes como el an\u00e1lisis y pr\u00e1ctica detallados de cada concepto. <\/span><\/p>\n<p><span style=\"color: #333333; font-size: 16px;\">Redactado por M. Bericat Bonet, J. M.\u00aa Garrido Almi\u00f1ana y R. Palacios Porras. <\/span><\/p>\n<p><span style=\"color: #333333; font-size: 14px;\"><a style=\"color: #333333;\" href=\"https:\/\/web.editorialteide.com\/ca\/producte\/sintaxis-t\/\"><strong>ISBN<\/strong>\u00a0978-84-307-4533-3<\/a><\/span><\/p>\n<p><em><strong><span style=\"color: #333333; font-size: 16px;\">Ortograf\u00eda (edici\u00f3n renovada). <\/span><\/strong><\/em><\/p>\n<p><span style=\"color: #333333; font-size: 16px;\">El cuaderno comprende un trabajo sistem\u00e1tico sobre el uso correcto de las letras, la acentuaci\u00f3n, los signos de puntuaci\u00f3n y la numeraci\u00f3n. El enfoque inductivo de las propuestas de trabajo y la autocorrecci\u00f3n reflejan el car\u00e1cter interactivo del material. <\/span><\/p>\n<p><span style=\"color: #333333; font-size: 16px;\">Redactado por R. Alsina Soriano, M.\u00aa Diaz Marcos, J. B. Fortuny Gin\u00e9 y S. Mart\u00ed Ra\u00fcll.<\/span><\/p>\n<p><span style=\"color: #333333; font-size: 14px;\"><a style=\"color: #333333;\" href=\"https:\/\/web.editorialteide.com\/ca\/producte\/ortografia-t-edicion-renovada\/\"><strong>ISBN<\/strong> 978-84-307-4590-6<\/a><\/span>[\/vc_column_text][vc_row_inner][vc_column_inner width=&#8221;1\/5&#8243;][vc_single_image image=&#8221;107387&#8243; img_size=&#8221;140&#215;190&#8243; add_caption=&#8221;yes&#8221; alignment=&#8221;center&#8221; style=&#8221;vc_box_shadow_3d&#8221; onclick=&#8221;custom_link&#8221; link=&#8221;https:\/\/web.editorialteide.com\/ca\/producte\/sintaxis-t\/&#8221;][\/vc_column_inner][vc_column_inner width=&#8221;1\/5&#8243;][vc_single_image image=&#8221;118558&#8243; img_size=&#8221;140&#215;190&#8243; add_caption=&#8221;yes&#8221; alignment=&#8221;center&#8221; style=&#8221;vc_box_shadow_3d&#8221; onclick=&#8221;custom_link&#8221; link=&#8221;https:\/\/web.editorialteide.com\/ca\/producte\/ortografia-t-edicion-renovada\/&#8221;][\/vc_column_inner][vc_column_inner width=&#8221;1\/5&#8243;][\/vc_column_inner][vc_column_inner width=&#8221;1\/5&#8243;][\/vc_column_inner][vc_column_inner width=&#8221;1\/5&#8243;][\/vc_column_inner][\/vc_row_inner][\/vc_tta_section][\/vc_tta_tabs][\/vc_column][\/vc_row]<\/p>\n","protected":false},"excerpt":{"rendered":"<p>[vc_row][vc_column][vc_btn title=&#8221;Torna a material complementari&#8221; style=&#8221;outline&#8221; color=&#8221;orange&#8221; size=&#8221;xs&#8221; align=&#8221;center&#8221; link=&#8221;url:https%3A%2F%2Fweb.editorialteide.com%2Fca%2Feso%2Fmaterial-complementari%2F&#8221;][vc_empty_space][vc_tta_tabs style=&#8221;modern&#8221; color=&#8221;orange&#8221; spacing=&#8221;20&#8243; gap=&#8221;20&#8243; alignment=&#8221;center&#8221; active_section=&#8221;1&#8243;][vc_tta_section tab_id=&#8221;1635504561153-87f6c590-52ed&#8221; title=&#8221;CUADERNOS DE REFUERZO&#8221;][vc_column_text]Ejercicios autocorrectivos de ortograf\u00eda, gram\u00e1tica y l\u00e9xico ocupan las p\u00e1ginas de cada cuaderno para que los alumnos puedan realizarlos por su cuenta y comprueben las soluciones, que se encuentran al final del libro. Los contenidos de &hellip; <a href=\"https:\/\/web.editorialteide.com\/ca\/eso\/material-complementari\/cuadernos-de-lengua\/\">Llegir m\u00e9s<\/a><\/p>\n","protected":false},"author":3,"featured_media":0,"parent":29766,"menu_order":0,"comment_status":"closed","ping_status":"closed","template":"","meta":{"footnotes":"","_links_to":"","_links_to_target":""},"class_list":["post-159004","page","type-page","status-publish","hentry"],"_links":{"self":[{"href":"https:\/\/web.editorialteide.com\/ca\/wp-json\/wp\/v2\/pages\/159004","targetHints":{"allow":["GET"]}}],"collection":[{"href":"https:\/\/web.editorialteide.com\/ca\/wp-json\/wp\/v2\/pages"}],"about":[{"href":"https:\/\/web.editorialteide.com\/ca\/wp-json\/wp\/v2\/types\/page"}],"author":[{"embeddable":true,"href":"https:\/\/web.editorialteide.com\/ca\/wp-json\/wp\/v2\/users\/3"}],"replies":[{"embeddable":true,"href":"https:\/\/web.editorialteide.com\/ca\/wp-json\/wp\/v2\/comments?post=159004"}],"version-history":[{"count":10,"href":"https:\/\/web.editorialteide.com\/ca\/wp-json\/wp\/v2\/pages\/159004\/revisions"}],"predecessor-version":[{"id":159828,"href":"https:\/\/web.editorialteide.com\/ca\/wp-json\/wp\/v2\/pages\/159004\/revisions\/159828"}],"up":[{"embeddable":true,"href":"https:\/\/web.editorialteide.com\/ca\/wp-json\/wp\/v2\/pages\/29766"}],"wp:attachment":[{"href":"https:\/\/web.editorialteide.com\/ca\/wp-json\/wp\/v2\/media?parent=159004"}],"curies":[{"name":"wp","href":"https:\/\/api.w.org\/{rel}","templated":true}]}}