{"id":159017,"date":"2021-11-03T15:06:25","date_gmt":"2021-11-03T14:06:25","guid":{"rendered":"https:\/\/web.editorialteide.com\/?page_id=159017"},"modified":"2022-02-16T09:30:55","modified_gmt":"2022-02-16T08:30:55","slug":"quaderns-de-vacances","status":"publish","type":"page","link":"https:\/\/web.editorialteide.com\/ca\/eso\/material-complementari\/quaderns-de-vacances\/","title":{"rendered":"Material complementari. Quaderns de vacances"},"content":{"rendered":"<p>[vc_row][vc_column][vc_btn title=&#8221;Torna a material complementari&#8221; style=&#8221;outline&#8221; color=&#8221;orange&#8221; size=&#8221;xs&#8221; align=&#8221;center&#8221; link=&#8221;url:https%3A%2F%2Fweb.editorialteide.com%2Fca%2Feso%2Fmaterial-complementari%2F&#8221;][vc_empty_space][vc_tta_tabs style=&#8221;modern&#8221; color=&#8221;orange&#8221; spacing=&#8221;20&#8243; gap=&#8221;20&#8243; alignment=&#8221;center&#8221; active_section=&#8221;1&#8243;][vc_tta_section tab_id=&#8221;1635504561153-87f6c590-52ed&#8221; title=&#8221;DE LLENGUA CATALANA&#8221;][vc_column_text]<span style=\"font-size: 16px; color: #333333;\">Feina per a l&#8217;estiu. Quaderns de 45 unitats de dues p\u00e0gines cadascuna perqu\u00e8 els aprenents hi dediquin una estona cada dia de les vacances. Les activitats que s&#8217;hi proposen permeten recordar els coneixements apresos, repassar els continguts b\u00e0sics de la mat\u00e8ria i adquirir la responsabilitat necess\u00e0ria per a l&#8217;aprenentatge aut\u00f2nom. El solucionari est\u00e0 encartat.<\/span><\/p>\n<p><span style=\"color: #333333;\"><a style=\"color: #333333;\" href=\"https:\/\/web.editorialteide.com\/ca\/producte\/quadern-vacances-llengua-catalana-1-eso\/\"><strong>QdV Llengua 1er<\/strong> 978-84-307-4566-1<\/a><\/span><\/p>\n<p><a href=\"https:\/\/web.editorialteide.com\/ca\/producte\/quadern-vacances-llengua-catalana-2-eso\/\"><span style=\"color: #333333;\"><strong>QdV Llengua 2on<\/strong> 978-84-307-4567-8<\/span><\/a><\/p>\n<p><a href=\"https:\/\/web.editorialteide.com\/ca\/producte\/quadern-vacances-llengua-catalana-3-eso\/\"><span style=\"color: #333333;\"><strong>QdV Llengua 3er<\/strong> 978-84-307-4588-3<\/span><\/a><\/p>\n<p><a href=\"https:\/\/web.editorialteide.com\/ca\/producte\/quadern-vacances-llengua-catalana-4-eso\/\"><span style=\"color: #333333;\"><strong>QdV Llengua 4rt<\/strong> 978-84-307-4589-0<\/span><\/a>[\/vc_column_text][vc_row_inner][vc_column_inner width=&#8221;1\/5&#8243;][vc_single_image image=&#8221;107393&#8243; img_size=&#8221;140&#215;190&#8243; add_caption=&#8221;yes&#8221; alignment=&#8221;center&#8221; style=&#8221;vc_box_shadow_3d&#8221; onclick=&#8221;custom_link&#8221; link=&#8221;https:\/\/web.editorialteide.com\/ca\/producte\/quadern-vacances-llengua-catalana-1-eso\/&#8221;][\/vc_column_inner][vc_column_inner width=&#8221;1\/5&#8243;][vc_single_image image=&#8221;107395&#8243; img_size=&#8221;140&#215;190&#8243; add_caption=&#8221;yes&#8221; alignment=&#8221;center&#8221; style=&#8221;vc_box_shadow_3d&#8221; onclick=&#8221;custom_link&#8221; link=&#8221;https:\/\/web.editorialteide.com\/ca\/producte\/quadern-vacances-llengua-catalana-2-eso\/&#8221;][\/vc_column_inner][vc_column_inner width=&#8221;1\/5&#8243;][vc_single_image image=&#8221;155239&#8243; img_size=&#8221;140&#215;190&#8243; add_caption=&#8221;yes&#8221; alignment=&#8221;center&#8221; style=&#8221;vc_box_shadow_3d&#8221; onclick=&#8221;custom_link&#8221; link=&#8221;https:\/\/web.editorialteide.com\/ca\/producte\/quadern-vacances-llengua-catalana-3-eso\/&#8221;][\/vc_column_inner][vc_column_inner width=&#8221;1\/5&#8243;][vc_single_image image=&#8221;155240&#8243; img_size=&#8221;140&#215;190&#8243; add_caption=&#8221;yes&#8221; alignment=&#8221;center&#8221; style=&#8221;vc_box_shadow_3d&#8221; onclick=&#8221;custom_link&#8221; link=&#8221;https:\/\/web.editorialteide.com\/ca\/producte\/quadern-vacances-llengua-catalana-4-eso\/&#8221;][\/vc_column_inner][vc_column_inner width=&#8221;1\/5&#8243;][\/vc_column_inner][\/vc_row_inner][\/vc_tta_section][\/vc_tta_tabs][\/vc_column][\/vc_row]<\/p>\n","protected":false},"excerpt":{"rendered":"<p>[vc_row][vc_column][vc_btn title=&#8221;Torna a material complementari&#8221; style=&#8221;outline&#8221; color=&#8221;orange&#8221; size=&#8221;xs&#8221; align=&#8221;center&#8221; link=&#8221;url:https%3A%2F%2Fweb.editorialteide.com%2Fca%2Feso%2Fmaterial-complementari%2F&#8221;][vc_empty_space][vc_tta_tabs style=&#8221;modern&#8221; color=&#8221;orange&#8221; spacing=&#8221;20&#8243; gap=&#8221;20&#8243; alignment=&#8221;center&#8221; active_section=&#8221;1&#8243;][vc_tta_section tab_id=&#8221;1635504561153-87f6c590-52ed&#8221; title=&#8221;DE LLENGUA CATALANA&#8221;][vc_column_text]Feina per a l&#8217;estiu. Quaderns de 45 unitats de dues p\u00e0gines cadascuna perqu\u00e8 els aprenents hi dediquin una estona cada dia de les vacances. Les activitats que s&#8217;hi proposen permeten recordar els coneixements apresos, repassar els &hellip; <a href=\"https:\/\/web.editorialteide.com\/ca\/eso\/material-complementari\/quaderns-de-vacances\/\">Llegir m\u00e9s<\/a><\/p>\n","protected":false},"author":3,"featured_media":0,"parent":29766,"menu_order":0,"comment_status":"closed","ping_status":"closed","template":"","meta":{"footnotes":"","_links_to":"","_links_to_target":""},"class_list":["post-159017","page","type-page","status-publish","hentry"],"_links":{"self":[{"href":"https:\/\/web.editorialteide.com\/ca\/wp-json\/wp\/v2\/pages\/159017","targetHints":{"allow":["GET"]}}],"collection":[{"href":"https:\/\/web.editorialteide.com\/ca\/wp-json\/wp\/v2\/pages"}],"about":[{"href":"https:\/\/web.editorialteide.com\/ca\/wp-json\/wp\/v2\/types\/page"}],"author":[{"embeddable":true,"href":"https:\/\/web.editorialteide.com\/ca\/wp-json\/wp\/v2\/users\/3"}],"replies":[{"embeddable":true,"href":"https:\/\/web.editorialteide.com\/ca\/wp-json\/wp\/v2\/comments?post=159017"}],"version-history":[{"count":8,"href":"https:\/\/web.editorialteide.com\/ca\/wp-json\/wp\/v2\/pages\/159017\/revisions"}],"predecessor-version":[{"id":159819,"href":"https:\/\/web.editorialteide.com\/ca\/wp-json\/wp\/v2\/pages\/159017\/revisions\/159819"}],"up":[{"embeddable":true,"href":"https:\/\/web.editorialteide.com\/ca\/wp-json\/wp\/v2\/pages\/29766"}],"wp:attachment":[{"href":"https:\/\/web.editorialteide.com\/ca\/wp-json\/wp\/v2\/media?parent=159017"}],"curies":[{"name":"wp","href":"https:\/\/api.w.org\/{rel}","templated":true}]}}