{"id":159051,"date":"2021-11-04T13:03:27","date_gmt":"2021-11-04T12:03:27","guid":{"rendered":"https:\/\/web.editorialteide.com\/?page_id=159051"},"modified":"2021-11-09T16:20:54","modified_gmt":"2021-11-09T15:20:54","slug":"quaderns-de-matematiques","status":"publish","type":"page","link":"https:\/\/web.editorialteide.com\/ca\/educacio-infantil\/material-complementari\/quaderns-de-matematiques\/","title":{"rendered":"Material complementari. Quaderns de matem\u00e0tiques"},"content":{"rendered":"<p>[vc_row][vc_column][vc_btn title=&#8221;Torna a material complementari&#8221; style=&#8221;outline&#8221; color=&#8221;orange&#8221; size=&#8221;xs&#8221; align=&#8221;center&#8221; link=&#8221;url:https%3A%2F%2Fweb.editorialteide.com%2Fca%2Feducacio-infantil%2Fmaterial-complementari%2F&#8221;][vc_tta_tabs style=&#8221;modern&#8221; color=&#8221;orange&#8221; spacing=&#8221;20&#8243; gap=&#8221;20&#8243; alignment=&#8221;center&#8221; active_section=&#8221;1&#8243;][vc_tta_section title=&#8221;TRES I MIG&#8221; tab_id=&#8221;1636015665527-bb93095b-61d3&#8243;][vc_row_inner][vc_column_inner][vc_column_text]<span style=\"font-size: 16px; color: #333333;\"><em><strong>Tres i mig, Quatre i mig, Cinc i mig<\/strong><\/em>. Col\u00b7lecci\u00f3 de 15 quaderns que constitueixen una proposta de treball sistem\u00e0tic espec\u00edfic per a l&#8217;etapa d&#8217;Educaci\u00f3 Infantil. <\/span><span style=\"font-size: 16px; color: #333333;\">Dividida en cinc blocs (problemes, dimensions, figures, operacions i nombres) i refor\u00e7ada amb material manipulatiu (adhesius), aquesta col\u00b7lecci\u00f3 facilita que els alumnes s&#8217;inic\u00efin en l&#8217;aprenentatge de les habilitats matem\u00e0tiques i les converteixin en un h\u00e0bit profundament adquirit.<\/span><\/p>\n<p>&nbsp;<\/p>\n<p>[\/vc_column_text][\/vc_column_inner][\/vc_row_inner][vc_row_inner][vc_column_inner width=&#8221;1\/5&#8243;][vc_single_image image=&#8221;103349&#8243; img_size=&#8221;140&#215;190&#8243; add_caption=&#8221;yes&#8221; alignment=&#8221;center&#8221; style=&#8221;vc_box_shadow_3d&#8221; onclick=&#8221;custom_link&#8221; link=&#8221;https:\/\/web.editorialteide.com\/ca\/producte\/tres-i-mig-q-problemes\/&#8221;][\/vc_column_inner][vc_column_inner width=&#8221;1\/5&#8243;][vc_single_image image=&#8221;103350&#8243; img_size=&#8221;140&#215;190&#8243; add_caption=&#8221;yes&#8221; alignment=&#8221;center&#8221; style=&#8221;vc_box_shadow_3d&#8221; onclick=&#8221;custom_link&#8221; link=&#8221;https:\/\/web.editorialteide.com\/ca\/producte\/tres-i-mig-q-nombres\/&#8221;][\/vc_column_inner][vc_column_inner width=&#8221;1\/5&#8243;][vc_single_image image=&#8221;103351&#8243; img_size=&#8221;140&#215;190&#8243; add_caption=&#8221;yes&#8221; alignment=&#8221;center&#8221; style=&#8221;vc_box_shadow_3d&#8221; onclick=&#8221;custom_link&#8221; link=&#8221;https:\/\/web.editorialteide.com\/ca\/producte\/tres-i-mig-q-dimensions\/&#8221;][\/vc_column_inner][vc_column_inner width=&#8221;1\/5&#8243;][vc_single_image image=&#8221;103352&#8243; img_size=&#8221;140&#215;190&#8243; add_caption=&#8221;yes&#8221; alignment=&#8221;center&#8221; style=&#8221;vc_box_shadow_3d&#8221; onclick=&#8221;custom_link&#8221; link=&#8221;https:\/\/web.editorialteide.com\/ca\/producte\/tres-i-mig-q-figures\/&#8221;][\/vc_column_inner][vc_column_inner width=&#8221;1\/5&#8243;][vc_single_image image=&#8221;103353&#8243; img_size=&#8221;140&#215;190&#8243; add_caption=&#8221;yes&#8221; alignment=&#8221;center&#8221; style=&#8221;vc_box_shadow_3d&#8221; onclick=&#8221;custom_link&#8221; link=&#8221;https:\/\/web.editorialteide.com\/ca\/producte\/tres-i-mig-q-operacions\/&#8221;][\/vc_column_inner][\/vc_row_inner][\/vc_tta_section][vc_tta_section title=&#8221;QUATRE I MIG&#8221; tab_id=&#8221;1636015665540-2360fe9a-dcbb&#8221;][vc_column_text]<span style=\"font-size: 16px; color: #333333;\"><em><strong>Tres i mig, Quatre i mig, Cinc i mig<\/strong><\/em>. Col\u00b7lecci\u00f3 de 15 quaderns que constitueixen una proposta de treball sistem\u00e0tic espec\u00edfic per a l&#8217;etapa d&#8217;Educaci\u00f3 Infantil. <\/span><span style=\"font-size: 16px; color: #333333;\">Dividida en cinc blocs (problemes, dimensions, figures, operacions i nombres) i refor\u00e7ada amb material manipulatiu (adhesius), aquesta col\u00b7lecci\u00f3 facilita que els alumnes s&#8217;inic\u00efin en l&#8217;aprenentatge de les habilitats matem\u00e0tiques i les converteixin en un h\u00e0bit profundament adquirit.<\/span><\/p>\n<p>&nbsp;<\/p>\n<p>[\/vc_column_text][vc_row_inner][vc_column_inner width=&#8221;1\/5&#8243;][vc_single_image image=&#8221;103335&#8243; img_size=&#8221;140&#215;190&#8243; add_caption=&#8221;yes&#8221; alignment=&#8221;center&#8221; style=&#8221;vc_box_shadow_3d&#8221; onclick=&#8221;custom_link&#8221; link=&#8221;https:\/\/web.editorialteide.com\/ca\/producte\/quatre-i-mig-q-problemes\/&#8221;][\/vc_column_inner][vc_column_inner width=&#8221;1\/5&#8243;][vc_single_image image=&#8221;103338&#8243; img_size=&#8221;140&#215;190&#8243; add_caption=&#8221;yes&#8221; alignment=&#8221;center&#8221; style=&#8221;vc_box_shadow_3d&#8221; onclick=&#8221;custom_link&#8221; link=&#8221;https:\/\/web.editorialteide.com\/ca\/producte\/quatre-i-mig-q-nombres\/&#8221;][\/vc_column_inner][vc_column_inner width=&#8221;1\/5&#8243;][vc_single_image image=&#8221;103341&#8243; img_size=&#8221;140&#215;190&#8243; add_caption=&#8221;yes&#8221; alignment=&#8221;center&#8221; style=&#8221;vc_box_shadow_3d&#8221; onclick=&#8221;custom_link&#8221; link=&#8221;https:\/\/web.editorialteide.com\/ca\/producte\/quatre-i-mig-q-dimensions\/&#8221;][\/vc_column_inner][vc_column_inner width=&#8221;1\/5&#8243;][vc_single_image image=&#8221;103344&#8243; img_size=&#8221;140&#215;190&#8243; add_caption=&#8221;yes&#8221; alignment=&#8221;center&#8221; style=&#8221;vc_box_shadow_3d&#8221; onclick=&#8221;custom_link&#8221; link=&#8221;https:\/\/web.editorialteide.com\/ca\/producte\/quatre-i-mig-q-figures\/&#8221;][\/vc_column_inner][vc_column_inner width=&#8221;1\/5&#8243;][vc_single_image image=&#8221;103347&#8243; img_size=&#8221;140&#215;190&#8243; add_caption=&#8221;yes&#8221; alignment=&#8221;center&#8221; style=&#8221;vc_box_shadow_3d&#8221; onclick=&#8221;custom_link&#8221; link=&#8221;https:\/\/web.editorialteide.com\/ca\/producte\/quatre-i-mig-q-operacions\/&#8221;][\/vc_column_inner][\/vc_row_inner][\/vc_tta_section][vc_tta_section title=&#8221;CINC I MIG&#8221; tab_id=&#8221;1636015691328-d91d6b29-aee2&#8243;][vc_column_text]<span style=\"font-size: 16px; color: #333333;\"><em><strong>Tres i mig, Quatre i mig, Cinc i mig<\/strong><\/em>. Col\u00b7lecci\u00f3 de 15 quaderns que constitueixen una proposta de treball sistem\u00e0tic espec\u00edfic per a l&#8217;etapa d&#8217;Educaci\u00f3 Infantil. <\/span><span style=\"font-size: 16px; color: #333333;\">Dividida en cinc blocs (problemes, dimensions, figures, operacions i nombres) i refor\u00e7ada amb material manipulatiu (adhesius), aquesta col\u00b7lecci\u00f3 facilita que els alumnes s&#8217;inic\u00efin en l&#8217;aprenentatge de les habilitats matem\u00e0tiques i les converteixin en un h\u00e0bit profundament adquirit.<\/span><\/p>\n<p>&nbsp;<\/p>\n<p>[\/vc_column_text][vc_row_inner][vc_column_inner width=&#8221;1\/5&#8243;][vc_single_image image=&#8221;156714&#8243; img_size=&#8221;140&#215;190&#8243; add_caption=&#8221;yes&#8221; alignment=&#8221;center&#8221; style=&#8221;vc_box_shadow_3d&#8221; onclick=&#8221;custom_link&#8221; link=&#8221;https:\/\/web.editorialteide.com\/ca\/producte\/cinc-i-mig-q-problemes\/&#8221;][\/vc_column_inner][vc_column_inner width=&#8221;1\/5&#8243;][vc_single_image image=&#8221;103339&#8243; img_size=&#8221;140&#215;190&#8243; add_caption=&#8221;yes&#8221; alignment=&#8221;center&#8221; style=&#8221;vc_box_shadow_3d&#8221; onclick=&#8221;custom_link&#8221; link=&#8221;https:\/\/web.editorialteide.com\/ca\/producte\/cinc-i-mig-q-nombres\/&#8221;][\/vc_column_inner][vc_column_inner width=&#8221;1\/5&#8243;][vc_single_image image=&#8221;103342&#8243; img_size=&#8221;140&#215;190&#8243; add_caption=&#8221;yes&#8221; alignment=&#8221;center&#8221; style=&#8221;vc_box_shadow_3d&#8221; onclick=&#8221;custom_link&#8221; link=&#8221;https:\/\/web.editorialteide.com\/ca\/producte\/cinc-i-mig-q-dimensions\/&#8221;][\/vc_column_inner][vc_column_inner width=&#8221;1\/5&#8243;][vc_single_image image=&#8221;103345&#8243; img_size=&#8221;140&#215;190&#8243; add_caption=&#8221;yes&#8221; alignment=&#8221;center&#8221; style=&#8221;vc_box_shadow_3d&#8221; onclick=&#8221;custom_link&#8221; link=&#8221;https:\/\/web.editorialteide.com\/ca\/producte\/cinc-i-mig-q-figures\/&#8221;][\/vc_column_inner][vc_column_inner width=&#8221;1\/5&#8243;][vc_single_image image=&#8221;156713&#8243; img_size=&#8221;140&#215;190&#8243; add_caption=&#8221;yes&#8221; alignment=&#8221;center&#8221; style=&#8221;vc_box_shadow_3d&#8221; onclick=&#8221;custom_link&#8221; link=&#8221;https:\/\/web.editorialteide.com\/ca\/producte\/cinc-i-mig-q-operacions\/&#8221;][\/vc_column_inner][\/vc_row_inner][\/vc_tta_section][\/vc_tta_tabs][\/vc_column][\/vc_row]<\/p>\n","protected":false},"excerpt":{"rendered":"<p>[vc_row][vc_column][vc_btn title=&#8221;Torna a material complementari&#8221; style=&#8221;outline&#8221; color=&#8221;orange&#8221; size=&#8221;xs&#8221; align=&#8221;center&#8221; link=&#8221;url:https%3A%2F%2Fweb.editorialteide.com%2Fca%2Feducacio-infantil%2Fmaterial-complementari%2F&#8221;][vc_tta_tabs style=&#8221;modern&#8221; color=&#8221;orange&#8221; spacing=&#8221;20&#8243; gap=&#8221;20&#8243; alignment=&#8221;center&#8221; active_section=&#8221;1&#8243;][vc_tta_section title=&#8221;TRES I MIG&#8221; tab_id=&#8221;1636015665527-bb93095b-61d3&#8243;][vc_row_inner][vc_column_inner][vc_column_text]Tres i mig, Quatre i mig, Cinc i mig. Col\u00b7lecci\u00f3 de 15 quaderns que constitueixen una proposta de treball sistem\u00e0tic espec\u00edfic per a l&#8217;etapa d&#8217;Educaci\u00f3 Infantil. Dividida en cinc blocs (problemes, dimensions, figures, operacions i nombres) &hellip; <a href=\"https:\/\/web.editorialteide.com\/ca\/educacio-infantil\/material-complementari\/quaderns-de-matematiques\/\">Llegir m\u00e9s<\/a><\/p>\n","protected":false},"author":3,"featured_media":0,"parent":86799,"menu_order":0,"comment_status":"closed","ping_status":"closed","template":"","meta":{"footnotes":"","_links_to":"","_links_to_target":""},"class_list":["post-159051","page","type-page","status-publish","hentry"],"_links":{"self":[{"href":"https:\/\/web.editorialteide.com\/ca\/wp-json\/wp\/v2\/pages\/159051","targetHints":{"allow":["GET"]}}],"collection":[{"href":"https:\/\/web.editorialteide.com\/ca\/wp-json\/wp\/v2\/pages"}],"about":[{"href":"https:\/\/web.editorialteide.com\/ca\/wp-json\/wp\/v2\/types\/page"}],"author":[{"embeddable":true,"href":"https:\/\/web.editorialteide.com\/ca\/wp-json\/wp\/v2\/users\/3"}],"replies":[{"embeddable":true,"href":"https:\/\/web.editorialteide.com\/ca\/wp-json\/wp\/v2\/comments?post=159051"}],"version-history":[{"count":8,"href":"https:\/\/web.editorialteide.com\/ca\/wp-json\/wp\/v2\/pages\/159051\/revisions"}],"predecessor-version":[{"id":159259,"href":"https:\/\/web.editorialteide.com\/ca\/wp-json\/wp\/v2\/pages\/159051\/revisions\/159259"}],"up":[{"embeddable":true,"href":"https:\/\/web.editorialteide.com\/ca\/wp-json\/wp\/v2\/pages\/86799"}],"wp:attachment":[{"href":"https:\/\/web.editorialteide.com\/ca\/wp-json\/wp\/v2\/media?parent=159051"}],"curies":[{"name":"wp","href":"https:\/\/api.w.org\/{rel}","templated":true}]}}