{"id":159062,"date":"2021-11-04T13:11:36","date_gmt":"2021-11-04T12:11:36","guid":{"rendered":"https:\/\/web.editorialteide.com\/?page_id=159062"},"modified":"2021-11-09T16:20:07","modified_gmt":"2021-11-09T15:20:07","slug":"quaderns-de-llengua","status":"publish","type":"page","link":"https:\/\/web.editorialteide.com\/ca\/educacio-infantil\/material-complementari\/quaderns-de-llengua\/","title":{"rendered":"Material complementari. Quaderns de llengua"},"content":{"rendered":"<p>[vc_row][vc_column][vc_btn title=&#8221;Torna a material complementari&#8221; style=&#8221;outline&#8221; color=&#8221;orange&#8221; size=&#8221;xs&#8221; align=&#8221;center&#8221; link=&#8221;url:https%3A%2F%2Fweb.editorialteide.com%2Fca%2Feducacio-infantil%2Fmaterial-complementari%2F&#8221;][vc_tta_tabs style=&#8221;modern&#8221; color=&#8221;orange&#8221; spacing=&#8221;20&#8243; gap=&#8221;20&#8243; alignment=&#8221;center&#8221; active_section=&#8221;1&#8243;][vc_tta_section title=&#8221;NYAM-NYAM&#8221; tab_id=&#8221;1636015665527-bb93095b-61d3&#8243;][vc_row_inner][vc_column_inner][vc_column_text]<span style=\"font-size: 16px; color: #333333;\"><em><strong>Nyam-Nyam\u00a0<\/strong><\/em>\u00e9s una col\u00b7lecci\u00f3 de 12 quaderns escrits amb una metodologia global (integra les quatre habilitats ling\u00fc\u00edstiques: parlar, escolar, llegir i escriure), funcional (ent\u00e9n la llengua escrita com un mitj\u00e0 de comunicaci\u00f3 proper a l&#8217;entorn de l&#8217;infant) i interactiva (permet la construcci\u00f3 individual i el treball col\u00b7lectiu). Amb aquesta col\u00b7lecci\u00f3 els infants assoliran amb \u00e8xit les seves primeres experi\u00e8ncies en el m\u00f3n de la lectoescriptura.<\/span><\/p>\n<p>[\/vc_column_text][vc_btn title=&#8221;Programaci\u00f3&#8221; shape=&#8221;round&#8221; color=&#8221;inverse&#8221; size=&#8221;sm&#8221; align=&#8221;left&#8221; i_icon_fontawesome=&#8221;fas fa-download&#8221; add_icon=&#8221;true&#8221; link=&#8221;url:http%3A%2F%2Frecursos.teide.eu%2Ff%2F17058de38d%2F%3Fraw%3D1|target:_blank&#8221;][vc_empty_space height=&#8221;10px&#8221;][\/vc_column_inner][\/vc_row_inner][vc_row_inner][vc_column_inner width=&#8221;1\/6&#8243;][vc_single_image image=&#8221;106235&#8243; img_size=&#8221;140&#215;190&#8243; add_caption=&#8221;yes&#8221; alignment=&#8221;center&#8221; style=&#8221;vc_box_shadow_3d&#8221; onclick=&#8221;custom_link&#8221; link=&#8221;https:\/\/web.editorialteide.com\/ca\/producte\/nyam-nyam-quadern-01\/&#8221;][\/vc_column_inner][vc_column_inner width=&#8221;1\/6&#8243;][vc_single_image image=&#8221;106237&#8243; img_size=&#8221;140&#215;190&#8243; add_caption=&#8221;yes&#8221; alignment=&#8221;center&#8221; style=&#8221;vc_box_shadow_3d&#8221; onclick=&#8221;custom_link&#8221; link=&#8221;https:\/\/web.editorialteide.com\/ca\/producte\/nyam-nyam-quadern-02\/&#8221;][\/vc_column_inner][vc_column_inner width=&#8221;1\/6&#8243;][vc_single_image image=&#8221;106239&#8243; img_size=&#8221;140&#215;190&#8243; add_caption=&#8221;yes&#8221; alignment=&#8221;center&#8221; style=&#8221;vc_box_shadow_3d&#8221; onclick=&#8221;custom_link&#8221; link=&#8221;https:\/\/web.editorialteide.com\/ca\/producte\/nyam-nyam-quadern-03\/&#8221;][\/vc_column_inner][vc_column_inner width=&#8221;1\/6&#8243;][vc_single_image image=&#8221;106241&#8243; img_size=&#8221;140&#215;190&#8243; add_caption=&#8221;yes&#8221; alignment=&#8221;center&#8221; style=&#8221;vc_box_shadow_3d&#8221; onclick=&#8221;custom_link&#8221; link=&#8221;https:\/\/web.editorialteide.com\/ca\/producte\/nyam-nyam-quadern-04\/&#8221;][\/vc_column_inner][vc_column_inner width=&#8221;1\/6&#8243;][vc_single_image image=&#8221;106243&#8243; img_size=&#8221;140&#215;190&#8243; add_caption=&#8221;yes&#8221; alignment=&#8221;center&#8221; style=&#8221;vc_box_shadow_3d&#8221; onclick=&#8221;custom_link&#8221; link=&#8221;https:\/\/web.editorialteide.com\/ca\/producte\/nyam-nyam-quadern-05\/&#8221;][\/vc_column_inner][vc_column_inner width=&#8221;1\/6&#8243;][vc_single_image image=&#8221;106245&#8243; img_size=&#8221;140&#215;190&#8243; add_caption=&#8221;yes&#8221; alignment=&#8221;center&#8221; style=&#8221;vc_box_shadow_3d&#8221; onclick=&#8221;custom_link&#8221; link=&#8221;https:\/\/web.editorialteide.com\/ca\/producte\/nyam-nyam-quadern-06\/&#8221;][\/vc_column_inner][\/vc_row_inner][vc_row_inner][vc_column_inner width=&#8221;1\/6&#8243;][vc_single_image image=&#8221;106249&#8243; img_size=&#8221;140&#215;190&#8243; add_caption=&#8221;yes&#8221; alignment=&#8221;center&#8221; style=&#8221;vc_box_shadow_3d&#8221; onclick=&#8221;custom_link&#8221; link=&#8221;https:\/\/web.editorialteide.com\/ca\/producte\/nyam-nyam-quadern-07\/&#8221;][\/vc_column_inner][vc_column_inner width=&#8221;1\/6&#8243;][vc_single_image image=&#8221;106251&#8243; img_size=&#8221;140&#215;190&#8243; add_caption=&#8221;yes&#8221; alignment=&#8221;center&#8221; style=&#8221;vc_box_shadow_3d&#8221; onclick=&#8221;custom_link&#8221; link=&#8221;https:\/\/web.editorialteide.com\/ca\/producte\/nyam-nyam-quadern-08\/&#8221;][\/vc_column_inner][vc_column_inner width=&#8221;1\/6&#8243;][vc_single_image image=&#8221;106253&#8243; img_size=&#8221;140&#215;190&#8243; add_caption=&#8221;yes&#8221; alignment=&#8221;center&#8221; style=&#8221;vc_box_shadow_3d&#8221; onclick=&#8221;custom_link&#8221; link=&#8221;https:\/\/web.editorialteide.com\/ca\/producte\/nyam-nyam-quadern-09\/&#8221;][\/vc_column_inner][vc_column_inner width=&#8221;1\/6&#8243;][vc_single_image image=&#8221;106257&#8243; img_size=&#8221;140&#215;190&#8243; add_caption=&#8221;yes&#8221; alignment=&#8221;center&#8221; style=&#8221;vc_box_shadow_3d&#8221; onclick=&#8221;custom_link&#8221; link=&#8221;https:\/\/web.editorialteide.com\/ca\/producte\/nyam-nyam-quadern-10\/&#8221;][\/vc_column_inner][vc_column_inner width=&#8221;1\/6&#8243;][vc_single_image image=&#8221;106259&#8243; img_size=&#8221;140&#215;190&#8243; add_caption=&#8221;yes&#8221; alignment=&#8221;center&#8221; style=&#8221;vc_box_shadow_3d&#8221; onclick=&#8221;custom_link&#8221; link=&#8221;https:\/\/web.editorialteide.com\/ca\/producte\/nyam-nyam-quadern-11\/&#8221;][\/vc_column_inner][vc_column_inner width=&#8221;1\/6&#8243;][vc_single_image image=&#8221;106263&#8243; img_size=&#8221;140&#215;190&#8243; add_caption=&#8221;yes&#8221; alignment=&#8221;center&#8221; style=&#8221;vc_box_shadow_3d&#8221; onclick=&#8221;custom_link&#8221; link=&#8221;https:\/\/web.editorialteide.com\/ca\/producte\/nyam-nyam-quadern-12\/&#8221;][\/vc_column_inner][\/vc_row_inner][\/vc_tta_section][vc_tta_section title=&#8221;TIPI-TAPE&#8221; tab_id=&#8221;1636015665540-2360fe9a-dcbb&#8221;][vc_column_text]<span style=\"font-size: 16px; color: #333333;\"><em><strong>Tipi-Tape <\/strong><\/em>edici\u00f3n renovada de esta colecci\u00f3n cl\u00e1sica de 12 cuadernos para el trabajo de la lengua. Escritos con una metodolog\u00eda global (integra las cuatro habilidades ling\u00fc\u00edsticas: hablar, escuchar, leer y escribir), funcional (entiende la lengua escrita como un medio de comunicaci\u00f3n cercano al entorno del ni\u00f1o) e interactiva (permite la construcci\u00f3n individual y el trabajo colectivo).<\/span><\/p>\n<p>[\/vc_column_text][vc_btn title=&#8221;Programaci\u00f3n&#8221; shape=&#8221;round&#8221; color=&#8221;inverse&#8221; size=&#8221;sm&#8221; align=&#8221;left&#8221; i_icon_fontawesome=&#8221;fas fa-download&#8221; add_icon=&#8221;true&#8221; link=&#8221;url:http%3A%2F%2Frecursos.teide.eu%2Ff%2Fec30737b0c%2F%3Fraw%3D1|target:_blank&#8221;][vc_row_inner][vc_column_inner width=&#8221;1\/6&#8243;][vc_single_image image=&#8221;106265&#8243; img_size=&#8221;140&#215;190&#8243; add_caption=&#8221;yes&#8221; alignment=&#8221;center&#8221; style=&#8221;vc_box_shadow_3d&#8221; onclick=&#8221;custom_link&#8221; link=&#8221;https:\/\/web.editorialteide.com\/producto\/tipi-tape-cuaderno-01\/&#8221;][\/vc_column_inner][vc_column_inner width=&#8221;1\/6&#8243;][vc_single_image image=&#8221;106267&#8243; img_size=&#8221;140&#215;190&#8243; add_caption=&#8221;yes&#8221; alignment=&#8221;center&#8221; style=&#8221;vc_box_shadow_3d&#8221; onclick=&#8221;custom_link&#8221; link=&#8221;https:\/\/web.editorialteide.com\/producto\/tipi-tape-cuaderno-02\/&#8221;][\/vc_column_inner][vc_column_inner width=&#8221;1\/6&#8243;][vc_single_image image=&#8221;106269&#8243; img_size=&#8221;140&#215;190&#8243; add_caption=&#8221;yes&#8221; alignment=&#8221;center&#8221; style=&#8221;vc_box_shadow_3d&#8221; onclick=&#8221;custom_link&#8221; link=&#8221;https:\/\/web.editorialteide.com\/producto\/tipi-tape-cuaderno-03\/&#8221;][\/vc_column_inner][vc_column_inner width=&#8221;1\/6&#8243;][vc_single_image image=&#8221;106271&#8243; img_size=&#8221;140&#215;190&#8243; add_caption=&#8221;yes&#8221; alignment=&#8221;center&#8221; style=&#8221;vc_box_shadow_3d&#8221; onclick=&#8221;custom_link&#8221; link=&#8221;https:\/\/web.editorialteide.com\/producto\/tipi-tape-cuaderno-04\/&#8221;][\/vc_column_inner][vc_column_inner width=&#8221;1\/6&#8243;][vc_single_image image=&#8221;106275&#8243; img_size=&#8221;140&#215;190&#8243; add_caption=&#8221;yes&#8221; alignment=&#8221;center&#8221; style=&#8221;vc_box_shadow_3d&#8221; onclick=&#8221;custom_link&#8221; link=&#8221;https:\/\/web.editorialteide.com\/producto\/tipi-tape-cuaderno-05\/&#8221;][\/vc_column_inner][vc_column_inner width=&#8221;1\/6&#8243;][vc_single_image image=&#8221;106277&#8243; img_size=&#8221;140&#215;190&#8243; add_caption=&#8221;yes&#8221; alignment=&#8221;center&#8221; style=&#8221;vc_box_shadow_3d&#8221; onclick=&#8221;custom_link&#8221; link=&#8221;https:\/\/web.editorialteide.com\/producto\/tipi-tape-cuaderno-06\/&#8221;][\/vc_column_inner][\/vc_row_inner][vc_row_inner][vc_column_inner width=&#8221;1\/6&#8243;][vc_single_image image=&#8221;106279&#8243; img_size=&#8221;140&#215;190&#8243; add_caption=&#8221;yes&#8221; alignment=&#8221;center&#8221; style=&#8221;vc_box_shadow_3d&#8221; onclick=&#8221;custom_link&#8221; link=&#8221;https:\/\/web.editorialteide.com\/producto\/tipi-tape-cuaderno-07\/&#8221;][\/vc_column_inner][vc_column_inner width=&#8221;1\/6&#8243;][vc_single_image image=&#8221;106281&#8243; img_size=&#8221;140&#215;190&#8243; add_caption=&#8221;yes&#8221; alignment=&#8221;center&#8221; style=&#8221;vc_box_shadow_3d&#8221; onclick=&#8221;custom_link&#8221; link=&#8221;https:\/\/web.editorialteide.com\/producto\/tipi-tape-cuaderno-08\/&#8221;][\/vc_column_inner][vc_column_inner width=&#8221;1\/6&#8243;][vc_single_image image=&#8221;106283&#8243; img_size=&#8221;140&#215;190&#8243; add_caption=&#8221;yes&#8221; alignment=&#8221;center&#8221; style=&#8221;vc_box_shadow_3d&#8221; onclick=&#8221;custom_link&#8221; link=&#8221;https:\/\/web.editorialteide.com\/producto\/tipi-tape-cuaderno-09\/&#8221;][\/vc_column_inner][vc_column_inner width=&#8221;1\/6&#8243;][vc_single_image image=&#8221;106285&#8243; img_size=&#8221;140&#215;190&#8243; add_caption=&#8221;yes&#8221; alignment=&#8221;center&#8221; style=&#8221;vc_box_shadow_3d&#8221; onclick=&#8221;custom_link&#8221; link=&#8221;https:\/\/web.editorialteide.com\/producto\/tipi-tape-cuaderno-10\/&#8221;][\/vc_column_inner][vc_column_inner width=&#8221;1\/6&#8243;][vc_single_image image=&#8221;106287&#8243; img_size=&#8221;140&#215;190&#8243; add_caption=&#8221;yes&#8221; alignment=&#8221;center&#8221; style=&#8221;vc_box_shadow_3d&#8221; onclick=&#8221;custom_link&#8221; link=&#8221;https:\/\/web.editorialteide.com\/producto\/tipi-tape-cuaderno-11\/&#8221;][\/vc_column_inner][vc_column_inner width=&#8221;1\/6&#8243;][vc_single_image image=&#8221;106289&#8243; img_size=&#8221;140&#215;190&#8243; add_caption=&#8221;yes&#8221; alignment=&#8221;center&#8221; style=&#8221;vc_box_shadow_3d&#8221; onclick=&#8221;custom_link&#8221; link=&#8221;https:\/\/web.editorialteide.com\/producto\/tipi-tape-cuaderno-12\/&#8221;][\/vc_column_inner][\/vc_row_inner][\/vc_tta_section][\/vc_tta_tabs][\/vc_column][\/vc_row]<\/p>\n","protected":false},"excerpt":{"rendered":"<p>[vc_row][vc_column][vc_btn title=&#8221;Torna a material complementari&#8221; style=&#8221;outline&#8221; color=&#8221;orange&#8221; size=&#8221;xs&#8221; align=&#8221;center&#8221; link=&#8221;url:https%3A%2F%2Fweb.editorialteide.com%2Fca%2Feducacio-infantil%2Fmaterial-complementari%2F&#8221;][vc_tta_tabs style=&#8221;modern&#8221; color=&#8221;orange&#8221; spacing=&#8221;20&#8243; gap=&#8221;20&#8243; alignment=&#8221;center&#8221; active_section=&#8221;1&#8243;][vc_tta_section title=&#8221;NYAM-NYAM&#8221; tab_id=&#8221;1636015665527-bb93095b-61d3&#8243;][vc_row_inner][vc_column_inner][vc_column_text]Nyam-Nyam\u00a0\u00e9s una col\u00b7lecci\u00f3 de 12 quaderns escrits amb una metodologia global (integra les quatre habilitats ling\u00fc\u00edstiques: parlar, escolar, llegir i escriure), funcional (ent\u00e9n la llengua escrita com un mitj\u00e0 de comunicaci\u00f3 proper a l&#8217;entorn de l&#8217;infant) i interactiva &hellip; <a href=\"https:\/\/web.editorialteide.com\/ca\/educacio-infantil\/material-complementari\/quaderns-de-llengua\/\">Llegir m\u00e9s<\/a><\/p>\n","protected":false},"author":3,"featured_media":0,"parent":86799,"menu_order":0,"comment_status":"closed","ping_status":"closed","template":"","meta":{"footnotes":"","_links_to":"","_links_to_target":""},"class_list":["post-159062","page","type-page","status-publish","hentry"],"_links":{"self":[{"href":"https:\/\/web.editorialteide.com\/ca\/wp-json\/wp\/v2\/pages\/159062","targetHints":{"allow":["GET"]}}],"collection":[{"href":"https:\/\/web.editorialteide.com\/ca\/wp-json\/wp\/v2\/pages"}],"about":[{"href":"https:\/\/web.editorialteide.com\/ca\/wp-json\/wp\/v2\/types\/page"}],"author":[{"embeddable":true,"href":"https:\/\/web.editorialteide.com\/ca\/wp-json\/wp\/v2\/users\/3"}],"replies":[{"embeddable":true,"href":"https:\/\/web.editorialteide.com\/ca\/wp-json\/wp\/v2\/comments?post=159062"}],"version-history":[{"count":6,"href":"https:\/\/web.editorialteide.com\/ca\/wp-json\/wp\/v2\/pages\/159062\/revisions"}],"predecessor-version":[{"id":159258,"href":"https:\/\/web.editorialteide.com\/ca\/wp-json\/wp\/v2\/pages\/159062\/revisions\/159258"}],"up":[{"embeddable":true,"href":"https:\/\/web.editorialteide.com\/ca\/wp-json\/wp\/v2\/pages\/86799"}],"wp:attachment":[{"href":"https:\/\/web.editorialteide.com\/ca\/wp-json\/wp\/v2\/media?parent=159062"}],"curies":[{"name":"wp","href":"https:\/\/api.w.org\/{rel}","templated":true}]}}