{"id":160168,"date":"2022-03-02T12:22:51","date_gmt":"2022-03-02T11:22:51","guid":{"rendered":"https:\/\/web.editorialteide.com\/?page_id=160168"},"modified":"2022-03-02T12:22:51","modified_gmt":"2022-03-02T11:22:51","slug":"proves-teide-digital","status":"publish","type":"page","link":"https:\/\/web.editorialteide.com\/ca\/proves-teide-digital\/","title":{"rendered":"Teide Digital (per descartar o deixar)"},"content":{"rendered":"<p>[vc_row][vc_column css=&#8221;.vc_custom_1589964832597{padding: 0px !important;}&#8221;][vc_single_image image=&#8221;153144&#8243; img_size=&#8221;full&#8221; alignment=&#8221;center&#8221; css=&#8221;.vc_custom_1619090289284{margin-top: 0px !important;margin-right: 0px !important;margin-bottom: 0px !important;margin-left: 0px !important;}&#8221;][\/vc_column][\/vc_row][vc_row][vc_column css=&#8221;.vc_custom_1589964899242{padding: 0px !important;}&#8221;][vc_column_text css=&#8221;.vc_custom_1601564998401{margin-top: 0px !important;margin-right: 0px !important;margin-bottom: 0px !important;margin-left: 0px !important;padding-top: 30px !important;padding-right: 30px !important;padding-bottom: 30px !important;padding-left: 30px !important;background-color: #798fc8 !important;}&#8221;]<\/p>\n<p style=\"text-align: center;\"><span style=\"font-size: 16px; color: #ffffff;\"><strong>Editorial Teide<\/strong> posa a la disposici\u00f3 del professorat i l&#8217;alumnat eines digitals que permeten avan\u00e7ar en l&#8217;ensenyament i l&#8217;aprenentatge de continguts i procediments. Una \u00e0mplia i flexible oferta de contingut, biling\u00fce per a diverses mat\u00e8ries; un entorn virtual propi, c\u00f2mode i segur, accessible <em>on line<\/em> i <em>off line<\/em> des de qualsevol dispositiu.<\/span><\/p>\n<p>[\/vc_column_text][vc_column_text css=&#8221;.vc_custom_1591863606301{margin-top: 0px !important;margin-right: 0px !important;margin-bottom: 0px !important;margin-left: 0px !important;padding-top: 30px !important;padding-right: 30px !important;padding-bottom: 30px !important;padding-left: 30px !important;background-color: #f88a69 !important;}&#8221;]<\/p>\n<p style=\"text-align: center;\"><span style=\"font-size: 20px; color: #ffffff;\"><b>Serveis als usuaris<\/b><\/span><\/p>\n<p>[\/vc_column_text][\/vc_column][\/vc_row][vc_row][vc_column width=&#8221;1\/3&#8243; css=&#8221;.vc_custom_1589964917499{padding: 0px !important;}&#8221;][vc_hoverbox image=&#8221;145388&#8243; primary_title=&#8221;Servei d\u2019assessorament i formaci\u00f3&#8221; primary_title_font_container=&#8221;color:%23ffffff&#8221; primary_title_google_fonts=&#8221;font_family:Roboto%3A100%2C100italic%2C300%2C300italic%2Cregular%2Citalic%2C500%2C500italic%2C700%2C700italic%2C900%2C900italic|font_style:400%20regular%3A400%3Anormal&#8221; hover_title=&#8221;&#8221; hover_title_google_fonts=&#8221;font_family:Roboto%3A100%2C100italic%2C300%2C300italic%2Cregular%2Citalic%2C500%2C500italic%2C700%2C700italic%2C900%2C900italic|font_style:400%20regular%3A400%3Anormal&#8221; shape=&#8221;square&#8221; hover_background_color=&#8221;chino&#8221; use_custom_fonts_primary_title=&#8221;true&#8221; use_custom_fonts_hover_title=&#8221;true&#8221;]<span style=\"color: #ffffff;\"><strong>Suport permanent a equips directius, coordinadors TIC i professors<\/strong>, tant presencial com en l\u00ednia, en tots els aspectes funcionals de l\u2019entorn virtual d\u2019aprenentatge i en els elements metodol\u00f2gics necessaris.<\/span>[\/vc_hoverbox][\/vc_column][vc_column width=&#8221;1\/3&#8243; css=&#8221;.vc_custom_1589964927996{padding: 0px !important;}&#8221;][vc_hoverbox image=&#8221;145386&#8243; primary_title=&#8221;Implementaci\u00f3 i creaci\u00f3 de l\u2019estructura virtual del centre&#8221; primary_title_font_container=&#8221;color:%23ffffff&#8221; primary_title_google_fonts=&#8221;font_family:Roboto%3A100%2C100italic%2C300%2C300italic%2Cregular%2Citalic%2C500%2C500italic%2C700%2C700italic%2C900%2C900italic|font_style:400%20regular%3A400%3Anormal&#8221; hover_title=&#8221;&#8221; hover_title_google_fonts=&#8221;font_family:Roboto%3A100%2C100italic%2C300%2C300italic%2Cregular%2Citalic%2C500%2C500italic%2C700%2C700italic%2C900%2C900italic|font_style:400%20regular%3A400%3Anormal&#8221; shape=&#8221;square&#8221; hover_background_color=&#8221;chino&#8221; use_custom_fonts_primary_title=&#8221;true&#8221; use_custom_fonts_hover_title=&#8221;true&#8221;]<\/p>\n<p style=\"text-align: center;\"><span style=\"color: #ffffff;\"><strong>Per poder comen\u00e7ar a treballar<\/strong> c\u00f2modament amb tot l\u2019entorn virtual ja muntat i organitzat.<\/span><\/p>\n<p>[\/vc_hoverbox][\/vc_column][vc_column width=&#8221;1\/3&#8243; css=&#8221;.vc_custom_1589964938268{padding: 0px !important;}&#8221;][vc_hoverbox image=&#8221;145387&#8243; primary_title=&#8221;Opcions de compra&#8221; primary_title_font_container=&#8221;color:%23ffffff&#8221; primary_title_google_fonts=&#8221;font_family:Roboto%3A100%2C100italic%2C300%2C300italic%2Cregular%2Citalic%2C500%2C500italic%2C700%2C700italic%2C900%2C900italic|font_style:400%20regular%3A400%3Anormal&#8221; hover_title=&#8221;&#8221; shape=&#8221;square&#8221; hover_background_color=&#8221;chino&#8221; use_custom_fonts_primary_title=&#8221;true&#8221;]<\/p>\n<p style=\"text-align: center;\"><span style=\"color: #ffffff;\"><strong>Diverses opcions de compra <\/strong>perqu\u00e8 cada centre es pugui acollir al sistema d\u2019adquisici\u00f3 de materials m\u00e9s convenient: via centre, ampa i\/o venda directa en l\u00ednia a les fam\u00edlies.<\/span><\/p>\n<p style=\"text-align: center;\"><span style=\"color: #ffffff;\">Els nostres experts resoldran amb molt de gust els teus dubtes, et donaran a con\u00e8ixer els detalls de la nostra proposta i et suggeriran idees.<\/span><\/p>\n<p>[\/vc_hoverbox][\/vc_column][\/vc_row][vc_row][vc_column width=&#8221;1\/2&#8243; css=&#8221;.vc_custom_1589964949326{padding: 0px !important;}&#8221;][vc_single_image image=&#8221;145449&#8243; img_size=&#8221;full&#8221; alignment=&#8221;center&#8221; onclick=&#8221;custom_link&#8221; css=&#8221;.vc_custom_1590602209058{margin-top: 0px !important;margin-right: 0px !important;margin-bottom: 0px !important;margin-left: 0px !important;}&#8221; link=&#8221;https:\/\/web.editorialteide.com\/ca\/teide-digital-eva\/&#8221;][\/vc_column][vc_column width=&#8221;1\/2&#8243; css=&#8221;.vc_custom_1589965012678{padding: 0px !important;}&#8221;][vc_single_image image=&#8221;153156&#8243; img_size=&#8221;full&#8221; alignment=&#8221;center&#8221; onclick=&#8221;custom_link&#8221; css=&#8221;.vc_custom_1619098337652{margin-top: 0px !important;margin-right: 0px !important;margin-bottom: 0px !important;margin-left: 0px !important;}&#8221; link=&#8221;https:\/\/web.editorialteide.com\/ca\/teide-digital-plans-digitals\/&#8221;][\/vc_column][\/vc_row][vc_row content_placement=&#8221;middle&#8221; css=&#8221;.vc_custom_1646220136100{padding-bottom: 0px !important;}&#8221;][vc_column css=&#8221;.vc_custom_1591863484821{padding-top: 0px !important;padding-right: 0px !important;padding-bottom: 0px !important;padding-left: 0px !important;}&#8221;][vc_single_image image=&#8221;145597&#8243; img_size=&#8221;full&#8221; css=&#8221;.vc_custom_1591863490487{margin-top: 0px !important;margin-right: 0px !important;margin-bottom: 0px !important;margin-left: 0px !important;}&#8221;][\/vc_column][\/vc_row][vc_row css=&#8221;.vc_custom_1646220148788{margin-bottom: 0px !important;padding-top: 0px !important;padding-right: 0px !important;padding-bottom: 0px !important;padding-left: 0px !important;}&#8221;][vc_column width=&#8221;1\/3&#8243; css=&#8221;.vc_custom_1591863007585{padding-top: 0px !important;padding-right: 0px !important;padding-bottom: 0px !important;padding-left: 0px !important;}&#8221;][vc_cta h2=&#8221;Projectes i reptes&#8221; h2_font_container=&#8221;color:%23ffffff&#8221; h2_google_fonts=&#8221;font_family:Roboto%3A100%2C100italic%2C300%2C300italic%2Cregular%2Citalic%2C500%2C500italic%2C700%2C700italic%2C900%2C900italic|font_style:400%20regular%3A400%3Anormal&#8221; txt_align=&#8221;center&#8221; shape=&#8221;square&#8221; style=&#8221;custom&#8221; use_custom_fonts_h2=&#8221;true&#8221; custom_background=&#8221;#c4d378&#8243; custom_text=&#8221;#ffffff&#8221; h2_link=&#8221;url:https%3A%2F%2Fweb.editorialteide.com%2Fca%2Fprojectes-i-reptes%2F|||&#8221; css=&#8221;.vc_custom_1591862976396{margin-top: 0px !important;margin-right: 0px !important;margin-bottom: 0px !important;margin-left: 0px !important;}&#8221;][\/vc_cta][\/vc_column][vc_column width=&#8221;1\/3&#8243; css=&#8221;.vc_custom_1591863013106{padding-top: 0px !important;padding-right: 0px !important;padding-bottom: 0px !important;padding-left: 0px !important;}&#8221;][vc_cta h2=&#8221;Llibres digitals&#8221; h2_font_container=&#8221;color:%23ffffff&#8221; h2_google_fonts=&#8221;font_family:Roboto%3A100%2C100italic%2C300%2C300italic%2Cregular%2Citalic%2C500%2C500italic%2C700%2C700italic%2C900%2C900italic|font_style:400%20regular%3A400%3Anormal&#8221; txt_align=&#8221;center&#8221; shape=&#8221;square&#8221; style=&#8221;custom&#8221; use_custom_fonts_h2=&#8221;true&#8221; custom_background=&#8221;#9dd4c1&#8243; custom_text=&#8221;#ffffff&#8221; h2_link=&#8221;url:https%3A%2F%2Fweb.editorialteide.com%2Fca%2Fllibres-de-text%2F|||&#8221; css=&#8221;.vc_custom_1591862990002{margin-top: 0px !important;margin-right: 0px !important;margin-bottom: 0px !important;margin-left: 0px !important;}&#8221;][\/vc_cta][\/vc_column][vc_column width=&#8221;1\/3&#8243; css=&#8221;.vc_custom_1590145668108{padding-top: 0px !important;padding-right: 0px !important;padding-bottom: 0px !important;padding-left: 0px !important;}&#8221;][vc_cta h2=&#8221;Lectures digitals&#8221; h2_font_container=&#8221;color:%23ffffff&#8221; h2_google_fonts=&#8221;font_family:Roboto%3A100%2C100italic%2C300%2C300italic%2Cregular%2Citalic%2C500%2C500italic%2C700%2C700italic%2C900%2C900italic|font_style:400%20regular%3A400%3Anormal&#8221; txt_align=&#8221;center&#8221; shape=&#8221;square&#8221; style=&#8221;custom&#8221; use_custom_fonts_h2=&#8221;true&#8221; custom_background=&#8221;#f0bc68&#8243; custom_text=&#8221;#ffffff&#8221; h2_link=&#8221;url:https%3A%2F%2Fweb.editorialteide.com%2Fca%2Flectures-digitals%2F|||&#8221; css=&#8221;.vc_custom_1591868355090{margin-top: 0px !important;margin-right: 0px !important;margin-bottom: 0px !important;margin-left: 0px !important;}&#8221;][\/vc_cta][\/vc_column][\/vc_row][vc_row css=&#8221;.vc_custom_1646220154647{margin-top: 0px !important;margin-right: 0px !important;margin-bottom: 0px !important;margin-left: 0px !important;}&#8221;][vc_column][vc_column_text]<\/p>\n<p style=\"text-align: center;\"><span style=\"color: #798fc8; font-size: 20px;\"><strong>CONTACTA<\/strong><\/span><\/p>\n<p>[\/vc_column_text][\/vc_column][\/vc_row][vc_row css=&#8221;.vc_custom_1646220161301{margin-top: 0px !important;margin-right: 0px !important;margin-bottom: 0px !important;margin-left: 0px !important;}&#8221;][vc_column width=&#8221;1\/3&#8243;][vc_column_text]<\/p>\n<div style=\"padding-left: calc(50% - 75px);\">\n<div style=\"border-radius: 150px; color: #ffffff; background-color: #798fc8 !important; height: 150px; padding: 0px 10px; line-height: 150px; width: 150px; text-align: center; vertical-align: middle; overflow: auto; overflow-wrap: break-word;\"><strong><span style=\"display: inline-block; vertical-align: middle; line-height: normal; font-size: 12px;\">Entorn virtual d&#8217;aprenentatge<\/span><\/strong><\/div>\n<\/div>\n<div><\/div>\n<p>[\/vc_column_text][vc_column_text]<\/p>\n<p style=\"text-align: center;\"><span style=\"color: #798fc8; font-size: 16px;\"><strong>MARIA BENNASAR<\/strong><\/span><\/p>\n<p style=\"text-align: center;\"><strong><span style=\"font-size: 14px;\"><a href=\"mailto:mbennasar@editorialteide.com\"><span style=\"color: #798fc8;\">mbennasar@editorialteide.com<\/span><\/a><\/span><\/strong><\/p>\n<p style=\"text-align: center;\"><span style=\"color: #798fc8;\">649345338<\/span><\/p>\n<p>[\/vc_column_text][\/vc_column][vc_column width=&#8221;1\/3&#8243;][vc_column_text]<\/p>\n<div style=\"padding-left: calc(50% - 75px);\">\n<div style=\"border-radius: 150px; color: #ffffff; height: 150px; line-height: 150px; width: 150px; padding: 0px 10px; vertical-align: middle; overflow: auto; overflow-wrap: break-word; background-color: #f0bc68 !important; text-align: center;\"><strong><span style=\"display: inline-block; vertical-align: middle; line-height: normal; font-size: 12px;\">Continguts digitals per a la Prim\u00e0ria<\/span><\/strong><\/div>\n<\/div>\n<p>[\/vc_column_text][vc_column_text]<\/p>\n<p style=\"text-align: center;\"><span style=\"font-size: 16px;\"><strong><span style=\"color: #f0bc68;\">FERRAN BAQUERO<\/span><\/strong><\/span><\/p>\n<p style=\"text-align: center;\"><strong><span style=\"font-size: 14px;\"><a href=\"mailto:fbaquero@editorialteide.com\"><span style=\"color: #f0bc68;\">fbaquero@editorialteide.com<\/span><\/a><\/span><\/strong><\/p>\n<p style=\"text-align: center;\"><span style=\"color: #f0bc68;\">646823548<\/span><\/p>\n<p>[\/vc_column_text][\/vc_column][vc_column width=&#8221;1\/3&#8243;][vc_column_text]<\/p>\n<div style=\"padding-left: calc(50% - 75px);\">\n<div style=\"border-radius: 150px; color: #ffffff; background-color: #f88a69 !important; height: 150px; padding: 0px 10px; line-height: 150px; width: 150px; text-align: center; vertical-align: middle; overflow: auto; overflow-wrap: break-word;\"><strong><span style=\"display: inline-block; vertical-align: middle; line-height: normal; font-size: 12px;\">Continguts digitals per a la Secund\u00e0ria<\/span><\/strong><\/div>\n<\/div>\n<p>[\/vc_column_text][vc_column_text]<\/p>\n<p style=\"text-align: center;\"><span style=\"font-size: 16px;\"><strong><span style=\"color: #f88a69;\">CARME BOSCH<\/span><\/strong><\/span><\/p>\n<p style=\"text-align: center;\"><strong><span style=\"font-size: 14px;\"><a href=\"mailto:cbosch@editorialteide.com\"><span style=\"color: #f88a69;\">cbosch@editorialteide.com<\/span><\/a><\/span><\/strong><\/p>\n<p style=\"text-align: center;\"><span style=\"color: #f88a69;\">646840657<\/span><\/p>\n<p>[\/vc_column_text][\/vc_column][\/vc_row]<\/p>\n","protected":false},"excerpt":{"rendered":"<p>[vc_row][vc_column css=&#8221;.vc_custom_1589964832597{padding: 0px !important;}&#8221;][vc_single_image image=&#8221;153144&#8243; img_size=&#8221;full&#8221; alignment=&#8221;center&#8221; css=&#8221;.vc_custom_1619090289284{margin-top: 0px !important;margin-right: 0px !important;margin-bottom: 0px !important;margin-left: 0px !important;}&#8221;][\/vc_column][\/vc_row][vc_row][vc_column css=&#8221;.vc_custom_1589964899242{padding: 0px !important;}&#8221;][vc_column_text css=&#8221;.vc_custom_1601564998401{margin-top: 0px !important;margin-right: 0px !important;margin-bottom: 0px !important;margin-left: 0px !important;padding-top: 30px !important;padding-right: 30px !important;padding-bottom: 30px !important;padding-left: 30px !important;background-color: #798fc8 !important;}&#8221;] Editorial Teide posa a la disposici\u00f3 del professorat i l&#8217;alumnat eines digitals que permeten avan\u00e7ar en l&#8217;ensenyament &hellip; <a href=\"https:\/\/web.editorialteide.com\/ca\/proves-teide-digital\/\">Llegir m\u00e9s<\/a><\/p>\n","protected":false},"author":3,"featured_media":0,"parent":0,"menu_order":0,"comment_status":"closed","ping_status":"closed","template":"","meta":{"footnotes":"","_links_to":"","_links_to_target":""},"class_list":["post-160168","page","type-page","status-publish","hentry"],"_links":{"self":[{"href":"https:\/\/web.editorialteide.com\/ca\/wp-json\/wp\/v2\/pages\/160168","targetHints":{"allow":["GET"]}}],"collection":[{"href":"https:\/\/web.editorialteide.com\/ca\/wp-json\/wp\/v2\/pages"}],"about":[{"href":"https:\/\/web.editorialteide.com\/ca\/wp-json\/wp\/v2\/types\/page"}],"author":[{"embeddable":true,"href":"https:\/\/web.editorialteide.com\/ca\/wp-json\/wp\/v2\/users\/3"}],"replies":[{"embeddable":true,"href":"https:\/\/web.editorialteide.com\/ca\/wp-json\/wp\/v2\/comments?post=160168"}],"version-history":[{"count":2,"href":"https:\/\/web.editorialteide.com\/ca\/wp-json\/wp\/v2\/pages\/160168\/revisions"}],"predecessor-version":[{"id":160171,"href":"https:\/\/web.editorialteide.com\/ca\/wp-json\/wp\/v2\/pages\/160168\/revisions\/160171"}],"wp:attachment":[{"href":"https:\/\/web.editorialteide.com\/ca\/wp-json\/wp\/v2\/media?parent=160168"}],"curies":[{"name":"wp","href":"https:\/\/api.w.org\/{rel}","templated":true}]}}