{"id":24061,"date":"2017-04-20T09:24:56","date_gmt":"2017-04-20T09:24:56","guid":{"rendered":"http:\/\/teide2017.westeurope.cloudapp.azure.com\/?page_id=24061\/"},"modified":"2020-04-30T06:34:44","modified_gmt":"2020-04-30T06:34:44","slug":"digital","status":"publish","type":"page","link":"https:\/\/web.editorialteide.com\/ca\/digital\/","title":{"rendered":"Digital"},"content":{"rendered":"<p>[vc_row][vc_column][vc_single_image image=&#8221;24064&#8243; img_size=&#8221;full&#8221; alignment=&#8221;center&#8221;][vc_row_inner equal_height=&#8221;yes&#8221; disable_element=&#8221;yes&#8221; css=&#8221;.vc_custom_1586152636045{padding-left: 10px !important;}&#8221;][vc_column_inner width=&#8221;1\/5&#8243;][\/vc_column_inner][vc_column_inner width=&#8221;1\/5&#8243;][vc_btn title=&#8221;Infantil&#8221; style=&#8221;custom&#8221; custom_background=&#8221;#6a9dd1&#8243; custom_text=&#8221;#f9f9f9&#8243; shape=&#8221;round&#8221; size=&#8221;lg&#8221; align=&#8221;center&#8221; i_type=&#8221;monosocial&#8221; i_icon_monosocial=&#8221;vc-mono vc-mono-stackoverflow&#8221; button_block=&#8221;true&#8221; add_icon=&#8221;true&#8221; link=&#8221;url:http%3A%2F%2Fwww.teidedigital.com%2Fes%2FInfantil%2FInventos%2Findex.aspx%3Fc%3D5|||&#8221;][\/vc_column_inner][vc_column_inner width=&#8221;1\/5&#8243;][vc_btn title=&#8221;Primaria&#8221; style=&#8221;custom&#8221; custom_background=&#8221;#6a9dd1&#8243; custom_text=&#8221;#f9f9f9&#8243; shape=&#8221;round&#8221; size=&#8221;lg&#8221; align=&#8221;center&#8221; i_type=&#8221;monosocial&#8221; i_icon_monosocial=&#8221;vc-mono vc-mono-stackoverflow&#8221; button_block=&#8221;true&#8221; add_icon=&#8221;true&#8221; link=&#8221;url:http%3A%2F%2Fwww.teidedigital.com%2Fes%2FPrimaria%2FDuna%2Findex.aspx%3Fc%3D10|||&#8221;][\/vc_column_inner][vc_column_inner width=&#8221;1\/5&#8243;][vc_btn title=&#8221;ESO&#8221; style=&#8221;custom&#8221; custom_background=&#8221;#6a9dd1&#8243; custom_text=&#8221;#f9f9f9&#8243; shape=&#8221;round&#8221; size=&#8221;lg&#8221; align=&#8221;center&#8221; i_type=&#8221;monosocial&#8221; i_icon_monosocial=&#8221;vc-mono vc-mono-stackoverflow&#8221; button_block=&#8221;true&#8221; add_icon=&#8221;true&#8221; link=&#8221;url:http%3A%2F%2Fwww.teidedigital.com%2Fes%2FSecundaria%2Findex.aspx%3Fc%3D1|||&#8221;][\/vc_column_inner][vc_column_inner width=&#8221;1\/5&#8243;][\/vc_column_inner][\/vc_row_inner][\/vc_column][\/vc_row][vc_row css=&#8221;.vc_custom_1586153254052{padding-right: 20px !important;padding-left: 20px !important;}&#8221;][vc_column][vc_empty_space height=&#8221;10px&#8221;][vc_column_text]<span style=\"font-size: 16px;\">Els materials del projecte<span style=\"font-size: 20px;\">\u00a0<span style=\"color: #808080;\">Teide Digital <\/span><\/span>complementen a la perfecci\u00f3 els nostres llibres de text i s\u00f3n v\u00e0lids per al treball aut\u00f2nom o amb quaderns.<\/span><\/p>\n<p><span style=\"font-size: 16px;\">L&#8217;<em>Entorn Virtual d&#8217;Aprenentatge<\/em>, incl\u00f2s en els nostres continguts, actua com un centre i una aula virtuals.<\/span>[\/vc_column_text][vc_row_inner equal_height=&#8221;yes&#8221; content_placement=&#8221;bottom&#8221; css=&#8221;.vc_custom_1586152406878{padding-right: 20px !important;padding-left: 20px !important;}&#8221;][vc_column_inner width=&#8221;2\/3&#8243;][vc_column_text]<span style=\"font-size: 24px; color: #808080;\">El digital m\u00e9s senzill<\/span><br \/>\n<span style=\"font-size: 16px;\">Muntatge del centre virtual, incl\u00f2s.<\/span><br \/>\n<span style=\"font-size: 16px;\">Els mateixos continguts del llibre en paper.<\/span><br \/>\n<span style=\"font-size: 16px;\">Recursos did\u00e0ctics per al professorat en format digital.<\/span><\/p>\n<p><span style=\"color: #808080; font-size: 24px;\">El digital m\u00e9s potent<\/span><\/p>\n<p><span style=\"font-size: 16px;\">Activitats\u00a0autocorrectivas\u00a0amb feedback instantani.<\/span><br \/>\n<span style=\"font-size: 16px;\">Seguiment del treball de l&#8217;alumnat.<\/span><br \/>\n<span style=\"font-size: 16px;\">Informe d&#8217;activitats integral.<\/span><br \/>\n<span style=\"font-size: 16px;\">Llibres personalitzats.<\/span><\/p>\n<p><span style=\"font-size: 24px; color: #808080;\">El digital m\u00e9s vers\u00e0til<\/span><\/p>\n<p><span style=\"font-size: 16px;\">Materials 100% compatibles amb\u00a0Moodle.<\/span><br \/>\n<span style=\"font-size: 16px;\">Centre virtual flexible.<\/span><br \/>\n<span style=\"font-size: 16px;\">Plataforma\u00a0multidispositivo.<\/span><br \/>\n<span style=\"font-size: 16px;\">Treball sense connexi\u00f3.<\/span>[\/vc_column_text][\/vc_column_inner][vc_column_inner width=&#8221;1\/3&#8243;][vc_single_image image=&#8221;103301&#8243; img_size=&#8221;medium&#8221; css_animation=&#8221;none&#8221;][\/vc_column_inner][\/vc_row_inner][\/vc_column][\/vc_row]<\/p>\n","protected":false},"excerpt":{"rendered":"<p>[vc_row][vc_column][vc_single_image image=&#8221;24064&#8243; img_size=&#8221;full&#8221; alignment=&#8221;center&#8221;][vc_row_inner equal_height=&#8221;yes&#8221; disable_element=&#8221;yes&#8221; css=&#8221;.vc_custom_1586152636045{padding-left: 10px !important;}&#8221;][vc_column_inner width=&#8221;1\/5&#8243;][\/vc_column_inner][vc_column_inner width=&#8221;1\/5&#8243;][vc_btn title=&#8221;Infantil&#8221; style=&#8221;custom&#8221; custom_background=&#8221;#6a9dd1&#8243; custom_text=&#8221;#f9f9f9&#8243; shape=&#8221;round&#8221; size=&#8221;lg&#8221; align=&#8221;center&#8221; i_type=&#8221;monosocial&#8221; i_icon_monosocial=&#8221;vc-mono vc-mono-stackoverflow&#8221; button_block=&#8221;true&#8221; add_icon=&#8221;true&#8221; link=&#8221;url:http%3A%2F%2Fwww.teidedigital.com%2Fes%2FInfantil%2FInventos%2Findex.aspx%3Fc%3D5|||&#8221;][\/vc_column_inner][vc_column_inner width=&#8221;1\/5&#8243;][vc_btn title=&#8221;Primaria&#8221; style=&#8221;custom&#8221; custom_background=&#8221;#6a9dd1&#8243; custom_text=&#8221;#f9f9f9&#8243; shape=&#8221;round&#8221; size=&#8221;lg&#8221; align=&#8221;center&#8221; i_type=&#8221;monosocial&#8221; i_icon_monosocial=&#8221;vc-mono vc-mono-stackoverflow&#8221; button_block=&#8221;true&#8221; add_icon=&#8221;true&#8221; link=&#8221;url:http%3A%2F%2Fwww.teidedigital.com%2Fes%2FPrimaria%2FDuna%2Findex.aspx%3Fc%3D10|||&#8221;][\/vc_column_inner][vc_column_inner width=&#8221;1\/5&#8243;][vc_btn title=&#8221;ESO&#8221; style=&#8221;custom&#8221; custom_background=&#8221;#6a9dd1&#8243; custom_text=&#8221;#f9f9f9&#8243; shape=&#8221;round&#8221; size=&#8221;lg&#8221; align=&#8221;center&#8221; i_type=&#8221;monosocial&#8221; i_icon_monosocial=&#8221;vc-mono vc-mono-stackoverflow&#8221; button_block=&#8221;true&#8221; add_icon=&#8221;true&#8221; link=&#8221;url:http%3A%2F%2Fwww.teidedigital.com%2Fes%2FSecundaria%2Findex.aspx%3Fc%3D1|||&#8221;][\/vc_column_inner][vc_column_inner width=&#8221;1\/5&#8243;][\/vc_column_inner][\/vc_row_inner][\/vc_column][\/vc_row][vc_row css=&#8221;.vc_custom_1586153254052{padding-right: 20px &hellip; <a href=\"https:\/\/web.editorialteide.com\/ca\/digital\/\">Llegir m\u00e9s<\/a><\/p>\n","protected":false},"author":3,"featured_media":0,"parent":0,"menu_order":0,"comment_status":"closed","ping_status":"closed","template":"","meta":{"footnotes":"","_links_to":"","_links_to_target":""},"class_list":["post-24061","page","type-page","status-publish","hentry"],"_links":{"self":[{"href":"https:\/\/web.editorialteide.com\/ca\/wp-json\/wp\/v2\/pages\/24061","targetHints":{"allow":["GET"]}}],"collection":[{"href":"https:\/\/web.editorialteide.com\/ca\/wp-json\/wp\/v2\/pages"}],"about":[{"href":"https:\/\/web.editorialteide.com\/ca\/wp-json\/wp\/v2\/types\/page"}],"author":[{"embeddable":true,"href":"https:\/\/web.editorialteide.com\/ca\/wp-json\/wp\/v2\/users\/3"}],"replies":[{"embeddable":true,"href":"https:\/\/web.editorialteide.com\/ca\/wp-json\/wp\/v2\/comments?post=24061"}],"version-history":[{"count":0,"href":"https:\/\/web.editorialteide.com\/ca\/wp-json\/wp\/v2\/pages\/24061\/revisions"}],"wp:attachment":[{"href":"https:\/\/web.editorialteide.com\/ca\/wp-json\/wp\/v2\/media?parent=24061"}],"curies":[{"name":"wp","href":"https:\/\/api.w.org\/{rel}","templated":true}]}}