{"id":2526,"date":"2017-03-09T08:40:12","date_gmt":"2017-03-09T07:40:12","guid":{"rendered":"http:\/\/teide2017.westeurope.cloudapp.azure.com\/?page_id=2526\/"},"modified":"2022-06-28T13:55:24","modified_gmt":"2022-06-28T12:55:24","slug":"coleccion-dual-2","status":"publish","type":"page","link":"https:\/\/web.editorialteide.com\/ca\/eso\/lengua-castellana-y-literatura\/coleccion-dual-2\/","title":{"rendered":"LECTURAS. Colecci\u00f3n Dual (castellano)"},"content":{"rendered":"<p>[vc_row equal_height=&#8221;yes&#8221;][vc_column width=&#8221;3\/4&#8243;][vc_column_text]<\/p>\n<p style=\"text-align: justify;\"><span style=\"font-size: 16px;\">La <span style=\"color: #333333; font-size: 20px;\"><strong>Colecci\u00f3n Dual<\/strong><\/span> se ha consolidado como una atractiva propuesta y supone un paso adelante en la apuesta de la editorial por el acercamiento de los grandes cl\u00e1sicos de la literatura a los j\u00f3venes estudiantes de Educaci\u00f3n Secundaria.<\/span><\/p>\n<p style=\"text-align: justify;\"><span style=\"font-size: 16px;\">Con esta colecci\u00f3n, lanzamos una serie de<span style=\"color: #333333;\"><strong> lecturas con c\u00f3mic<\/strong><\/span> que pretende explorar nuevos caminos did\u00e1cticos.<\/span><\/p>\n<p style=\"text-align: justify;\"><span style=\"font-size: 16px;\">El concepto de la colecci\u00f3n se ha desarrollado con el objetivo fundamental de estimular la agilidad lectora del joven, ofreciendo la posibilidad de complementar la lectura principal con un apoyo visual y gr\u00e1fico. Por ello, todos los c\u00f3mics se han realizado en exclusiva para la colecci\u00f3n.<\/span><\/p>\n<p style=\"text-align: justify;\"><span style=\"font-size: 16px;\">Cada t\u00edtulo consta de un breve <em><span style=\"color: #333333;\">estudio introductorio<\/span> <\/em>sobre el autor y su obra, realizado por profesores de educaci\u00f3n secundaria. La narraci\u00f3n se acompa\u00f1a de <em><span style=\"color: #333333;\">notas a pie de p\u00e1gina<\/span><\/em>, para facilitar su lec<\/span><span style=\"font-size: 16px;\">tura, as\u00ed como de una exhaustiva <em><span style=\"color: #333333;\">gu\u00eda de lectura<\/span><\/em> y una serie de <span style=\"color: #333333;\"><em>propuestas de trabajo<\/em><\/span> para consolidar su comprensi\u00f3n global.<\/span><\/p>\n<p>[\/vc_column_text][vc_btn title=&#8221;+ INFORMACI\u00d3N&#8221; shape=&#8221;round&#8221; color=&#8221;inverse&#8221; size=&#8221;sm&#8221; align=&#8221;left&#8221; link=&#8221;url:http%3A%2F%2Frecursos.teide.eu%2Ff%2F3d5f291403%2F%3Fraw%3D1|target:_blank&#8221;][\/vc_column][vc_column width=&#8221;1\/4&#8243;][vc_cta h2=&#8221;Muestra&#8221; txt_align=&#8221;center&#8221; style=&#8221;flat&#8221; color=&#8221;grey&#8221;]<div class=\"_3d-flip-book  fb3d-thumbnail-lightbox-mode\" data-id=\"113720\" data-mode=\"thumbnail-lightbox\" data-title=\"false\" data-template=\"short-white-book-view\" data-lightbox=\"dark\" data-urlparam=\"fb3d-page\" data-page-n=\"0\" data-pdf=\"\" data-tax=\"null\" data-thumbnail=\"\" data-cols=\"3\" data-book-template=\"default\" data-trigger=\"\"><\/div><script type=\"text\/javascript\">window.FB3D_CLIENT_DATA = window.FB3D_CLIENT_DATA || [];FB3D_CLIENT_DATA.push('eyJwb3N0cyI6eyIxMTM3MjAiOnsiSUQiOjExMzcyMCwidGl0bGUiOiJMb3MgY3VlbnRvcyBkZSBNb3dnbGkiLCJ0eXBlIjoicGRmIiwicmVhZHlfZnVuY3Rpb24iOiIiLCJib29rX3N0eWxlIjoidm9sdW1lIiwiYm9va190ZW1wbGF0ZSI6Im5vbmUiLCJvdXRsaW5lIjpbXSwiZGF0YSI6eyJwb3N0X0lEIjoiMTEzNzIxIiwiZ3VpZCI6Imh0dHA6XC9cL3dlYi5lZGl0b3JpYWx0ZWlkZS5jb21cL3dwLWNvbnRlbnRcL3VwbG9hZHNcLzIwMThcLzEyXC82OTYyX0RVQUxfQ3VlbnRvc01vd2dsaS5wZGYiLCJwZGZfcGFnZXMiOiIxNiIsInBhZ2VzX2N1c3RvbWl6YXRpb24iOiJub25lIn0sInRodW1ibmFpbCI6eyJkYXRhIjp7InBvc3RfSUQiOiIwIn0sInR5cGUiOiJhdXRvIn0sInByb3BzIjp7ImhlaWdodCI6ImF1dG8iLCJ3aWR0aCI6ImF1dG8iLCJncmF2aXR5IjoiYXV0byIsImNhY2hlZFBhZ2VzIjoiYXV0byIsInJlbmRlckluYWN0aXZlUGFnZXMiOiJhdXRvIiwicmVuZGVySW5hY3RpdmVQYWdlc09uTW9iaWxlIjoiYXV0byIsInJlbmRlcldoaWxlRmxpcHBpbmciOiJhdXRvIiwicGFnZXNGb3JQcmVkaWN0aW5nIjoiYXV0byIsInByZWxvYWRQYWdlcyI6ImF1dG8iLCJydGwiOiJhdXRvIiwic2hlZXQiOnsic3RhcnRWZWxvY2l0eSI6ImF1dG8iLCJjb3JuZXJEZXZpYXRpb24iOiJhdXRvIiwiZmxleGliaWxpdHkiOiJhdXRvIiwiZmxleGlibGVDb3JuZXIiOiJhdXRvIiwiYmVuZGluZyI6ImF1dG8iLCJ3YXZlIjoiYXV0byIsIndpZHRoVGV4ZWxzIjoiYXV0byIsImhlaWdodFRleGVscyI6ImF1dG8iLCJjb2xvciI6ImF1dG8ifSwiY292ZXIiOnsic3RhcnRWZWxvY2l0eSI6ImF1dG8iLCJmbGV4aWJpbGl0eSI6ImF1dG8iLCJmbGV4aWJsZUNvcm5lciI6ImF1dG8iLCJiZW5kaW5nIjoiYXV0byIsIndhdmUiOiJhdXRvIiwid2lkdGhUZXhlbHMiOiJhdXRvIiwiaGVpZ2h0VGV4ZWxzIjoiYXV0byIsImNvbG9yIjoiYXV0byIsImJpbmRlclRleHR1cmUiOiJhdXRvIiwiZGVwdGgiOiJhdXRvIiwicGFkZGluZyI6ImF1dG8iLCJtYXNzIjoiYXV0byJ9LCJwYWdlIjp7InN0YXJ0VmVsb2NpdHkiOiJhdXRvIiwiZmxleGliaWxpdHkiOiJhdXRvIiwiZmxleGlibGVDb3JuZXIiOiJhdXRvIiwiYmVuZGluZyI6ImF1dG8iLCJ3YXZlIjoiYXV0byIsIndpZHRoVGV4ZWxzIjoiYXV0byIsImhlaWdodFRleGVscyI6ImF1dG8iLCJjb2xvciI6ImF1dG8iLCJkZXB0aCI6ImF1dG8iLCJtYXNzIjoiYXV0byJ9fSwiY29udHJvbFByb3BzIjp7ImFjdGlvbnMiOnsiY21kU2F2ZSI6eyJlbmFibGVkIjoiYXV0byJ9LCJjbWRQcmludCI6eyJlbmFibGVkIjoiYXV0byJ9LCJjbWRTaW5nbGVQYWdlIjp7ImVuYWJsZWQiOiJhdXRvIiwiYWN0aXZlIjoiYXV0byJ9fX0sImF1dG9UaHVtYm5haWwiOm51bGwsInBvc3RfbmFtZSI6Imxvcy1jdWVudG9zLWRlLW1vd2dsaSIsInBvc3RfdHlwZSI6IjNkLWZsaXAtYm9vayJ9fSwicGFnZXMiOltdLCJmaXJzdFBhZ2VzIjpbXX0=');window.FB3D_CLIENT_LOCALE && FB3D_CLIENT_LOCALE.render && FB3D_CLIENT_LOCALE.render();<\/script>[\/vc_cta][\/vc_column][\/vc_row][vc_row][vc_column][vc_separator color=&#8221;custom&#8221; accent_color=&#8221;#dddddd&#8221;][vc_tta_accordion style=&#8221;modern&#8221; active_section=&#8221;0&#8243; collapsible_all=&#8221;true&#8221; title=&#8221;Colecci\u00f3n Dual&#8221;][vc_tta_section title=&#8221;T\u00edtulos disponibles&#8221; tab_id=&#8221;1573570270309-573de704-f612&#8243;][vc_row_inner css=&#8221;.vc_custom_1573570390191{padding-right: 25px !important;padding-left: 25px !important;background-color: #dddddd !important;}&#8221;][vc_column_inner width=&#8221;1\/5&#8243;][vc_single_image image=&#8221;114863&#8243; img_size=&#8221;135&#215;190&#8243; add_caption=&#8221;yes&#8221; alignment=&#8221;center&#8221; style=&#8221;vc_box_shadow_3d&#8221; onclick=&#8221;custom_link&#8221; link=&#8221;https:\/\/web.editorialteide.com\/producto\/colmillo-blanco-adaptacion-comics\/&#8221;][vc_single_image image=&#8221;108317&#8243; img_size=&#8221;135&#215;190&#8243; add_caption=&#8221;yes&#8221; alignment=&#8221;center&#8221; style=&#8221;vc_box_shadow_3d&#8221; onclick=&#8221;custom_link&#8221; link=&#8221;https:\/\/web.editorialteide.com\/producto\/odisea-adaptacion-comics\/&#8221;][vc_single_image image=&#8221;135883&#8243; img_size=&#8221;135&#215;190&#8243; add_caption=&#8221;yes&#8221; alignment=&#8221;center&#8221; style=&#8221;vc_box_shadow_3d&#8221; onclick=&#8221;custom_link&#8221; link=&#8221;https:\/\/web.editorialteide.com\/ca\/producte\/frankenstein-adaptacion-comics\/&#8221;][\/vc_column_inner][vc_column_inner width=&#8221;1\/5&#8243;][vc_single_image image=&#8221;114865&#8243; img_size=&#8221;135&#215;190&#8243; add_caption=&#8221;yes&#8221; alignment=&#8221;center&#8221; style=&#8221;vc_box_shadow_3d&#8221; onclick=&#8221;custom_link&#8221; link=&#8221;https:\/\/web.editorialteide.com\/producto\/dracula-adaptacion-comics\/&#8221;][vc_single_image image=&#8221;113984&#8243; img_size=&#8221;135&#215;190&#8243; add_caption=&#8221;yes&#8221; alignment=&#8221;center&#8221; style=&#8221;vc_box_shadow_3d&#8221; onclick=&#8221;custom_link&#8221; link=&#8221;https:\/\/web.editorialteide.com\/producto\/cuentos-de-mowgli-adaptacion-comics\/&#8221;][vc_single_image image=&#8221;153169&#8243; img_size=&#8221;135&#215;190&#8243; add_caption=&#8221;yes&#8221; alignment=&#8221;center&#8221; style=&#8221;vc_box_shadow_3d&#8221; onclick=&#8221;custom_link&#8221; link=&#8221;https:\/\/web.editorialteide.com\/producto\/capitanes-valientes-adaptacion-comics\/&#8221;][\/vc_column_inner][vc_column_inner width=&#8221;1\/5&#8243;][vc_single_image image=&#8221;108313&#8243; img_size=&#8221;135&#215;190&#8243; add_caption=&#8221;yes&#8221; alignment=&#8221;center&#8221; style=&#8221;vc_box_shadow_3d&#8221; onclick=&#8221;custom_link&#8221; link=&#8221;https:\/\/web.editorialteide.com\/producto\/los-hijos-del-capitan-grant-adaptacion-comics\/&#8221;][vc_single_image image=&#8221;113483&#8243; img_size=&#8221;135&#215;190&#8243; add_caption=&#8221;yes&#8221; alignment=&#8221;center&#8221; style=&#8221;vc_box_shadow_3d&#8221; onclick=&#8221;custom_link&#8221; link=&#8221;https:\/\/web.editorialteide.com\/producto\/la-guerra-de-los-mundos-adaptacion-comics\/&#8221;][vc_single_image image=&#8221;153172&#8243; img_size=&#8221;135&#215;190&#8243; add_caption=&#8221;yes&#8221; alignment=&#8221;center&#8221; style=&#8221;vc_box_shadow_3d&#8221; onclick=&#8221;custom_link&#8221; link=&#8221;https:\/\/web.editorialteide.com\/ca\/producte\/los-trabajos-de-heracles-adaptacion-comic\/&#8221;][\/vc_column_inner][vc_column_inner width=&#8221;1\/5&#8243;][vc_single_image image=&#8221;111933&#8243; img_size=&#8221;135&#215;190&#8243; add_caption=&#8221;yes&#8221; alignment=&#8221;center&#8221; style=&#8221;vc_box_shadow_3d&#8221; onclick=&#8221;custom_link&#8221; link=&#8221;https:\/\/web.editorialteide.com\/producto\/la-isla-del-tesoro-adaptacion-comics\/&#8221;][vc_single_image image=&#8221;153170&#8243; img_size=&#8221;135&#215;190&#8243; add_caption=&#8221;yes&#8221; alignment=&#8221;center&#8221; style=&#8221;vc_box_shadow_3d&#8221; onclick=&#8221;custom_link&#8221; link=&#8221;https:\/\/web.editorialteide.com\/ca\/producte\/20-000-leguas-de-viaje-submarinoadaptacion-comic\/&#8221;][\/vc_column_inner][vc_column_inner width=&#8221;1\/5&#8243;][vc_single_image image=&#8221;114592&#8243; img_size=&#8221;135&#215;190&#8243; add_caption=&#8221;yes&#8221; alignment=&#8221;center&#8221; style=&#8221;vc_box_shadow_3d&#8221; onclick=&#8221;custom_link&#8221; link=&#8221;https:\/\/web.editorialteide.com\/producto\/el-perro-de-los-baskerville-adaptacion-comics\/&#8221;][vc_single_image image=&#8221;112684&#8243; img_size=&#8221;135&#215;190&#8243; add_caption=&#8221;yes&#8221; alignment=&#8221;center&#8221; style=&#8221;vc_box_shadow_3d&#8221; onclick=&#8221;custom_link&#8221; link=&#8221;https:\/\/web.editorialteide.com\/producto\/walden-o-la-vida-en-los-bosquesadaptacion-comics\/&#8221;][\/vc_column_inner][\/vc_row_inner][\/vc_tta_section][\/vc_tta_accordion][\/vc_column][\/vc_row]<\/p>\n","protected":false},"excerpt":{"rendered":"<p>[vc_row equal_height=&#8221;yes&#8221;][vc_column width=&#8221;3\/4&#8243;][vc_column_text] La Colecci\u00f3n Dual se ha consolidado como una atractiva propuesta y supone un paso adelante en la apuesta de la editorial por el acercamiento de los grandes cl\u00e1sicos de la literatura a los j\u00f3venes estudiantes de Educaci\u00f3n Secundaria. Con esta colecci\u00f3n, lanzamos una serie de lecturas con c\u00f3mic que pretende explorar nuevos &hellip; <a href=\"https:\/\/web.editorialteide.com\/ca\/eso\/lengua-castellana-y-literatura\/coleccion-dual-2\/\">Llegir m\u00e9s<\/a><\/p>\n","protected":false},"author":3,"featured_media":0,"parent":145973,"menu_order":0,"comment_status":"closed","ping_status":"closed","template":"","meta":{"footnotes":"","_links_to":"","_links_to_target":""},"class_list":["post-2526","page","type-page","status-publish","hentry"],"_links":{"self":[{"href":"https:\/\/web.editorialteide.com\/ca\/wp-json\/wp\/v2\/pages\/2526","targetHints":{"allow":["GET"]}}],"collection":[{"href":"https:\/\/web.editorialteide.com\/ca\/wp-json\/wp\/v2\/pages"}],"about":[{"href":"https:\/\/web.editorialteide.com\/ca\/wp-json\/wp\/v2\/types\/page"}],"author":[{"embeddable":true,"href":"https:\/\/web.editorialteide.com\/ca\/wp-json\/wp\/v2\/users\/3"}],"replies":[{"embeddable":true,"href":"https:\/\/web.editorialteide.com\/ca\/wp-json\/wp\/v2\/comments?post=2526"}],"version-history":[{"count":2,"href":"https:\/\/web.editorialteide.com\/ca\/wp-json\/wp\/v2\/pages\/2526\/revisions"}],"predecessor-version":[{"id":161659,"href":"https:\/\/web.editorialteide.com\/ca\/wp-json\/wp\/v2\/pages\/2526\/revisions\/161659"}],"up":[{"embeddable":true,"href":"https:\/\/web.editorialteide.com\/ca\/wp-json\/wp\/v2\/pages\/145973"}],"wp:attachment":[{"href":"https:\/\/web.editorialteide.com\/ca\/wp-json\/wp\/v2\/media?parent=2526"}],"curies":[{"name":"wp","href":"https:\/\/api.w.org\/{rel}","templated":true}]}}