{"id":55184,"date":"2017-05-24T18:16:48","date_gmt":"2017-05-24T16:16:48","guid":{"rendered":"http:\/\/teide2017.westeurope.cloudapp.azure.com\/?page_id=55184\/"},"modified":"2021-10-28T11:45:20","modified_gmt":"2021-10-28T10:45:20","slug":"condicions-us","status":"publish","type":"page","link":"https:\/\/web.editorialteide.com\/ca\/condicions-us\/","title":{"rendered":"Condicions d&#8217;\u00fas"},"content":{"rendered":"<p>Les Condicions Generals vinculen al venedor (Editorial) i al comprador (Client), atorgant-los una s\u00e8rie de drets i obligacions, des del moment en qu\u00e8 aquest realitza i accepta una comanda a trav\u00e9s de la p\u00e0gina web.<\/p>\n<p>Aquestes Condicions Generals es regularan pel que es disposa en la normativa legal vigent.<\/p>\n<p>El Client haur\u00e0 de registrar-se com a tal i facilitar de manera obligat\u00f2ria les seg\u00fcents dades per a poder realitzar la comanda: nom i cognoms o ra\u00f3 social, CIF\/NIF, domicili de factura, domicili de lliurament, tel\u00e8fon de contacte i correu electr\u00f2nic de contacte.<\/p>\n","protected":false},"excerpt":{"rendered":"<p>Les Condicions Generals vinculen al venedor (Editorial) i al comprador (Client), atorgant-los una s\u00e8rie de drets i obligacions, des del moment en qu\u00e8 aquest realitza i accepta una comanda a trav\u00e9s de la p\u00e0gina web. Aquestes Condicions Generals es regularan pel que es disposa en la normativa legal vigent. El Client haur\u00e0 de registrar-se com &hellip; <a href=\"https:\/\/web.editorialteide.com\/ca\/condicions-us\/\">Llegir m\u00e9s<\/a><\/p>\n","protected":false},"author":3,"featured_media":0,"parent":0,"menu_order":0,"comment_status":"closed","ping_status":"closed","template":"","meta":{"footnotes":"","_links_to":"","_links_to_target":""},"class_list":["post-55184","page","type-page","status-publish","hentry"],"_links":{"self":[{"href":"https:\/\/web.editorialteide.com\/ca\/wp-json\/wp\/v2\/pages\/55184","targetHints":{"allow":["GET"]}}],"collection":[{"href":"https:\/\/web.editorialteide.com\/ca\/wp-json\/wp\/v2\/pages"}],"about":[{"href":"https:\/\/web.editorialteide.com\/ca\/wp-json\/wp\/v2\/types\/page"}],"author":[{"embeddable":true,"href":"https:\/\/web.editorialteide.com\/ca\/wp-json\/wp\/v2\/users\/3"}],"replies":[{"embeddable":true,"href":"https:\/\/web.editorialteide.com\/ca\/wp-json\/wp\/v2\/comments?post=55184"}],"version-history":[{"count":1,"href":"https:\/\/web.editorialteide.com\/ca\/wp-json\/wp\/v2\/pages\/55184\/revisions"}],"predecessor-version":[{"id":158955,"href":"https:\/\/web.editorialteide.com\/ca\/wp-json\/wp\/v2\/pages\/55184\/revisions\/158955"}],"wp:attachment":[{"href":"https:\/\/web.editorialteide.com\/ca\/wp-json\/wp\/v2\/media?parent=55184"}],"curies":[{"name":"wp","href":"https:\/\/api.w.org\/{rel}","templated":true}]}}