{"id":55190,"date":"2017-05-24T18:19:53","date_gmt":"2017-05-24T16:19:53","guid":{"rendered":"http:\/\/teide2017.westeurope.cloudapp.azure.com\/?page_id=55190\/"},"modified":"2020-07-01T12:07:29","modified_gmt":"2020-07-01T11:07:29","slug":"enviaments-i-devolucions","status":"publish","type":"page","link":"https:\/\/web.editorialteide.com\/ca\/enviaments-i-devolucions\/","title":{"rendered":"Enviaments i devolucions"},"content":{"rendered":"<p><span style=\"font-size: 16px; color: #808080;\"><strong>ACCEPTACI\u00d3 DE LA COMANDA<\/strong><\/span><\/p>\n<p><span style=\"font-size: 16px;\">El client rebr\u00e0 un correu electr\u00f2nic que confirmar\u00e0 la recepci\u00f3 de la sol\u00b7licitud de comanda a l&#8217;editorial.<\/span><br \/>\n<span style=\"font-size: 16px;\"> La comanda no \u00e9s definitiva fins que l&#8217;editorial no hagi comprovat que la comanda \u00e9s correcte (estoc, preu, dades d&#8217;enviament, &#8230;) i que s&#8217;hagi abonat l&#8217;import total.<\/span><\/p>\n<p><span style=\"font-size: 16px;\"><strong><span style=\"color: #808080;\">ANUL\u00b7LACI\u00d3 DE COMANDA<\/span><\/strong><\/span><\/p>\n<p><span style=\"font-size: 16px;\">El client podr\u00e0 anul\u00b7lar la seva comanda enviant un correu electr\u00f2nic a <a href=\"mailto:info@editorialteide.com\">info@editorialteide.com<\/a><\/span><\/p>\n<p><span style=\"font-size: 16px; color: #808080;\"><strong>LLIURAMENT DE COMANDA<\/strong><\/span><\/p>\n<p><span style=\"font-size: 16px;\">Totes les comandes es lliuren al domicili indicat pel client (no s&#8217;accepten APARTATS DE CORREU com adre\u00e7a d&#8217;enviament) en un termini d&#8217;entre dos a sis dies laborables depenent dels productes a comprar i a partir de la comprovaci\u00f3, de part del Departament d&#8217;Administraci\u00f3, del pagament sempre que les ag\u00e8ncies de transports no presentin cap problema en el lliurament o recepci\u00f3 de la mercaderia tant al domicili o lloc de lliurament del client com en els nostres magatzems.<\/span><\/p>\n<p><span style=\"font-size: 16px;\">Les comandes es lliuren per Ag\u00e8ncies de Transports que poden variar per q\u00fcestions log\u00edstiques.<\/span><br \/>\n<span style=\"font-size: 16px;\"> A la recepci\u00f3 de la comanda el client ha de verificar el bon estat de l&#8217;embalatge del producte i si aquest presenta algun desperfecte ho ha de fer constar a l&#8217;albar\u00e0 que li signa al transportista. Si no ho fes aix\u00ed renunciaria a qualsevol possible reclamaci\u00f3 pel que fa al contingut. En qualsevol cas ha de comunicar en 24 hores a <a href=\"mailto:info@editorialteide.com\">info@editorialteide.com<\/a> per poder realitzar les gestions oportunes davant l&#8217;ag\u00e8ncia de transport. Passades aquestes 24 hores es donar\u00e0 per acceptat l&#8217;enviament i no s&#8217;acceptaran reclamacions per desperfectes o fallades amb l&#8217;enviament.<\/span><br \/>\n<span style=\"font-size: 16px;\"> Per millorar la nostra log\u00edstica preguem que ens comuniqui qualsevol anomalia o incid\u00e8ncia referent al transport de les comandes a <a href=\"mailto:info@editorialteide.com\">info@editorialteide.com<\/a><\/span><\/p>\n<p><span style=\"font-size: 16px;\">No es fan enviaments a Can\u00e0ries, Ceuta o Melilla.<\/span><\/p>\n<p><span style=\"font-size: 16px; color: #808080;\"><strong>DESPESES D&#8217;ENVIAMENT<\/strong><\/span><\/p>\n<p><span style=\"font-size: 16px;\">Les despeses d&#8217;enviament s\u00f3n de 4,84\u20ac IVA incl\u00f2s per a comandes inferiors a 50\u20ac sense IVA.<\/span><\/p>\n<p><span style=\"font-size: 16px; color: #808080;\"><strong>DESISTIMENT<\/strong><\/span><\/p>\n<p><span style=\"font-size: 16px;\">El client podr\u00e0 exercir el dret de desistiment en el termini de 14 dies naturals des de la data de recepci\u00f3 de l&#8217;enviament.<\/span><br \/>\n<span style=\"font-size: 16px;\">El client haur\u00e0 d&#8217;enviar un correu electr\u00f2nic a <a href=\"mailto:info@editorialteide.com\">info@editorialteide.com<\/a>\u00a0identificant-se i indicant llibre o llibres a retornar.<\/span><br \/>\n<span style=\"font-size: 16px;\">La devoluci\u00f3 va a c\u00e0rrec del client, els productes hauran d&#8217;estar amb l&#8217;empaquetat original i sense utilitzar.<\/span><\/p>\n","protected":false},"excerpt":{"rendered":"<p>ACCEPTACI\u00d3 DE LA COMANDA El client rebr\u00e0 un correu electr\u00f2nic que confirmar\u00e0 la recepci\u00f3 de la sol\u00b7licitud de comanda a l&#8217;editorial. La comanda no \u00e9s definitiva fins que l&#8217;editorial no hagi comprovat que la comanda \u00e9s correcte (estoc, preu, dades d&#8217;enviament, &#8230;) i que s&#8217;hagi abonat l&#8217;import total. ANUL\u00b7LACI\u00d3 DE COMANDA El client podr\u00e0 anul\u00b7lar &hellip; <a href=\"https:\/\/web.editorialteide.com\/ca\/enviaments-i-devolucions\/\">Llegir m\u00e9s<\/a><\/p>\n","protected":false},"author":3,"featured_media":0,"parent":0,"menu_order":0,"comment_status":"closed","ping_status":"closed","template":"","meta":{"footnotes":"","_links_to":"","_links_to_target":""},"class_list":["post-55190","page","type-page","status-publish","hentry"],"_links":{"self":[{"href":"https:\/\/web.editorialteide.com\/ca\/wp-json\/wp\/v2\/pages\/55190","targetHints":{"allow":["GET"]}}],"collection":[{"href":"https:\/\/web.editorialteide.com\/ca\/wp-json\/wp\/v2\/pages"}],"about":[{"href":"https:\/\/web.editorialteide.com\/ca\/wp-json\/wp\/v2\/types\/page"}],"author":[{"embeddable":true,"href":"https:\/\/web.editorialteide.com\/ca\/wp-json\/wp\/v2\/users\/3"}],"replies":[{"embeddable":true,"href":"https:\/\/web.editorialteide.com\/ca\/wp-json\/wp\/v2\/comments?post=55190"}],"version-history":[{"count":0,"href":"https:\/\/web.editorialteide.com\/ca\/wp-json\/wp\/v2\/pages\/55190\/revisions"}],"wp:attachment":[{"href":"https:\/\/web.editorialteide.com\/ca\/wp-json\/wp\/v2\/media?parent=55190"}],"curies":[{"name":"wp","href":"https:\/\/api.w.org\/{rel}","templated":true}]}}