{"id":86800,"date":"2017-03-30T09:59:17","date_gmt":"2017-03-30T07:59:17","guid":{"rendered":"http:\/\/web.editorialteide.com\/educacio-primaria\/lectures-de-segon-i-tercer-cicle\/"},"modified":"2021-10-27T16:20:45","modified_gmt":"2021-10-27T15:20:45","slug":"lectures-de-segon-i-tercer-cicle","status":"publish","type":"page","link":"https:\/\/web.editorialteide.com\/ca\/educacio-primaria\/lectures-de-segon-i-tercer-cicle\/","title":{"rendered":"LECTURES DE CICLE MITJ\u00c0 I CICLE SUPERIOR"},"content":{"rendered":"<p>[vc_row equal_height=&#8221;yes&#8221; content_placement=&#8221;top&#8221;][vc_column width=&#8221;3\/4&#8243;][vc_column_text]<\/p>\n<p style=\"text-align: justify;\"><span style=\"font-size: 16px;\"><span style=\"font-size: 24px; color: #333333;\"><strong>Biblioteca Escolar <\/strong><\/span>\u00e9s una selecci\u00f3 de lectures que concentra els t\u00edtols indispensables de la literatura infantil i juvenil, adaptats en extensi\u00f3 i vocabulari per als lectors de 8 anys en amunt. Presenta un agradable format de 23\u00a0\u00d7 28 cm.<\/span><\/p>\n<p style=\"text-align: justify;\"><span style=\"font-size: 16px;\">El <span style=\"color: #333333;\"><strong>llibre<\/strong><\/span> es divideix en dues parts fonamentals: una s\u00edntesi de la vida i obra de l\u2019autor i el text de l\u2019obra adaptat al nivell de lectura dels alumnes de Prim\u00e0ria, amb un\u00a0nivell de complexitat l\u00e8xica que permet un aprenentatge significatiu de nou vocabulari.<br \/>\n<\/span><\/p>\n<p style=\"text-align: justify;\"><span style=\"font-size: 16px;\">El <span style=\"color: #333333;\"><strong>quadern de lectura<\/strong><\/span>\u00a0t\u00e9 com a objectiu assegurar una lectura efica\u00e7 als alumnes i permetre treballar les habilitats pr\u00f2pies de la comprensi\u00f3 lectora amb propostes atractives.<\/span><\/p>\n<p style=\"text-align: justify;\"><span style=\"font-size: 16px;\">Cadascuna de les obres de la <em><span style=\"color: #000000;\">Biblioteca Escolar<\/span><\/em> disposa d\u2019un complet <span style=\"color: #333333;\"><strong>pla lector<\/strong><\/span> que facilita el treball amb els nostres materials.<\/span><\/p>\n<p>[\/vc_column_text][vc_btn title=&#8221;CAT\u00c0LEG&#8221; shape=&#8221;round&#8221; color=&#8221;inverse&#8221; size=&#8221;sm&#8221; align=&#8221;left&#8221; link=&#8221;url:http%3A%2F%2Frecursos.teide.eu%2Ff%2Ffbee0a3e39%2F%3Fraw%3D1|target:_blank&#8221;][\/vc_column][vc_column width=&#8221;1\/4&#8243;][vc_cta h2=&#8221;Mostra&#8221; txt_align=&#8221;center&#8221; style=&#8221;flat&#8221; color=&#8221;grey&#8221; use_custom_fonts_h2=&#8221;true&#8221;]<div class=\"_3d-flip-book  fb3d-thumbnail-lightbox-mode\" data-id=\"115457\" data-mode=\"thumbnail-lightbox\" data-title=\"false\" data-template=\"short-white-book-view\" data-lightbox=\"dark\" data-urlparam=\"fb3d-page\" data-page-n=\"0\" data-pdf=\"\" data-tax=\"null\" data-thumbnail=\"\" data-cols=\"3\" data-book-template=\"default\" data-trigger=\"\"><\/div><script type=\"text\/javascript\">window.FB3D_CLIENT_DATA = window.FB3D_CLIENT_DATA || [];FB3D_CLIENT_DATA.push('eyJwb3N0cyI6eyIxMTU0NTciOnsiSUQiOjExNTQ1NywidGl0bGUiOiJMZXMgYXZlbnR1cmVzIGRlIFRvbSBTYXd5ZXIuIEJpYmxpb3RlY2EgRXNjb2xhciIsInR5cGUiOiJwZGYiLCJyZWFkeV9mdW5jdGlvbiI6IiIsImJvb2tfc3R5bGUiOiJ2b2x1bWUiLCJib29rX3RlbXBsYXRlIjoibm9uZSIsIm91dGxpbmUiOltdLCJkYXRhIjp7InBvc3RfSUQiOiIxMTU0NTkiLCJndWlkIjoiaHR0cDpcL1wvd2ViLmVkaXRvcmlhbHRlaWRlLmNvbVwvd3AtY29udGVudFwvdXBsb2Fkc1wvMjAxOVwvMDZcLzYzMTRfTU9TVFJBX1RvbVNhd3llcl9CRXNjb2xhci5wZGYiLCJwZGZfcGFnZXMiOiIxMCIsInBhZ2VzX2N1c3RvbWl6YXRpb24iOiJub25lIn0sInRodW1ibmFpbCI6eyJkYXRhIjp7InBvc3RfSUQiOiIwIn0sInR5cGUiOiJhdXRvIn0sInByb3BzIjp7ImhlaWdodCI6ImF1dG8iLCJ3aWR0aCI6ImF1dG8iLCJncmF2aXR5IjoiYXV0byIsImNhY2hlZFBhZ2VzIjoiYXV0byIsInJlbmRlckluYWN0aXZlUGFnZXMiOiJhdXRvIiwicmVuZGVySW5hY3RpdmVQYWdlc09uTW9iaWxlIjoiYXV0byIsInJlbmRlcldoaWxlRmxpcHBpbmciOiJhdXRvIiwicGFnZXNGb3JQcmVkaWN0aW5nIjoiYXV0byIsInByZWxvYWRQYWdlcyI6ImF1dG8iLCJydGwiOiJhdXRvIiwic2hlZXQiOnsic3RhcnRWZWxvY2l0eSI6ImF1dG8iLCJjb3JuZXJEZXZpYXRpb24iOiJhdXRvIiwiZmxleGliaWxpdHkiOiJhdXRvIiwiZmxleGlibGVDb3JuZXIiOiJhdXRvIiwiYmVuZGluZyI6ImF1dG8iLCJ3YXZlIjoiYXV0byIsIndpZHRoVGV4ZWxzIjoiYXV0byIsImhlaWdodFRleGVscyI6ImF1dG8iLCJjb2xvciI6ImF1dG8ifSwiY292ZXIiOnsic3RhcnRWZWxvY2l0eSI6ImF1dG8iLCJmbGV4aWJpbGl0eSI6ImF1dG8iLCJmbGV4aWJsZUNvcm5lciI6ImF1dG8iLCJiZW5kaW5nIjoiYXV0byIsIndhdmUiOiJhdXRvIiwid2lkdGhUZXhlbHMiOiJhdXRvIiwiaGVpZ2h0VGV4ZWxzIjoiYXV0byIsImNvbG9yIjoiYXV0byIsImJpbmRlclRleHR1cmUiOiJhdXRvIiwiZGVwdGgiOiJhdXRvIiwicGFkZGluZyI6ImF1dG8iLCJtYXNzIjoiYXV0byJ9LCJwYWdlIjp7InN0YXJ0VmVsb2NpdHkiOiJhdXRvIiwiZmxleGliaWxpdHkiOiJhdXRvIiwiZmxleGlibGVDb3JuZXIiOiJhdXRvIiwiYmVuZGluZyI6ImF1dG8iLCJ3YXZlIjoiYXV0byIsIndpZHRoVGV4ZWxzIjoiYXV0byIsImhlaWdodFRleGVscyI6ImF1dG8iLCJjb2xvciI6ImF1dG8iLCJkZXB0aCI6ImF1dG8iLCJtYXNzIjoiYXV0byJ9fSwiY29udHJvbFByb3BzIjp7ImFjdGlvbnMiOnsiY21kU2F2ZSI6eyJlbmFibGVkIjoiYXV0byJ9LCJjbWRQcmludCI6eyJlbmFibGVkIjoiYXV0byJ9LCJjbWRTaW5nbGVQYWdlIjp7ImVuYWJsZWQiOiJhdXRvIiwiYWN0aXZlIjoiYXV0byJ9fX0sImF1dG9UaHVtYm5haWwiOm51bGwsInBvc3RfbmFtZSI6Imxlcy1hdmVudHVyZXMtZGUtdG9tLXNhd3llci1iaWJsaW90ZWNhLWVzY29sYXIiLCJwb3N0X3R5cGUiOiIzZC1mbGlwLWJvb2sifX0sInBhZ2VzIjpbXSwiZmlyc3RQYWdlcyI6W119');window.FB3D_CLIENT_LOCALE && FB3D_CLIENT_LOCALE.render && FB3D_CLIENT_LOCALE.render();<\/script>[\/vc_cta][\/vc_column][\/vc_row][vc_row equal_height=&#8221;yes&#8221; content_placement=&#8221;middle&#8221;][vc_column][vc_empty_space][vc_separator color=&#8221;custom&#8221; accent_color=&#8221;#757575&#8243;][vc_tta_tabs style=&#8221;modern&#8221; color=&#8221;sandy-brown&#8221; spacing=&#8221;20&#8243; gap=&#8221;20&#8243; alignment=&#8221;center&#8221; active_section=&#8221;1&#8243; title=&#8221;Col\u00b7lecci\u00f3 Biblioteca Escolar&#8221;][vc_tta_section title=&#8221;LECTURES DE CICLE MITJ\u00c0&#8221; tab_id=&#8221;1623750762941-ffbe8d0b-9e0e&#8221;][vc_row_inner css=&#8221;.vc_custom_1570541074752{padding-right: 25px !important;padding-left: 25px !important;background-color: #dddddd !important;}&#8221;][vc_column_inner width=&#8221;1\/6&#8243;][vc_single_image image=&#8221;126196&#8243; img_size=&#8221;160&#215;190&#8243; add_caption=&#8221;yes&#8221; alignment=&#8221;center&#8221; style=&#8221;vc_box_shadow_3d&#8221; onclick=&#8221;custom_link&#8221; link=&#8221;https:\/\/web.editorialteide.com\/ca\/producte\/les-aventures-de-pinotxo-b-e\/&#8221;][vc_single_image image=&#8221;126201&#8243; img_size=&#8221;160&#215;190&#8243; add_caption=&#8221;yes&#8221; alignment=&#8221;center&#8221; style=&#8221;vc_box_shadow_3d&#8221; onclick=&#8221;custom_link&#8221; link=&#8221;https:\/\/web.editorialteide.com\/ca\/producte\/la-meravellosa-historia-de-peter-schlemihlb-e\/&#8221;][\/vc_column_inner][vc_column_inner width=&#8221;1\/6&#8243;][vc_single_image image=&#8221;126197&#8243; img_size=&#8221;160&#215;190&#8243; add_caption=&#8221;yes&#8221; alignment=&#8221;center&#8221; style=&#8221;vc_box_shadow_3d&#8221; onclick=&#8221;custom_link&#8221; link=&#8221;https:\/\/web.editorialteide.com\/ca\/producte\/el-llibre-de-la-selva-b-e\/&#8221;][vc_single_image image=&#8221;126189&#8243; img_size=&#8221;160&#215;190&#8243; add_caption=&#8221;yes&#8221; alignment=&#8221;center&#8221; style=&#8221;vc_box_shadow_3d&#8221; onclick=&#8221;custom_link&#8221; link=&#8221;https:\/\/web.editorialteide.com\/ca\/producte\/les-aventures-de-robin-hoodb-e\/&#8221;][\/vc_column_inner][vc_column_inner width=&#8221;1\/6&#8243;][vc_single_image image=&#8221;126198&#8243; img_size=&#8221;160&#215;190&#8243; add_caption=&#8221;yes&#8221; alignment=&#8221;center&#8221; style=&#8221;vc_box_shadow_3d&#8221; onclick=&#8221;custom_link&#8221; link=&#8221;https:\/\/web.editorialteide.com\/ca\/producte\/els-viatges-de-gulliver-b-e\/&#8221;][vc_single_image image=&#8221;126190&#8243; img_size=&#8221;160&#215;190&#8243; add_caption=&#8221;yes&#8221; alignment=&#8221;center&#8221; style=&#8221;vc_box_shadow_3d&#8221; onclick=&#8221;custom_link&#8221; link=&#8221;https:\/\/web.editorialteide.com\/ca\/producte\/un-ianqui-a-la-cort-del-rei-b-e\/&#8221;][\/vc_column_inner][vc_column_inner width=&#8221;1\/6&#8243;][vc_single_image image=&#8221;126203&#8243; img_size=&#8221;160&#215;190&#8243; add_caption=&#8221;yes&#8221; alignment=&#8221;center&#8221; style=&#8221;vc_box_shadow_3d&#8221; onclick=&#8221;custom_link&#8221; link=&#8221;https:\/\/web.editorialteide.com\/ca\/producte\/les-aventures-de-tom-sawyerb-e\/&#8221;][vc_single_image image=&#8221;126191&#8243; img_size=&#8221;160&#215;190&#8243; add_caption=&#8221;yes&#8221; alignment=&#8221;center&#8221; style=&#8221;vc_box_shadow_3d&#8221; onclick=&#8221;custom_link&#8221; link=&#8221;https:\/\/web.editorialteide.com\/ca\/producte\/el-robinso-suis-b-e\/&#8221;][\/vc_column_inner][vc_column_inner width=&#8221;1\/6&#8243;][vc_single_image image=&#8221;126200&#8243; img_size=&#8221;160&#215;190&#8243; add_caption=&#8221;yes&#8221; alignment=&#8221;center&#8221; style=&#8221;vc_box_shadow_3d&#8221; onclick=&#8221;custom_link&#8221; link=&#8221;https:\/\/web.editorialteide.com\/ca\/producte\/els-contes-de-les-mil-i-una-nitsb-e\/&#8221;][vc_single_image image=&#8221;126183&#8243; img_size=&#8221;160&#215;190&#8243; add_caption=&#8221;yes&#8221; alignment=&#8221;center&#8221; style=&#8221;vc_box_shadow_3d&#8221; onclick=&#8221;custom_link&#8221; link=&#8221;https:\/\/web.editorialteide.com\/ca\/producte\/el-princep-felic-b-e\/&#8221;][\/vc_column_inner][vc_column_inner width=&#8221;1\/6&#8243;][vc_single_image image=&#8221;126187&#8243; img_size=&#8221;160&#215;190&#8243; add_caption=&#8221;yes&#8221; alignment=&#8221;center&#8221; style=&#8221;vc_box_shadow_3d&#8221; onclick=&#8221;custom_link&#8221; link=&#8221;https:\/\/web.editorialteide.com\/ca\/producte\/el-magic-doz-b-e\/&#8221;][vc_single_image image=&#8221;126184&#8243; img_size=&#8221;160&#215;190&#8243; add_caption=&#8221;yes&#8221; alignment=&#8221;center&#8221; style=&#8221;vc_box_shadow_3d&#8221; onclick=&#8221;custom_link&#8221; link=&#8221;https:\/\/web.editorialteide.com\/ca\/producte\/cinc-setmanes-en-globus-b-e\/&#8221;][\/vc_column_inner][\/vc_row_inner][\/vc_tta_section][vc_tta_section title=&#8221;LECTURES DE CICLE SUPERIOR&#8221; tab_id=&#8221;1623750762969-c4cb6bbd-84ba&#8221;][vc_row_inner css=&#8221;.vc_custom_1570541074752{padding-right: 25px !important;padding-left: 25px !important;background-color: #dddddd !important;}&#8221;][vc_column_inner width=&#8221;1\/6&#8243;][vc_single_image image=&#8221;126199&#8243; img_size=&#8221;160&#215;190&#8243; add_caption=&#8221;yes&#8221; alignment=&#8221;center&#8221; style=&#8221;vc_box_shadow_3d&#8221; onclick=&#8221;custom_link&#8221; link=&#8221;https:\/\/web.editorialteide.com\/ca\/producte\/la-volta-al-mon-en-vuitanta-dies-b-e\/&#8221;][vc_single_image image=&#8221;126186&#8243; img_size=&#8221;160&#215;190&#8243; add_caption=&#8221;yes&#8221; alignment=&#8221;center&#8221; style=&#8221;vc_box_shadow_3d&#8221; onclick=&#8221;custom_link&#8221; link=&#8221;https:\/\/web.editorialteide.com\/ca\/producte\/el-fantasma-canterville-cat-b-e\/&#8221;][\/vc_column_inner][vc_column_inner width=&#8221;1\/6&#8243;][vc_single_image image=&#8221;126205&#8243; img_size=&#8221;160&#215;190&#8243; add_caption=&#8221;yes&#8221; alignment=&#8221;center&#8221; style=&#8221;vc_box_shadow_3d&#8221; onclick=&#8221;custom_link&#8221; link=&#8221;https:\/\/web.editorialteide.com\/ca\/producte\/lescarabat-dor-b-e\/&#8221;][vc_single_image image=&#8221;126192&#8243; img_size=&#8221;160&#215;190&#8243; add_caption=&#8221;yes&#8221; alignment=&#8221;center&#8221; style=&#8221;vc_box_shadow_3d&#8221; onclick=&#8221;custom_link&#8221; link=&#8221;https:\/\/web.editorialteide.com\/ca\/producte\/20-000-llegues-de-viatge-submari-b-e\/&#8221;][\/vc_column_inner][vc_column_inner width=&#8221;1\/6&#8243;][vc_single_image image=&#8221;126182&#8243; img_size=&#8221;160&#215;190&#8243; add_caption=&#8221;yes&#8221; alignment=&#8221;center&#8221; style=&#8221;vc_box_shadow_3d&#8221; onclick=&#8221;custom_link&#8221; link=&#8221;https:\/\/web.editorialteide.com\/ca\/producte\/ullal-blanc-b-e\/&#8221;][vc_single_image image=&#8221;126193&#8243; img_size=&#8221;160&#215;190&#8243; add_caption=&#8221;yes&#8221; alignment=&#8221;center&#8221; style=&#8221;vc_box_shadow_3d&#8221; onclick=&#8221;custom_link&#8221; link=&#8221;https:\/\/web.editorialteide.com\/ca\/producte\/david-copperfield-catalab-e\/&#8221;][\/vc_column_inner][vc_column_inner width=&#8221;1\/6&#8243;][vc_single_image image=&#8221;126202&#8243; img_size=&#8221;160&#215;190&#8243; add_caption=&#8221;yes&#8221; alignment=&#8221;center&#8221; style=&#8221;vc_box_shadow_3d&#8221; onclick=&#8221;custom_link&#8221; link=&#8221;https:\/\/web.editorialteide.com\/ca\/producte\/lilla-del-tresor-b-e\/&#8221;][vc_single_image image=&#8221;126188&#8243; img_size=&#8221;160&#215;190&#8243; add_caption=&#8221;yes&#8221; alignment=&#8221;center&#8221; style=&#8221;vc_box_shadow_3d&#8221; onclick=&#8221;custom_link&#8221; link=&#8221;https:\/\/web.editorialteide.com\/ca\/producte\/lestrany-cas-del-doctor-jekyll-i-el-sr-hyideb-e\/&#8221;][\/vc_column_inner][vc_column_inner width=&#8221;1\/6&#8243;][vc_single_image image=&#8221;126206&#8243; img_size=&#8221;160&#215;190&#8243; add_caption=&#8221;yes&#8221; alignment=&#8221;center&#8221; style=&#8221;vc_box_shadow_3d&#8221; onclick=&#8221;custom_link&#8221; link=&#8221;https:\/\/web.editorialteide.com\/ca\/producte\/el-gos-dels-baskerville-b-e\/&#8221;][vc_single_image image=&#8221;126194&#8243; img_size=&#8221;160&#215;190&#8243; add_caption=&#8221;yes&#8221; alignment=&#8221;center&#8221; style=&#8221;vc_box_shadow_3d&#8221; onclick=&#8221;custom_link&#8221; link=&#8221;https:\/\/web.editorialteide.com\/ca\/producte\/sandokan-cat-b-e\/&#8221;][\/vc_column_inner][vc_column_inner width=&#8221;1\/6&#8243;][vc_single_image image=&#8221;126204&#8243; img_size=&#8221;160&#215;190&#8243; add_caption=&#8221;yes&#8221; alignment=&#8221;center&#8221; style=&#8221;vc_box_shadow_3d&#8221; onclick=&#8221;custom_link&#8221; link=&#8221;https:\/\/web.editorialteide.com\/ca\/producte\/dracula-cat-b-e\/&#8221;][vc_single_image image=&#8221;126195&#8243; img_size=&#8221;160&#215;190&#8243; add_caption=&#8221;yes&#8221; alignment=&#8221;center&#8221; style=&#8221;vc_box_shadow_3d&#8221; onclick=&#8221;custom_link&#8221; link=&#8221;https:\/\/web.editorialteide.com\/ca\/producte\/frankenstein-cat-b-e\/&#8221;][\/vc_column_inner][\/vc_row_inner][\/vc_tta_section][\/vc_tta_tabs][\/vc_column][\/vc_row]<\/p>\n","protected":false},"excerpt":{"rendered":"<p>[vc_row equal_height=&#8221;yes&#8221; content_placement=&#8221;top&#8221;][vc_column width=&#8221;3\/4&#8243;][vc_column_text] Biblioteca Escolar \u00e9s una selecci\u00f3 de lectures que concentra els t\u00edtols indispensables de la literatura infantil i juvenil, adaptats en extensi\u00f3 i vocabulari per als lectors de 8 anys en amunt. Presenta un agradable format de 23\u00a0\u00d7 28 cm. El llibre es divideix en dues parts fonamentals: una s\u00edntesi de la &hellip; <a href=\"https:\/\/web.editorialteide.com\/ca\/educacio-primaria\/lectures-de-segon-i-tercer-cicle\/\">Llegir m\u00e9s<\/a><\/p>\n","protected":false},"author":3,"featured_media":0,"parent":142867,"menu_order":0,"comment_status":"closed","ping_status":"closed","template":"","meta":{"footnotes":"","_links_to":"","_links_to_target":""},"class_list":["post-86800","page","type-page","status-publish","hentry"],"_links":{"self":[{"href":"https:\/\/web.editorialteide.com\/ca\/wp-json\/wp\/v2\/pages\/86800","targetHints":{"allow":["GET"]}}],"collection":[{"href":"https:\/\/web.editorialteide.com\/ca\/wp-json\/wp\/v2\/pages"}],"about":[{"href":"https:\/\/web.editorialteide.com\/ca\/wp-json\/wp\/v2\/types\/page"}],"author":[{"embeddable":true,"href":"https:\/\/web.editorialteide.com\/ca\/wp-json\/wp\/v2\/users\/3"}],"replies":[{"embeddable":true,"href":"https:\/\/web.editorialteide.com\/ca\/wp-json\/wp\/v2\/comments?post=86800"}],"version-history":[{"count":7,"href":"https:\/\/web.editorialteide.com\/ca\/wp-json\/wp\/v2\/pages\/86800\/revisions"}],"predecessor-version":[{"id":158557,"href":"https:\/\/web.editorialteide.com\/ca\/wp-json\/wp\/v2\/pages\/86800\/revisions\/158557"}],"up":[{"embeddable":true,"href":"https:\/\/web.editorialteide.com\/ca\/wp-json\/wp\/v2\/pages\/142867"}],"wp:attachment":[{"href":"https:\/\/web.editorialteide.com\/ca\/wp-json\/wp\/v2\/media?parent=86800"}],"curies":[{"name":"wp","href":"https:\/\/api.w.org\/{rel}","templated":true}]}}