{"id":86801,"date":"2017-03-09T08:53:45","date_gmt":"2017-03-09T07:53:45","guid":{"rendered":"http:\/\/web.editorialteide.com\/informatica\/"},"modified":"2022-02-15T17:02:43","modified_gmt":"2022-02-15T16:02:43","slug":"informatica","status":"publish","type":"page","link":"https:\/\/web.editorialteide.com\/ca\/eso\/informatica\/","title":{"rendered":"INFORM\u00c0TICA"},"content":{"rendered":"<p>[vc_row][vc_column][vc_column_text]<\/p>\n<h1><strong>\u00c0rea d&#8217;Inform\u00e0tica. Quart curs de l&#8217;ESO.<\/strong><\/h1>\n<p>[\/vc_column_text][vc_column_text]<span style=\"font-size: 28px;\">MATERIAL DE L&#8217;ALUMNAT<\/span>[\/vc_column_text][vc_separator color=&#8221;custom&#8221; border_width=&#8221;3&#8243; accent_color=&#8221;#8c8c8c&#8221;][vc_empty_space height=&#8221;10px&#8221;][vc_row_inner][vc_column_inner width=&#8221;1\/4&#8243;][vc_single_image image=&#8221;114602&#8243; img_size=&#8221;190&#215;270&#8243; alignment=&#8221;center&#8221; style=&#8221;vc_box_border&#8221;][\/vc_column_inner][vc_column_inner width=&#8221;3\/4&#8243;][vc_column_text css=&#8221;.vc_custom_1620632056622{padding-top: 20px !important;padding-right: 20px !important;padding-bottom: 20px !important;padding-left: 20px !important;background-color: #dddddd !important;border-radius: 5px !important;}&#8221;]<span style=\"font-size: 16px; color: #333333;\">Tech_Me Inform\u00e0tica compr\u00e8n una \u00e0mplia col\u00b7lecci\u00f3 d&#8217;unitats d&#8217;inform\u00e0tica que permet seleccionar \u00fanicament les m\u00e9s adequades als continguts que es volen treballar. Aquest projecte respon a les demandes de cada centre, a causa de la naturalesa transversal de la compet\u00e8ncia digital dins els projectes curriculars.\u00a0<\/span><\/p>\n<p><span style=\"font-size: 16px; color: #333333;\">Molt \u00fatil per a la mat\u00e8ria espec\u00edfica de 4t d&#8217;ESO, i tamb\u00e9 per a tota l&#8217;etapa, aquest projecte respon a les demandes de cada centre, a causa de la naturalesa transversal de la\u00a0 compet\u00e8ncia digital dins els projectes curriculars.\u00a0<\/span>[\/vc_column_text][vc_btn title=&#8221;+ INFO&#8221; shape=&#8221;round&#8221; color=&#8221;inverse&#8221; size=&#8221;sm&#8221; align=&#8221;left&#8221; link=&#8221;url:http%3A%2F%2Frecursos.teide.eu%2Ff%2Fc58884f0b3%2F%3Fraw%3D1|target:_blank&#8221;][\/vc_column_inner][\/vc_row_inner][\/vc_column][\/vc_row]<\/p>\n","protected":false},"excerpt":{"rendered":"<p>[vc_row][vc_column][vc_column_text] \u00c0rea d&#8217;Inform\u00e0tica. Quart curs de l&#8217;ESO. [\/vc_column_text][vc_column_text]MATERIAL DE L&#8217;ALUMNAT[\/vc_column_text][vc_separator color=&#8221;custom&#8221; border_width=&#8221;3&#8243; accent_color=&#8221;#8c8c8c&#8221;][vc_empty_space height=&#8221;10px&#8221;][vc_row_inner][vc_column_inner width=&#8221;1\/4&#8243;][vc_single_image image=&#8221;114602&#8243; img_size=&#8221;190&#215;270&#8243; alignment=&#8221;center&#8221; style=&#8221;vc_box_border&#8221;][\/vc_column_inner][vc_column_inner width=&#8221;3\/4&#8243;][vc_column_text css=&#8221;.vc_custom_1620632056622{padding-top: 20px !important;padding-right: 20px !important;padding-bottom: 20px !important;padding-left: 20px !important;background-color: #dddddd !important;border-radius: 5px !important;}&#8221;]Tech_Me Inform\u00e0tica compr\u00e8n una \u00e0mplia col\u00b7lecci\u00f3 d&#8217;unitats d&#8217;inform\u00e0tica que permet seleccionar \u00fanicament les m\u00e9s adequades als continguts que es volen treballar. Aquest projecte &hellip; <a href=\"https:\/\/web.editorialteide.com\/ca\/eso\/informatica\/\">Llegir m\u00e9s<\/a><\/p>\n","protected":false},"author":3,"featured_media":0,"parent":14,"menu_order":0,"comment_status":"closed","ping_status":"closed","template":"","meta":{"footnotes":"","_links_to":"","_links_to_target":""},"class_list":["post-86801","page","type-page","status-publish","hentry"],"_links":{"self":[{"href":"https:\/\/web.editorialteide.com\/ca\/wp-json\/wp\/v2\/pages\/86801","targetHints":{"allow":["GET"]}}],"collection":[{"href":"https:\/\/web.editorialteide.com\/ca\/wp-json\/wp\/v2\/pages"}],"about":[{"href":"https:\/\/web.editorialteide.com\/ca\/wp-json\/wp\/v2\/types\/page"}],"author":[{"embeddable":true,"href":"https:\/\/web.editorialteide.com\/ca\/wp-json\/wp\/v2\/users\/3"}],"replies":[{"embeddable":true,"href":"https:\/\/web.editorialteide.com\/ca\/wp-json\/wp\/v2\/comments?post=86801"}],"version-history":[{"count":8,"href":"https:\/\/web.editorialteide.com\/ca\/wp-json\/wp\/v2\/pages\/86801\/revisions"}],"predecessor-version":[{"id":159815,"href":"https:\/\/web.editorialteide.com\/ca\/wp-json\/wp\/v2\/pages\/86801\/revisions\/159815"}],"up":[{"embeddable":true,"href":"https:\/\/web.editorialteide.com\/ca\/wp-json\/wp\/v2\/pages\/14"}],"wp:attachment":[{"href":"https:\/\/web.editorialteide.com\/ca\/wp-json\/wp\/v2\/media?parent=86801"}],"curies":[{"name":"wp","href":"https:\/\/api.w.org\/{rel}","templated":true}]}}