{"id":86803,"date":"2017-03-09T08:38:55","date_gmt":"2017-03-09T07:38:55","guid":{"rendered":"http:\/\/web.editorialteide.com\/batxillerat\/coleccion\/"},"modified":"2023-03-31T12:55:22","modified_gmt":"2023-03-31T11:55:22","slug":"coleccion","status":"publish","type":"page","link":"https:\/\/web.editorialteide.com\/ca\/batxillerat\/lengua-castellana-y-literatura\/coleccion\/","title":{"rendered":"LECTURAS. BIBLIOTECA DE AUTORES CL\u00c1SICOS"},"content":{"rendered":"<p>[vc_row equal_height=&#8221;yes&#8221;][vc_column width=&#8221;3\/4&#8243;][vc_column_text]<\/p>\n<p style=\"text-align: justify;\"><span style=\"font-size: 16px;\">La <span style=\"font-size: 20px; color: #333333;\"><strong>Biblioteca de Autores Cl\u00e1sicos<\/strong><\/span> es una colecci\u00f3n dirigida al alumnado y al profesorado del <span style=\"color: #333333;\"><strong>Bachillerato<\/strong>,<\/span> formada por una serie de t\u00edtulos de la literatura espa\u00f1ola decisivos para la obtenci\u00f3n de una competencia literaria s\u00f3lida.<\/span><\/p>\n<p style=\"text-align: justify;\"><span style=\"font-size: 16px;\">La promoci\u00f3n de la lectura de obras literarias de todos los g\u00e9neros, uno de los retos principales en el mundo educativo, es la finalidad b\u00e1sica de esta colecci\u00f3n. Una lectura cr\u00edtica y a la vez desacomplejada permite obtener los referentes necesarios para una afinada educaci\u00f3n literaria. Para conseguirlo, se parte de criterios de <em>legibilidad<\/em>, <em>accesibilidad<\/em> y <em>contemporaneidad<\/em> tanto en la edici\u00f3n de cada una de las obras como en las propuestas de an\u00e1lisis que la complementan.<\/span><\/p>\n<p>[\/vc_column_text][vc_custom_heading text=&#8221;+ INFORMACI\u00d3N&#8221; font_container=&#8221;tag:h4|text_align:left|color:%23474747|line_height:arriba&#8221; google_fonts=&#8221;font_family:Roboto%3A100%2C100italic%2C300%2C300italic%2Cregular%2Citalic%2C500%2C500italic%2C700%2C700italic%2C900%2C900italic|font_style:400%20regular%3A400%3Anormal&#8221; link=&#8221;url:http%3A%2F%2Frecursos.teide.eu%2Ff%2Faba1b8b9d7%2F%3Fraw%3D1|target:_blank&#8221;][vc_column_text]<span style=\"font-size: 16px; color: #333333;\"><strong>MUESTRA COLECCI\u00d3N: <a  class=\"_3d-flip-book  fb3d-link-lightbox-mode\" data-id=\"113316\" data-mode=\"link-lightbox\" data-title=\"true\" data-template=\"short-white-book-view\" data-lightbox=\"dark-shadow\" data-urlparam=\"fb3d-page\" data-page-n=\"0\" data-pdf=\"\" data-tax=\"null\" data-thumbnail=\"\" data-cols=\"3\" data-book-template=\"default\" data-trigger=\"\"><\/a><script type=\"text\/javascript\">window.FB3D_CLIENT_DATA = window.FB3D_CLIENT_DATA || [];FB3D_CLIENT_DATA.push('eyJwb3N0cyI6eyIxMTMzMTYiOnsiSUQiOjExMzMxNiwidGl0bGUiOiJMdWNlcyBkZSBCb2hlbWlhIiwidHlwZSI6InBkZiIsInJlYWR5X2Z1bmN0aW9uIjoiIiwiYm9va19zdHlsZSI6InZvbHVtZSIsImJvb2tfdGVtcGxhdGUiOiJub25lIiwib3V0bGluZSI6W10sImRhdGEiOnsicG9zdF9JRCI6IjExNTQ5NyIsImd1aWQiOiJodHRwOlwvXC93ZWIuZWRpdG9yaWFsdGVpZGUuY29tXC93cC1jb250ZW50XC91cGxvYWRzXC8yMDE4XC8xMVwvNjg2Ml9NVUVTVFJBX0x1Y2VzLUJvaGVtaWFfQkFDLnBkZiIsInBkZl9wYWdlcyI6IjIyIiwicGFnZXNfY3VzdG9taXphdGlvbiI6Im5vbmUifSwidGh1bWJuYWlsIjp7ImRhdGEiOnsicG9zdF9JRCI6IjAifSwidHlwZSI6ImF1dG8ifSwicHJvcHMiOnsiaGVpZ2h0IjoiYXV0byIsIndpZHRoIjoiYXV0byIsImdyYXZpdHkiOiJhdXRvIiwiY2FjaGVkUGFnZXMiOiJhdXRvIiwicmVuZGVySW5hY3RpdmVQYWdlcyI6ImF1dG8iLCJyZW5kZXJJbmFjdGl2ZVBhZ2VzT25Nb2JpbGUiOiJhdXRvIiwicmVuZGVyV2hpbGVGbGlwcGluZyI6ImF1dG8iLCJwYWdlc0ZvclByZWRpY3RpbmciOiJhdXRvIiwicHJlbG9hZFBhZ2VzIjoiYXV0byIsInJ0bCI6ImF1dG8iLCJzaGVldCI6eyJzdGFydFZlbG9jaXR5IjoiYXV0byIsImNvcm5lckRldmlhdGlvbiI6ImF1dG8iLCJmbGV4aWJpbGl0eSI6ImF1dG8iLCJmbGV4aWJsZUNvcm5lciI6ImF1dG8iLCJiZW5kaW5nIjoiYXV0byIsIndhdmUiOiJhdXRvIiwid2lkdGhUZXhlbHMiOiJhdXRvIiwiaGVpZ2h0VGV4ZWxzIjoiYXV0byIsImNvbG9yIjoiYXV0byJ9LCJjb3ZlciI6eyJzdGFydFZlbG9jaXR5IjoiYXV0byIsImZsZXhpYmlsaXR5IjoiYXV0byIsImZsZXhpYmxlQ29ybmVyIjoiYXV0byIsImJlbmRpbmciOiJhdXRvIiwid2F2ZSI6ImF1dG8iLCJ3aWR0aFRleGVscyI6ImF1dG8iLCJoZWlnaHRUZXhlbHMiOiJhdXRvIiwiY29sb3IiOiJhdXRvIiwiZGVwdGgiOiJhdXRvIiwicGFkZGluZyI6ImF1dG8iLCJiaW5kZXJUZXh0dXJlIjoiYXV0byIsIm1hc3MiOiJhdXRvIn0sInBhZ2UiOnsic3RhcnRWZWxvY2l0eSI6ImF1dG8iLCJmbGV4aWJpbGl0eSI6ImF1dG8iLCJmbGV4aWJsZUNvcm5lciI6ImF1dG8iLCJiZW5kaW5nIjoiYXV0byIsIndhdmUiOiJhdXRvIiwid2lkdGhUZXhlbHMiOiJhdXRvIiwiaGVpZ2h0VGV4ZWxzIjoiYXV0byIsImNvbG9yIjoiYXV0byIsImRlcHRoIjoiYXV0byIsIm1hc3MiOiJhdXRvIn19LCJjb250cm9sUHJvcHMiOnsiYWN0aW9ucyI6eyJjbWRTYXZlIjp7ImVuYWJsZWQiOiJhdXRvIn0sImNtZFByaW50Ijp7ImVuYWJsZWQiOiJhdXRvIn0sImNtZFNpbmdsZVBhZ2UiOnsiZW5hYmxlZCI6ImF1dG8iLCJhY3RpdmUiOiJhdXRvIn19fSwiYXV0b1RodW1ibmFpbCI6bnVsbCwicG9zdF9uYW1lIjoibHVjZXMtZGUtYm9oZW1pYSIsInBvc3RfdHlwZSI6IjNkLWZsaXAtYm9vayJ9fSwicGFnZXMiOltdLCJmaXJzdFBhZ2VzIjpbXX0=');window.FB3D_CLIENT_LOCALE && FB3D_CLIENT_LOCALE.render && FB3D_CLIENT_LOCALE.render();<\/script><\/strong><\/span>[\/vc_column_text][\/vc_column][vc_column width=&#8221;1\/4&#8243;][vc_single_image image=&#8221;87112&#8243; img_size=&#8221;medium&#8221; alignment=&#8221;center&#8221;][\/vc_column][\/vc_row][vc_row][vc_column][vc_separator color=&#8221;custom&#8221; accent_color=&#8221;#dddddd&#8221;][vc_tta_accordion style=&#8221;modern&#8221; active_section=&#8221;1&#8243; collapsible_all=&#8221;true&#8221;][vc_tta_section title=&#8221;T\u00edtulos disponibles&#8221; tab_id=&#8221;1571657657307-028ff1e1-e68b&#8221;][vc_row_inner equal_height=&#8221;yes&#8221;][vc_column_inner width=&#8221;1\/6&#8243;][vc_single_image image=&#8221;127072&#8243; img_size=&#8221;135&#215;190&#8243; add_caption=&#8221;yes&#8221; alignment=&#8221;center&#8221; style=&#8221;vc_box_shadow_3d&#8221; onclick=&#8221;custom_link&#8221; link=&#8221;https:\/\/web.editorialteide.com\/ca\/producte\/don-quijote-de-la-manchab-a-c\/&#8221;][vc_single_image image=&#8221;127094&#8243; img_size=&#8221;135&#215;190&#8243; add_caption=&#8221;yes&#8221; alignment=&#8221;center&#8221; style=&#8221;vc_box_shadow_3d&#8221; onclick=&#8221;custom_link&#8221; link=&#8221;https:\/\/web.editorialteide.com\/ca\/producte\/antologia-de-la-poesia-espanola-b-a-c\/&#8221;][\/vc_column_inner][vc_column_inner width=&#8221;1\/6&#8243;][vc_single_image image=&#8221;127074&#8243; img_size=&#8221;135&#215;190&#8243; add_caption=&#8221;yes&#8221; alignment=&#8221;center&#8221; style=&#8221;vc_box_shadow_3d&#8221; onclick=&#8221;custom_link&#8221; link=&#8221;https:\/\/web.editorialteide.com\/ca\/producte\/el-burlador-de-sevilla-b-a-c\/&#8221;][vc_single_image image=&#8221;127093&#8243; img_size=&#8221;135&#215;190&#8243; add_caption=&#8221;yes&#8221; alignment=&#8221;center&#8221; style=&#8221;vc_box_shadow_3d&#8221; onclick=&#8221;custom_link&#8221; link=&#8221;https:\/\/web.editorialteide.com\/ca\/producte\/tormento-b-a-c\/&#8221;][\/vc_column_inner][vc_column_inner width=&#8221;1\/6&#8243;][vc_single_image image=&#8221;108297&#8243; img_size=&#8221;135&#215;190&#8243; add_caption=&#8221;yes&#8221; alignment=&#8221;center&#8221; style=&#8221;vc_box_shadow_3d&#8221; onclick=&#8221;custom_link&#8221; link=&#8221;https:\/\/web.editorialteide.com\/ca\/producte\/luces-de-bohemia-esperpento-b-a-c\/&#8221;][vc_single_image image=&#8221;127095&#8243; img_size=&#8221;135&#215;190&#8243; add_caption=&#8221;yes&#8221; alignment=&#8221;center&#8221; style=&#8221;vc_box_shadow_3d&#8221; onclick=&#8221;custom_link&#8221; link=&#8221;https:\/\/web.editorialteide.com\/ca\/producte\/rimas-y-leyendas-b-a-c\/&#8221;][\/vc_column_inner][vc_column_inner width=&#8221;1\/6&#8243;][vc_single_image image=&#8221;108295&#8243; img_size=&#8221;135&#215;190&#8243; add_caption=&#8221;yes&#8221; alignment=&#8221;center&#8221; style=&#8221;vc_box_shadow_3d&#8221; onclick=&#8221;custom_link&#8221; link=&#8221;https:\/\/web.editorialteide.com\/ca\/producte\/novelas-ejemplares-b-a-c\/&#8221;][\/vc_column_inner][vc_column_inner width=&#8221;1\/6&#8243;][vc_single_image image=&#8221;127096&#8243; img_size=&#8221;135&#215;190&#8243; add_caption=&#8221;yes&#8221; alignment=&#8221;center&#8221; style=&#8221;vc_box_shadow_3d&#8221; onclick=&#8221;custom_link&#8221; link=&#8221;https:\/\/web.editorialteide.com\/ca\/producte\/la-celestina-b-a-c\/&#8221;][\/vc_column_inner][vc_column_inner width=&#8221;1\/6&#8243;][vc_single_image image=&#8221;127095&#8243; img_size=&#8221;135&#215;190&#8243; add_caption=&#8221;yes&#8221; alignment=&#8221;center&#8221; style=&#8221;vc_box_shadow_3d&#8221; onclick=&#8221;custom_link&#8221; link=&#8221;https:\/\/web.editorialteide.com\/ca\/producte\/rimas-y-leyendas-b-a-c\/&#8221;][\/vc_column_inner][\/vc_row_inner][\/vc_tta_section][\/vc_tta_accordion][\/vc_column][\/vc_row]<\/p>\n","protected":false},"excerpt":{"rendered":"<p>[vc_row equal_height=&#8221;yes&#8221;][vc_column width=&#8221;3\/4&#8243;][vc_column_text] La Biblioteca de Autores Cl\u00e1sicos es una colecci\u00f3n dirigida al alumnado y al profesorado del Bachillerato, formada por una serie de t\u00edtulos de la literatura espa\u00f1ola decisivos para la obtenci\u00f3n de una competencia literaria s\u00f3lida. La promoci\u00f3n de la lectura de obras literarias de todos los g\u00e9neros, uno de los retos principales &hellip; <a href=\"https:\/\/web.editorialteide.com\/ca\/batxillerat\/lengua-castellana-y-literatura\/coleccion\/\">Llegir m\u00e9s<\/a><\/p>\n","protected":false},"author":3,"featured_media":0,"parent":2507,"menu_order":0,"comment_status":"closed","ping_status":"closed","template":"","meta":{"footnotes":"","_links_to":"","_links_to_target":""},"class_list":["post-86803","page","type-page","status-publish","hentry"],"_links":{"self":[{"href":"https:\/\/web.editorialteide.com\/ca\/wp-json\/wp\/v2\/pages\/86803","targetHints":{"allow":["GET"]}}],"collection":[{"href":"https:\/\/web.editorialteide.com\/ca\/wp-json\/wp\/v2\/pages"}],"about":[{"href":"https:\/\/web.editorialteide.com\/ca\/wp-json\/wp\/v2\/types\/page"}],"author":[{"embeddable":true,"href":"https:\/\/web.editorialteide.com\/ca\/wp-json\/wp\/v2\/users\/3"}],"replies":[{"embeddable":true,"href":"https:\/\/web.editorialteide.com\/ca\/wp-json\/wp\/v2\/comments?post=86803"}],"version-history":[{"count":11,"href":"https:\/\/web.editorialteide.com\/ca\/wp-json\/wp\/v2\/pages\/86803\/revisions"}],"predecessor-version":[{"id":164573,"href":"https:\/\/web.editorialteide.com\/ca\/wp-json\/wp\/v2\/pages\/86803\/revisions\/164573"}],"up":[{"embeddable":true,"href":"https:\/\/web.editorialteide.com\/ca\/wp-json\/wp\/v2\/pages\/2507"}],"wp:attachment":[{"href":"https:\/\/web.editorialteide.com\/ca\/wp-json\/wp\/v2\/media?parent=86803"}],"curies":[{"name":"wp","href":"https:\/\/api.w.org\/{rel}","templated":true}]}}