{"id":86804,"date":"2017-03-09T08:38:20","date_gmt":"2017-03-09T07:38:20","guid":{"rendered":"http:\/\/web.editorialteide.com\/batxillerat\/col%c2%b7leccio-pas-de-lletres\/"},"modified":"2023-03-31T12:50:07","modified_gmt":"2023-03-31T11:50:07","slug":"col%c2%b7leccio-pas-de-lletres","status":"publish","type":"page","link":"https:\/\/web.editorialteide.com\/ca\/batxillerat\/llengua-catalana-i-literatura\/col%c2%b7leccio-pas-de-lletres\/","title":{"rendered":"LECTURES. COL\u00b7LECCI\u00d3 PAS DE LLETRES"},"content":{"rendered":"<p>[vc_row equal_height=&#8221;yes&#8221;][vc_column width=&#8221;3\/4&#8243;][vc_column_text]<\/p>\n<p style=\"text-align: justify;\"><span style=\"font-size: 16px;\"><span style=\"color: #333333; font-size: 20px;\"><strong>Pas de Lletres<\/strong><\/span> \u00e9s una col\u00b7lecci\u00f3 adre\u00e7ada a l&#8217;alumnat i el professorat de Batxillerat, formada per una colla de t\u00edtols de la Literatura catalana decisius per a l&#8217;obtenci\u00f3 d&#8217;una <span style=\"color: #333333;\"><strong>compet\u00e8ncia liter\u00e0ria<\/strong><\/span> s\u00f2lida.<\/span><\/p>\n<p style=\"text-align: justify;\"><span style=\"font-size: 16px;\">La <span style=\"color: #333333;\"><strong>promoci\u00f3 de la lectura<\/strong><\/span>, en tots els seus g\u00e8neres, \u00e9s la finalitat b\u00e0sica de la col\u00b7lecci\u00f3 i alhora un dels reptes principals en el m\u00f3n educatiu. Tant la lectura cr\u00edtica com una lectura desacomplexada permeten obtenir els referents necessaris per a una afinada educaci\u00f3 liter\u00e0ria. Per tal d&#8217;aconseguir-ho, l&#8217;edici\u00f3 parteix de criteris de <em>llegibilitat<\/em>, <em>accessibilitat<\/em> i <em>contemporane\u00eftat<\/em> en l&#8217;estudi de cadascuna de les obres i en les <span style=\"color: #333333;\"><strong>propostes<\/strong><\/span> i <span style=\"color: #333333;\"><strong>guies de lectura<\/strong><\/span> que s&#8217;hi inclouen.<\/span><\/p>\n<p>[\/vc_column_text][vc_custom_heading text=&#8221;+ INFORMACI\u00d3&#8221; font_container=&#8221;tag:h4|text_align:left|color:%23474747|line_height:arriba&#8221; google_fonts=&#8221;font_family:Roboto%3A100%2C100italic%2C300%2C300italic%2Cregular%2Citalic%2C500%2C500italic%2C700%2C700italic%2C900%2C900italic|font_style:400%20regular%3A400%3Anormal&#8221; link=&#8221;url:http%3A%2F%2Frecursos.teide.eu%2Ff%2Fb5dfaf8fa0%2F%3Fraw%3D1|target:_blank&#8221;][vc_column_text]<span style=\"font-size: 16px; color: #333333;\"><strong>MOSTRA COL\u00b7LECCI\u00d3: <a  class=\"_3d-flip-book  fb3d-link-lightbox-mode\" data-id=\"115500\" data-mode=\"link-lightbox\" data-title=\"true\" data-template=\"short-white-book-view\" data-lightbox=\"dark-shadow\" data-urlparam=\"fb3d-page\" data-page-n=\"0\" data-pdf=\"\" data-tax=\"null\" data-thumbnail=\"\" data-cols=\"3\" data-book-template=\"default\" data-trigger=\"\"><\/a><script type=\"text\/javascript\">window.FB3D_CLIENT_DATA = window.FB3D_CLIENT_DATA || [];FB3D_CLIENT_DATA.push('eyJwb3N0cyI6eyIxMTU1MDAiOnsiSUQiOjExNTUwMCwidGl0bGUiOiJQYXMgZGUgbGxldHJlcy4gRXBpc29kaXMgYW1vcm9zb3MuIFRpcmFudCBsbyBCbGFuYyIsInR5cGUiOiJwZGYiLCJyZWFkeV9mdW5jdGlvbiI6IiIsImJvb2tfc3R5bGUiOiJ2b2x1bWUiLCJib29rX3RlbXBsYXRlIjoibm9uZSIsIm91dGxpbmUiOltdLCJkYXRhIjp7InBvc3RfSUQiOiIxMTU1MDEiLCJndWlkIjoiaHR0cDpcL1wvd2ViLmVkaXRvcmlhbHRlaWRlLmNvbVwvd3AtY29udGVudFwvdXBsb2Fkc1wvMjAxOVwvMDZcLzY4MTdfTU9TVFJBX1Bhc0xsZXRyZXMucGRmIiwicGRmX3BhZ2VzIjoiMTQiLCJwYWdlc19jdXN0b21pemF0aW9uIjoibm9uZSJ9LCJ0aHVtYm5haWwiOnsiZGF0YSI6eyJwb3N0X0lEIjoiMCJ9LCJ0eXBlIjoiYXV0byJ9LCJwcm9wcyI6eyJoZWlnaHQiOiJhdXRvIiwid2lkdGgiOiJhdXRvIiwiZ3Jhdml0eSI6ImF1dG8iLCJjYWNoZWRQYWdlcyI6ImF1dG8iLCJyZW5kZXJJbmFjdGl2ZVBhZ2VzIjoiYXV0byIsInJlbmRlckluYWN0aXZlUGFnZXNPbk1vYmlsZSI6ImF1dG8iLCJyZW5kZXJXaGlsZUZsaXBwaW5nIjoiYXV0byIsInBhZ2VzRm9yUHJlZGljdGluZyI6ImF1dG8iLCJwcmVsb2FkUGFnZXMiOiJhdXRvIiwicnRsIjoiYXV0byIsInNoZWV0Ijp7InN0YXJ0VmVsb2NpdHkiOiJhdXRvIiwiY29ybmVyRGV2aWF0aW9uIjoiYXV0byIsImZsZXhpYmlsaXR5IjoiYXV0byIsImZsZXhpYmxlQ29ybmVyIjoiYXV0byIsImJlbmRpbmciOiJhdXRvIiwid2F2ZSI6ImF1dG8iLCJ3aWR0aFRleGVscyI6ImF1dG8iLCJoZWlnaHRUZXhlbHMiOiJhdXRvIiwiY29sb3IiOiJhdXRvIn0sImNvdmVyIjp7InN0YXJ0VmVsb2NpdHkiOiJhdXRvIiwiZmxleGliaWxpdHkiOiJhdXRvIiwiZmxleGlibGVDb3JuZXIiOiJhdXRvIiwiYmVuZGluZyI6ImF1dG8iLCJ3YXZlIjoiYXV0byIsIndpZHRoVGV4ZWxzIjoiYXV0byIsImhlaWdodFRleGVscyI6ImF1dG8iLCJjb2xvciI6ImF1dG8iLCJiaW5kZXJUZXh0dXJlIjoiYXV0byIsImRlcHRoIjoiYXV0byIsInBhZGRpbmciOiJhdXRvIiwibWFzcyI6ImF1dG8ifSwicGFnZSI6eyJzdGFydFZlbG9jaXR5IjoiYXV0byIsImZsZXhpYmlsaXR5IjoiYXV0byIsImZsZXhpYmxlQ29ybmVyIjoiYXV0byIsImJlbmRpbmciOiJhdXRvIiwid2F2ZSI6ImF1dG8iLCJ3aWR0aFRleGVscyI6ImF1dG8iLCJoZWlnaHRUZXhlbHMiOiJhdXRvIiwiY29sb3IiOiJhdXRvIiwiZGVwdGgiOiJhdXRvIiwibWFzcyI6ImF1dG8ifX0sImNvbnRyb2xQcm9wcyI6eyJhY3Rpb25zIjp7ImNtZFNhdmUiOnsiZW5hYmxlZCI6ImF1dG8ifSwiY21kUHJpbnQiOnsiZW5hYmxlZCI6ImF1dG8ifSwiY21kU2luZ2xlUGFnZSI6eyJlbmFibGVkIjoiYXV0byIsImFjdGl2ZSI6ImF1dG8ifX19LCJhdXRvVGh1bWJuYWlsIjpudWxsLCJwb3N0X25hbWUiOiJwYXMtZGUtbGxldHJlcy1lcGlzb2Rpcy1hbW9yb3Nvcy10aXJhbnQtbG8tYmxhbmMiLCJwb3N0X3R5cGUiOiIzZC1mbGlwLWJvb2sifX0sInBhZ2VzIjpbXSwiZmlyc3RQYWdlcyI6W119');window.FB3D_CLIENT_LOCALE && FB3D_CLIENT_LOCALE.render && FB3D_CLIENT_LOCALE.render();<\/script><\/strong><\/span>[\/vc_column_text][\/vc_column][vc_column width=&#8221;1\/4&#8243;][vc_single_image image=&#8221;99961&#8243; img_size=&#8221;250&#215;250&#8243; alignment=&#8221;center&#8221;][\/vc_column][\/vc_row][vc_row][vc_column][vc_separator color=&#8221;custom&#8221; accent_color=&#8221;#dddddd&#8221;][vc_tta_accordion style=&#8221;modern&#8221; c_icon=&#8221;&#8221; active_section=&#8221;1&#8243; collapsible_all=&#8221;true&#8221;][vc_tta_section title=&#8221;T\u00edtols disponibles&#8221; tab_id=&#8221;1571664047553-2100d916-8dd4&#8243;][vc_row_inner][vc_column_inner width=&#8221;1\/6&#8243;][vc_single_image image=&#8221;108267&#8243; img_size=&#8221;135&#215;190&#8243; add_caption=&#8221;yes&#8221; alignment=&#8221;center&#8221; style=&#8221;vc_box_shadow_3d&#8221; onclick=&#8221;custom_link&#8221; link=&#8221;https:\/\/web.editorialteide.com\/ca\/producte\/tirant-lo-blanch-batxillerat\/&#8221;][vc_single_image image=&#8221;108279&#8243; img_size=&#8221;135&#215;190&#8243; add_caption=&#8221;yes&#8221; alignment=&#8221;center&#8221; style=&#8221;vc_box_shadow_3d&#8221; onclick=&#8221;custom_link&#8221; link=&#8221;https:\/\/web.editorialteide.com\/ca\/producte\/terra-baixa-batxillerat\/&#8221;][\/vc_column_inner][vc_column_inner width=&#8221;1\/6&#8243;][vc_single_image image=&#8221;108269&#8243; img_size=&#8221;135&#215;190&#8243; add_caption=&#8221;yes&#8221; alignment=&#8221;center&#8221; style=&#8221;vc_box_shadow_3d&#8221; onclick=&#8221;custom_link&#8221; link=&#8221;https:\/\/web.editorialteide.com\/ca\/producte\/curial-i-guelfa-batxillerat\/&#8221;][vc_single_image image=&#8221;108281&#8243; img_size=&#8221;135&#215;190&#8243; add_caption=&#8221;yes&#8221; alignment=&#8221;center&#8221; style=&#8221;vc_box_shadow_3d&#8221; onclick=&#8221;custom_link&#8221; link=&#8221;https:\/\/web.editorialteide.com\/ca\/producte\/lescanyapobres-batxillerat\/&#8221;][\/vc_column_inner][vc_column_inner width=&#8221;1\/6&#8243;][vc_single_image image=&#8221;108271&#8243; img_size=&#8221;135&#215;190&#8243; add_caption=&#8221;yes&#8221; alignment=&#8221;center&#8221; style=&#8221;vc_box_shadow_3d&#8221; onclick=&#8221;custom_link&#8221; link=&#8221;https:\/\/web.editorialteide.com\/ca\/producte\/el-llibre-de-les-besties-batx\/&#8221;][vc_single_image image=&#8221;83028&#8243; img_size=&#8221;135&#215;190&#8243; add_caption=&#8221;yes&#8221; alignment=&#8221;center&#8221; style=&#8221;vc_box_shadow_3d&#8221; onclick=&#8221;custom_link&#8221; link=&#8221;https:\/\/web.editorialteide.com\/ca\/producte\/tirant-lo-blanc-episodis-amorosos-batx\/&#8221;][\/vc_column_inner][vc_column_inner width=&#8221;1\/6&#8243;][vc_single_image image=&#8221;108273&#8243; img_size=&#8221;135&#215;190&#8243; add_caption=&#8221;yes&#8221; alignment=&#8221;center&#8221; style=&#8221;vc_box_shadow_3d&#8221; onclick=&#8221;custom_link&#8221; link=&#8221;https:\/\/web.editorialteide.com\/ca\/producte\/lirradiador-del-port-batxillerat\/&#8221;][\/vc_column_inner][vc_column_inner width=&#8221;1\/6&#8243;][vc_single_image image=&#8221;108275&#8243; img_size=&#8221;135&#215;190&#8243; add_caption=&#8221;yes&#8221; alignment=&#8221;center&#8221; style=&#8221;vc_box_shadow_3d&#8221; onclick=&#8221;custom_link&#8221; link=&#8221;https:\/\/web.editorialteide.com\/ca\/producte\/la-bogeria-batxillerat\/&#8221;][\/vc_column_inner][vc_column_inner width=&#8221;1\/6&#8243;][vc_single_image image=&#8221;108277&#8243; img_size=&#8221;135&#215;190&#8243; add_caption=&#8221;yes&#8221; alignment=&#8221;center&#8221; style=&#8221;vc_box_shadow_3d&#8221; onclick=&#8221;custom_link&#8221; link=&#8221;https:\/\/web.editorialteide.com\/ca\/producte\/disputa-de-lase-batxillerat\/&#8221;][\/vc_column_inner][\/vc_row_inner][\/vc_tta_section][\/vc_tta_accordion][\/vc_column][\/vc_row]<\/p>\n","protected":false},"excerpt":{"rendered":"<p>[vc_row equal_height=&#8221;yes&#8221;][vc_column width=&#8221;3\/4&#8243;][vc_column_text] Pas de Lletres \u00e9s una col\u00b7lecci\u00f3 adre\u00e7ada a l&#8217;alumnat i el professorat de Batxillerat, formada per una colla de t\u00edtols de la Literatura catalana decisius per a l&#8217;obtenci\u00f3 d&#8217;una compet\u00e8ncia liter\u00e0ria s\u00f2lida. La promoci\u00f3 de la lectura, en tots els seus g\u00e8neres, \u00e9s la finalitat b\u00e0sica de la col\u00b7lecci\u00f3 i alhora un &hellip; <a href=\"https:\/\/web.editorialteide.com\/ca\/batxillerat\/llengua-catalana-i-literatura\/col%c2%b7leccio-pas-de-lletres\/\">Llegir m\u00e9s<\/a><\/p>\n","protected":false},"author":3,"featured_media":0,"parent":86811,"menu_order":0,"comment_status":"closed","ping_status":"closed","template":"","meta":{"footnotes":"","_links_to":"","_links_to_target":""},"class_list":["post-86804","page","type-page","status-publish","hentry"],"_links":{"self":[{"href":"https:\/\/web.editorialteide.com\/ca\/wp-json\/wp\/v2\/pages\/86804","targetHints":{"allow":["GET"]}}],"collection":[{"href":"https:\/\/web.editorialteide.com\/ca\/wp-json\/wp\/v2\/pages"}],"about":[{"href":"https:\/\/web.editorialteide.com\/ca\/wp-json\/wp\/v2\/types\/page"}],"author":[{"embeddable":true,"href":"https:\/\/web.editorialteide.com\/ca\/wp-json\/wp\/v2\/users\/3"}],"replies":[{"embeddable":true,"href":"https:\/\/web.editorialteide.com\/ca\/wp-json\/wp\/v2\/comments?post=86804"}],"version-history":[{"count":10,"href":"https:\/\/web.editorialteide.com\/ca\/wp-json\/wp\/v2\/pages\/86804\/revisions"}],"predecessor-version":[{"id":164572,"href":"https:\/\/web.editorialteide.com\/ca\/wp-json\/wp\/v2\/pages\/86804\/revisions\/164572"}],"up":[{"embeddable":true,"href":"https:\/\/web.editorialteide.com\/ca\/wp-json\/wp\/v2\/pages\/86811"}],"wp:attachment":[{"href":"https:\/\/web.editorialteide.com\/ca\/wp-json\/wp\/v2\/media?parent=86804"}],"curies":[{"name":"wp","href":"https:\/\/api.w.org\/{rel}","templated":true}]}}