{"id":86805,"date":"2017-03-09T08:37:42","date_gmt":"2017-03-09T08:37:42","guid":{"rendered":"http:\/\/web.editorialteide.com\/batxillerat\/educacio-fisica\/"},"modified":"2021-10-26T15:52:29","modified_gmt":"2021-10-26T14:52:29","slug":"educacio-fisica","status":"publish","type":"page","link":"https:\/\/web.editorialteide.com\/ca\/batxillerat\/educacio-fisica\/","title":{"rendered":"EDUCACI\u00d3 F\u00cdSICA"},"content":{"rendered":"<p>[vc_row][vc_column][vc_tta_pageable][vc_tta_section title=&#8221;Secci\u00f3n 1&#8243; tab_id=&#8221;1558971346148-570d790b-4534&#8243;][vc_row_inner equal_height=&#8221;yes&#8221; gap=&#8221;10&#8243;][vc_column_inner width=&#8221;2\/3&#8243;][vc_column_text css=&#8221;.vc_custom_1635259894920{padding-right: 20px !important;padding-left: 20px !important;}&#8221;]<\/p>\n<h1><strong>\u00c0rea d&#8217;Educaci\u00f3 f\u00edsica de Batxillerat<\/strong><\/h1>\n<p>[\/vc_column_text][vc_column_text css=&#8221;.vc_custom_1635259865370{padding-right: 20px !important;padding-left: 20px !important;}&#8221;]<span style=\"font-size: 28px; color: #333333;\">MATERIAL DE L&#8217;ALUMNAT<\/span><\/p>\n<p><span style=\"font-size: 16px;\"><img loading=\"lazy\" decoding=\"async\" class=\"alignnone size-full wp-image-115265\" src=\"http:\/\/web.editorialteide.com\/wp-content\/uploads\/2019\/05\/baseline_local_library_black_18dp.png\" alt=\"\" width=\"18\" height=\"18\" \/> Un llibre de text per a un dels dos cursos del Batxillerat.<\/span><\/p>\n<p><span style=\"font-size: 16px;\">Els continguts d&#8217;aquest llibre es distribueixen en tres blocs basats en l&#8217;assoliment de les compet\u00e8ncies: <span style=\"color: #333333;\"><strong>salut i activitat f\u00edsica<\/strong><\/span>, el <span style=\"color: #333333;\"><strong>temps de<\/strong> <strong>lleure<\/strong><\/span> (l&#8217;activitat f\u00edsica recreativa, l&#8217;esport, l&#8217;expressi\u00f3 corporal, etc.) i <span style=\"color: #333333;\"><strong>continguts comuns<\/strong><\/span>.\u00a0<\/span>[\/vc_column_text][vc_column_text css=&#8221;.vc_custom_1635259876942{padding-right: 20px !important;padding-left: 20px !important;}&#8221;]<span style=\"font-size: 28px; color: #333333;\">RECURSOS DID\u00c0CTICS<\/span><\/p>\n<p><span style=\"font-size: 16px;\"><img loading=\"lazy\" decoding=\"async\" class=\"alignnone size-full wp-image-115270\" src=\"http:\/\/web.editorialteide.com\/wp-content\/uploads\/2019\/05\/baseline_library_books_black_18dp.png\" alt=\"\" width=\"18\" height=\"18\" \/> <span style=\"color: #333333;\"><strong>Projecte curricular<\/strong><\/span> amb la relaci\u00f3 entre els continguts del curr\u00edculum oficial i els continguts del llibre de Teide.<br \/>\nTamb\u00e9 inclou els criteris d\u2019avaluaci\u00f3, els est\u00e0ndards d\u2019aprenentatge i la proposta de r\u00fabriques.<\/span><\/p>\n<p><span style=\"font-size: 16px;\"><img loading=\"lazy\" decoding=\"async\" class=\"alignnone size-full wp-image-115271\" src=\"http:\/\/web.editorialteide.com\/wp-content\/uploads\/2019\/05\/baseline_playlist_add_check_black_18dp.png\" alt=\"\" width=\"18\" height=\"18\" \/> <span style=\"color: #333333;\"><strong>Solucionari<\/strong><\/span> del llibre de l\u2019alumnat.<\/span>[\/vc_column_text][\/vc_column_inner][vc_column_inner width=&#8221;1\/3&#8243; css=&#8221;.vc_custom_1635259942872{background-color: #dddddd !important;border-radius: 5px !important;}&#8221;][vc_single_image image=&#8221;52848&#8243; img_size=&#8221;190&#215;247&#8243; add_caption=&#8221;yes&#8221; alignment=&#8221;center&#8221; style=&#8221;vc_box_shadow_3d&#8221; onclick=&#8221;custom_link&#8221; link=&#8221;http:\/\/web.editorialteide.com\/\/ca\/producte\/impuls-educacio-fisica-1-batxillerat-2016\/&#8221;][vc_btn title=&#8221;CONTINGUTS&#8221; shape=&#8221;round&#8221; color=&#8221;inverse&#8221; size=&#8221;sm&#8221; align=&#8221;center&#8221; link=&#8221;url:http%3A%2F%2Frecursos.teide.eu%2Ff%2F7926c977e8%2F%3Fraw%3D1|target:_blank&#8221;][\/vc_column_inner][\/vc_row_inner][\/vc_tta_section][\/vc_tta_pageable][\/vc_column][\/vc_row]<\/p>\n","protected":false},"excerpt":{"rendered":"<p>[vc_row][vc_column][vc_tta_pageable][vc_tta_section title=&#8221;Secci\u00f3n 1&#8243; tab_id=&#8221;1558971346148-570d790b-4534&#8243;][vc_row_inner equal_height=&#8221;yes&#8221; gap=&#8221;10&#8243;][vc_column_inner width=&#8221;2\/3&#8243;][vc_column_text css=&#8221;.vc_custom_1635259894920{padding-right: 20px !important;padding-left: 20px !important;}&#8221;] \u00c0rea d&#8217;Educaci\u00f3 f\u00edsica de Batxillerat [\/vc_column_text][vc_column_text css=&#8221;.vc_custom_1635259865370{padding-right: 20px !important;padding-left: 20px !important;}&#8221;]MATERIAL DE L&#8217;ALUMNAT Un llibre de text per a un dels dos cursos del Batxillerat. Els continguts d&#8217;aquest llibre es distribueixen en tres blocs basats en l&#8217;assoliment de les compet\u00e8ncies: salut i activitat &hellip; <a href=\"https:\/\/web.editorialteide.com\/ca\/batxillerat\/educacio-fisica\/\">Llegir m\u00e9s<\/a><\/p>\n","protected":false},"author":3,"featured_media":0,"parent":2308,"menu_order":0,"comment_status":"closed","ping_status":"closed","template":"","meta":{"footnotes":"","_links_to":"","_links_to_target":""},"class_list":["post-86805","page","type-page","status-publish","hentry"],"_links":{"self":[{"href":"https:\/\/web.editorialteide.com\/ca\/wp-json\/wp\/v2\/pages\/86805","targetHints":{"allow":["GET"]}}],"collection":[{"href":"https:\/\/web.editorialteide.com\/ca\/wp-json\/wp\/v2\/pages"}],"about":[{"href":"https:\/\/web.editorialteide.com\/ca\/wp-json\/wp\/v2\/types\/page"}],"author":[{"embeddable":true,"href":"https:\/\/web.editorialteide.com\/ca\/wp-json\/wp\/v2\/users\/3"}],"replies":[{"embeddable":true,"href":"https:\/\/web.editorialteide.com\/ca\/wp-json\/wp\/v2\/comments?post=86805"}],"version-history":[{"count":3,"href":"https:\/\/web.editorialteide.com\/ca\/wp-json\/wp\/v2\/pages\/86805\/revisions"}],"predecessor-version":[{"id":158720,"href":"https:\/\/web.editorialteide.com\/ca\/wp-json\/wp\/v2\/pages\/86805\/revisions\/158720"}],"up":[{"embeddable":true,"href":"https:\/\/web.editorialteide.com\/ca\/wp-json\/wp\/v2\/pages\/2308"}],"wp:attachment":[{"href":"https:\/\/web.editorialteide.com\/ca\/wp-json\/wp\/v2\/media?parent=86805"}],"curies":[{"name":"wp","href":"https:\/\/api.w.org\/{rel}","templated":true}]}}