{"id":86808,"date":"2017-03-09T08:34:45","date_gmt":"2017-03-09T08:34:45","guid":{"rendered":"http:\/\/web.editorialteide.com\/batxillerat\/llati\/"},"modified":"2021-10-27T10:43:14","modified_gmt":"2021-10-27T09:43:14","slug":"llati","status":"publish","type":"page","link":"https:\/\/web.editorialteide.com\/ca\/batxillerat\/llati\/","title":{"rendered":"LLAT\u00cd"},"content":{"rendered":"<p>[vc_row][vc_column][vc_tta_pageable][vc_tta_section title=&#8221;Secci\u00f3n 1&#8243; tab_id=&#8221;1559304169306-c28b99d7-b718&#8243;][vc_row_inner equal_height=&#8221;yes&#8221; gap=&#8221;10&#8243;][vc_column_inner width=&#8221;1\/2&#8243;][vc_column_text css=&#8221;.vc_custom_1635327776991{padding-right: 20px !important;padding-left: 20px !important;}&#8221;]<\/p>\n<h1><strong>\u00c0rea de Llat\u00ed de Batxillerat<\/strong><\/h1>\n<p>[\/vc_column_text][vc_column_text css=&#8221;.vc_custom_1635327767209{padding-right: 20px !important;padding-left: 20px !important;}&#8221;]<span style=\"font-size: 28px; color: #333333;\">PRIMER I SEGON CURS<\/span><\/p>\n<p><span style=\"font-size: 24px; color: #333333;\">MATERIAL DE L&#8217;ALUMNE<\/span><\/p>\n<p style=\"text-align: justify;\"><span style=\"font-size: 16px;\"><img loading=\"lazy\" decoding=\"async\" class=\"alignnone size-full wp-image-115279\" src=\"http:\/\/web.editorialteide.com\/wp-content\/uploads\/2019\/05\/baseline_local_library_black_18dp-1.png\" alt=\"\" width=\"18\" height=\"18\" \/> Els manuals de <span style=\"color: #333333;\"><strong>Proemi. Llat\u00ed 1<\/strong><\/span> i <span style=\"color: #333333;\"><strong>Ep\u00edleg. Llat\u00ed 2<\/strong><\/span> es componen de nou unitats cadascun que al seu torn estan estructurades en diversos cap\u00edtols diferenciats sobre: <em>Cultura i hist\u00f2ria llatina;<\/em> G<em>ram\u00e0tica<\/em> i <em>Exercicis pr\u00e0ctics i de traducci\u00f3<\/em>.<\/span><\/p>\n<p><span style=\"font-size: 24px; color: #333333;\">RECURSOS DID\u00c0CTICS<\/span><\/p>\n<p><span style=\"font-size: 16px;\"><img loading=\"lazy\" decoding=\"async\" class=\"alignnone size-full wp-image-115283\" src=\"http:\/\/web.editorialteide.com\/wp-content\/uploads\/2019\/05\/baseline_playlist_add_check_black_18dp-1.png\" alt=\"\" width=\"18\" height=\"18\" \/> <strong>Solucionari<\/strong> dels llibres de l&#8217;alumne.<\/span>[\/vc_column_text][\/vc_column_inner][vc_column_inner width=&#8221;1\/4&#8243; css=&#8221;.vc_custom_1635327741325{background-color: #dddddd !important;border-radius: 5px !important;}&#8221;][vc_single_image image=&#8221;107561&#8243; img_size=&#8221;190&#215;247&#8243; add_caption=&#8221;yes&#8221; alignment=&#8221;center&#8221; style=&#8221;vc_box_shadow_3d&#8221; onclick=&#8221;custom_link&#8221; link=&#8221;http:\/\/web.editorialteide.com\/\/ca\/producte\/proemi-llati-1-batxillerat-2016\/&#8221;][vc_btn title=&#8221;CONTINGUTS&#8221; shape=&#8221;round&#8221; color=&#8221;inverse&#8221; size=&#8221;sm&#8221; align=&#8221;center&#8221; link=&#8221;url:http%3A%2F%2Frecursos.teide.eu%2Ff%2Fec39e41603%2F%3Fraw%3D1|target:_blank&#8221;][\/vc_column_inner][vc_column_inner width=&#8221;1\/4&#8243; css=&#8221;.vc_custom_1635327758429{background-color: #dddddd !important;border-radius: 5px !important;}&#8221;][vc_single_image image=&#8221;107595&#8243; img_size=&#8221;190&#215;247&#8243; add_caption=&#8221;yes&#8221; alignment=&#8221;center&#8221; style=&#8221;vc_box_shadow_3d&#8221; onclick=&#8221;custom_link&#8221; link=&#8221;http:\/\/web.editorialteide.com\/\/ca\/producte\/epileg-llati-2-batxillerat-2016\/&#8221;][vc_btn title=&#8221;CONTINGUTS&#8221; shape=&#8221;round&#8221; color=&#8221;inverse&#8221; size=&#8221;sm&#8221; align=&#8221;center&#8221; link=&#8221;url:http%3A%2F%2Frecursos.teide.eu%2Ff%2F96553e7111%2F%3Fraw%3D1|target:_blank&#8221;][\/vc_column_inner][\/vc_row_inner][\/vc_tta_section][\/vc_tta_pageable][\/vc_column][\/vc_row]<\/p>\n","protected":false},"excerpt":{"rendered":"<p>[vc_row][vc_column][vc_tta_pageable][vc_tta_section title=&#8221;Secci\u00f3n 1&#8243; tab_id=&#8221;1559304169306-c28b99d7-b718&#8243;][vc_row_inner equal_height=&#8221;yes&#8221; gap=&#8221;10&#8243;][vc_column_inner width=&#8221;1\/2&#8243;][vc_column_text css=&#8221;.vc_custom_1635327776991{padding-right: 20px !important;padding-left: 20px !important;}&#8221;] \u00c0rea de Llat\u00ed de Batxillerat [\/vc_column_text][vc_column_text css=&#8221;.vc_custom_1635327767209{padding-right: 20px !important;padding-left: 20px !important;}&#8221;]PRIMER I SEGON CURS MATERIAL DE L&#8217;ALUMNE Els manuals de Proemi. Llat\u00ed 1 i Ep\u00edleg. Llat\u00ed 2 es componen de nou unitats cadascun que al seu torn estan estructurades en diversos cap\u00edtols diferenciats &hellip; <a href=\"https:\/\/web.editorialteide.com\/ca\/batxillerat\/llati\/\">Llegir m\u00e9s<\/a><\/p>\n","protected":false},"author":3,"featured_media":0,"parent":2308,"menu_order":0,"comment_status":"closed","ping_status":"closed","template":"","meta":{"footnotes":"","_links_to":"","_links_to_target":""},"class_list":["post-86808","page","type-page","status-publish","hentry"],"_links":{"self":[{"href":"https:\/\/web.editorialteide.com\/ca\/wp-json\/wp\/v2\/pages\/86808","targetHints":{"allow":["GET"]}}],"collection":[{"href":"https:\/\/web.editorialteide.com\/ca\/wp-json\/wp\/v2\/pages"}],"about":[{"href":"https:\/\/web.editorialteide.com\/ca\/wp-json\/wp\/v2\/types\/page"}],"author":[{"embeddable":true,"href":"https:\/\/web.editorialteide.com\/ca\/wp-json\/wp\/v2\/users\/3"}],"replies":[{"embeddable":true,"href":"https:\/\/web.editorialteide.com\/ca\/wp-json\/wp\/v2\/comments?post=86808"}],"version-history":[{"count":5,"href":"https:\/\/web.editorialteide.com\/ca\/wp-json\/wp\/v2\/pages\/86808\/revisions"}],"predecessor-version":[{"id":158740,"href":"https:\/\/web.editorialteide.com\/ca\/wp-json\/wp\/v2\/pages\/86808\/revisions\/158740"}],"up":[{"embeddable":true,"href":"https:\/\/web.editorialteide.com\/ca\/wp-json\/wp\/v2\/pages\/2308"}],"wp:attachment":[{"href":"https:\/\/web.editorialteide.com\/ca\/wp-json\/wp\/v2\/media?parent=86808"}],"curies":[{"name":"wp","href":"https:\/\/api.w.org\/{rel}","templated":true}]}}