{"id":86809,"date":"2017-03-09T08:34:32","date_gmt":"2017-03-09T08:34:32","guid":{"rendered":"http:\/\/web.editorialteide.com\/batxillerat\/historia-del-mon-contemporani\/"},"modified":"2021-10-26T15:55:04","modified_gmt":"2021-10-26T14:55:04","slug":"historia-del-mon-contemporani","status":"publish","type":"page","link":"https:\/\/web.editorialteide.com\/ca\/batxillerat\/historia-del-mon-contemporani\/","title":{"rendered":"HIST\u00d2RIA"},"content":{"rendered":"<p>[vc_row][vc_column][vc_column_text]<\/p>\n<h1 style=\"text-align: center;\"><strong><span style=\"font-size: 28px;\">\u00c0rea d&#8217;Hist\u00f2ria de Batxillerat<\/span><\/strong><\/h1>\n<p>[\/vc_column_text][vc_tta_tabs style=&#8221;modern&#8221; color=&#8221;black&#8221; spacing=&#8221;25&#8243; gap=&#8221;25&#8243; alignment=&#8221;center&#8221; active_section=&#8221;1&#8243;][vc_tta_section title=&#8221;PRIMER CURS&#8221; tab_id=&#8221;1634656278166-4194a180-a3f5&#8243;][vc_row_inner equal_height=&#8221;yes&#8221; content_placement=&#8221;middle&#8221; gap=&#8221;10&#8243;][vc_column_inner width=&#8221;2\/3&#8243;][vc_column_text css=&#8221;.vc_custom_1635248768048{padding-right: 20px !important;padding-left: 20px !important;}&#8221;]<\/p>\n<p style=\"text-align: left;\"><span style=\"font-size: 20px; color: #333333;\">MATERIAL DE L&#8217;ALUMNE<\/span><\/p>\n<p style=\"text-align: justify;\"><img loading=\"lazy\" decoding=\"async\" class=\"alignnone size-full wp-image-115279\" style=\"color: #333333; font-size: 16px;\" src=\"http:\/\/web.editorialteide.com\/wp-content\/uploads\/2019\/05\/baseline_local_library_black_18dp-1.png\" alt=\"\" width=\"18\" height=\"18\" \/><span style=\"color: #333333; font-size: 16px;\"> El manual <\/span><strong style=\"color: #333333; font-size: 16px;\">Avant. Hist\u00f2ria del m\u00f3n contemporani<\/strong><span style=\"color: #333333; font-size: 16px;\">,\u00a0est\u00e0\u00a0dividit en quatre blocs: <\/span><em style=\"color: #333333; font-size: 16px;\">Or\u00edgens del m\u00f3n contemporani (fins al 1914<\/em><span style=\"color: #333333; font-size: 16px;\">), <\/span><em style=\"color: #333333; font-size: 16px;\">L&#8217;\u00c8poca de les guerres mundials (1914-1945)<\/em><span style=\"color: #333333; font-size: 16px;\">, <\/span><em style=\"color: #333333; font-size: 16px;\">El m\u00f3n\u00a0despr\u00e9s\u00a0de la\u00a0Segona Guerra Mundial\u00a0(1945-1989)<\/em><span style=\"color: #333333; font-size: 16px;\"> i <\/span><em style=\"color: #333333; font-size: 16px;\">Del segle XX al XXI (de 1991 a l&#8217;actualitat)<\/em><span style=\"color: #333333; font-size: 16px;\">. Cada bloc consta de diverses unitats i a cada una d&#8217;elles, a m\u00e9s de la informaci\u00f3 necess\u00e0ria trobem un dossier amb temes complementaris i un gran nombre de documents i activitats a m\u00e9s d&#8217;un glossari al final del llibre.<\/span><\/p>\n<p>[\/vc_column_text][vc_column_text css=&#8221;.vc_custom_1635248776336{padding-right: 20px !important;padding-left: 20px !important;}&#8221;]<\/p>\n<p style=\"text-align: left;\"><span style=\"font-size: 20px; color: #333333;\">RECURSOS DID\u00c0CTICS<\/span><\/p>\n<p style=\"text-align: justify;\"><span style=\"font-size: 16px;\"><img loading=\"lazy\" decoding=\"async\" class=\"alignnone size-full wp-image-115284\" src=\"http:\/\/web.editorialteide.com\/wp-content\/uploads\/2019\/05\/baseline_library_books_black_18dp-1.png\" alt=\"\" width=\"18\" height=\"18\" \/> <strong>Projecte curricular<\/strong> que inclou un quadre dividit per blocs amb els continguts, els criteris d&#8217;avaluaci\u00f3 i els est\u00e0ndards d&#8217;aprenentatge. S&#8217;inclou tamb\u00e9 una relaci\u00f3 dels continguts del curr\u00edculum oficial i els continguts del llibre de Teide dividits per unitats, aix\u00ed com la proposta de r\u00fabriques.<\/span><\/p>\n<p style=\"text-align: justify;\"><span style=\"font-size: 16px;\"><strong><img loading=\"lazy\" decoding=\"async\" class=\"alignnone size-full wp-image-115283\" src=\"http:\/\/web.editorialteide.com\/wp-content\/uploads\/2019\/05\/baseline_playlist_add_check_black_18dp-1.png\" alt=\"\" width=\"18\" height=\"18\" \/> Solucionari<\/strong> del llibre de l&#8217;alumne.<\/span><\/p>\n<p>[\/vc_column_text][\/vc_column_inner][vc_column_inner width=&#8221;1\/3&#8243; css=&#8221;.vc_custom_1635248689105{background-color: #dddddd !important;border-radius: 5px !important;}&#8221;][vc_single_image image=&#8221;107557&#8243; img_size=&#8221;190&#215;247&#8243; add_caption=&#8221;yes&#8221; alignment=&#8221;center&#8221; style=&#8221;vc_box_shadow_3d&#8221; onclick=&#8221;custom_link&#8221; link=&#8221;http:\/\/web.editorialteide.com\/\/ca\/producte\/avant-historia-del-mon-contemporani-batx-2016\/&#8221;][vc_btn title=&#8221;CONTINGUTS&#8221; shape=&#8221;round&#8221; color=&#8221;inverse&#8221; size=&#8221;sm&#8221; align=&#8221;center&#8221; link=&#8221;url:http%3A%2F%2Frecursos.teide.eu%2Ff%2F8b9896e8e2%2F%3Fraw%3D1|target:_blank&#8221;][\/vc_column_inner][\/vc_row_inner][\/vc_tta_section][vc_tta_section title=&#8221;SEGON CURS&#8221; tab_id=&#8221;1634656278178-50c78d12-8435&#8243;][vc_row_inner content_placement=&#8221;middle&#8221; gap=&#8221;10&#8243;][vc_column_inner width=&#8221;2\/3&#8243;][vc_column_text css=&#8221;.vc_custom_1635248794727{padding-right: 20px !important;padding-left: 20px !important;}&#8221;]<\/p>\n<p style=\"text-align: left;\"><span style=\"font-size: 20px; color: #333333;\">MATERIAL DE L&#8217;ALUMNE<\/span><\/p>\n<p style=\"text-align: justify;\"><span style=\"font-size: 16px; color: #333333;\"><img loading=\"lazy\" decoding=\"async\" class=\"alignnone size-full wp-image-115279\" src=\"http:\/\/web.editorialteide.com\/wp-content\/uploads\/2019\/05\/baseline_local_library_black_18dp-1.png\" alt=\"\" width=\"18\" height=\"18\" \/> El manual <strong>Roda. Hist\u00f2ria<\/strong>,\u00a0est\u00e0\u00a0dividit en quatre blocs: <em>Les arrels hist\u00f2riques<\/em>, <em>Liberalisme\u00a0i canvi econ\u00f2mic<\/em>, <em>Crisi, rep\u00fablica i guerra<\/em> i <em>Dictadura i democr\u00e0cia<\/em>. Els blocs consten dues unitats el primer i de quatre la resta. A cada unitat a m\u00e9s de la informaci\u00f3 necess\u00e0ria trobem un dossier amb temes complementaris i un gran nombre de documents i activitats. Abans de la unitat introduct\u00f2ria s&#8217;ha incl\u00f2s un apartat dedicat a les fonts hist\u00f2riques, que ser\u00e0 molt \u00fatil als alumnes per preparar la prova d&#8217;acc\u00e9s a la universitat a m\u00e9s d&#8217;un glossari al final del llibre.<\/span><\/p>\n<p>[\/vc_column_text][vc_column_text css=&#8221;.vc_custom_1635248802806{padding-right: 20px !important;padding-left: 20px !important;}&#8221;]<\/p>\n<p style=\"text-align: left;\"><span style=\"font-size: 20px; color: #333333;\">RECURSOS DID\u00c0CTICS<\/span><\/p>\n<p style=\"text-align: justify;\"><span style=\"font-size: 16px;\"><img loading=\"lazy\" decoding=\"async\" class=\"alignnone size-full wp-image-115284\" src=\"http:\/\/web.editorialteide.com\/wp-content\/uploads\/2019\/05\/baseline_library_books_black_18dp-1.png\" alt=\"\" width=\"18\" height=\"18\" \/> <strong>Projecte curricular<\/strong> que inclou un quadre dividit per blocs amb els continguts, els criteris d&#8217;avaluaci\u00f3 i els est\u00e0ndards d&#8217;aprenentatge. S&#8217;inclou tamb\u00e9 una relaci\u00f3 dels continguts del curr\u00edculum oficial i els continguts del llibre de Teide dividits per unitats, aix\u00ed com la proposta de r\u00fabriques.<\/span><\/p>\n<p style=\"text-align: justify;\"><span style=\"font-size: 16px;\"><strong><img loading=\"lazy\" decoding=\"async\" class=\"alignnone size-full wp-image-115283\" src=\"http:\/\/web.editorialteide.com\/wp-content\/uploads\/2019\/05\/baseline_playlist_add_check_black_18dp-1.png\" alt=\"\" width=\"18\" height=\"18\" \/> Solucionari<\/strong> del llibre de l&#8217;alumne.<\/span><\/p>\n<p>[\/vc_column_text][\/vc_column_inner][vc_column_inner width=&#8221;1\/3&#8243; css=&#8221;.vc_custom_1635248728545{background-color: #dddddd !important;border-radius: 5px !important;}&#8221;][vc_single_image image=&#8221;107575&#8243; img_size=&#8221;190&#215;247&#8243; add_caption=&#8221;yes&#8221; alignment=&#8221;center&#8221; style=&#8221;vc_box_shadow_3d&#8221; onclick=&#8221;custom_link&#8221; link=&#8221;http:\/\/web.editorialteide.com\/\/ca\/producte\/roda-historia-2-batxillerat-cat2016\/&#8221;][vc_btn title=&#8221;CONTINGUTS&#8221; shape=&#8221;round&#8221; color=&#8221;inverse&#8221; size=&#8221;sm&#8221; align=&#8221;center&#8221; link=&#8221;url:http%3A%2F%2Frecursos.teide.eu%2Ff%2Fa82140571c%2F%3Fraw%3D1|target:_blank&#8221;][\/vc_column_inner][\/vc_row_inner][\/vc_tta_section][\/vc_tta_tabs][vc_empty_space][\/vc_column][\/vc_row]<\/p>\n","protected":false},"excerpt":{"rendered":"<p>[vc_row][vc_column][vc_column_text] \u00c0rea d&#8217;Hist\u00f2ria de Batxillerat [\/vc_column_text][vc_tta_tabs style=&#8221;modern&#8221; color=&#8221;black&#8221; spacing=&#8221;25&#8243; gap=&#8221;25&#8243; alignment=&#8221;center&#8221; active_section=&#8221;1&#8243;][vc_tta_section title=&#8221;PRIMER CURS&#8221; tab_id=&#8221;1634656278166-4194a180-a3f5&#8243;][vc_row_inner equal_height=&#8221;yes&#8221; content_placement=&#8221;middle&#8221; gap=&#8221;10&#8243;][vc_column_inner width=&#8221;2\/3&#8243;][vc_column_text css=&#8221;.vc_custom_1635248768048{padding-right: 20px !important;padding-left: 20px !important;}&#8221;] MATERIAL DE L&#8217;ALUMNE El manual Avant. Hist\u00f2ria del m\u00f3n contemporani,\u00a0est\u00e0\u00a0dividit en quatre blocs: Or\u00edgens del m\u00f3n contemporani (fins al 1914), L&#8217;\u00c8poca de les guerres mundials (1914-1945), El m\u00f3n\u00a0despr\u00e9s\u00a0de la\u00a0Segona Guerra Mundial\u00a0(1945-1989) &hellip; <a href=\"https:\/\/web.editorialteide.com\/ca\/batxillerat\/historia-del-mon-contemporani\/\">Llegir m\u00e9s<\/a><\/p>\n","protected":false},"author":3,"featured_media":0,"parent":2308,"menu_order":0,"comment_status":"closed","ping_status":"closed","template":"","meta":{"footnotes":"","_links_to":"","_links_to_target":""},"class_list":["post-86809","page","type-page","status-publish","hentry"],"_links":{"self":[{"href":"https:\/\/web.editorialteide.com\/ca\/wp-json\/wp\/v2\/pages\/86809","targetHints":{"allow":["GET"]}}],"collection":[{"href":"https:\/\/web.editorialteide.com\/ca\/wp-json\/wp\/v2\/pages"}],"about":[{"href":"https:\/\/web.editorialteide.com\/ca\/wp-json\/wp\/v2\/types\/page"}],"author":[{"embeddable":true,"href":"https:\/\/web.editorialteide.com\/ca\/wp-json\/wp\/v2\/users\/3"}],"replies":[{"embeddable":true,"href":"https:\/\/web.editorialteide.com\/ca\/wp-json\/wp\/v2\/comments?post=86809"}],"version-history":[{"count":9,"href":"https:\/\/web.editorialteide.com\/ca\/wp-json\/wp\/v2\/pages\/86809\/revisions"}],"predecessor-version":[{"id":158722,"href":"https:\/\/web.editorialteide.com\/ca\/wp-json\/wp\/v2\/pages\/86809\/revisions\/158722"}],"up":[{"embeddable":true,"href":"https:\/\/web.editorialteide.com\/ca\/wp-json\/wp\/v2\/pages\/2308"}],"wp:attachment":[{"href":"https:\/\/web.editorialteide.com\/ca\/wp-json\/wp\/v2\/media?parent=86809"}],"curies":[{"name":"wp","href":"https:\/\/api.w.org\/{rel}","templated":true}]}}