{"id":86818,"date":"2017-03-09T07:59:56","date_gmt":"2017-03-09T06:59:56","guid":{"rendered":"http:\/\/web.editorialteide.com\/llati\/"},"modified":"2021-10-22T12:22:48","modified_gmt":"2021-10-22T11:22:48","slug":"llati","status":"publish","type":"page","link":"https:\/\/web.editorialteide.com\/ca\/eso\/llati\/","title":{"rendered":"LLAT\u00cd"},"content":{"rendered":"<p>[vc_row][vc_column][vc_tta_pageable no_fill_content_area=&#8221;1&#8243; active_section=&#8221;1&#8243; pagination_style=&#8221;&#8221;][vc_tta_section title=&#8221;Secci\u00f3n 1&#8243; tab_id=&#8221;1560957325597-caf35abf-46fd&#8221;][vc_column_text]<\/p>\n<h1><strong>\u00c0rea de Llat\u00ed de l&#8217;ESO<\/strong><\/h1>\n<p>[\/vc_column_text][vc_row_inner equal_height=&#8221;yes&#8221; content_placement=&#8221;middle&#8221; css=&#8221;.vc_custom_1634740377590{padding-right: 25px !important;padding-left: 25px !important;background-color: #dddddd !important;}&#8221;][vc_column_inner width=&#8221;2\/3&#8243;][vc_column_text]<\/p>\n<p style=\"text-align: left;\"><span style=\"font-size: 28px;\">MATERIAL DE L&#8217;ALUMNAT<\/span><\/p>\n<p style=\"text-align: justify;\"><span style=\"font-size: 12pt;\"><img loading=\"lazy\" decoding=\"async\" class=\"alignnone size-full wp-image-116682\" src=\"http:\/\/web.editorialteide.com\/wp-content\/uploads\/2019\/06\/round_local_library_black_18dp-1.png\" alt=\"\" width=\"18\" height=\"18\" \/>Un<span style=\"color: #333333;\"><strong> llibre de text<\/strong><\/span> per al quart curs de l\u2019ESO<\/span><span style=\"font-size: 12pt;\">.<\/span><\/p>\n<p style=\"text-align: justify;\"><span style=\"font-size: 16px;\">El llibre est\u00e0 compost de nou unitats estructurades en diversos blocs en els quals es tracten i treballen temes de cultura i hist\u00f2ria llatina, gram\u00e0tica i exercicis pr\u00e0ctics i de traducci\u00f3.<\/span><\/p>\n<p style=\"text-align: justify;\"><span style=\"color: #333333; font-size: 20px;\"><img loading=\"lazy\" decoding=\"async\" class=\"alignnone size-full wp-image-116683\" src=\"http:\/\/web.editorialteide.com\/wp-content\/uploads\/2019\/06\/round_open_in_new_black_18dp.png\" alt=\"\" width=\"18\" height=\"18\" \/> <a style=\"color: #333333;\" href=\"http:\/\/www.weeras.com\/ebook\/html5\/?editorial_guid=c800259a-e103-4039-8f31-c23d12543ced&amp;book_guid=ea2b7672-de1f-4a80-bb38-bb7ceceba7e9\" target=\"_blank\" rel=\"noopener noreferrer\"><strong>Projecte digital.<\/strong> Unitat de mostra<\/a><\/span><\/p>\n<p>[\/vc_column_text][vc_column_text]<\/p>\n<p style=\"text-align: justify;\"><span style=\"font-size: 28px;\">RECURSOS DID\u00c0CTICS<\/span><\/p>\n<p style=\"text-align: justify;\"><span style=\"font-size: 12pt;\"><img loading=\"lazy\" decoding=\"async\" class=\"alignnone size-full wp-image-116680\" src=\"http:\/\/web.editorialteide.com\/wp-content\/uploads\/2019\/06\/round_library_books_black_18dp.png\" alt=\"\" width=\"18\" height=\"18\" \/> <span style=\"color: #333333;\"><strong>Projecte curricular<\/strong><\/span> per blocs en qu\u00e8 s\u2019exposen els continguts clau, els criteris d\u2019avaluaci\u00f3 i els est\u00e0ndards d\u2019aprenentatge. Quadre per unitats dels continguts del curr\u00edculum oficial i dels continguts de l\u2019Editorial Teide. Tamb\u00e9 inclou la proposta de r\u00fabriques.<\/span><\/p>\n<p style=\"text-align: justify;\"><span style=\"font-size: 12pt;\"><img loading=\"lazy\" decoding=\"async\" class=\"alignnone size-full wp-image-115271\" src=\"http:\/\/web.editorialteide.com\/wp-content\/uploads\/2019\/05\/baseline_playlist_add_check_black_18dp.png\" alt=\"\" width=\"18\" height=\"18\" \/><span style=\"color: #333333;\"><strong> Solucionari<\/strong> <\/span>de les activitats del llibre de l\u2019alumne.<\/span><\/p>\n<p>[\/vc_column_text][\/vc_column_inner][vc_column_inner width=&#8221;1\/3&#8243;][vc_single_image image=&#8221;109747&#8243; img_size=&#8221;190&#215;247&#8243; add_caption=&#8221;yes&#8221; alignment=&#8221;center&#8221; style=&#8221;vc_box_shadow_3d&#8221; onclick=&#8221;custom_link&#8221; css_animation=&#8221;none&#8221; link=&#8221;http:\/\/web.editorialteide.com\/\/ca\/producte\/llati-4-eso-cat2016\/&#8221; css=&#8221;.vc_custom_1634740346223{padding-top: 20px !important;}&#8221;][vc_btn title=&#8221;CONTINGUTS&#8221; shape=&#8221;round&#8221; color=&#8221;inverse&#8221; size=&#8221;sm&#8221; align=&#8221;center&#8221; link=&#8221;url:http%3A%2F%2Frecursos.teide.eu%2Ff%2Ffdb5edcdd8%2F%3Fraw%3D1|target:_blank&#8221;][\/vc_column_inner][\/vc_row_inner][\/vc_tta_section][\/vc_tta_pageable][\/vc_column][\/vc_row]<\/p>\n","protected":false},"excerpt":{"rendered":"<p>[vc_row][vc_column][vc_tta_pageable no_fill_content_area=&#8221;1&#8243; active_section=&#8221;1&#8243; pagination_style=&#8221;&#8221;][vc_tta_section title=&#8221;Secci\u00f3n 1&#8243; tab_id=&#8221;1560957325597-caf35abf-46fd&#8221;][vc_column_text] \u00c0rea de Llat\u00ed de l&#8217;ESO [\/vc_column_text][vc_row_inner equal_height=&#8221;yes&#8221; content_placement=&#8221;middle&#8221; css=&#8221;.vc_custom_1634740377590{padding-right: 25px !important;padding-left: 25px !important;background-color: #dddddd !important;}&#8221;][vc_column_inner width=&#8221;2\/3&#8243;][vc_column_text] MATERIAL DE L&#8217;ALUMNAT Un llibre de text per al quart curs de l\u2019ESO. El llibre est\u00e0 compost de nou unitats estructurades en diversos blocs en els quals es tracten i treballen temes &hellip; <a href=\"https:\/\/web.editorialteide.com\/ca\/eso\/llati\/\">Llegir m\u00e9s<\/a><\/p>\n","protected":false},"author":3,"featured_media":0,"parent":14,"menu_order":0,"comment_status":"closed","ping_status":"closed","template":"","meta":{"footnotes":"","_links_to":"","_links_to_target":""},"class_list":["post-86818","page","type-page","status-publish","hentry"],"_links":{"self":[{"href":"https:\/\/web.editorialteide.com\/ca\/wp-json\/wp\/v2\/pages\/86818","targetHints":{"allow":["GET"]}}],"collection":[{"href":"https:\/\/web.editorialteide.com\/ca\/wp-json\/wp\/v2\/pages"}],"about":[{"href":"https:\/\/web.editorialteide.com\/ca\/wp-json\/wp\/v2\/types\/page"}],"author":[{"embeddable":true,"href":"https:\/\/web.editorialteide.com\/ca\/wp-json\/wp\/v2\/users\/3"}],"replies":[{"embeddable":true,"href":"https:\/\/web.editorialteide.com\/ca\/wp-json\/wp\/v2\/comments?post=86818"}],"version-history":[{"count":5,"href":"https:\/\/web.editorialteide.com\/ca\/wp-json\/wp\/v2\/pages\/86818\/revisions"}],"predecessor-version":[{"id":158550,"href":"https:\/\/web.editorialteide.com\/ca\/wp-json\/wp\/v2\/pages\/86818\/revisions\/158550"}],"up":[{"embeddable":true,"href":"https:\/\/web.editorialteide.com\/ca\/wp-json\/wp\/v2\/pages\/14"}],"wp:attachment":[{"href":"https:\/\/web.editorialteide.com\/ca\/wp-json\/wp\/v2\/media?parent=86818"}],"curies":[{"name":"wp","href":"https:\/\/api.w.org\/{rel}","templated":true}]}}