{"id":86826,"date":"2016-04-07T09:43:07","date_gmt":"2016-04-07T07:43:07","guid":{"rendered":"http:\/\/web.editorialteide.com\/educacio-primaria\/lectures\/"},"modified":"2022-02-25T14:22:34","modified_gmt":"2022-02-25T13:22:34","slug":"lectures-cicle-inicial","status":"publish","type":"page","link":"https:\/\/web.editorialteide.com\/ca\/educacio-primaria\/lectures-cicle-inicial\/","title":{"rendered":"LECTURES DE CICLE INICIAL"},"content":{"rendered":"<p>[vc_row][vc_column][vc_row_inner][vc_column_inner width=&#8221;3\/4&#8243;][vc_column_text]<\/p>\n<p style=\"text-align: justify;\"><span style=\"font-size: 16px; color: #333333;\"><span style=\"font-size: 20px;\"><strong>Ja llegim!<\/strong><\/span>\u00a0\u00e9s una selecci\u00f3 de contes cl\u00e0ssics adaptats en extensi\u00f3 i vocabulari a l\u2019alumnat del Cicle Inicial de l&#8217;Educaci\u00f3 Prim\u00e0ria.<\/span><\/p>\n<p style=\"text-align: justify;\"><span style=\"font-size: 16px; color: #333333;\">En l\u2019elecci\u00f3 dels t\u00edtols i en la seva adaptaci\u00f3 s\u2019han seguit uns criteris de <strong>lectura f\u00e0cil<\/strong>, que recomanen, entre altres aspectes, narrar els fets en ordre cronol\u00f2gic, donar una continu\u00eftat l\u00f2gica a l\u2019acci\u00f3, utilitzar un tipus de lletra de gran format, aix\u00ed com marges i interlineats generosos, i acompanyar el text d\u2019abundants il\u00b7lustracions.<\/span><\/p>\n<p style=\"text-align: justify;\"><span style=\"font-size: 16px; color: #333333;\">La col\u00b7lecci\u00f3 est\u00e0 estructurada en tres nivells de dificultat, en un plantejament flexible que s\u2019adapta a les diverses necessitats dels centres, de l\u2019aula i de l\u2019alumnat.<\/span><\/p>\n<p style=\"text-align: justify;\"><span style=\"font-size: 16px; color: #333333;\">Cadascuna de les obres de la col\u00b7lecci\u00f3 <em>Ja Llegim<\/em> disposa d&#8217;un complet <strong>pla lector<\/strong> que facilita el treball dels professors amb els nostre materials.\u00a0<\/span><\/p>\n<p>[\/vc_column_text][vc_btn title=&#8221;CAT\u00c0LEG&#8221; shape=&#8221;round&#8221; color=&#8221;inverse&#8221; size=&#8221;sm&#8221; align=&#8221;left&#8221; link=&#8221;url:http%3A%2F%2Frecursos.teide.eu%2Ff%2F5141a5183e%2F%3Fraw%3D1|target:_blank&#8221;][\/vc_column_inner][vc_column_inner width=&#8221;1\/4&#8243;][vc_cta h2=&#8221;&#8221; h2_font_container=&#8221;tag:h2|text_align:left&#8221; txt_align=&#8221;center&#8221; style=&#8221;flat&#8221; color=&#8221;white&#8221; use_custom_fonts_h2=&#8221;true&#8221; css=&#8221;.vc_custom_1645795147114{background-image: url(https:\/\/web.editorialteide.com\/wp-content\/uploads\/2022\/02\/Diseno-sin-titulo-1024&#215;493-2.png?id=160077) !important;background-position: center !important;background-repeat: no-repeat !important;background-size: contain !important;}&#8221;]<\/p>\n<p style=\"text-align: center;\"><span style=\"color: #6b6767;\"><strong><span style=\"font-size: 20px;\">Mostra<\/span><\/strong><\/span><\/p>\n<p style=\"text-align: center;\"><div class=\"_3d-flip-book  fb3d-thumbnail-lightbox-mode\" data-id=\"115452\" data-mode=\"thumbnail-lightbox\" data-title=\"false\" data-template=\"short-white-book-view\" data-lightbox=\"dark\" data-urlparam=\"fb3d-page\" data-page-n=\"0\" data-pdf=\"\" data-tax=\"null\" data-thumbnail=\"\" data-cols=\"3\" data-book-template=\"default\" data-trigger=\"\"><\/div><script type=\"text\/javascript\">window.FB3D_CLIENT_DATA = window.FB3D_CLIENT_DATA || [];FB3D_CLIENT_DATA.push('eyJwb3N0cyI6eyIxMTU0NTIiOnsiSUQiOjExNTQ1MiwidGl0bGUiOiJKYSBMbGVnaW0uIEVsZWZhbnQiLCJ0eXBlIjoicGRmIiwicmVhZHlfZnVuY3Rpb24iOiIiLCJib29rX3N0eWxlIjoidm9sdW1lIiwiYm9va190ZW1wbGF0ZSI6Im5vbmUiLCJvdXRsaW5lIjpbXSwiZGF0YSI6eyJwb3N0X0lEIjoiMTE1NDU1IiwiZ3VpZCI6Imh0dHA6XC9cL3dlYi5lZGl0b3JpYWx0ZWlkZS5jb21cL3dwLWNvbnRlbnRcL3VwbG9hZHNcLzIwMTlcLzA2XC82NDIwX01PU1RSQV9KYUxsZWdpbS0xLnBkZiIsInBkZl9wYWdlcyI6IjgiLCJwYWdlc19jdXN0b21pemF0aW9uIjoibm9uZSJ9LCJ0aHVtYm5haWwiOnsiZGF0YSI6eyJwb3N0X0lEIjoiMCJ9LCJ0eXBlIjoiYXV0byJ9LCJwcm9wcyI6eyJoZWlnaHQiOiJhdXRvIiwid2lkdGgiOiJhdXRvIiwiZ3Jhdml0eSI6ImF1dG8iLCJjYWNoZWRQYWdlcyI6ImF1dG8iLCJyZW5kZXJJbmFjdGl2ZVBhZ2VzIjoiYXV0byIsInJlbmRlckluYWN0aXZlUGFnZXNPbk1vYmlsZSI6ImF1dG8iLCJyZW5kZXJXaGlsZUZsaXBwaW5nIjoiYXV0byIsInBhZ2VzRm9yUHJlZGljdGluZyI6ImF1dG8iLCJwcmVsb2FkUGFnZXMiOiJhdXRvIiwicnRsIjoiYXV0byIsInNoZWV0Ijp7InN0YXJ0VmVsb2NpdHkiOiJhdXRvIiwiY29ybmVyRGV2aWF0aW9uIjoiYXV0byIsImZsZXhpYmlsaXR5IjoiYXV0byIsImZsZXhpYmxlQ29ybmVyIjoiYXV0byIsImJlbmRpbmciOiJhdXRvIiwid2F2ZSI6ImF1dG8iLCJ3aWR0aFRleGVscyI6ImF1dG8iLCJoZWlnaHRUZXhlbHMiOiJhdXRvIiwiY29sb3IiOiJhdXRvIn0sImNvdmVyIjp7InN0YXJ0VmVsb2NpdHkiOiJhdXRvIiwiZmxleGliaWxpdHkiOiJhdXRvIiwiZmxleGlibGVDb3JuZXIiOiJhdXRvIiwiYmVuZGluZyI6ImF1dG8iLCJ3YXZlIjoiYXV0byIsIndpZHRoVGV4ZWxzIjoiYXV0byIsImhlaWdodFRleGVscyI6ImF1dG8iLCJjb2xvciI6ImF1dG8iLCJiaW5kZXJUZXh0dXJlIjoiYXV0byIsImRlcHRoIjoiYXV0byIsInBhZGRpbmciOiJhdXRvIiwibWFzcyI6ImF1dG8ifSwicGFnZSI6eyJzdGFydFZlbG9jaXR5IjoiYXV0byIsImZsZXhpYmlsaXR5IjoiYXV0byIsImZsZXhpYmxlQ29ybmVyIjoiYXV0byIsImJlbmRpbmciOiJhdXRvIiwid2F2ZSI6ImF1dG8iLCJ3aWR0aFRleGVscyI6ImF1dG8iLCJoZWlnaHRUZXhlbHMiOiJhdXRvIiwiY29sb3IiOiJhdXRvIiwiZGVwdGgiOiJhdXRvIiwibWFzcyI6ImF1dG8ifX0sImNvbnRyb2xQcm9wcyI6eyJhY3Rpb25zIjp7ImNtZFNhdmUiOnsiZW5hYmxlZCI6ImF1dG8ifSwiY21kUHJpbnQiOnsiZW5hYmxlZCI6ImF1dG8ifSwiY21kU2luZ2xlUGFnZSI6eyJlbmFibGVkIjoiYXV0byIsImFjdGl2ZSI6ImF1dG8ifX19LCJhdXRvVGh1bWJuYWlsIjpudWxsLCJwb3N0X25hbWUiOiI2NDIwLWphLWxsZWdpbS1lbGVmYW50IiwicG9zdF90eXBlIjoiM2QtZmxpcC1ib29rIn19LCJwYWdlcyI6W10sImZpcnN0UGFnZXMiOltdfQ==');window.FB3D_CLIENT_LOCALE && FB3D_CLIENT_LOCALE.render && FB3D_CLIENT_LOCALE.render();<\/script><\/p>\n<p>[\/vc_cta][\/vc_column_inner][\/vc_row_inner][vc_empty_space height=&#8221;12px&#8221;][\/vc_column][\/vc_row][vc_row][vc_column][vc_separator color=&#8221;custom&#8221; accent_color=&#8221;#757575&#8243;][vc_tta_tabs style=&#8221;modern&#8221; color=&#8221;pink&#8221; spacing=&#8221;20&#8243; gap=&#8221;20&#8243; alignment=&#8221;center&#8221; active_section=&#8221;1&#8243; title=&#8221;Col\u00b7lecci\u00f3 Ja Llegim!&#8221;][vc_tta_section title=&#8221;PRIMER NIVELL&#8221; tab_id=&#8221;1623750242904-46d9f41d-5018&#8243;][vc_row_inner][vc_column_inner width=&#8221;1\/6&#8243;][vc_single_image image=&#8221;108019&#8243; img_size=&#8221;160&#215;190&#8243; add_caption=&#8221;yes&#8221; alignment=&#8221;center&#8221; style=&#8221;vc_box_shadow_3d&#8221; onclick=&#8221;custom_link&#8221; link=&#8221;https:\/\/web.editorialteide.com\/ca\/producte\/com-va-aconseguir-lelefant-la-trompa\/&#8221;][\/vc_column_inner][vc_column_inner width=&#8221;1\/6&#8243;][vc_single_image image=&#8221;108023&#8243; img_size=&#8221;160&#215;190&#8243; add_caption=&#8221;yes&#8221; alignment=&#8221;center&#8221; style=&#8221;vc_box_shadow_3d&#8221; onclick=&#8221;custom_link&#8221; link=&#8221;https:\/\/web.editorialteide.com\/ca\/producte\/en-patufet\/&#8221;][\/vc_column_inner][vc_column_inner width=&#8221;1\/6&#8243;][vc_single_image image=&#8221;108027&#8243; img_size=&#8221;160&#215;190&#8243; add_caption=&#8221;yes&#8221; alignment=&#8221;center&#8221; style=&#8221;vc_box_shadow_3d&#8221; onclick=&#8221;custom_link&#8221; link=&#8221;https:\/\/web.editorialteide.com\/ca\/producte\/el-castell-de-les-set-torres\/&#8221;][\/vc_column_inner][vc_column_inner width=&#8221;1\/6&#8243;][vc_single_image image=&#8221;108055&#8243; img_size=&#8221;160&#215;190&#8243; add_caption=&#8221;yes&#8221; alignment=&#8221;center&#8221; style=&#8221;vc_box_shadow_3d&#8221; onclick=&#8221;custom_link&#8221; link=&#8221;https:\/\/web.editorialteide.com\/ca\/producte\/el-flautista-dhamelin\/&#8221;][\/vc_column_inner][vc_column_inner width=&#8221;1\/6&#8243;][vc_single_image image=&#8221;108067&#8243; img_size=&#8221;160&#215;190&#8243; add_caption=&#8221;yes&#8221; alignment=&#8221;center&#8221; style=&#8221;vc_box_shadow_3d&#8221; onclick=&#8221;custom_link&#8221; link=&#8221;https:\/\/web.editorialteide.com\/ca\/producte\/com-va-aconseguir-la-balena-la-gola\/&#8221;][\/vc_column_inner][vc_column_inner width=&#8221;1\/6&#8243;][vc_single_image image=&#8221;108071&#8243; img_size=&#8221;160&#215;190&#8243; add_caption=&#8221;yes&#8221; alignment=&#8221;center&#8221; style=&#8221;vc_box_shadow_3d&#8221; onclick=&#8221;custom_link&#8221; link=&#8221;https:\/\/web.editorialteide.com\/ca\/producte\/el-ratoli-de-la-ciutat-i-el-ratoli-del-camp\/&#8221;][\/vc_column_inner][\/vc_row_inner][\/vc_tta_section][vc_tta_section title=&#8221;SEGON NIVELL&#8221; tab_id=&#8221;1623750242925-db0b21d9-ca04&#8243;][vc_row_inner][vc_column_inner width=&#8221;1\/6&#8243;][vc_single_image image=&#8221;108035&#8243; img_size=&#8221;160&#215;190&#8243; add_caption=&#8221;yes&#8221; alignment=&#8221;center&#8221; style=&#8221;vc_box_shadow_3d&#8221; onclick=&#8221;custom_link&#8221; link=&#8221;https:\/\/web.editorialteide.com\/ca\/producte\/en-joan-sense-por\/&#8221;][\/vc_column_inner][vc_column_inner width=&#8221;1\/6&#8243;][vc_single_image image=&#8221;108031&#8243; img_size=&#8221;160&#215;190&#8243; add_caption=&#8221;yes&#8221; alignment=&#8221;center&#8221; style=&#8221;vc_box_shadow_3d&#8221; onclick=&#8221;custom_link&#8221; link=&#8221;https:\/\/web.editorialteide.com\/ca\/producte\/heidi-catala\/&#8221;][\/vc_column_inner][vc_column_inner width=&#8221;1\/6&#8243;][vc_single_image image=&#8221;108039&#8243; img_size=&#8221;160&#215;190&#8243; add_caption=&#8221;yes&#8221; alignment=&#8221;center&#8221; style=&#8221;vc_box_shadow_3d&#8221; onclick=&#8221;custom_link&#8221; link=&#8221;https:\/\/web.editorialteide.com\/ca\/producte\/urashima-taro-catala\/&#8221;][\/vc_column_inner][vc_column_inner width=&#8221;1\/6&#8243;][vc_single_image image=&#8221;108059&#8243; img_size=&#8221;160&#215;190&#8243; add_caption=&#8221;yes&#8221; alignment=&#8221;center&#8221; style=&#8221;vc_box_shadow_3d&#8221; onclick=&#8221;custom_link&#8221; link=&#8221;https:\/\/web.editorialteide.com\/ca\/producte\/el-gat-amb-botes\/&#8221;][\/vc_column_inner][vc_column_inner width=&#8221;1\/6&#8243;][vc_single_image image=&#8221;108075&#8243; img_size=&#8221;160&#215;190&#8243; add_caption=&#8221;yes&#8221; alignment=&#8221;center&#8221; style=&#8221;vc_box_shadow_3d&#8221; onclick=&#8221;custom_link&#8221; link=&#8221;https:\/\/web.editorialteide.com\/ca\/producte\/els-domadors-de-dracs\/&#8221;][\/vc_column_inner][vc_column_inner width=&#8221;1\/6&#8243;][vc_single_image image=&#8221;108079&#8243; img_size=&#8221;160&#215;190&#8243; add_caption=&#8221;yes&#8221; alignment=&#8221;center&#8221; style=&#8221;vc_box_shadow_3d&#8221; onclick=&#8221;custom_link&#8221; link=&#8221;https:\/\/web.editorialteide.com\/ca\/producte\/el-vestit-nou-de-lemperador\/&#8221;][\/vc_column_inner][\/vc_row_inner][\/vc_tta_section][vc_tta_section title=&#8221;TERCER NIVELL&#8221; tab_id=&#8221;1623750274262-05081863-bca0&#8243;][vc_row_inner][vc_column_inner width=&#8221;1\/6&#8243;][vc_single_image image=&#8221;108043&#8243; img_size=&#8221;160&#215;190&#8243; add_caption=&#8221;yes&#8221; alignment=&#8221;center&#8221; style=&#8221;vc_box_shadow_3d&#8221; onclick=&#8221;custom_link&#8221; link=&#8221;https:\/\/web.editorialteide.com\/ca\/producte\/peter-pan-catala\/&#8221;][\/vc_column_inner][vc_column_inner width=&#8221;1\/6&#8243;][vc_single_image image=&#8221;108047&#8243; img_size=&#8221;160&#215;190&#8243; add_caption=&#8221;yes&#8221; alignment=&#8221;center&#8221; style=&#8221;vc_box_shadow_3d&#8221; onclick=&#8221;custom_link&#8221; link=&#8221;https:\/\/web.editorialteide.com\/ca\/producte\/el-ferrer-astut\/&#8221;][\/vc_column_inner][vc_column_inner width=&#8221;1\/6&#8243;][vc_single_image image=&#8221;108051&#8243; img_size=&#8221;160&#215;190&#8243; add_caption=&#8221;yes&#8221; alignment=&#8221;center&#8221; style=&#8221;vc_box_shadow_3d&#8221; onclick=&#8221;custom_link&#8221; link=&#8221;https:\/\/web.editorialteide.com\/ca\/producte\/el-rei-barba-de-griva\/&#8221;][\/vc_column_inner][vc_column_inner width=&#8221;1\/6&#8243;][vc_single_image image=&#8221;108063&#8243; img_size=&#8221;160&#215;190&#8243; add_caption=&#8221;yes&#8221; alignment=&#8221;center&#8221; style=&#8221;vc_box_shadow_3d&#8221; onclick=&#8221;custom_link&#8221; link=&#8221;https:\/\/web.editorialteide.com\/ca\/producte\/la-sireneta-catala\/&#8221;][\/vc_column_inner][vc_column_inner width=&#8221;1\/6&#8243;][vc_single_image image=&#8221;108083&#8243; img_size=&#8221;160&#215;190&#8243; add_caption=&#8221;yes&#8221; alignment=&#8221;center&#8221; style=&#8221;vc_box_shadow_3d&#8221; onclick=&#8221;custom_link&#8221; link=&#8221;https:\/\/web.editorialteide.com\/ca\/producte\/la-bella-i-la-bestia-cat\/&#8221;][\/vc_column_inner][vc_column_inner width=&#8221;1\/6&#8243;][vc_single_image image=&#8221;108087&#8243; img_size=&#8221;160&#215;190&#8243; add_caption=&#8221;yes&#8221; alignment=&#8221;center&#8221; style=&#8221;vc_box_shadow_3d&#8221; onclick=&#8221;custom_link&#8221; link=&#8221;https:\/\/web.editorialteide.com\/ca\/producte\/el-vent-en-els-salzes\/&#8221;][\/vc_column_inner][\/vc_row_inner][\/vc_tta_section][\/vc_tta_tabs][\/vc_column][\/vc_row][vc_row disable_element=&#8221;yes&#8221;][vc_column][vc_tta_accordion active_section=&#8221;0&#8243; collapsible_all=&#8221;true&#8221; title=&#8221;T\u00edtols disponibles&#8221;][vc_tta_section title=&#8221;Primer nivell&#8221; tab_id=&#8221;1558682383774-22207064-5b17&#8243;][\/vc_tta_section][vc_tta_section title=&#8221;Segon nivell&#8221; tab_id=&#8221;1558682383807-b6ed6f04-d6bd&#8221;][\/vc_tta_section][vc_tta_section title=&#8221;Tercer nivell&#8221; tab_id=&#8221;1558682496222-610ff8fb-b69b&#8221;][\/vc_tta_section][\/vc_tta_accordion][\/vc_column][\/vc_row]<\/p>\n","protected":false},"excerpt":{"rendered":"<p>[vc_row][vc_column][vc_row_inner][vc_column_inner width=&#8221;3\/4&#8243;][vc_column_text] Ja llegim!\u00a0\u00e9s una selecci\u00f3 de contes cl\u00e0ssics adaptats en extensi\u00f3 i vocabulari a l\u2019alumnat del Cicle Inicial de l&#8217;Educaci\u00f3 Prim\u00e0ria. En l\u2019elecci\u00f3 dels t\u00edtols i en la seva adaptaci\u00f3 s\u2019han seguit uns criteris de lectura f\u00e0cil, que recomanen, entre altres aspectes, narrar els fets en ordre cronol\u00f2gic, donar una continu\u00eftat l\u00f2gica a l\u2019acci\u00f3, &hellip; <a href=\"https:\/\/web.editorialteide.com\/ca\/educacio-primaria\/lectures-cicle-inicial\/\">Llegir m\u00e9s<\/a><\/p>\n","protected":false},"author":4,"featured_media":0,"parent":142867,"menu_order":0,"comment_status":"closed","ping_status":"closed","template":"","meta":{"footnotes":"","_links_to":"","_links_to_target":""},"class_list":["post-86826","page","type-page","status-publish","hentry"],"_links":{"self":[{"href":"https:\/\/web.editorialteide.com\/ca\/wp-json\/wp\/v2\/pages\/86826","targetHints":{"allow":["GET"]}}],"collection":[{"href":"https:\/\/web.editorialteide.com\/ca\/wp-json\/wp\/v2\/pages"}],"about":[{"href":"https:\/\/web.editorialteide.com\/ca\/wp-json\/wp\/v2\/types\/page"}],"author":[{"embeddable":true,"href":"https:\/\/web.editorialteide.com\/ca\/wp-json\/wp\/v2\/users\/4"}],"replies":[{"embeddable":true,"href":"https:\/\/web.editorialteide.com\/ca\/wp-json\/wp\/v2\/comments?post=86826"}],"version-history":[{"count":10,"href":"https:\/\/web.editorialteide.com\/ca\/wp-json\/wp\/v2\/pages\/86826\/revisions"}],"predecessor-version":[{"id":160089,"href":"https:\/\/web.editorialteide.com\/ca\/wp-json\/wp\/v2\/pages\/86826\/revisions\/160089"}],"up":[{"embeddable":true,"href":"https:\/\/web.editorialteide.com\/ca\/wp-json\/wp\/v2\/pages\/142867"}],"wp:attachment":[{"href":"https:\/\/web.editorialteide.com\/ca\/wp-json\/wp\/v2\/media?parent=86826"}],"curies":[{"name":"wp","href":"https:\/\/api.w.org\/{rel}","templated":true}]}}