{"id":86828,"date":"2016-04-07T09:38:19","date_gmt":"2016-04-07T07:38:19","guid":{"rendered":"http:\/\/web.editorialteide.com\/educacio-infantil\/minitribu\/"},"modified":"2021-10-22T12:27:04","modified_gmt":"2021-10-22T11:27:04","slug":"minitribu","status":"publish","type":"page","link":"https:\/\/web.editorialteide.com\/ca\/educacio-infantil\/minitribu\/","title":{"rendered":"PROJECTE MINITRIBU"},"content":{"rendered":"<p>[vc_row][vc_column][vc_single_image image=&#8221;2989&#8243; img_size=&#8221;full&#8221; css_animation=&#8221;none&#8221;][\/vc_column][\/vc_row][vc_row content_placement=&#8221;bottom&#8221;][vc_column width=&#8221;5\/6&#8243;][vc_column_text]<\/p>\n<p style=\"text-align: justify;\"><span style=\"font-size: 16px;\">Els materials es presenten en una carpeta o quaderns individuals per \u00e0rea i per curs. Les l\u00e0mines de treball s\u00f3n de gran format per tal de facilitar el treball manual dels i les alumnes.<\/span><\/p>\n<p style=\"text-align: justify;\"><span style=\"font-size: 16px;\"><img loading=\"lazy\" decoding=\"async\" class=\"alignnone size-full wp-image-115269\" src=\"http:\/\/web.editorialteide.com\/wp-content\/uploads\/2019\/05\/baseline_tablet_android_black_18dp.png\" alt=\"\" width=\"18\" height=\"18\" \/> Suport digital en totes les \u00e0rees i cursos. <span style=\"color: #333333;\"><a style=\"color: #333333;\" href=\"http:\/\/www.weeras.com\/ebook\/html5\/?editorial_guid=c800259a-e103-4039-8f31-c23d12543ced&amp;book_guid=52c31183-1d78-4fb6-a789-dad74d1d3b7b\" target=\"_blank\" rel=\"noopener noreferrer\"><strong><span style=\"font-size: 20px;\">Unitat de mostra<\/span><\/strong>.<\/a><\/span><\/span><\/p>\n<p>[\/vc_column_text][vc_tta_accordion style=&#8221;modern&#8221; shape=&#8221;round&#8221; color=&#8221;chino&#8221; spacing=&#8221;3&#8243; c_icon=&#8221;&#8221; active_section=&#8221;0&#8243; collapsible_all=&#8221;true&#8221; title=&#8221;Materials disponibles&#8221;][vc_tta_section i_icon_fontawesome=&#8221;fa fa-cubes&#8221; add_icon=&#8221;true&#8221; title=&#8221;Carpeta de Matem\u00e0tiques (3, 4 i 5 anys)&#8221; tab_id=&#8221;1499327395596-89d4f070-984c&#8221;][vc_empty_space height=&#8221;15px&#8221;][vc_column_text]<\/p>\n<ul style=\"list-style-type: circle;\">\n<li><span style=\"font-size: 16px;\">Dos quaderns per a P3 i tres quaderns per a P4 i P5.<\/span><\/li>\n<li><span style=\"font-size: 16px;\">Deu cartolines per treballar el tra\u00e7.<\/span><\/li>\n<li><span style=\"font-size: 16px;\">Tres o quatre cartrons (en funci\u00f3 del curs) amb nombres encunyats foradats per cosir amb llana.<\/span><\/li>\n<\/ul>\n<p><span style=\"font-size: 16px;\">Propostes did\u00e0ctiques al dors de les p\u00e0gines (activitats pr\u00e8vies, lectura de la imatge, activitats complement\u00e0ries&#8230;).\u00a0<\/span><\/p>\n<p><span style=\"font-size: 16px;\">Els continguts estan agrupats per blocs: geometria, numeraci\u00f3&#8230; La geometria est\u00e0 relacionada directament amb l\u2019observaci\u00f3 de l\u2019entorn i tot all\u00f2 que ens envolta.<\/span>[\/vc_column_text][vc_row_inner equal_height=&#8221;yes&#8221; css=&#8221;.vc_custom_1560351621028{padding-right: 25px !important;padding-left: 25px !important;background-color: #dddddd !important;}&#8221;][vc_column_inner width=&#8221;1\/3&#8243;][vc_single_image image=&#8221;106755&#8243; img_size=&#8221;240&#215;190&#8243; add_caption=&#8221;yes&#8221; alignment=&#8221;center&#8221; style=&#8221;vc_box_shadow_3d&#8221; onclick=&#8221;custom_link&#8221; link=&#8221;http:\/\/web.editorialteide.com\/\/ca\/producte\/matematiques-p3-mini-tribu-catala\/&#8221;][\/vc_column_inner][vc_column_inner width=&#8221;1\/3&#8243;][vc_single_image image=&#8221;106761&#8243; img_size=&#8221;240&#215;190&#8243; add_caption=&#8221;yes&#8221; alignment=&#8221;center&#8221; style=&#8221;vc_box_shadow_3d&#8221; onclick=&#8221;custom_link&#8221; link=&#8221;http:\/\/web.editorialteide.com\/\/ca\/producte\/matematiques-p4-mini-tribu-catala\/&#8221;][\/vc_column_inner][vc_column_inner width=&#8221;1\/3&#8243;][vc_single_image image=&#8221;106767&#8243; img_size=&#8221;240&#215;190&#8243; add_caption=&#8221;yes&#8221; alignment=&#8221;center&#8221; style=&#8221;vc_box_shadow_3d&#8221; onclick=&#8221;custom_link&#8221; link=&#8221;http:\/\/web.editorialteide.com\/\/ca\/producte\/matematiques-p5-mini-tribu-catala\/&#8221;][\/vc_column_inner][\/vc_row_inner][\/vc_tta_section][vc_tta_section i_icon_fontawesome=&#8221;fas fa-font&#8221; add_icon=&#8221;true&#8221; title=&#8221;Carpeta de Llengua (3, 4 i 5 anys)&#8221; tab_id=&#8221;1499327395673-b4414cac-4c89&#8243;][vc_empty_space height=&#8221;15px&#8221;][vc_column_text]<\/p>\n<ul style=\"list-style-type: circle;\">\n<li><span style=\"font-size: 16px;\">Dos quaderns per a P3 i tres quaderns per a P4 i P5.<br \/>\n<\/span><\/li>\n<li><span style=\"font-size: 16px;\">Tres contes populars en format paper, 12 p\u00e0gines.<\/span><\/li>\n<\/ul>\n<p><span style=\"font-size: 16px;\">Gaireb\u00e9 totes les fitxes es treballen a partir dels contes populars, tant els publicats en format paper com els publicats en format digital.<\/span><\/p>\n<p><span style=\"font-size: 16px;\">La quantitat de text s\u2019ha redu\u00eft, les paraules s\u00f3n curtes i hi ha poques frases. El treball esdev\u00e9 m\u00e9s pautat i progressiu.<\/span>[\/vc_column_text][vc_row_inner equal_height=&#8221;yes&#8221; css=&#8221;.vc_custom_1560351639937{padding-right: 25px !important;padding-left: 25px !important;background-color: #dddddd !important;}&#8221;][vc_column_inner width=&#8221;1\/3&#8243;][vc_single_image image=&#8221;106717&#8243; img_size=&#8221;240&#215;190&#8243; add_caption=&#8221;yes&#8221; alignment=&#8221;center&#8221; style=&#8221;vc_box_shadow_3d&#8221; onclick=&#8221;custom_link&#8221; link=&#8221;https:\/\/web.editorialteide.com\/ca\/producte\/llengua-p3-mini-tribu-catala\/&#8221;][\/vc_column_inner][vc_column_inner width=&#8221;1\/3&#8243;][vc_single_image image=&#8221;106723&#8243; img_size=&#8221;240&#215;190&#8243; add_caption=&#8221;yes&#8221; alignment=&#8221;center&#8221; style=&#8221;vc_box_shadow_3d&#8221; onclick=&#8221;custom_link&#8221; link=&#8221;https:\/\/web.editorialteide.com\/ca\/producte\/llengua-p4-mini-tribu-catala\/&#8221;][\/vc_column_inner][vc_column_inner width=&#8221;1\/3&#8243;][vc_single_image image=&#8221;106731&#8243; img_size=&#8221;240&#215;190&#8243; add_caption=&#8221;yes&#8221; alignment=&#8221;center&#8221; style=&#8221;vc_box_shadow_3d&#8221; onclick=&#8221;custom_link&#8221; link=&#8221;https:\/\/web.editorialteide.com\/ca\/producte\/llengua-p5-mini-tribu-catala\/&#8221;][\/vc_column_inner][\/vc_row_inner][\/vc_tta_section][vc_tta_section i_icon_fontawesome=&#8221;fas fa-pencil-alt&#8221; add_icon=&#8221;true&#8221; title=&#8221;Quaderns de Grafismes (3, 4 i 5 anys)&#8221; tab_id=&#8221;1610540005966-980d90ac-06a3&#8243;][vc_empty_space height=&#8221;15px&#8221;][vc_column_text]<\/p>\n<ul style=\"list-style-type: circle;\">\n<li><span style=\"font-size: 16px;\">Un quadern de grafismes per a cada un dels cursos de l&#8217;Educaci\u00f3<\/span><span style=\"font-size: 16px;\">\u00a0Infantil.<\/span><\/li>\n<li><span style=\"font-size: 16px;\">Quaderns pensats per a tra\u00e7ar i pintar, en format paper i apaisat, 48 p\u00e0gines cada un.<\/span><\/li>\n<\/ul>\n<p>[\/vc_column_text][vc_row_inner equal_height=&#8221;yes&#8221; css=&#8221;.vc_custom_1560351639937{padding-right: 25px !important;padding-left: 25px !important;background-color: #dddddd !important;}&#8221;][vc_column_inner width=&#8221;1\/3&#8243;][vc_single_image image=&#8221;86074&#8243; img_size=&#8221;240&#215;190&#8243; add_caption=&#8221;yes&#8221; alignment=&#8221;center&#8221; style=&#8221;vc_box_shadow_3d&#8221; onclick=&#8221;custom_link&#8221; link=&#8221;https:\/\/web.editorialteide.com\/ca\/producte\/llengua-p3-grafismes-mini-tribu-catala\/&#8221;][\/vc_column_inner][vc_column_inner width=&#8221;1\/3&#8243;][vc_single_image image=&#8221;86072&#8243; img_size=&#8221;240&#215;190&#8243; add_caption=&#8221;yes&#8221; alignment=&#8221;center&#8221; style=&#8221;vc_box_shadow_3d&#8221; onclick=&#8221;custom_link&#8221; link=&#8221;https:\/\/web.editorialteide.com\/ca\/producte\/llengua-p4-grafismes-mini-tribu-catala\/&#8221;][\/vc_column_inner][vc_column_inner width=&#8221;1\/3&#8243;][vc_single_image image=&#8221;86070&#8243; img_size=&#8221;240&#215;190&#8243; add_caption=&#8221;yes&#8221; alignment=&#8221;center&#8221; style=&#8221;vc_box_shadow_3d&#8221; onclick=&#8221;custom_link&#8221; link=&#8221;https:\/\/web.editorialteide.com\/ca\/producte\/llengua-p5-grafismes-mini-tribu-catala\/&#8221;][\/vc_column_inner][\/vc_row_inner][\/vc_tta_section][vc_tta_section i_icon_fontawesome=&#8221;fa fa-pagelines&#8221; add_icon=&#8221;true&#8221; title=&#8221;Quaderns d&#8217;Entorn (3, 4 i 5 anys)&#8221; tab_id=&#8221;1499327438173-3bba2923-892d&#8221;][vc_empty_space height=&#8221;15px&#8221;][vc_column_text]<span style=\"font-size: 16px;\">Els continguts estan distribu\u00efts per blocs i amb temes propers i atractius per als infants d\u2019aquesta edat: els colors, els animalons&#8230;<\/span><\/p>\n<p><span style=\"font-size: 16px;\">El treball, en general, es fa a partir de la reflexi\u00f3 i el descobriment propi de l\u2019infant incidint en el tractament de les emocions.<\/span>[\/vc_column_text][vc_row_inner equal_height=&#8221;yes&#8221; css=&#8221;.vc_custom_1610616969399{padding-right: 25px !important;padding-left: 25px !important;}&#8221;][vc_column_inner width=&#8221;1\/3&#8243; css=&#8221;.vc_custom_1610616891103{background-color: #dddddd !important;}&#8221;][vc_single_image image=&#8221;86064&#8243; img_size=&#8221;240&#215;190&#8243; add_caption=&#8221;yes&#8221; alignment=&#8221;center&#8221; style=&#8221;vc_box_shadow_3d&#8221; onclick=&#8221;custom_link&#8221; link=&#8221;https:\/\/web.editorialteide.com\/ca\/producte\/descoberta-de-lentorn-p3-mini-tribu-catala-3\/&#8221;][\/vc_column_inner][vc_column_inner width=&#8221;1\/3&#8243;][\/vc_column_inner][vc_column_inner width=&#8221;1\/3&#8243;][\/vc_column_inner][\/vc_row_inner][vc_empty_space height=&#8221;10px&#8221;][vc_row_inner equal_height=&#8221;yes&#8221; css=&#8221;.vc_custom_1610616962508{padding-right: 25px !important;padding-left: 25px !important;}&#8221;][vc_column_inner width=&#8221;1\/3&#8243; css=&#8221;.vc_custom_1610616982247{background-color: #dddddd !important;}&#8221;][vc_single_image image=&#8221;86082&#8243; img_size=&#8221;240&#215;190&#8243; add_caption=&#8221;yes&#8221; alignment=&#8221;center&#8221; style=&#8221;vc_box_shadow_3d&#8221; onclick=&#8221;custom_link&#8221; link=&#8221;https:\/\/web.editorialteide.com\/ca\/producte\/descoberta-de-lentorn-p4-mini-tribu-catala-2\/&#8221;][\/vc_column_inner][vc_column_inner width=&#8221;1\/3&#8243; css=&#8221;.vc_custom_1610616989960{background-color: #dddddd !important;}&#8221;][vc_single_image image=&#8221;86080&#8243; img_size=&#8221;240&#215;190&#8243; add_caption=&#8221;yes&#8221; alignment=&#8221;center&#8221; style=&#8221;vc_box_shadow_3d&#8221; onclick=&#8221;custom_link&#8221; link=&#8221;https:\/\/web.editorialteide.com\/ca\/producte\/descoberta-de-lentorn-p4-mini-tribu-catala-3\/&#8221;][\/vc_column_inner][vc_column_inner width=&#8221;1\/3&#8243;][\/vc_column_inner][\/vc_row_inner][vc_empty_space height=&#8221;10px&#8221;][vc_row_inner equal_height=&#8221;yes&#8221; css=&#8221;.vc_custom_1610617020718{padding-right: 25px !important;padding-left: 25px !important;}&#8221;][vc_column_inner width=&#8221;1\/3&#8243; css=&#8221;.vc_custom_1610617029210{background-color: #dddddd !important;}&#8221;][vc_single_image image=&#8221;86100&#8243; img_size=&#8221;240&#215;190&#8243; add_caption=&#8221;yes&#8221; alignment=&#8221;center&#8221; style=&#8221;vc_box_shadow_3d&#8221; onclick=&#8221;custom_link&#8221; link=&#8221;https:\/\/web.editorialteide.com\/ca\/producte\/descoberta-de-lentorn-p5-mini-tribu-catala\/&#8221;][\/vc_column_inner][vc_column_inner width=&#8221;1\/3&#8243; css=&#8221;.vc_custom_1610617036482{background-color: #dddddd !important;}&#8221;][vc_single_image image=&#8221;86076&#8243; img_size=&#8221;240&#215;190&#8243; add_caption=&#8221;yes&#8221; alignment=&#8221;center&#8221; style=&#8221;vc_box_shadow_3d&#8221; onclick=&#8221;custom_link&#8221; link=&#8221;https:\/\/web.editorialteide.com\/ca\/producte\/descoberta-de-lentorn-p5-mini-tribu-catala-3\/&#8221;][\/vc_column_inner][vc_column_inner width=&#8221;1\/3&#8243;][\/vc_column_inner][\/vc_row_inner][\/vc_tta_section][vc_tta_section i_icon_fontawesome=&#8221;fas fa-palette&#8221; add_icon=&#8221;true&#8221; title=&#8221;Quaderns de Pl\u00e0stica (3, 4 i 5 anys)&#8221; tab_id=&#8221;1499327476411-536c152e-9eb8&#8243;][vc_empty_space height=&#8221;15px&#8221;][vc_column_text]<\/p>\n<ul style=\"list-style-type: circle;\">\n<li><span style=\"font-size: 16px;\">Un quadern per curs.<\/span><\/li>\n<\/ul>\n<p><span style=\"font-size: 16px;\">El format del quadern \u00e9s gran i el paper \u00e9s gruixut per tal de facilitar el treball manual dels alumnes.<\/span>[\/vc_column_text][vc_row_inner equal_height=&#8221;yes&#8221; css=&#8221;.vc_custom_1560351676848{padding-right: 25px !important;padding-left: 25px !important;background-color: #dddddd !important;}&#8221;][vc_column_inner width=&#8221;1\/3&#8243;][vc_single_image image=&#8221;83116&#8243; img_size=&#8221;240&#215;190&#8243; add_caption=&#8221;yes&#8221; alignment=&#8221;center&#8221; style=&#8221;vc_box_shadow_3d&#8221; onclick=&#8221;custom_link&#8221; link=&#8221;http:\/\/web.editorialteide.com\/\/ca\/producte\/plastica-p3-mini-tribu-catala-2\/&#8221;][\/vc_column_inner][vc_column_inner width=&#8221;1\/3&#8243;][vc_single_image image=&#8221;86116&#8243; img_size=&#8221;240&#215;190&#8243; add_caption=&#8221;yes&#8221; alignment=&#8221;center&#8221; style=&#8221;vc_box_shadow_3d&#8221; onclick=&#8221;custom_link&#8221; link=&#8221;http:\/\/web.editorialteide.com\/\/ca\/producte\/plastica-p4-mini-tribu-catala\/&#8221;][\/vc_column_inner][vc_column_inner width=&#8221;1\/3&#8243;][vc_single_image image=&#8221;86114&#8243; img_size=&#8221;240&#215;190&#8243; add_caption=&#8221;yes&#8221; alignment=&#8221;center&#8221; style=&#8221;vc_box_shadow_3d&#8221; onclick=&#8221;custom_link&#8221; link=&#8221;http:\/\/web.editorialteide.com\/\/ca\/producte\/plastica-p5-mini-tribu-catala\/&#8221;][\/vc_column_inner][\/vc_row_inner][\/vc_tta_section][\/vc_tta_accordion][\/vc_column][vc_column width=&#8221;1\/6&#8243;][\/vc_column][\/vc_row][vc_row][vc_column][vc_empty_space height=&#8221;20px&#8221;][vc_column_text]<span style=\"font-size: 20px;\"><img loading=\"lazy\" decoding=\"async\" class=\"alignnone size-full wp-image-116684\" src=\"http:\/\/web.editorialteide.com\/wp-content\/uploads\/2019\/06\/round_picture_as_pdf_black_18dp-1.png\" alt=\"\" width=\"18\" height=\"18\" \/> <span style=\"color: #333333;\"><a style=\"color: #333333;\" href=\"http:\/\/recursos.teide.eu\/f\/99a40b8a1d\/?raw=1\" target=\"_blank\" rel=\"noopener\">Per a m\u00e9s informaci\u00f3 sobre el Projecte Minitribu pots consultar el <strong>cat\u00e0leg<\/strong>.<\/a><\/span><\/span><\/p>\n<p><span style=\"font-size: 20px;\"><img loading=\"lazy\" decoding=\"async\" class=\"alignnone size-full wp-image-116683\" src=\"http:\/\/web.editorialteide.com\/wp-content\/uploads\/2019\/06\/round_open_in_new_black_18dp.png\" alt=\"\" width=\"18\" height=\"18\" \/> <span style=\"color: #333333;\"><a style=\"color: #333333;\" href=\"http:\/\/www.teidedigital.com\/cat\/Infantil\/Inventos\/index.aspx?c=5\">Fes clic aqu\u00ed i podr\u00e0s saber m\u00e9s sobre els materials digitals de Minitribu<\/a>.<\/span><\/span>[\/vc_column_text][\/vc_column][\/vc_row]<\/p>\n","protected":false},"excerpt":{"rendered":"<p>[vc_row][vc_column][vc_single_image image=&#8221;2989&#8243; img_size=&#8221;full&#8221; css_animation=&#8221;none&#8221;][\/vc_column][\/vc_row][vc_row content_placement=&#8221;bottom&#8221;][vc_column width=&#8221;5\/6&#8243;][vc_column_text] Els materials es presenten en una carpeta o quaderns individuals per \u00e0rea i per curs. Les l\u00e0mines de treball s\u00f3n de gran format per tal de facilitar el treball manual dels i les alumnes. Suport digital en totes les \u00e0rees i cursos. Unitat de mostra. [\/vc_column_text][vc_tta_accordion style=&#8221;modern&#8221; shape=&#8221;round&#8221; color=&#8221;chino&#8221; &hellip; <a href=\"https:\/\/web.editorialteide.com\/ca\/educacio-infantil\/minitribu\/\">Llegir m\u00e9s<\/a><\/p>\n","protected":false},"author":4,"featured_media":0,"parent":121,"menu_order":0,"comment_status":"closed","ping_status":"closed","template":"","meta":{"footnotes":"","_links_to":"","_links_to_target":""},"class_list":["post-86828","page","type-page","status-publish","hentry"],"_links":{"self":[{"href":"https:\/\/web.editorialteide.com\/ca\/wp-json\/wp\/v2\/pages\/86828","targetHints":{"allow":["GET"]}}],"collection":[{"href":"https:\/\/web.editorialteide.com\/ca\/wp-json\/wp\/v2\/pages"}],"about":[{"href":"https:\/\/web.editorialteide.com\/ca\/wp-json\/wp\/v2\/types\/page"}],"author":[{"embeddable":true,"href":"https:\/\/web.editorialteide.com\/ca\/wp-json\/wp\/v2\/users\/4"}],"replies":[{"embeddable":true,"href":"https:\/\/web.editorialteide.com\/ca\/wp-json\/wp\/v2\/comments?post=86828"}],"version-history":[{"count":3,"href":"https:\/\/web.editorialteide.com\/ca\/wp-json\/wp\/v2\/pages\/86828\/revisions"}],"predecessor-version":[{"id":158552,"href":"https:\/\/web.editorialteide.com\/ca\/wp-json\/wp\/v2\/pages\/86828\/revisions\/158552"}],"up":[{"embeddable":true,"href":"https:\/\/web.editorialteide.com\/ca\/wp-json\/wp\/v2\/pages\/121"}],"wp:attachment":[{"href":"https:\/\/web.editorialteide.com\/ca\/wp-json\/wp\/v2\/media?parent=86828"}],"curies":[{"name":"wp","href":"https:\/\/api.w.org\/{rel}","templated":true}]}}