{"id":112687,"date":"2018-10-01T10:39:26","date_gmt":"2018-10-01T09:39:26","guid":{"rendered":"http:\/\/web.editorialteide.com\/producto\/walden-o-la-vida-al-bosc-adaptacio-comics\/"},"modified":"2026-03-02T18:51:26","modified_gmt":"2026-03-02T17:51:26","slug":"walden-o-la-vida-al-bosc-adaptacio-comics","status":"publish","type":"product","link":"https:\/\/web.editorialteide.com\/ca\/producte\/walden-o-la-vida-al-bosc-adaptacio-comics\/","title":{"rendered":"WALDEN O LA VIDA AL BOSC (ADAPTACIO COMICS)"},"content":{"rendered":"<p>La Col\u00b7lecci\u00f3 Dual amplia la seva proposta de lectures amb <i>Walden o la vida al bosc<\/i>, un text \u00fanic de la literatura de pensament filos\u00f2fic. L&#8217;escriptor Antoni Garcia Llorca ha adaptat aquesta obra per apropar-la al p\u00fablic escolar, i el resultat \u00e9s una magn\u00edfica versi\u00f3 escrita amb un llenguatge c\u00e0lid i senzill que captura l&#8217;ess\u00e8ncia de la veu de Henry David Thoreau, fins al punt que el converteix en un personatge literari sense deixar de ser fidel a l&#8217;obra original. Un llibre que explora els ensenyaments del fil\u00f2sof del bosc i que est\u00e0 publicat amb p\u00e0gines de c\u00f2mic que plasmen, amb un estil naturalista, aquesta experi\u00e8ncia de la vida a l&#8217;estany de Walden.<\/p>\n<h2>Vincles d&#8217;inter\u00e8s<\/h2>\n<h3>Unitat 0<\/h3>\n<ul>\n<li><a href=\"https:\/\/www.certicalia.com\/blog\/como-hacer-el-plano-de-una-casa\" target=\"_blank\" rel=\"noopener\">Activitat 20, p\u00e0gina 158. Enlla\u00e7 de consulta<\/a><\/li>\n<li><a href=\"https:\/\/www.walden.org\/walden-film\/\" target=\"_blank\" rel=\"noopener\">Activitat 22, p\u00e0gina 158. Enlla\u00e7 de consulta<\/a><\/li>\n<li><a href=\"http:\/\/www.sioc.cat\/\" target=\"_blank\" rel=\"noopener\">Activitat 23, p\u00e0gina 159. Enlla\u00e7 de consulta 1<\/a><\/li>\n<li><a href=\"https:\/\/www.bto.org\/birdtrends2005\/index.htm\" target=\"_blank\" rel=\"noopener\">Activitat 23, p\u00e0gina 159. Enlla\u00e7 de consulta 2<\/a><\/li>\n<li><a href=\"http:\/\/www.guiaverde.com\/guia_de_plantas\/\" target=\"_blank\" rel=\"noopener\">Activitat 23, p\u00e0gina 159. Enlla\u00e7 de consulta 3<\/a><\/li>\n<li><a href=\"https:\/\/www.bto.org\/birdtrends2005\/index.htm\" target=\"_blank\" rel=\"noopener\">Activitat 24, p\u00e0gina 159. Enlla\u00e7 de consulta<\/a><\/li>\n<\/ul>\n","protected":false},"excerpt":{"rendered":"<p>La Col\u00b7lecci\u00f3 Dual amplia la seva proposta de lectures amb Walden o la vida al bosc, un text \u00fanic de la literatura de pensament filos\u00f2fic. L&#8217;escriptor Antoni Garcia Llorca ha adaptat aquesta obra per apropar-la al p\u00fablic escolar, i el resultat \u00e9s una magn\u00edfica versi\u00f3 escrita amb un llenguatge c\u00e0lid i senzill que captura l&#8217;ess\u00e8ncia &hellip; <a href=\"https:\/\/web.editorialteide.com\/ca\/producte\/walden-o-la-vida-al-bosc-adaptacio-comics\/\">Llegir m\u00e9s<\/a><\/p>\n","protected":false},"featured_media":112688,"template":"","meta":{"_links_to":"","_links_to_target":""},"product_brand":[],"product_cat":[195,202,205],"product_tag":[],"class_list":{"0":"post-112687","1":"product","2":"type-product","3":"status-publish","4":"has-post-thumbnail","6":"product_cat-catalunya-ca","7":"product_cat-comunidad-de-valencia-ca","8":"product_cat-illes-balears-ca","9":"pa_asignatura-llengua-catalana-i-literatura-ca","10":"pa_curso-4-eso-ca","11":"pa_format-llibre-text-ca","12":"pa_idioma-catalan-ca","14":"first","15":"instock","16":"taxable","17":"shipping-taxable","18":"purchasable","19":"product-type-simple"},"_links":{"self":[{"href":"https:\/\/web.editorialteide.com\/ca\/wp-json\/wp\/v2\/product\/112687","targetHints":{"allow":["GET"]}}],"collection":[{"href":"https:\/\/web.editorialteide.com\/ca\/wp-json\/wp\/v2\/product"}],"about":[{"href":"https:\/\/web.editorialteide.com\/ca\/wp-json\/wp\/v2\/types\/product"}],"wp:featuredmedia":[{"embeddable":true,"href":"https:\/\/web.editorialteide.com\/ca\/wp-json\/wp\/v2\/media\/112688"}],"wp:attachment":[{"href":"https:\/\/web.editorialteide.com\/ca\/wp-json\/wp\/v2\/media?parent=112687"}],"wp:term":[{"taxonomy":"product_brand","embeddable":true,"href":"https:\/\/web.editorialteide.com\/ca\/wp-json\/wp\/v2\/product_brand?post=112687"},{"taxonomy":"product_cat","embeddable":true,"href":"https:\/\/web.editorialteide.com\/ca\/wp-json\/wp\/v2\/product_cat?post=112687"},{"taxonomy":"product_tag","embeddable":true,"href":"https:\/\/web.editorialteide.com\/ca\/wp-json\/wp\/v2\/product_tag?post=112687"}],"curies":[{"name":"wp","href":"https:\/\/api.w.org\/{rel}","templated":true}]}}