{"id":112689,"date":"2018-10-01T10:39:02","date_gmt":"2018-10-01T09:39:02","guid":{"rendered":"http:\/\/web.editorialteide.com\/producto\/conceptes-i-problemes-biologia-batxillerat-2018\/"},"modified":"2026-03-02T18:51:27","modified_gmt":"2026-03-02T17:51:27","slug":"conceptes-i-problemes-biologia-batxillerat-2018","status":"publish","type":"product","link":"https:\/\/web.editorialteide.com\/ca\/producte\/conceptes-i-problemes-biologia-batxillerat-2018\/","title":{"rendered":"Conceptes i problemes. Biologia &#8211; Batxillerat (2018)"},"content":{"rendered":"<p>Aquest llibre \u00e9s una visi\u00f3 sint\u00e9tica de la biolog\u00eda de Batxillerat. S&#8217;estructura en vuit unitats, cadascuna de les quals cont\u00e9 un conjunt de conceptes b\u00e0sics que s&#8217;expliquen amb textos breus, esquemes, il\u00b7lustracions i infografies. Cada unitat cont\u00e9 una col\u00b7lecci\u00f3 de problemas, adaptats de les proves PAU i de les proves dels premis extraordinaris de Batxillerat, en qu\u00e8 cal aplicar els conceptes d&#8217;una manera competencial en diferents contextos. Globalment aplega prop de 200 problemas i un ap\u00e8ndix amb exercicis transversals que integren continguts combinats de les diferents unitats. <\/p>\n<p>El text pot complementar els llibres <i>Nou Biocontext 1<\/i> i <i>Nou Biocontext 2<\/i>, que hem publicat pr\u00e8viament, per\u00f2 tamb\u00e9 es pot utilizar independentment. El material pot ser \u00fatil per repassar i aplicar la biologia que s&#8217;ha apr\u00e8s tant al primer curs com al segon.<\/p>\n","protected":false},"excerpt":{"rendered":"<p>Aquest llibre \u00e9s una visi\u00f3 sint\u00e9tica de la biolog\u00eda de Batxillerat. S&#8217;estructura en vuit unitats, cadascuna de les quals cont\u00e9 un conjunt de conceptes b\u00e0sics que s&#8217;expliquen amb textos breus, esquemes, il\u00b7lustracions i infografies. Cada unitat cont\u00e9 una col\u00b7lecci\u00f3 de problemas, adaptats de les proves PAU i de les proves dels premis extraordinaris de Batxillerat, &hellip; <a href=\"https:\/\/web.editorialteide.com\/ca\/producte\/conceptes-i-problemes-biologia-batxillerat-2018\/\">Llegir m\u00e9s<\/a><\/p>\n","protected":false},"featured_media":112690,"template":"","meta":{"_links_to":"","_links_to_target":""},"product_brand":[],"product_cat":[195,202,205],"product_tag":[],"class_list":{"0":"post-112689","1":"product","2":"type-product","3":"status-publish","4":"has-post-thumbnail","6":"product_cat-catalunya-ca","7":"product_cat-comunidad-de-valencia-ca","8":"product_cat-illes-balears-ca","9":"pa_asignatura-biologia-ca","10":"pa_curso-1-batx-ca","11":"pa_format-llibre-text-ca","12":"pa_idioma-catalan-ca","14":"first","15":"instock","16":"sale","17":"taxable","18":"shipping-taxable","19":"purchasable","20":"product-type-simple"},"_links":{"self":[{"href":"https:\/\/web.editorialteide.com\/ca\/wp-json\/wp\/v2\/product\/112689","targetHints":{"allow":["GET"]}}],"collection":[{"href":"https:\/\/web.editorialteide.com\/ca\/wp-json\/wp\/v2\/product"}],"about":[{"href":"https:\/\/web.editorialteide.com\/ca\/wp-json\/wp\/v2\/types\/product"}],"wp:featuredmedia":[{"embeddable":true,"href":"https:\/\/web.editorialteide.com\/ca\/wp-json\/wp\/v2\/media\/112690"}],"wp:attachment":[{"href":"https:\/\/web.editorialteide.com\/ca\/wp-json\/wp\/v2\/media?parent=112689"}],"wp:term":[{"taxonomy":"product_brand","embeddable":true,"href":"https:\/\/web.editorialteide.com\/ca\/wp-json\/wp\/v2\/product_brand?post=112689"},{"taxonomy":"product_cat","embeddable":true,"href":"https:\/\/web.editorialteide.com\/ca\/wp-json\/wp\/v2\/product_cat?post=112689"},{"taxonomy":"product_tag","embeddable":true,"href":"https:\/\/web.editorialteide.com\/ca\/wp-json\/wp\/v2\/product_tag?post=112689"}],"curies":[{"name":"wp","href":"https:\/\/api.w.org\/{rel}","templated":true}]}}