{"id":113478,"date":"2018-11-12T12:44:22","date_gmt":"2018-11-12T11:44:22","guid":{"rendered":"http:\/\/web.editorialteide.com\/producto\/antologia-poetica-eso-projectes-dambit\/"},"modified":"2026-03-02T18:51:27","modified_gmt":"2026-03-02T17:51:27","slug":"antologia-poetica-eso-projectes-dambit","status":"publish","type":"product","link":"https:\/\/web.editorialteide.com\/ca\/producte\/antologia-poetica-eso-projectes-dambit\/","title":{"rendered":"Antologia po\u00e8tica. Projectes d&#8217;\u00e0mbit ESO"},"content":{"rendered":"<p>Aquesta <strong>Antologia po\u00e8tica<\/strong> vol acostar la poesia contempor\u00e0nia als lectors joves del segle XXI. La tria de poetes i de textos s&#8217;ha fet tenint en compte les caracter\u00edstiques de cada composici\u00f3 i parant especial atenci\u00f3 als temes tractats, per tal que els estudiants d&#8217;entre dotze i quinze anys trobin en els poemes un contingut que els\u00a0resulti\u00a0significatiu.<br \/>\nLa lectura i el treball del text po\u00e8tic afavoreixen no tan sols l&#8217;aprenentatge de la llengua, sin\u00f3 tamb\u00e9 la reflexi\u00f3, el pensament i la conversa. Aix\u00ed doncs, les propostes did\u00e0ctiques que acompanyen els poemes combinen habilitats lectores, d&#8217;expressi\u00f3 oral i de producci\u00f3 escrita; destreses digitals, com ara la consulta i obtenci\u00f3 d&#8217;informaci\u00f3 a la xarxa, i a m\u00e9s, el treball amb contingut ling\u00fc\u00edstic i literari.<\/p>\n","protected":false},"excerpt":{"rendered":"<p>Aquesta Antologia po\u00e8tica vol acostar la poesia contempor\u00e0nia als lectors joves del segle XXI. La tria de poetes i de textos s&#8217;ha fet tenint en compte les caracter\u00edstiques de cada composici\u00f3 i parant especial atenci\u00f3 als temes tractats, per tal que els estudiants d&#8217;entre dotze i quinze anys trobin en els poemes un contingut que &hellip; <a href=\"https:\/\/web.editorialteide.com\/ca\/producte\/antologia-poetica-eso-projectes-dambit\/\">Llegir m\u00e9s<\/a><\/p>\n","protected":false},"featured_media":113479,"template":"","meta":{"_links_to":"","_links_to_target":""},"product_brand":[],"product_cat":[195,202,205],"product_tag":[],"class_list":{"0":"post-113478","1":"product","2":"type-product","3":"status-publish","4":"has-post-thumbnail","6":"product_cat-catalunya-ca","7":"product_cat-comunidad-de-valencia-ca","8":"product_cat-illes-balears-ca","9":"pa_asignatura-llengua-catalana-i-literatura-ca","10":"pa_curso-3-eso-ca","11":"pa_format-llibre-text-ca","12":"pa_idioma-catalan-ca","13":"pa_project-axt-aprenentatge-per-tasques-ca","15":"first","16":"instock","17":"taxable","18":"shipping-taxable","19":"purchasable","20":"product-type-simple"},"_links":{"self":[{"href":"https:\/\/web.editorialteide.com\/ca\/wp-json\/wp\/v2\/product\/113478","targetHints":{"allow":["GET"]}}],"collection":[{"href":"https:\/\/web.editorialteide.com\/ca\/wp-json\/wp\/v2\/product"}],"about":[{"href":"https:\/\/web.editorialteide.com\/ca\/wp-json\/wp\/v2\/types\/product"}],"wp:featuredmedia":[{"embeddable":true,"href":"https:\/\/web.editorialteide.com\/ca\/wp-json\/wp\/v2\/media\/113479"}],"wp:attachment":[{"href":"https:\/\/web.editorialteide.com\/ca\/wp-json\/wp\/v2\/media?parent=113478"}],"wp:term":[{"taxonomy":"product_brand","embeddable":true,"href":"https:\/\/web.editorialteide.com\/ca\/wp-json\/wp\/v2\/product_brand?post=113478"},{"taxonomy":"product_cat","embeddable":true,"href":"https:\/\/web.editorialteide.com\/ca\/wp-json\/wp\/v2\/product_cat?post=113478"},{"taxonomy":"product_tag","embeddable":true,"href":"https:\/\/web.editorialteide.com\/ca\/wp-json\/wp\/v2\/product_tag?post=113478"}],"curies":[{"name":"wp","href":"https:\/\/api.w.org\/{rel}","templated":true}]}}