{"id":113482,"date":"2018-11-12T12:44:27","date_gmt":"2018-11-12T11:44:27","guid":{"rendered":"http:\/\/web.editorialteide.com\/producto\/la-guerra-de-los-mundos-adaptacion-comics\/"},"modified":"2026-03-02T18:51:25","modified_gmt":"2026-03-02T17:51:25","slug":"la-guerra-de-los-mundos-adaptacion-comics","status":"publish","type":"product","link":"https:\/\/web.editorialteide.com\/ca\/producte\/la-guerra-de-los-mundos-adaptacion-comics\/","title":{"rendered":"LA GUERRA DE LOS MUNDOS (ADAPTACION COMICS)"},"content":{"rendered":"<p>La presente adaptaci\u00f3n, como el resto de los t\u00edtulos publicados en la Colecci\u00f3n Dual, tiene como finalidad presentar al p\u00fablico escolar todo un cl\u00e1sico de la literatura, en este caso <i>La guerra de los mundos<\/i>, de H. G. Wells.<br \/>\nPara facilitar su lectura, el estilo y la trama se han simplificado sin que por ello la obra pierda nada de su trepidante ritmo ni de su tono dram\u00e1tico. La adaptaci\u00f3n se acompa\u00f1a de una versi\u00f3n en formato de c\u00f3mic que contribuir\u00e1 a que el lector disfrute a\u00fan m\u00e1s de esta novela pionera en el g\u00e9nero de la ciencia ficci\u00f3n.<\/p>\n","protected":false},"excerpt":{"rendered":"<p>La presente adaptaci\u00f3n, como el resto de los t\u00edtulos publicados en la Colecci\u00f3n Dual, tiene como finalidad presentar al p\u00fablico escolar todo un cl\u00e1sico de la literatura, en este caso La guerra de los mundos, de H. G. Wells. Para facilitar su lectura, el estilo y la trama se han simplificado sin que por ello &hellip; <a href=\"https:\/\/web.editorialteide.com\/ca\/producte\/la-guerra-de-los-mundos-adaptacion-comics\/\">Llegir m\u00e9s<\/a><\/p>\n","protected":false},"featured_media":127063,"template":"","meta":{"_links_to":"","_links_to_target":""},"product_brand":[],"product_cat":[189,190,191,192,193,194,195,196,198,202,197,203,204,205,206,207,208,209,210,211],"product_tag":[],"class_list":{"0":"post-113482","1":"product","2":"type-product","3":"status-publish","4":"has-post-thumbnail","6":"product_cat-andalucia-ca","7":"product_cat-aragon-ca","8":"product_cat-canarias-ca","9":"product_cat-cantabria-ca","10":"product_cat-castilla-la-mancha-ca","11":"product_cat-castilla-y-leon-ca","12":"product_cat-catalunya-ca","13":"product_cat-ceuta-ca","14":"product_cat-comunidad-de-madrid-ca","15":"product_cat-comunidad-de-valencia-ca","16":"product_cat-comunidad-foral-de-navarra-ca","17":"product_cat-extremadura-ca","18":"product_cat-galicia-ca","19":"product_cat-illes-balears-ca","20":"product_cat-la-rioja-ca","21":"product_cat-mec-ca","22":"product_cat-melilla-ca","23":"product_cat-pais-vasco-ca","24":"product_cat-principado-de-asturias-ca","25":"product_cat-region-de-murcia-ca","26":"pa_asignatura-literatura-universal-ca","27":"pa_curso-3-eso-ca","28":"pa_format-llibre-text-ca","29":"pa_idioma-castellano-ca","31":"first","32":"instock","33":"taxable","34":"shipping-taxable","35":"purchasable","36":"product-type-simple"},"_links":{"self":[{"href":"https:\/\/web.editorialteide.com\/ca\/wp-json\/wp\/v2\/product\/113482","targetHints":{"allow":["GET"]}}],"collection":[{"href":"https:\/\/web.editorialteide.com\/ca\/wp-json\/wp\/v2\/product"}],"about":[{"href":"https:\/\/web.editorialteide.com\/ca\/wp-json\/wp\/v2\/types\/product"}],"wp:featuredmedia":[{"embeddable":true,"href":"https:\/\/web.editorialteide.com\/ca\/wp-json\/wp\/v2\/media\/127063"}],"wp:attachment":[{"href":"https:\/\/web.editorialteide.com\/ca\/wp-json\/wp\/v2\/media?parent=113482"}],"wp:term":[{"taxonomy":"product_brand","embeddable":true,"href":"https:\/\/web.editorialteide.com\/ca\/wp-json\/wp\/v2\/product_brand?post=113482"},{"taxonomy":"product_cat","embeddable":true,"href":"https:\/\/web.editorialteide.com\/ca\/wp-json\/wp\/v2\/product_cat?post=113482"},{"taxonomy":"product_tag","embeddable":true,"href":"https:\/\/web.editorialteide.com\/ca\/wp-json\/wp\/v2\/product_tag?post=113482"}],"curies":[{"name":"wp","href":"https:\/\/api.w.org\/{rel}","templated":true}]}}